{"id":670,"date":"2019-05-20T10:46:05","date_gmt":"2019-05-20T08:46:05","guid":{"rendered":"http:\/\/www.fcpe78.fr\/cl\/?page_id=670"},"modified":"2019-05-20T11:49:49","modified_gmt":"2019-05-20T09:49:49","slug":"contact-particulier","status":"publish","type":"page","link":"https:\/\/www.fcpe78.fr\/cl\/contact-particulier\/","title":{"rendered":"Contact particulier"},"content":{"rendered":"<p style=\"text-align: center;\"><strong>Ecrire au pr\u00e9sident de la FCPE<\/strong><\/p>\n<p>[contact-form-7 id=\u00a0\u00bb669&Prime; title=\u00a0\u00bbFormulaire : param\u00e9trer le destinataire\u00a0\u00bb destination-email=\u00a0\u00bbxxxxxxxxxx@gmail.com\u00a0\u00bb]<\/p>\n<hr>\n<p style=\"text-align: center;\"><strong>Ecrire aux webmestres de la FCPE 78<\/strong><\/p>\n<p>[contact-form-7 id=\u00a0\u00bb669&Prime; title=\u00a0\u00bbFormulaire : param\u00e9trer le destinataire\u00a0\u00bb destination-email=\u00a0\u00bbxxxxxxxxwebmestres@fcpe78.fr\u00a0\u00bb]<\/p>\n<hr>\n<p>R\u00e9cup\u00e9rer des valeurs depuis les attributs du raccourci de contact-form-7&nbsp;<code>[contact--form-7 ...]<\/code>&nbsp;<\/p>\n<p>Utiliser&nbsp;<code>default:shortcode_attr<\/code>&nbsp;<a href=\"http:\/\/contactform7.com\/tag-syntax\/\">form-tag<\/a>&nbsp;option, qui r\u00e9cup\u00e8re la valeur par d\u00e9faut.<\/p>\n<p>Par exemple, si vousavez un champ \u201cdestination-email\u201d&nbsp; pour l&rsquo;adresse de destination :<\/p>\n<pre><code>[email* destination-email]<\/code><\/pre>\n<p>Pour r\u00e9cup\u00e9rer la valeur par d\u00e9faut depuis le raccourci , ajouter&nbsp;<code>default:shortcode_attr<\/code>&nbsp;au form-tag:<\/p>\n<pre><code>[email* destination-email <strong>default:shortcode_attr<\/strong>]<\/code><\/pre>\n<p>Puis, ajouter un attribut avec le m\u00eame nom dans le raccourci :<\/p>\n<pre><code>[contact--form-7 id=\"123\" title=\"Contact Form\" <strong>destination-email=\"xxxxxx@example.com\"<\/strong>]<\/code><\/pre>\n<p>Encore une petit manip.<\/p>\n<p>Normalement , les raccourci WordPress ne r\u00e9cup\u00e8rent que les attribut pr\u00e9d\u00e9finis, on doit doit l&rsquo;enregistrer au pr\u00e9alable.<\/p>\n<p>Ajoutez le code suivant dans le fichier functions.php file de votre th\u00e8me :<\/p>\n<div>\n<div id=\"highlighter_359075\" class=\"syntaxhighlighter php\">\n<table border=\"0\" cellspacing=\"0\" cellpadding=\"0\">\n<tbody>\n<tr>\n<td class=\"gutter\">\n<div class=\"line number1 index0 alt2\">1<\/div>\n<div class=\"line number2 index1 alt1\">2<\/div>\n<div class=\"line number3 index2 alt2\">3<\/div>\n<div class=\"line number4 index3 alt1\">4<\/div>\n<div class=\"line number5 index4 alt2\">5<\/div>\n<div class=\"line number6 index5 alt1\">6<\/div>\n<div class=\"line number7 index6 alt2\">7<\/div>\n<div class=\"line number8 index7 alt1\">8<\/div>\n<div class=\"line number9 index8 alt2\">9<\/div>\n<div class=\"line number10 index9 alt1\">10<\/div>\n<div class=\"line number11 index10 alt2\">11<\/div>\n<\/td>\n<td class=\"code\">\n<div class=\"container\">\n<div class=\"line number1 index0 alt2\"><code class=\"php plain\">add_filter( <\/code><code class=\"php string\">'shortcode_atts_wpcf7'<\/code><code class=\"php plain\">, <\/code><code class=\"php string\">'custom_shortcode_atts_wpcf7_filter'<\/code><code class=\"php plain\">, 10, 3 );<\/code><\/div>\n<div class=\"line number2 index1 alt1\">&nbsp;<\/div>\n<div class=\"line number3 index2 alt2\"><code class=\"php keyword\">function<\/code> <code class=\"php plain\">custom_shortcode_atts_wpcf7_filter( <\/code><code class=\"php variable\">$out<\/code><code class=\"php plain\">, <\/code><code class=\"php variable\">$pairs<\/code><code class=\"php plain\">, <\/code><code class=\"php variable\">$atts<\/code> <code class=\"php plain\">) {<\/code><\/div>\n<div class=\"line number4 index3 alt1\"><code class=\"php spaces\">&nbsp;&nbsp;&nbsp;&nbsp;<\/code><code class=\"php variable\">$my_attr<\/code> <code class=\"php plain\">= <\/code><code class=\"php string\">'destination-email'<\/code><code class=\"php plain\">;<\/code><\/div>\n<div class=\"line number5 index4 alt2\">&nbsp;<\/div>\n<div class=\"line number6 index5 alt1\"><code class=\"php spaces\">&nbsp;&nbsp;&nbsp;&nbsp;<\/code><code class=\"php keyword\">if<\/code> <code class=\"php plain\">( isset( <\/code><code class=\"php variable\">$atts<\/code><code class=\"php plain\">[<\/code><code class=\"php variable\">$my_attr<\/code><code class=\"php plain\">] ) ) {<\/code><\/div>\n<div class=\"line number7 index6 alt2\"><code class=\"php spaces\">&nbsp;&nbsp;&nbsp;&nbsp;&nbsp;&nbsp;&nbsp;&nbsp;<\/code><code class=\"php variable\">$out<\/code><code class=\"php plain\">[<\/code><code class=\"php variable\">$my_attr<\/code><code class=\"php plain\">] = <\/code><code class=\"php variable\">$atts<\/code><code class=\"php plain\">[<\/code><code class=\"php variable\">$my_attr<\/code><code class=\"php plain\">];<\/code><\/div>\n<div class=\"line number8 index7 alt1\"><code class=\"php spaces\">&nbsp;&nbsp;&nbsp;&nbsp;<\/code><code class=\"php plain\">}<\/code><\/div>\n<div class=\"line number9 index8 alt2\">&nbsp;<\/div>\n<div class=\"line number10 index9 alt1\"><code class=\"php spaces\">&nbsp;&nbsp;&nbsp;&nbsp;<\/code><code class=\"php keyword\">return<\/code> <code class=\"php variable\">$out<\/code><code class=\"php plain\">;<\/code><\/div>\n<div class=\"line number11 index10 alt2\"><code class=\"php plain\">}<\/code><\/div>\n<\/div>\n<\/td>\n<\/tr>\n<\/tbody>\n<\/table>\n<\/div>\n<\/div>\n<p>Cachons ce champ que les robot ne sauraient voir&#8230;&nbsp; Par exemple :<\/p>\n<pre><code>&lt;div style=\"display:none\"&gt;[email* destination-email default:shortcode_attr]&lt;\/div&gt;<\/code><\/pre>\n","protected":false},"excerpt":{"rendered":"<p>Ecrire au pr\u00e9sident de la FCPE [contact-form-7 id=\u00a0\u00bb669&Prime; title=\u00a0\u00bbFormulaire : param\u00e9trer le destinataire\u00a0\u00bb destination-email=\u00a0\u00bbxxxxxxxxxx@gmail.com\u00a0\u00bb] Ecrire aux webmestres de la FCPE 78 [contact-form-7 id=\u00a0\u00bb669&Prime; title=\u00a0\u00bbFormulaire : param\u00e9trer le destinataire\u00a0\u00bb destination-email=\u00a0\u00bbxxxxxxxxwebmestres@fcpe78.fr\u00a0\u00bb] R\u00e9cup\u00e9rer des valeurs depuis les attributs du raccourci de contact-form-7&nbsp;[contact&#8211;form-7 &#8230;]&nbsp; Utiliser&nbsp;default:shortcode_attr&nbsp;form-tag&nbsp;option, qui r\u00e9cup\u00e8re la valeur par d\u00e9faut. Par exemple, si vousavez un champ \u201cdestination-email\u201d&nbsp; pour <a class=\"more-link\" href=\"https:\/\/www.fcpe78.fr\/cl\/contact-particulier\/\">Lire plus &#8230;<\/a><\/p>\n","protected":false},"author":18,"featured_media":0,"parent":0,"menu_order":0,"comment_status":"closed","ping_status":"closed","template":"","meta":{"jetpack_post_was_ever_published":false},"jetpack-related-posts":[{"id":653,"url":"https:\/\/www.fcpe78.fr\/cl\/exemples\/multiples-contacts\/","url_meta":{"origin":670,"position":0},"title":"Multiples contacts","date":"14 mai 2019","format":false,"excerpt":"Plugin :\u00a0Contact Form 7 Exemple avec Sartrouville. [contact-form-7 id=\"655\" title=\"Exemple de formulaire multi-contact\"] [tabby title=\"Formulaire\"] <p>Choisissez le destinataire [select* destinataire \"Ensemble des conseils locaux|sartrouville@fcpe78.fr\" \"Coll\u00e8ge Colette|clg-colette.sartrouville@fcpe78.fr,sartrouville@fcpe78.fr\" \"Coll\u00e8ge Darius Milhaud|sartrouville@fcpe78.fr\" \"Coll\u00e8ge Louis Paulhan|clg-paulhan.sartrouville@fcpe78.fr,sartrouville@fcpe78.fr\" \"Coll\u00e8ge Romain Roland|sartrouville@fcpe78.fr\" \"Lyc\u00e9e Evariste Gallois|lyc-galois.sartrouville@fcpe78.fr,sartrouville@fcpe78.fr\" \"Lyc\u00e9e Jules Vernes|sartrouville@fcpe78.fr\" \"Responsable site web sartrouville|sartrouville@fcpe78.fr\" \"Responsable sites web FCPE 78|webmestres@fcpe78.fr,achamerois@free.fr\"]\u2026","rel":"","context":"Article similaire","img":{"alt_text":"","src":"","width":0,"height":0},"classes":[]},{"id":581,"url":"https:\/\/www.fcpe78.fr\/cl\/un-site-oui-mais-pourquoi\/","url_meta":{"origin":670,"position":1},"title":"Un site. Oui mais pourquoi ?","date":"9 mai 2019","format":false,"excerpt":"Un site, c\u2019est un moyen de communications vers les parents\u00a0 et les \u00e9l\u00e8ves, bien s\u00fbr, mais aussi vers les professeurs, les inspecteurs, les \u00e9lus, le pr\u00e9fet, etc. Ne l'oubliez pas.\u00a0 Pourquoi profiter de l\u2019offre de la FCPE78 La FCPE 78 met \u00e0 la disposition des conseils locaux des Yvelines un\u2026","rel":"","context":"Article similaire","img":{"alt_text":"","src":"https:\/\/i0.wp.com\/www.fcpe78.fr\/cl\/wp-content\/uploads\/2014\/02\/Formationimage2.jpg?fit=370%2C324&ssl=1&resize=350%2C200","width":350,"height":200},"classes":[]},{"id":623,"url":"https:\/\/www.fcpe78.fr\/cl\/un-site-oui-mais-pourquoi\/definir-la-structure-du-site\/","url_meta":{"origin":670,"position":2},"title":"D\u00e9finir la structure du site","date":"10 mai 2019","format":false,"excerpt":"Les pages wordpress seront accessibles par le menu. Par exemple, pour un conseil local recouvrant le Primaire et le Secondaire, nous cr\u00e9erons une page par \u00e9tablissement. Exemple tir\u00e9 du site de Conflans-sainte-Honorine. Pour titre de la fiche nous mettrons le nom de l'\u00e9tablissement Dans le corps du message nous inscrirons\u2026","rel":"","context":"Article similaire","img":{"alt_text":"","src":"https:\/\/i0.wp.com\/www.fcpe78.fr\/cl\/wp-content\/uploads\/2019\/05\/Exemple-fiche-\u00c3\u00a9cole-280x300.png?resize=350%2C200","width":350,"height":200},"classes":[]},{"id":439,"url":"https:\/\/www.fcpe78.fr\/cl\/contacts\/","url_meta":{"origin":670,"position":3},"title":"Contacts","date":"6 mai 2019","format":false,"excerpt":"[contact-form-7 id=\"57\" title=\"Contact form 1\"]","rel":"","context":"Article similaire","img":{"alt_text":"","src":"","width":0,"height":0},"classes":[]}],"jetpack_shortlink":"https:\/\/wp.me\/P6VFhT-aO","jetpack_likes_enabled":true,"jetpack_sharing_enabled":true,"_links":{"self":[{"href":"https:\/\/www.fcpe78.fr\/cl\/wp-json\/wp\/v2\/pages\/670"}],"collection":[{"href":"https:\/\/www.fcpe78.fr\/cl\/wp-json\/wp\/v2\/pages"}],"about":[{"href":"https:\/\/www.fcpe78.fr\/cl\/wp-json\/wp\/v2\/types\/page"}],"author":[{"embeddable":true,"href":"https:\/\/www.fcpe78.fr\/cl\/wp-json\/wp\/v2\/users\/18"}],"replies":[{"embeddable":true,"href":"https:\/\/www.fcpe78.fr\/cl\/wp-json\/wp\/v2\/comments?post=670"}],"version-history":[{"count":11,"href":"https:\/\/www.fcpe78.fr\/cl\/wp-json\/wp\/v2\/pages\/670\/revisions"}],"predecessor-version":[{"id":683,"href":"https:\/\/www.fcpe78.fr\/cl\/wp-json\/wp\/v2\/pages\/670\/revisions\/683"}],"wp:attachment":[{"href":"https:\/\/www.fcpe78.fr\/cl\/wp-json\/wp\/v2\/media?parent=670"}],"curies":[{"name":"wp","href":"https:\/\/api.w.org\/{rel}","templated":true}]}}