{"id":653,"date":"2019-05-14T11:53:19","date_gmt":"2019-05-14T09:53:19","guid":{"rendered":"http:\/\/www.fcpe78.fr\/cl\/?page_id=653"},"modified":"2019-05-14T12:16:22","modified_gmt":"2019-05-14T10:16:22","slug":"multiples-contacts","status":"publish","type":"page","link":"https:\/\/www.fcpe78.fr\/cl\/exemples\/multiples-contacts\/","title":{"rendered":"Multiples contacts"},"content":{"rendered":"<h3>Plugin :&nbsp;<strong>Contact Form 7<\/strong><\/h3>\n<p>Exemple avec Sartrouville.<\/p>\n<hr>\n<p>[contact-form-7 id=\u00a0\u00bb655&Prime; title=\u00a0\u00bbExemple de formulaire multi-contact\u00a0\u00bb]<\/p>\n<hr>\n<p>[tabby title=\u00a0\u00bbFormulaire\u00a0\u00bb]<\/p>\n<pre>&lt;p&gt;Choisissez le destinataire \r\n[select* destinataire \"Ensemble des conseils locaux|sartrouville@fcpe78.fr\" \r\n\"Coll\u00e8ge Colette|clg-colette.sartrouville@fcpe78.fr,sartrouville@fcpe78.fr\"\r\n\"Coll\u00e8ge Darius Milhaud|sartrouville@fcpe78.fr\"\r\n\"Coll\u00e8ge Louis Paulhan|clg-paulhan.sartrouville@fcpe78.fr,sartrouville@fcpe78.fr\"\r\n\"Coll\u00e8ge Romain Roland|sartrouville@fcpe78.fr\"\r\n\"Lyc\u00e9e Evariste Gallois|lyc-galois.sartrouville@fcpe78.fr,sartrouville@fcpe78.fr\"\r\n\"Lyc\u00e9e Jules Vernes|sartrouville@fcpe78.fr\"\r\n\"Responsable site web sartrouville|sartrouville@fcpe78.fr\"\r\n\"Responsable sites web FCPE 78|webmestres@fcpe78.fr,achamerois@free.fr\"]\r\n&lt;\/p&gt;\r\n&lt;p&gt;&lt;label&gt; Votre nom (obligatoire)\r\n    [text* your-name] &lt;\/label&gt;&lt;\/p&gt;\r\n&lt;p&gt;&lt;label&gt; Votre e-mail (obligatoire)\r\n    [email* your-email] &lt;\/label&gt;&lt;\/p&gt;\r\n&lt;p&gt;&lt;label&gt; Sujet\r\n    [text your-subject] &lt;\/label&gt;&lt;\/p&gt;\r\n&lt;p&gt;&lt;label&gt; Votre message\r\n    [textarea your-message] &lt;\/label&gt;&lt;\/p&gt;\r\n&lt;p style=\"background-color:#efefef;padding:12px;\"&gt;\r\n&lt;label&gt; Joindre un fichier\r\n    [file your-file]&lt;\/label&gt;\r\n&lt;\/p&gt;&lt;p style=\"padding:12px;text-align:center;\"&gt;\r\n[submit \"Envoyer\"]&lt;\/p&gt;<\/pre>\n<p>[tabby title=\u00a0\u00bbE-Mail\u00a0\u00bb]<\/p>\n<h2>E-mail<\/h2>\n<p>Vous pouvez modifier le mod\u00e8le de courrier ici. Pour plus de d\u00e9tails, voir&nbsp;<a href=\"https:\/\/contactform7.com\/setting-up-mail\/\">R\u00e9glages des e-mails<\/a>.<br \/>\nDans les champs suivants, vous pouvez utiliser ces \u00e9tiquettes d\u2019e-mail&nbsp;:<br \/>\n<span class=\"mailtag code used\"><strong>[destinataire]<\/strong>&nbsp;<\/span><span class=\"mailtag code used\">[your-name]&nbsp;<\/span><span class=\"mailtag code used\">[your-email]&nbsp;<\/span><span class=\"mailtag code used\">[your-subject]&nbsp;<\/span><span class=\"mailtag code used\">[your-message]&nbsp;<\/span><span class=\"mailtag code unused\">[your-file]<\/span><\/p>\n<p><strong>Destinataire<\/strong>, c&rsquo;est ce que vous avez mis dans le formulaire&nbsp; : [select* destinataire<\/p>\n<p>[tabbyending]<\/p>\n","protected":false},"excerpt":{"rendered":"<p>Plugin :&nbsp;Contact Form 7 Exemple avec Sartrouville. [contact-form-7 id=\u00a0\u00bb655&Prime; title=\u00a0\u00bbExemple de formulaire multi-contact\u00a0\u00bb] [tabby title=\u00a0\u00bbFormulaire\u00a0\u00bb] &lt;p&gt;Choisissez le destinataire [select* destinataire \u00ab\u00a0Ensemble des conseils locaux|sartrouville@fcpe78.fr\u00a0\u00bb \u00ab\u00a0Coll\u00e8ge Colette|clg-colette.sartrouville@fcpe78.fr,sartrouville@fcpe78.fr\u00a0\u00bb \u00ab\u00a0Coll\u00e8ge Darius Milhaud|sartrouville@fcpe78.fr\u00a0\u00bb \u00ab\u00a0Coll\u00e8ge Louis Paulhan|clg-paulhan.sartrouville@fcpe78.fr,sartrouville@fcpe78.fr\u00a0\u00bb \u00ab\u00a0Coll\u00e8ge Romain Roland|sartrouville@fcpe78.fr\u00a0\u00bb \u00ab\u00a0Lyc\u00e9e Evariste Gallois|lyc-galois.sartrouville@fcpe78.fr,sartrouville@fcpe78.fr\u00a0\u00bb \u00ab\u00a0Lyc\u00e9e Jules Vernes|sartrouville@fcpe78.fr\u00a0\u00bb \u00ab\u00a0Responsable site web sartrouville|sartrouville@fcpe78.fr\u00a0\u00bb \u00ab\u00a0Responsable sites web FCPE 78|webmestres@fcpe78.fr,achamerois@free.fr\u00a0\u00bb] &lt;\/p&gt; &lt;p&gt;&lt;label&gt; Votre nom (obligatoire) <a class=\"more-link\" href=\"https:\/\/www.fcpe78.fr\/cl\/exemples\/multiples-contacts\/\">Lire plus &#8230;<\/a><\/p>\n","protected":false},"author":18,"featured_media":0,"parent":642,"menu_order":0,"comment_status":"closed","ping_status":"closed","template":"","meta":{"jetpack_post_was_ever_published":false},"jetpack-related-posts":[{"id":670,"url":"https:\/\/www.fcpe78.fr\/cl\/contact-particulier\/","url_meta":{"origin":653,"position":0},"title":"Contact particulier","date":"20 mai 2019","format":false,"excerpt":"Ecrire au pr\u00e9sident de la FCPE [contact-form-7 id=\"669\" title=\"Formulaire : param\u00e9trer le destinataire\" destination-email=\"xxxxxxxxxx@gmail.com\"] Ecrire aux webmestres de la FCPE 78 [contact-form-7 id=\"669\" title=\"Formulaire : param\u00e9trer le destinataire\" destination-email=\"xxxxxxxxwebmestres@fcpe78.fr\"] R\u00e9cup\u00e9rer des valeurs depuis les attributs du raccourci de contact-form-7\u00a0[contact--form-7 ...]\u00a0 Utiliser\u00a0default:shortcode_attr\u00a0form-tag\u00a0option, qui r\u00e9cup\u00e8re la valeur par d\u00e9faut. Par exemple, si\u2026","rel":"","context":"Article similaire","img":{"alt_text":"","src":"","width":0,"height":0},"classes":[]},{"id":628,"url":"https:\/\/www.fcpe78.fr\/cl\/un-site-oui-mais-pourquoi\/creer-un-formulaire-de-contact\/","url_meta":{"origin":653,"position":1},"title":"Cr\u00e9er un formulaire de contact","date":"10 mai 2019","format":false,"excerpt":"","rel":"","context":"Article similaire","img":{"alt_text":"","src":"","width":0,"height":0},"classes":[]},{"id":439,"url":"https:\/\/www.fcpe78.fr\/cl\/contacts\/","url_meta":{"origin":653,"position":2},"title":"Contacts","date":"6 mai 2019","format":false,"excerpt":"[contact-form-7 id=\"57\" title=\"Contact form 1\"]","rel":"","context":"Article similaire","img":{"alt_text":"","src":"","width":0,"height":0},"classes":[]},{"id":505,"url":"https:\/\/www.fcpe78.fr\/cl\/une-adresse-mail-pour-votre-conseil-local\/","url_meta":{"origin":653,"position":3},"title":"Une adresse mail pour votre conseil local","date":"8 mai 2019","format":false,"excerpt":"","rel":"","context":"Article similaire","img":{"alt_text":"","src":"https:\/\/i0.wp.com\/www.fcpe78.fr\/cl\/wp-content\/uploads\/2019\/05\/Mairie-depuis-avenue-d-Aligre-2_page_banner_image_bannerview.png?fit=1200%2C365&ssl=1&resize=350%2C200","width":350,"height":200},"classes":[]},{"id":509,"url":"https:\/\/www.fcpe78.fr\/cl\/ici-hebergez-le-site-de-votre-conseil-local\/","url_meta":{"origin":653,"position":4},"title":"Ici, h\u00e9bergez le site de votre conseil local","date":"8 mai 2019","format":false,"excerpt":"","rel":"","context":"Article similaire","img":{"alt_text":"","src":"https:\/\/i0.wp.com\/www.fcpe78.fr\/cl\/wp-content\/uploads\/2019\/05\/sitepourcl.png?fit=705%2C400&ssl=1&resize=350%2C200","width":350,"height":200},"classes":[]},{"id":424,"url":"https:\/\/www.fcpe78.fr\/cl\/dwqa-ask-question\/","url_meta":{"origin":653,"position":5},"title":"DWQA Ask Question","date":"26 janvier 2018","format":false,"excerpt":"[dwqa-submit-question-form]","rel":"","context":"Article similaire","img":{"alt_text":"","src":"","width":0,"height":0},"classes":[]}],"jetpack_shortlink":"https:\/\/wp.me\/P6VFhT-ax","jetpack_likes_enabled":true,"jetpack_sharing_enabled":true,"_links":{"self":[{"href":"https:\/\/www.fcpe78.fr\/cl\/wp-json\/wp\/v2\/pages\/653"}],"collection":[{"href":"https:\/\/www.fcpe78.fr\/cl\/wp-json\/wp\/v2\/pages"}],"about":[{"href":"https:\/\/www.fcpe78.fr\/cl\/wp-json\/wp\/v2\/types\/page"}],"author":[{"embeddable":true,"href":"https:\/\/www.fcpe78.fr\/cl\/wp-json\/wp\/v2\/users\/18"}],"replies":[{"embeddable":true,"href":"https:\/\/www.fcpe78.fr\/cl\/wp-json\/wp\/v2\/comments?post=653"}],"version-history":[{"count":11,"href":"https:\/\/www.fcpe78.fr\/cl\/wp-json\/wp\/v2\/pages\/653\/revisions"}],"predecessor-version":[{"id":665,"href":"https:\/\/www.fcpe78.fr\/cl\/wp-json\/wp\/v2\/pages\/653\/revisions\/665"}],"up":[{"embeddable":true,"href":"https:\/\/www.fcpe78.fr\/cl\/wp-json\/wp\/v2\/pages\/642"}],"wp:attachment":[{"href":"https:\/\/www.fcpe78.fr\/cl\/wp-json\/wp\/v2\/media?parent=653"}],"curies":[{"name":"wp","href":"https:\/\/api.w.org\/{rel}","templated":true}]}}