{"id":581,"date":"2019-05-09T17:08:33","date_gmt":"2019-05-09T16:08:33","guid":{"rendered":"http:\/\/www.fcpe78.fr\/cl\/?page_id=581"},"modified":"2019-05-10T08:10:06","modified_gmt":"2019-05-10T07:10:06","slug":"un-site-oui-mais-pourquoi","status":"publish","type":"page","link":"https:\/\/www.fcpe78.fr\/cl\/un-site-oui-mais-pourquoi\/","title":{"rendered":"Un site. Oui mais pourquoi ?"},"content":{"rendered":"<p>Un site, c\u2019est un moyen de communications vers les parents&nbsp; et les \u00e9l\u00e8ves, bien s\u00fbr, mais aussi vers les professeurs, les inspecteurs, les \u00e9lus, le pr\u00e9fet, etc. Ne l&rsquo;oubliez pas.&nbsp;<\/p>\n<p><!--more--><\/p>\n<h1>Pourquoi profiter de l\u2019offre de la FCPE78<\/h1>\n<p>La FCPE 78 met \u00e0 la disposition des conseils locaux des Yvelines un<strong> h\u00e9bergement WordPress pr\u00e9-install\u00e9<\/strong>.<\/p>\n<p>Profitez en c&rsquo;est gratuit. En plus, <strong>vous b\u00e9n\u00e9ficierez de l\u2019aide<\/strong> d\u2019administrateurs du FCPE 78 et, pourquoi pas, d\u2019autres adh\u00e9rents de la FCPE.<\/p>\n<p>Dans ce but, nous avons cr\u00e9\u00e9 <em>Le site du r\u00e9seau FCPE 78, <\/em>celui la m\u00eame que vous consultez en ce moment. Il sert \u00e0 la foi de source d&rsquo;information et de <em>site t\u00e9moin<\/em> pour vous montrer ce que l&rsquo;on peut faire avec l&rsquo;outils (Nous avons quelque peu surcharg\u00e9 les couleurs pour la d\u00e9monstration).&nbsp;&nbsp;<\/p>\n<p>Vos remarques et suggestions sont les bienvenues pour l\u2019am\u00e9liorer.<\/p>\n<h1>Quel contenu ?<\/h1>\n<p>Avant de commencer demandez-vous ce que vous allez mettre dans votre site.&nbsp;<\/p>\n<p>Pour chaque type d&rsquo;information, quelle sera la <strong>fr\u00e9quence de mise \u00e0 jour<\/strong>. Profitez en pour essayer de trouver dans l&rsquo;\u00e9quipe qui va remplir quoi (en g\u00e9n\u00e9ral, c&rsquo;est vous, mais on peut r\u00eaver).<\/p>\n<p>Dans Worpress, rentrer du contenu consiste \u00e0 \u00e9crire dans un formulaire : un titre, un texte avec ou sans image, \u00e9ventuellement une vid\u00e9o.&nbsp;<\/p>\n<h2>Les types de contenu<\/h2>\n<p>Dans <em>WordPress<\/em> il y a deux principaux types de contenu : les <strong>pages<\/strong> et les <strong>articles<\/strong>.<\/p>\n<h3>Les pages<\/h3>\n<p>Les pages sont utilis\u00e9es pour du contenu plut\u00f4t statique, c&rsquo;est \u00e0 dire qui changera rarement.<\/p>\n<p>Par exemple la page de contact, \u00e0 propos, de mentions l\u00e9gales, qui ne changeront qu&rsquo;occasionnellement.<\/p>\n<p>Mais aussi, les pages de description d&rsquo;une \u00e9cole, d&rsquo;un coll\u00e8ge ou d&rsquo;un lyc\u00e9e dans lesquels vous inscrirez les d\u00e9l\u00e9gu\u00e9s. Celles-ci devront imp\u00e9rativement \u00eatre mises \u00e0 jour tous les ans.<\/p>\n<p>Il n&rsquo;y a rien de pire qu&rsquo;un site dont les informations sont obsol\u00e8tes.&nbsp;<\/p>\n<h3>Les articles<\/h3>\n<p>Ils sont appel\u00e9s ainsi parce qu&rsquo;il sont comme des article de journaux. A la diff\u00e9rence des Pages, la date de publication classera les informations et fera foi de leur fra\u00eecheur.<\/p>\n<p>En prime, comme pour les Rubriques des journaux, les articles seront utilement regroup\u00e9s en Cat\u00e9gories.&nbsp;<\/p>\n<p>Par exemple, cat\u00e9gorisez les informations par niveau scolaire : Primaire, Maternelle, \u00e9l\u00e9mentaire. Secondaire Coll\u00e8ge, Lyc\u00e9es.<\/p>\n<p>Mettez-vous \u00e0 la place de l&rsquo;internaute qui cherche une information.<\/p>\n<p>&nbsp;<\/p>\n","protected":false},"excerpt":{"rendered":"<p>Un site, c\u2019est un moyen de communications vers les parents&nbsp; et les \u00e9l\u00e8ves, bien s\u00fbr, mais aussi vers les professeurs, les inspecteurs, les \u00e9lus, le pr\u00e9fet, etc. Ne l&rsquo;oubliez pas.&nbsp;<\/p>\n","protected":false},"author":18,"featured_media":365,"parent":0,"menu_order":0,"comment_status":"closed","ping_status":"closed","template":"","meta":{"jetpack_post_was_ever_published":false},"jetpack-related-posts":[{"id":29,"url":"https:\/\/www.fcpe78.fr\/cl\/","url_meta":{"origin":581,"position":0},"title":"Bienvenue","date":"10 d\u00e9cembre 2012","format":false,"excerpt":"Bienvenue sur la page du R\u00e9seau des sites des Conseil locaux FCPE\u00a0des Yvelines. La FCPE 78 met \u00e0 la disposition de ses conseils locaux FCPE des Yvelines les moyens d'avoir un h\u00e9bergements. Pour en demander un, adressez-vous aux Webmestres dans la page contact. Vous retrouverez ici une aide \u00e0 la\u2026","rel":"","context":"Article similaire","img":{"alt_text":"","src":"","width":0,"height":0},"classes":[]},{"id":623,"url":"https:\/\/www.fcpe78.fr\/cl\/un-site-oui-mais-pourquoi\/definir-la-structure-du-site\/","url_meta":{"origin":581,"position":1},"title":"D\u00e9finir la structure du site","date":"10 mai 2019","format":false,"excerpt":"Les pages wordpress seront accessibles par le menu. Par exemple, pour un conseil local recouvrant le Primaire et le Secondaire, nous cr\u00e9erons une page par \u00e9tablissement. Exemple tir\u00e9 du site de Conflans-sainte-Honorine. Pour titre de la fiche nous mettrons le nom de l'\u00e9tablissement Dans le corps du message nous inscrirons\u2026","rel":"","context":"Article similaire","img":{"alt_text":"","src":"https:\/\/i0.wp.com\/www.fcpe78.fr\/cl\/wp-content\/uploads\/2019\/05\/Exemple-fiche-\u00c3\u00a9cole-280x300.png?resize=350%2C200","width":350,"height":200},"classes":[]},{"id":499,"url":"https:\/\/www.fcpe78.fr\/cl\/fcpe-78\/","url_meta":{"origin":581,"position":2},"title":"FCPE 78","date":"8 mai 2019","format":false,"excerpt":"\u00a0 FCPE 78 29, avenue Duguay Trouin, 78960 Voisins-le-Bretonneux. T\u00e9l : 01 30 54 92 41","rel":"","context":"Article similaire","img":{"alt_text":"","src":"https:\/\/i0.wp.com\/www.fcpe78.fr\/cl\/wp-content\/uploads\/2019\/05\/Carte-Yvelines-2.png?fit=323%2C400&ssl=1&resize=350%2C200","width":350,"height":200},"classes":[]},{"id":670,"url":"https:\/\/www.fcpe78.fr\/cl\/contact-particulier\/","url_meta":{"origin":581,"position":3},"title":"Contact particulier","date":"20 mai 2019","format":false,"excerpt":"Ecrire au pr\u00e9sident de la FCPE [contact-form-7 id=\"669\" title=\"Formulaire : param\u00e9trer le destinataire\" destination-email=\"xxxxxxxxxx@gmail.com\"] Ecrire aux webmestres de la FCPE 78 [contact-form-7 id=\"669\" title=\"Formulaire : param\u00e9trer le destinataire\" destination-email=\"xxxxxxxxwebmestres@fcpe78.fr\"] R\u00e9cup\u00e9rer des valeurs depuis les attributs du raccourci de contact-form-7\u00a0[contact--form-7 ...]\u00a0 Utiliser\u00a0default:shortcode_attr\u00a0form-tag\u00a0option, qui r\u00e9cup\u00e8re la valeur par d\u00e9faut. Par exemple, si\u2026","rel":"","context":"Article similaire","img":{"alt_text":"","src":"","width":0,"height":0},"classes":[]},{"id":653,"url":"https:\/\/www.fcpe78.fr\/cl\/exemples\/multiples-contacts\/","url_meta":{"origin":581,"position":4},"title":"Multiples contacts","date":"14 mai 2019","format":false,"excerpt":"Plugin :\u00a0Contact Form 7 Exemple avec Sartrouville. [contact-form-7 id=\"655\" title=\"Exemple de formulaire multi-contact\"] [tabby title=\"Formulaire\"] <p>Choisissez le destinataire [select* destinataire \"Ensemble des conseils locaux|sartrouville@fcpe78.fr\" \"Coll\u00e8ge Colette|clg-colette.sartrouville@fcpe78.fr,sartrouville@fcpe78.fr\" \"Coll\u00e8ge Darius Milhaud|sartrouville@fcpe78.fr\" \"Coll\u00e8ge Louis Paulhan|clg-paulhan.sartrouville@fcpe78.fr,sartrouville@fcpe78.fr\" \"Coll\u00e8ge Romain Roland|sartrouville@fcpe78.fr\" \"Lyc\u00e9e Evariste Gallois|lyc-galois.sartrouville@fcpe78.fr,sartrouville@fcpe78.fr\" \"Lyc\u00e9e Jules Vernes|sartrouville@fcpe78.fr\" \"Responsable site web sartrouville|sartrouville@fcpe78.fr\" \"Responsable sites web FCPE 78|webmestres@fcpe78.fr,achamerois@free.fr\"]\u2026","rel":"","context":"Article similaire","img":{"alt_text":"","src":"","width":0,"height":0},"classes":[]},{"id":636,"url":"https:\/\/www.fcpe78.fr\/cl\/exemples\/reseaux-sociaux\/","url_meta":{"origin":581,"position":5},"title":"Vos posts Facebook dans votre site","date":"13 mai 2019","format":false,"excerpt":"Facebook Feed by 10Web Affichage du flux RSS du compte facebook de la FCPE 78. Plugin tr\u00e8s facile \u00e0 mettre en place.\u00a0 Beaucoup de param\u00e8tres. [WD_FB id=\"1\"]","rel":"","context":"Article similaire","img":{"alt_text":"","src":"","width":0,"height":0},"classes":[]}],"jetpack_shortlink":"https:\/\/wp.me\/P6VFhT-9n","jetpack_likes_enabled":true,"jetpack_sharing_enabled":true,"_links":{"self":[{"href":"https:\/\/www.fcpe78.fr\/cl\/wp-json\/wp\/v2\/pages\/581"}],"collection":[{"href":"https:\/\/www.fcpe78.fr\/cl\/wp-json\/wp\/v2\/pages"}],"about":[{"href":"https:\/\/www.fcpe78.fr\/cl\/wp-json\/wp\/v2\/types\/page"}],"author":[{"embeddable":true,"href":"https:\/\/www.fcpe78.fr\/cl\/wp-json\/wp\/v2\/users\/18"}],"replies":[{"embeddable":true,"href":"https:\/\/www.fcpe78.fr\/cl\/wp-json\/wp\/v2\/comments?post=581"}],"version-history":[{"count":11,"href":"https:\/\/www.fcpe78.fr\/cl\/wp-json\/wp\/v2\/pages\/581\/revisions"}],"predecessor-version":[{"id":622,"href":"https:\/\/www.fcpe78.fr\/cl\/wp-json\/wp\/v2\/pages\/581\/revisions\/622"}],"wp:featuredmedia":[{"embeddable":true,"href":"https:\/\/www.fcpe78.fr\/cl\/wp-json\/wp\/v2\/media\/365"}],"wp:attachment":[{"href":"https:\/\/www.fcpe78.fr\/cl\/wp-json\/wp\/v2\/media?parent=581"}],"curies":[{"name":"wp","href":"https:\/\/api.w.org\/{rel}","templated":true}]}}