{"id":499,"date":"2019-05-08T10:59:12","date_gmt":"2019-05-08T09:59:12","guid":{"rendered":"http:\/\/www.fcpe78.fr\/cl\/?page_id=499"},"modified":"2019-05-08T12:21:15","modified_gmt":"2019-05-08T11:21:15","slug":"fcpe-78","status":"publish","type":"page","link":"https:\/\/www.fcpe78.fr\/cl\/fcpe-78\/","title":{"rendered":"FCPE 78"},"content":{"rendered":"<p>&nbsp;<\/p>\n<p><strong>FCPE 78<\/strong><br \/>\n29, avenue Duguay Trouin,<br \/>\n78960 Voisins-le-Bretonneux.<br \/>\nT\u00e9l : 01 30 54 92 41<\/p>\n","protected":false},"excerpt":{"rendered":"<p>&nbsp; FCPE 78 29, avenue Duguay Trouin, 78960 Voisins-le-Bretonneux. T\u00e9l : 01 30 54 92 41<\/p>\n","protected":false},"author":18,"featured_media":518,"parent":0,"menu_order":0,"comment_status":"closed","ping_status":"closed","template":"","meta":{"jetpack_post_was_ever_published":false},"jetpack-related-posts":[{"id":29,"url":"https:\/\/www.fcpe78.fr\/cl\/","url_meta":{"origin":499,"position":0},"title":"Bienvenue","date":"10 d\u00e9cembre 2012","format":false,"excerpt":"Bienvenue sur la page du R\u00e9seau des sites des Conseil locaux FCPE\u00a0des Yvelines. La FCPE 78 met \u00e0 la disposition de ses conseils locaux FCPE des Yvelines les moyens d'avoir un h\u00e9bergements. Pour en demander un, adressez-vous aux Webmestres dans la page contact. Vous retrouverez ici une aide \u00e0 la\u2026","rel":"","context":"Article similaire","img":{"alt_text":"","src":"","width":0,"height":0},"classes":[]},{"id":581,"url":"https:\/\/www.fcpe78.fr\/cl\/un-site-oui-mais-pourquoi\/","url_meta":{"origin":499,"position":1},"title":"Un site. Oui mais pourquoi ?","date":"9 mai 2019","format":false,"excerpt":"Un site, c\u2019est un moyen de communications vers les parents\u00a0 et les \u00e9l\u00e8ves, bien s\u00fbr, mais aussi vers les professeurs, les inspecteurs, les \u00e9lus, le pr\u00e9fet, etc. Ne l'oubliez pas.\u00a0 Pourquoi profiter de l\u2019offre de la FCPE78 La FCPE 78 met \u00e0 la disposition des conseils locaux des Yvelines un\u2026","rel":"","context":"Article similaire","img":{"alt_text":"","src":"https:\/\/i0.wp.com\/www.fcpe78.fr\/cl\/wp-content\/uploads\/2014\/02\/Formationimage2.jpg?fit=370%2C324&ssl=1&resize=350%2C200","width":350,"height":200},"classes":[]},{"id":636,"url":"https:\/\/www.fcpe78.fr\/cl\/exemples\/reseaux-sociaux\/","url_meta":{"origin":499,"position":2},"title":"Vos posts Facebook dans votre site","date":"13 mai 2019","format":false,"excerpt":"Facebook Feed by 10Web Affichage du flux RSS du compte facebook de la FCPE 78. Plugin tr\u00e8s facile \u00e0 mettre en place.\u00a0 Beaucoup de param\u00e8tres. [WD_FB id=\"1\"]","rel":"","context":"Article similaire","img":{"alt_text":"","src":"","width":0,"height":0},"classes":[]},{"id":670,"url":"https:\/\/www.fcpe78.fr\/cl\/contact-particulier\/","url_meta":{"origin":499,"position":3},"title":"Contact particulier","date":"20 mai 2019","format":false,"excerpt":"Ecrire au pr\u00e9sident de la FCPE [contact-form-7 id=\"669\" title=\"Formulaire : param\u00e9trer le destinataire\" destination-email=\"xxxxxxxxxx@gmail.com\"] Ecrire aux webmestres de la FCPE 78 [contact-form-7 id=\"669\" title=\"Formulaire : param\u00e9trer le destinataire\" destination-email=\"xxxxxxxxwebmestres@fcpe78.fr\"] R\u00e9cup\u00e9rer des valeurs depuis les attributs du raccourci de contact-form-7\u00a0[contact--form-7 ...]\u00a0 Utiliser\u00a0default:shortcode_attr\u00a0form-tag\u00a0option, qui r\u00e9cup\u00e8re la valeur par d\u00e9faut. Par exemple, si\u2026","rel":"","context":"Article similaire","img":{"alt_text":"","src":"","width":0,"height":0},"classes":[]},{"id":653,"url":"https:\/\/www.fcpe78.fr\/cl\/exemples\/multiples-contacts\/","url_meta":{"origin":499,"position":4},"title":"Multiples contacts","date":"14 mai 2019","format":false,"excerpt":"Plugin :\u00a0Contact Form 7 Exemple avec Sartrouville. [contact-form-7 id=\"655\" title=\"Exemple de formulaire multi-contact\"] [tabby title=\"Formulaire\"] <p>Choisissez le destinataire [select* destinataire \"Ensemble des conseils locaux|sartrouville@fcpe78.fr\" \"Coll\u00e8ge Colette|clg-colette.sartrouville@fcpe78.fr,sartrouville@fcpe78.fr\" \"Coll\u00e8ge Darius Milhaud|sartrouville@fcpe78.fr\" \"Coll\u00e8ge Louis Paulhan|clg-paulhan.sartrouville@fcpe78.fr,sartrouville@fcpe78.fr\" \"Coll\u00e8ge Romain Roland|sartrouville@fcpe78.fr\" \"Lyc\u00e9e Evariste Gallois|lyc-galois.sartrouville@fcpe78.fr,sartrouville@fcpe78.fr\" \"Lyc\u00e9e Jules Vernes|sartrouville@fcpe78.fr\" \"Responsable site web sartrouville|sartrouville@fcpe78.fr\" \"Responsable sites web FCPE 78|webmestres@fcpe78.fr,achamerois@free.fr\"]\u2026","rel":"","context":"Article similaire","img":{"alt_text":"","src":"","width":0,"height":0},"classes":[]},{"id":623,"url":"https:\/\/www.fcpe78.fr\/cl\/un-site-oui-mais-pourquoi\/definir-la-structure-du-site\/","url_meta":{"origin":499,"position":5},"title":"D\u00e9finir la structure du site","date":"10 mai 2019","format":false,"excerpt":"Les pages wordpress seront accessibles par le menu. Par exemple, pour un conseil local recouvrant le Primaire et le Secondaire, nous cr\u00e9erons une page par \u00e9tablissement. Exemple tir\u00e9 du site de Conflans-sainte-Honorine. Pour titre de la fiche nous mettrons le nom de l'\u00e9tablissement Dans le corps du message nous inscrirons\u2026","rel":"","context":"Article similaire","img":{"alt_text":"","src":"https:\/\/i0.wp.com\/www.fcpe78.fr\/cl\/wp-content\/uploads\/2019\/05\/Exemple-fiche-\u00c3\u00a9cole-280x300.png?resize=350%2C200","width":350,"height":200},"classes":[]}],"jetpack_shortlink":"https:\/\/wp.me\/P6VFhT-83","jetpack_likes_enabled":true,"jetpack_sharing_enabled":true,"_links":{"self":[{"href":"https:\/\/www.fcpe78.fr\/cl\/wp-json\/wp\/v2\/pages\/499"}],"collection":[{"href":"https:\/\/www.fcpe78.fr\/cl\/wp-json\/wp\/v2\/pages"}],"about":[{"href":"https:\/\/www.fcpe78.fr\/cl\/wp-json\/wp\/v2\/types\/page"}],"author":[{"embeddable":true,"href":"https:\/\/www.fcpe78.fr\/cl\/wp-json\/wp\/v2\/users\/18"}],"replies":[{"embeddable":true,"href":"https:\/\/www.fcpe78.fr\/cl\/wp-json\/wp\/v2\/comments?post=499"}],"version-history":[{"count":3,"href":"https:\/\/www.fcpe78.fr\/cl\/wp-json\/wp\/v2\/pages\/499\/revisions"}],"predecessor-version":[{"id":502,"href":"https:\/\/www.fcpe78.fr\/cl\/wp-json\/wp\/v2\/pages\/499\/revisions\/502"}],"wp:featuredmedia":[{"embeddable":true,"href":"https:\/\/www.fcpe78.fr\/cl\/wp-json\/wp\/v2\/media\/518"}],"wp:attachment":[{"href":"https:\/\/www.fcpe78.fr\/cl\/wp-json\/wp\/v2\/media?parent=499"}],"curies":[{"name":"wp","href":"https:\/\/api.w.org\/{rel}","templated":true}]}}