{"id":439,"date":"2019-05-06T17:07:55","date_gmt":"2019-05-06T16:07:55","guid":{"rendered":"http:\/\/www.fcpe78.fr\/cl\/?page_id=439"},"modified":"2019-05-06T20:41:28","modified_gmt":"2019-05-06T19:41:28","slug":"contacts","status":"publish","type":"page","link":"https:\/\/www.fcpe78.fr\/cl\/contacts\/","title":{"rendered":"Contacts"},"content":{"rendered":"<p>[contact-form-7 id=\u00a0\u00bb57&Prime; title=\u00a0\u00bbContact form 1&Prime;]<\/p>\n","protected":false},"excerpt":{"rendered":"<p>[contact-form-7 id=\u00a0\u00bb57&Prime; title=\u00a0\u00bbContact form 1&Prime;]<\/p>\n","protected":false},"author":18,"featured_media":0,"parent":0,"menu_order":0,"comment_status":"closed","ping_status":"closed","template":"","meta":{"jetpack_post_was_ever_published":false},"jetpack-related-posts":[{"id":670,"url":"https:\/\/www.fcpe78.fr\/cl\/contact-particulier\/","url_meta":{"origin":439,"position":0},"title":"Contact particulier","date":"20 mai 2019","format":false,"excerpt":"Ecrire au pr\u00e9sident de la FCPE [contact-form-7 id=\"669\" title=\"Formulaire : param\u00e9trer le destinataire\" destination-email=\"xxxxxxxxxx@gmail.com\"] Ecrire aux webmestres de la FCPE 78 [contact-form-7 id=\"669\" title=\"Formulaire : param\u00e9trer le destinataire\" destination-email=\"xxxxxxxxwebmestres@fcpe78.fr\"] R\u00e9cup\u00e9rer des valeurs depuis les attributs du raccourci de contact-form-7\u00a0[contact--form-7 ...]\u00a0 Utiliser\u00a0default:shortcode_attr\u00a0form-tag\u00a0option, qui r\u00e9cup\u00e8re la valeur par d\u00e9faut. Par exemple, si\u2026","rel":"","context":"Article similaire","img":{"alt_text":"","src":"","width":0,"height":0},"classes":[]},{"id":653,"url":"https:\/\/www.fcpe78.fr\/cl\/exemples\/multiples-contacts\/","url_meta":{"origin":439,"position":1},"title":"Multiples contacts","date":"14 mai 2019","format":false,"excerpt":"Plugin :\u00a0Contact Form 7 Exemple avec Sartrouville. [contact-form-7 id=\"655\" title=\"Exemple de formulaire multi-contact\"] [tabby title=\"Formulaire\"] <p>Choisissez le destinataire [select* destinataire \"Ensemble des conseils locaux|sartrouville@fcpe78.fr\" \"Coll\u00e8ge Colette|clg-colette.sartrouville@fcpe78.fr,sartrouville@fcpe78.fr\" \"Coll\u00e8ge Darius Milhaud|sartrouville@fcpe78.fr\" \"Coll\u00e8ge Louis Paulhan|clg-paulhan.sartrouville@fcpe78.fr,sartrouville@fcpe78.fr\" \"Coll\u00e8ge Romain Roland|sartrouville@fcpe78.fr\" \"Lyc\u00e9e Evariste Gallois|lyc-galois.sartrouville@fcpe78.fr,sartrouville@fcpe78.fr\" \"Lyc\u00e9e Jules Vernes|sartrouville@fcpe78.fr\" \"Responsable site web sartrouville|sartrouville@fcpe78.fr\" \"Responsable sites web FCPE 78|webmestres@fcpe78.fr,achamerois@free.fr\"]\u2026","rel":"","context":"Article similaire","img":{"alt_text":"","src":"","width":0,"height":0},"classes":[]},{"id":424,"url":"https:\/\/www.fcpe78.fr\/cl\/dwqa-ask-question\/","url_meta":{"origin":439,"position":2},"title":"DWQA Ask Question","date":"26 janvier 2018","format":false,"excerpt":"[dwqa-submit-question-form]","rel":"","context":"Article similaire","img":{"alt_text":"","src":"","width":0,"height":0},"classes":[]},{"id":628,"url":"https:\/\/www.fcpe78.fr\/cl\/un-site-oui-mais-pourquoi\/creer-un-formulaire-de-contact\/","url_meta":{"origin":439,"position":3},"title":"Cr\u00e9er un formulaire de contact","date":"10 mai 2019","format":false,"excerpt":"","rel":"","context":"Article similaire","img":{"alt_text":"","src":"","width":0,"height":0},"classes":[]},{"id":636,"url":"https:\/\/www.fcpe78.fr\/cl\/exemples\/reseaux-sociaux\/","url_meta":{"origin":439,"position":4},"title":"Vos posts Facebook dans votre site","date":"13 mai 2019","format":false,"excerpt":"Facebook Feed by 10Web Affichage du flux RSS du compte facebook de la FCPE 78. Plugin tr\u00e8s facile \u00e0 mettre en place.\u00a0 Beaucoup de param\u00e8tres. [WD_FB id=\"1\"]","rel":"","context":"Article similaire","img":{"alt_text":"","src":"","width":0,"height":0},"classes":[]},{"id":29,"url":"https:\/\/www.fcpe78.fr\/cl\/","url_meta":{"origin":439,"position":5},"title":"Bienvenue","date":"10 d\u00e9cembre 2012","format":false,"excerpt":"Bienvenue sur la page du R\u00e9seau des sites des Conseil locaux FCPE\u00a0des Yvelines. La FCPE 78 met \u00e0 la disposition de ses conseils locaux FCPE des Yvelines les moyens d'avoir un h\u00e9bergements. Pour en demander un, adressez-vous aux Webmestres dans la page contact. Vous retrouverez ici une aide \u00e0 la\u2026","rel":"","context":"Article similaire","img":{"alt_text":"","src":"","width":0,"height":0},"classes":[]}],"jetpack_shortlink":"https:\/\/wp.me\/P6VFhT-75","jetpack_likes_enabled":true,"jetpack_sharing_enabled":true,"_links":{"self":[{"href":"https:\/\/www.fcpe78.fr\/cl\/wp-json\/wp\/v2\/pages\/439"}],"collection":[{"href":"https:\/\/www.fcpe78.fr\/cl\/wp-json\/wp\/v2\/pages"}],"about":[{"href":"https:\/\/www.fcpe78.fr\/cl\/wp-json\/wp\/v2\/types\/page"}],"author":[{"embeddable":true,"href":"https:\/\/www.fcpe78.fr\/cl\/wp-json\/wp\/v2\/users\/18"}],"replies":[{"embeddable":true,"href":"https:\/\/www.fcpe78.fr\/cl\/wp-json\/wp\/v2\/comments?post=439"}],"version-history":[{"count":1,"href":"https:\/\/www.fcpe78.fr\/cl\/wp-json\/wp\/v2\/pages\/439\/revisions"}],"predecessor-version":[{"id":440,"href":"https:\/\/www.fcpe78.fr\/cl\/wp-json\/wp\/v2\/pages\/439\/revisions\/440"}],"wp:attachment":[{"href":"https:\/\/www.fcpe78.fr\/cl\/wp-json\/wp\/v2\/media?parent=439"}],"curies":[{"name":"wp","href":"https:\/\/api.w.org\/{rel}","templated":true}]}}