{"id":29,"date":"2012-12-10T02:58:23","date_gmt":"2012-12-10T01:58:23","guid":{"rendered":"http:\/\/www.fcpe78.fr\/cl\/?page_id=29"},"modified":"2019-05-08T10:35:45","modified_gmt":"2019-05-08T09:35:45","slug":"bienvenue","status":"publish","type":"page","link":"https:\/\/www.fcpe78.fr\/cl\/","title":{"rendered":"Bienvenue"},"content":{"rendered":"<p>Bienvenue sur la page du R\u00e9seau des sites des <strong>Conseil locaux FCPE<\/strong>&nbsp;des Yvelines.<\/p>\n<p>La FCPE 78 met \u00e0 la disposition de ses conseils locaux FCPE des Yvelines les moyens d&rsquo;avoir un h\u00e9bergements.<\/p>\n<p>Pour en demander un, adressez-vous aux Webmestres dans la page <a href=\"http:\/\/www.fcpe78.fr\/cl\/contacts\/\">contact<\/a>.<\/p>\n<p>Vous retrouverez ici une aide \u00e0 la gestion d&rsquo;un site ou d&rsquo;un blog.<br \/>\nUtile que vous soyez Administrateur du site ou bien r\u00e9dacteur.<\/p>\n<p>Cliquez sur le lien ci-dessous ou sur le menu ci dessus pour naviguer dans le site.&nbsp;<br \/>\n<a href=\"http:\/\/www.fcpe78.fr\/cl\/tous_les_articles\/\">http:\/\/www.fcpe78.fr\/cl\/tous_les_articles\/<\/a><\/p>\n","protected":false},"excerpt":{"rendered":"<p>Bienvenue sur la page du R\u00e9seau des sites des Conseil locaux FCPE&nbsp;des Yvelines. La FCPE 78 met \u00e0 la disposition de ses conseils locaux FCPE des Yvelines les moyens d&rsquo;avoir un h\u00e9bergements. Pour en demander un, adressez-vous aux Webmestres dans la page contact. Vous retrouverez ici une aide \u00e0 la gestion d&rsquo;un site ou d&rsquo;un <a class=\"more-link\" href=\"https:\/\/www.fcpe78.fr\/cl\/\">Lire plus &#8230;<\/a><\/p>\n","protected":false},"author":1,"featured_media":0,"parent":0,"menu_order":0,"comment_status":"closed","ping_status":"closed","template":"","meta":{"jetpack_post_was_ever_published":false},"jetpack-related-posts":[{"id":581,"url":"https:\/\/www.fcpe78.fr\/cl\/un-site-oui-mais-pourquoi\/","url_meta":{"origin":29,"position":0},"title":"Un site. Oui mais pourquoi ?","date":"9 mai 2019","format":false,"excerpt":"Un site, c\u2019est un moyen de communications vers les parents\u00a0 et les \u00e9l\u00e8ves, bien s\u00fbr, mais aussi vers les professeurs, les inspecteurs, les \u00e9lus, le pr\u00e9fet, etc. Ne l'oubliez pas.\u00a0 Pourquoi profiter de l\u2019offre de la FCPE78 La FCPE 78 met \u00e0 la disposition des conseils locaux des Yvelines un\u2026","rel":"","context":"Article similaire","img":{"alt_text":"","src":"https:\/\/i0.wp.com\/www.fcpe78.fr\/cl\/wp-content\/uploads\/2014\/02\/Formationimage2.jpg?fit=370%2C324&ssl=1&resize=350%2C200","width":350,"height":200},"classes":[]},{"id":653,"url":"https:\/\/www.fcpe78.fr\/cl\/exemples\/multiples-contacts\/","url_meta":{"origin":29,"position":1},"title":"Multiples contacts","date":"14 mai 2019","format":false,"excerpt":"Plugin :\u00a0Contact Form 7 Exemple avec Sartrouville. [contact-form-7 id=\"655\" title=\"Exemple de formulaire multi-contact\"] [tabby title=\"Formulaire\"] <p>Choisissez le destinataire [select* destinataire \"Ensemble des conseils locaux|sartrouville@fcpe78.fr\" \"Coll\u00e8ge Colette|clg-colette.sartrouville@fcpe78.fr,sartrouville@fcpe78.fr\" \"Coll\u00e8ge Darius Milhaud|sartrouville@fcpe78.fr\" \"Coll\u00e8ge Louis Paulhan|clg-paulhan.sartrouville@fcpe78.fr,sartrouville@fcpe78.fr\" \"Coll\u00e8ge Romain Roland|sartrouville@fcpe78.fr\" \"Lyc\u00e9e Evariste Gallois|lyc-galois.sartrouville@fcpe78.fr,sartrouville@fcpe78.fr\" \"Lyc\u00e9e Jules Vernes|sartrouville@fcpe78.fr\" \"Responsable site web sartrouville|sartrouville@fcpe78.fr\" \"Responsable sites web FCPE 78|webmestres@fcpe78.fr,achamerois@free.fr\"]\u2026","rel":"","context":"Article similaire","img":{"alt_text":"","src":"","width":0,"height":0},"classes":[]},{"id":623,"url":"https:\/\/www.fcpe78.fr\/cl\/un-site-oui-mais-pourquoi\/definir-la-structure-du-site\/","url_meta":{"origin":29,"position":2},"title":"D\u00e9finir la structure du site","date":"10 mai 2019","format":false,"excerpt":"Les pages wordpress seront accessibles par le menu. Par exemple, pour un conseil local recouvrant le Primaire et le Secondaire, nous cr\u00e9erons une page par \u00e9tablissement. Exemple tir\u00e9 du site de Conflans-sainte-Honorine. Pour titre de la fiche nous mettrons le nom de l'\u00e9tablissement Dans le corps du message nous inscrirons\u2026","rel":"","context":"Article similaire","img":{"alt_text":"","src":"https:\/\/i0.wp.com\/www.fcpe78.fr\/cl\/wp-content\/uploads\/2019\/05\/Exemple-fiche-\u00c3\u00a9cole-280x300.png?resize=350%2C200","width":350,"height":200},"classes":[]},{"id":670,"url":"https:\/\/www.fcpe78.fr\/cl\/contact-particulier\/","url_meta":{"origin":29,"position":3},"title":"Contact particulier","date":"20 mai 2019","format":false,"excerpt":"Ecrire au pr\u00e9sident de la FCPE [contact-form-7 id=\"669\" title=\"Formulaire : param\u00e9trer le destinataire\" destination-email=\"xxxxxxxxxx@gmail.com\"] Ecrire aux webmestres de la FCPE 78 [contact-form-7 id=\"669\" title=\"Formulaire : param\u00e9trer le destinataire\" destination-email=\"xxxxxxxxwebmestres@fcpe78.fr\"] R\u00e9cup\u00e9rer des valeurs depuis les attributs du raccourci de contact-form-7\u00a0[contact--form-7 ...]\u00a0 Utiliser\u00a0default:shortcode_attr\u00a0form-tag\u00a0option, qui r\u00e9cup\u00e8re la valeur par d\u00e9faut. Par exemple, si\u2026","rel":"","context":"Article similaire","img":{"alt_text":"","src":"","width":0,"height":0},"classes":[]},{"id":636,"url":"https:\/\/www.fcpe78.fr\/cl\/exemples\/reseaux-sociaux\/","url_meta":{"origin":29,"position":4},"title":"Vos posts Facebook dans votre site","date":"13 mai 2019","format":false,"excerpt":"Facebook Feed by 10Web Affichage du flux RSS du compte facebook de la FCPE 78. Plugin tr\u00e8s facile \u00e0 mettre en place.\u00a0 Beaucoup de param\u00e8tres. [WD_FB id=\"1\"]","rel":"","context":"Article similaire","img":{"alt_text":"","src":"","width":0,"height":0},"classes":[]},{"id":431,"url":"https:\/\/www.fcpe78.fr\/cl\/politique-de-cookie\/","url_meta":{"origin":29,"position":5},"title":"Politique de cookie","date":"25 juin 2018","format":false,"excerpt":"Ce site utilise des cookies - de petits fichiers texte qui sont plac\u00e9s sur votre machine pour aider le site \u00e0 fournir une meilleure exp\u00e9rience utilisateur. En g\u00e9n\u00e9ral, les cookies sont utilis\u00e9s pour conserver les pr\u00e9f\u00e9rences de l'utilisateur, stocker des informations pour des choses comme les paniers d'achat et fournir\u2026","rel":"","context":"Article similaire","img":{"alt_text":"","src":"","width":0,"height":0},"classes":[]}],"jetpack_shortlink":"https:\/\/wp.me\/P6VFhT-t","jetpack_likes_enabled":true,"jetpack_sharing_enabled":true,"_links":{"self":[{"href":"https:\/\/www.fcpe78.fr\/cl\/wp-json\/wp\/v2\/pages\/29"}],"collection":[{"href":"https:\/\/www.fcpe78.fr\/cl\/wp-json\/wp\/v2\/pages"}],"about":[{"href":"https:\/\/www.fcpe78.fr\/cl\/wp-json\/wp\/v2\/types\/page"}],"author":[{"embeddable":true,"href":"https:\/\/www.fcpe78.fr\/cl\/wp-json\/wp\/v2\/users\/1"}],"replies":[{"embeddable":true,"href":"https:\/\/www.fcpe78.fr\/cl\/wp-json\/wp\/v2\/comments?post=29"}],"version-history":[{"count":20,"href":"https:\/\/www.fcpe78.fr\/cl\/wp-json\/wp\/v2\/pages\/29\/revisions"}],"predecessor-version":[{"id":497,"href":"https:\/\/www.fcpe78.fr\/cl\/wp-json\/wp\/v2\/pages\/29\/revisions\/497"}],"wp:attachment":[{"href":"https:\/\/www.fcpe78.fr\/cl\/wp-json\/wp\/v2\/media?parent=29"}],"curies":[{"name":"wp","href":"https:\/\/api.w.org\/{rel}","templated":true}]}}