{"id":241,"date":"2019-05-06T20:13:47","date_gmt":"2019-05-06T19:13:47","guid":{"rendered":"http:\/\/www.fcpe78.fr\/cl\/?page_id=241"},"modified":"2019-05-06T20:41:28","modified_gmt":"2019-05-06T19:41:28","slug":"la-page-des-debutants","status":"publish","type":"page","link":"https:\/\/www.fcpe78.fr\/cl\/la-page-des-debutants\/","title":{"rendered":"La page des d\u00e9butants"},"content":{"rendered":"<p>Retrouvez sur cette page les conseil s&rsquo;adressant plus sp\u00e9cifiquement aux d\u00e9butants.<br \/>\nCette page a pour but d&rsquo;accompagner les d\u00e9butants dans leur approche d&rsquo;internet.<br \/>\nJusqu\u2019\u00e0 leur permettre de produire ou relayer un contenu utile aux adh\u00e9rents et aux parents via le web.<\/p>\n","protected":false},"excerpt":{"rendered":"<p>Retrouvez sur cette page les conseil s&rsquo;adressant plus sp\u00e9cifiquement aux d\u00e9butants. Cette page a pour but d&rsquo;accompagner les d\u00e9butants dans leur approche d&rsquo;internet. Jusqu\u2019\u00e0 leur permettre de produire ou relayer un contenu utile aux adh\u00e9rents et aux parents via le web.<\/p>\n","protected":false},"author":1,"featured_media":365,"parent":0,"menu_order":0,"comment_status":"closed","ping_status":"open","template":"","meta":{"jetpack_post_was_ever_published":false},"jetpack-related-posts":[{"id":29,"url":"https:\/\/www.fcpe78.fr\/cl\/","url_meta":{"origin":241,"position":0},"title":"Bienvenue","date":"10 d\u00e9cembre 2012","format":false,"excerpt":"Bienvenue sur la page du R\u00e9seau des sites des Conseil locaux FCPE\u00a0des Yvelines. La FCPE 78 met \u00e0 la disposition de ses conseils locaux FCPE des Yvelines les moyens d'avoir un h\u00e9bergements. Pour en demander un, adressez-vous aux Webmestres dans la page contact. Vous retrouverez ici une aide \u00e0 la\u2026","rel":"","context":"Article similaire","img":{"alt_text":"","src":"","width":0,"height":0},"classes":[]},{"id":670,"url":"https:\/\/www.fcpe78.fr\/cl\/contact-particulier\/","url_meta":{"origin":241,"position":1},"title":"Contact particulier","date":"20 mai 2019","format":false,"excerpt":"Ecrire au pr\u00e9sident de la FCPE [contact-form-7 id=\"669\" title=\"Formulaire : param\u00e9trer le destinataire\" destination-email=\"xxxxxxxxxx@gmail.com\"] Ecrire aux webmestres de la FCPE 78 [contact-form-7 id=\"669\" title=\"Formulaire : param\u00e9trer le destinataire\" destination-email=\"xxxxxxxxwebmestres@fcpe78.fr\"] R\u00e9cup\u00e9rer des valeurs depuis les attributs du raccourci de contact-form-7\u00a0[contact--form-7 ...]\u00a0 Utiliser\u00a0default:shortcode_attr\u00a0form-tag\u00a0option, qui r\u00e9cup\u00e8re la valeur par d\u00e9faut. Par exemple, si\u2026","rel":"","context":"Article similaire","img":{"alt_text":"","src":"","width":0,"height":0},"classes":[]},{"id":581,"url":"https:\/\/www.fcpe78.fr\/cl\/un-site-oui-mais-pourquoi\/","url_meta":{"origin":241,"position":2},"title":"Un site. Oui mais pourquoi ?","date":"9 mai 2019","format":false,"excerpt":"Un site, c\u2019est un moyen de communications vers les parents\u00a0 et les \u00e9l\u00e8ves, bien s\u00fbr, mais aussi vers les professeurs, les inspecteurs, les \u00e9lus, le pr\u00e9fet, etc. Ne l'oubliez pas.\u00a0 Pourquoi profiter de l\u2019offre de la FCPE78 La FCPE 78 met \u00e0 la disposition des conseils locaux des Yvelines un\u2026","rel":"","context":"Article similaire","img":{"alt_text":"","src":"https:\/\/i0.wp.com\/www.fcpe78.fr\/cl\/wp-content\/uploads\/2014\/02\/Formationimage2.jpg?fit=370%2C324&ssl=1&resize=350%2C200","width":350,"height":200},"classes":[]},{"id":431,"url":"https:\/\/www.fcpe78.fr\/cl\/politique-de-cookie\/","url_meta":{"origin":241,"position":3},"title":"Politique de cookie","date":"25 juin 2018","format":false,"excerpt":"Ce site utilise des cookies - de petits fichiers texte qui sont plac\u00e9s sur votre machine pour aider le site \u00e0 fournir une meilleure exp\u00e9rience utilisateur. En g\u00e9n\u00e9ral, les cookies sont utilis\u00e9s pour conserver les pr\u00e9f\u00e9rences de l'utilisateur, stocker des informations pour des choses comme les paniers d'achat et fournir\u2026","rel":"","context":"Article similaire","img":{"alt_text":"","src":"","width":0,"height":0},"classes":[]},{"id":623,"url":"https:\/\/www.fcpe78.fr\/cl\/un-site-oui-mais-pourquoi\/definir-la-structure-du-site\/","url_meta":{"origin":241,"position":4},"title":"D\u00e9finir la structure du site","date":"10 mai 2019","format":false,"excerpt":"Les pages wordpress seront accessibles par le menu. Par exemple, pour un conseil local recouvrant le Primaire et le Secondaire, nous cr\u00e9erons une page par \u00e9tablissement. Exemple tir\u00e9 du site de Conflans-sainte-Honorine. Pour titre de la fiche nous mettrons le nom de l'\u00e9tablissement Dans le corps du message nous inscrirons\u2026","rel":"","context":"Article similaire","img":{"alt_text":"","src":"https:\/\/i0.wp.com\/www.fcpe78.fr\/cl\/wp-content\/uploads\/2019\/05\/Exemple-fiche-\u00c3\u00a9cole-280x300.png?resize=350%2C200","width":350,"height":200},"classes":[]},{"id":2,"url":"https:\/\/www.fcpe78.fr\/cl\/tous_les_articles\/","url_meta":{"origin":241,"position":5},"title":"Tous les articles","date":"5 d\u00e9cembre 2012","format":false,"excerpt":"Voici la page de l'ensemble des articles du site","rel":"","context":"Article similaire","img":{"alt_text":"","src":"","width":0,"height":0},"classes":[]}],"jetpack_shortlink":"https:\/\/wp.me\/P6VFhT-3T","jetpack_likes_enabled":true,"jetpack_sharing_enabled":true,"_links":{"self":[{"href":"https:\/\/www.fcpe78.fr\/cl\/wp-json\/wp\/v2\/pages\/241"}],"collection":[{"href":"https:\/\/www.fcpe78.fr\/cl\/wp-json\/wp\/v2\/pages"}],"about":[{"href":"https:\/\/www.fcpe78.fr\/cl\/wp-json\/wp\/v2\/types\/page"}],"author":[{"embeddable":true,"href":"https:\/\/www.fcpe78.fr\/cl\/wp-json\/wp\/v2\/users\/1"}],"replies":[{"embeddable":true,"href":"https:\/\/www.fcpe78.fr\/cl\/wp-json\/wp\/v2\/comments?post=241"}],"version-history":[{"count":5,"href":"https:\/\/www.fcpe78.fr\/cl\/wp-json\/wp\/v2\/pages\/241\/revisions"}],"predecessor-version":[{"id":470,"href":"https:\/\/www.fcpe78.fr\/cl\/wp-json\/wp\/v2\/pages\/241\/revisions\/470"}],"wp:featuredmedia":[{"embeddable":true,"href":"https:\/\/www.fcpe78.fr\/cl\/wp-json\/wp\/v2\/media\/365"}],"wp:attachment":[{"href":"https:\/\/www.fcpe78.fr\/cl\/wp-json\/wp\/v2\/media?parent=241"}],"curies":[{"name":"wp","href":"https:\/\/api.w.org\/{rel}","templated":true}]}}