{"id":92,"date":"2018-06-21T15:30:11","date_gmt":"2018-06-21T14:30:11","guid":{"rendered":"http:\/\/www.fcpe78.fr\/cl\/versailles\/?page_id=92"},"modified":"2019-03-27T11:35:18","modified_gmt":"2019-03-27T10:35:18","slug":"college-de-clagny","status":"publish","type":"page","link":"https:\/\/www.fcpe78.fr\/cl\/versailles\/colleges\/college-de-clagny\/","title":{"rendered":"Coll\u00e8ge de Clagny"},"content":{"rendered":"<div class=\"views-field views-field-field-adresse\">\n<div class=\"field-content\">\n<p><a href=\"http:\/\/www.fcpe78.fr\/cl\/versailles\/files\/2019\/03\/CClagny.jpg\"><img decoding=\"async\" loading=\"lazy\" class=\"alignnone size-medium wp-image-273 aligncenter\" src=\"http:\/\/www.fcpe78.fr\/cl\/versailles\/files\/2019\/03\/CClagny-300x197.jpg\" alt=\"\" width=\"300\" height=\"197\" srcset=\"https:\/\/www.fcpe78.fr\/cl\/versailles\/files\/2019\/03\/CClagny-300x197.jpg 300w, https:\/\/www.fcpe78.fr\/cl\/versailles\/files\/2019\/03\/CClagny.jpg 393w\" sizes=\"(max-width: 300px) 100vw, 300px\" \/><\/a><\/p>\n<table class=\"odTable odTableAuto alignright\">\n<tbody>\n<tr>\n<td>Adresse postale<\/td>\n<td>7-9 rue Victor Bart<br \/>\n78000 Versailles<\/td>\n<\/tr>\n<tr>\n<td>Num\u00e9ro de t\u00e9l\u00e9phone<\/td>\n<td>01 39 50 35 30<\/td>\n<\/tr>\n<tr>\n<td>Adresse e-mail<\/td>\n<td><a class=\"ud\" href=\"mailto:0781298m@ac-versailles.fr\">0781298m@ac-versailles.fr<\/a><\/td>\n<\/tr>\n<tr>\n<td>Site Internet<\/td>\n<td><a class=\"ud\" href=\"http:\/\/www.clg-clagny-versailles.ac-versailles.fr\/\" target=\"_blank\" rel=\"noopener\">http:\/\/www.clg-clagny-versailles.ac-versailles.fr<\/a><\/td>\n<\/tr>\n<tr>\n<td>Chef d&rsquo;\u00e9tablissement<\/td>\n<td>Mme Houria BEKHTI<\/td>\n<\/tr>\n<tr>\n<td>Effectif<\/td>\n<td>350 \u00e9l\u00e8ves, 13 divisions, environ 3 classes par niveau<\/td>\n<\/tr>\n<tr>\n<td>Langues vivantes 1<\/td>\n<td>Anglais, Allemand<\/td>\n<\/tr>\n<tr>\n<td>Langues vivantes 2<\/td>\n<td>Anglais, Allemand, Espagnol<\/td>\n<\/tr>\n<tr>\n<td>Options<\/td>\n<td>Langues et cultures de l&rsquo;antiquit\u00e9 Latin<br \/>\nLangues et cultures de l&rsquo;antiquit\u00e9 Grec<\/td>\n<\/tr>\n<tr>\n<td>Dispositifs sp\u00e9cifiques<\/td>\n<td>Section Bilangue anglais\/allemand<br \/>\nSection Sportive (football, basketball)<br \/>\nULIS (Unit\u00e9 Localis\u00e9e d\u2019Inclusion Scolaire)<\/td>\n<\/tr>\n<tr>\n<td>Journ\u00e9e portes ouvertes<\/td>\n<td>&nbsp;<\/td>\n<\/tr>\n<tr>\n<td>Repr\u00e9sentant des parents d&rsquo;\u00e9l\u00e8ves FCPE<\/td>\n<td>&nbsp;<\/td>\n<\/tr>\n<\/tbody>\n<\/table>\n<\/div>\n<\/div>\n","protected":false},"excerpt":{"rendered":"<p>Adresse postale 7-9 rue Victor Bart 78000 Versailles Num\u00e9ro de t\u00e9l\u00e9phone 01 39 50 35 30 Adresse e-mail 0781298m@ac-versailles.fr Site Internet http:\/\/www.clg-clagny-versailles.ac-versailles.fr Chef d&rsquo;\u00e9tablissement Mme Houria BEKHTI Effectif 350 \u00e9l\u00e8ves, 13 divisions, environ 3 classes par niveau Langues vivantes 1 Anglais, Allemand Langues vivantes 2 Anglais, Allemand, Espagnol Options Langues &#8230;<\/p>\n","protected":false},"author":19,"featured_media":0,"parent":196,"menu_order":0,"comment_status":"closed","ping_status":"closed","template":"","meta":[],"_links":{"self":[{"href":"https:\/\/www.fcpe78.fr\/cl\/versailles\/wp-json\/wp\/v2\/pages\/92"}],"collection":[{"href":"https:\/\/www.fcpe78.fr\/cl\/versailles\/wp-json\/wp\/v2\/pages"}],"about":[{"href":"https:\/\/www.fcpe78.fr\/cl\/versailles\/wp-json\/wp\/v2\/types\/page"}],"author":[{"embeddable":true,"href":"https:\/\/www.fcpe78.fr\/cl\/versailles\/wp-json\/wp\/v2\/users\/19"}],"replies":[{"embeddable":true,"href":"https:\/\/www.fcpe78.fr\/cl\/versailles\/wp-json\/wp\/v2\/comments?post=92"}],"version-history":[{"count":9,"href":"https:\/\/www.fcpe78.fr\/cl\/versailles\/wp-json\/wp\/v2\/pages\/92\/revisions"}],"predecessor-version":[{"id":282,"href":"https:\/\/www.fcpe78.fr\/cl\/versailles\/wp-json\/wp\/v2\/pages\/92\/revisions\/282"}],"up":[{"embeddable":true,"href":"https:\/\/www.fcpe78.fr\/cl\/versailles\/wp-json\/wp\/v2\/pages\/196"}],"wp:attachment":[{"href":"https:\/\/www.fcpe78.fr\/cl\/versailles\/wp-json\/wp\/v2\/media?parent=92"}],"curies":[{"name":"wp","href":"https:\/\/api.w.org\/{rel}","templated":true}]}}