{"id":90,"date":"2018-06-21T15:29:11","date_gmt":"2018-06-21T14:29:11","guid":{"rendered":"http:\/\/www.fcpe78.fr\/cl\/versailles\/?page_id=90"},"modified":"2019-03-27T11:50:17","modified_gmt":"2019-03-27T10:50:17","slug":"college-jean-philippe-rameau","status":"publish","type":"page","link":"https:\/\/www.fcpe78.fr\/cl\/versailles\/colleges\/college-jean-philippe-rameau\/","title":{"rendered":"Coll\u00e8ge Jean-Philippe Rameau"},"content":{"rendered":"<p><a href=\"http:\/\/www.fcpe78.fr\/cl\/versailles\/files\/2019\/03\/CRameau.jpg\"><img decoding=\"async\" loading=\"lazy\" class=\"alignnone size-medium wp-image-277 aligncenter\" src=\"http:\/\/www.fcpe78.fr\/cl\/versailles\/files\/2019\/03\/CRameau-300x160.jpg\" alt=\"\" width=\"300\" height=\"160\" srcset=\"https:\/\/www.fcpe78.fr\/cl\/versailles\/files\/2019\/03\/CRameau-300x160.jpg 300w, https:\/\/www.fcpe78.fr\/cl\/versailles\/files\/2019\/03\/CRameau.jpg 425w\" sizes=\"(max-width: 300px) 100vw, 300px\" \/><\/a><\/p>\n<table class=\"odTable odTableAuto\">\n<tbody>\n<tr>\n<td>Adresse postale<\/td>\n<td>1 rond- point des Condamines<br \/>\n78000 Versailles<\/td>\n<\/tr>\n<tr>\n<td>Num\u00e9ro de t\u00e9l\u00e9phone<\/td>\n<td>01 39 50 76 64<\/td>\n<\/tr>\n<tr>\n<td>Adresse e-mail<\/td>\n<td><a class=\"ud\" href=\"mailto:0781107e@ac-versailles.fr\">0781107e@ac-versailles.fr<\/a><\/td>\n<\/tr>\n<tr>\n<td>Site Internet<\/td>\n<td><a class=\"ud\" href=\"http:\/\/www.clg-jprameau-versailles.fr\/\" target=\"_blank\" rel=\"noopener\">http:\/\/www.clg-jprameau-versailles.fr<\/a><\/td>\n<\/tr>\n<tr>\n<td>Chef d&rsquo;\u00e9tablissement<\/td>\n<td>M. Jean-Pierre GRATIEN<\/td>\n<\/tr>\n<tr>\n<td>Effectif<\/td>\n<td>920 \u00e9l\u00e8ves, 32 divisions, 8 classes par niveau<\/td>\n<\/tr>\n<tr>\n<td>Langues vivantes 1<\/td>\n<td>Anglais, Allemand<\/td>\n<\/tr>\n<tr>\n<td>Langues vivantes 2<\/td>\n<td>Anglais, Allemand, Russe, Espagnol, Italien<\/td>\n<\/tr>\n<tr>\n<td>Options<\/td>\n<td>Langues et cultures de l&rsquo;antiquit\u00e9 Latin<br \/>\nLangues et cultures de l&rsquo;antiquit\u00e9 Grec<br \/>\nAnglais Civilisation<\/td>\n<\/tr>\n<tr>\n<td>Dispositifs sp\u00e9cifiques<\/td>\n<td>Section Bilangue anglais\/allemand<br \/>\nSection Bilangue anglais\/italien<br \/>\nSection Musicale (classes jumel\u00e9es avec le Conservatoire R\u00e9gional pour les instrumentistes et les danseurs, classes jumel\u00e9es avec le Centre de Musique Baroque pour les chanteurs de la ma\u00eetrise)<br \/>\nSection Sportive (gymnastique, natation)<\/td>\n<\/tr>\n<tr>\n<td>Journ\u00e9e portes ouvertes<\/td>\n<td>Samedi 15 juin 2019 de 9h \u00e0 12h<\/td>\n<\/tr>\n<tr>\n<td>Repr\u00e9sentant des parents d&rsquo;\u00e9l\u00e8ves FCPE<\/td>\n<td>M. Livier REITHLER<br \/>\n<a class=\"ud\" href=\"mailto:clg-rameau.versailles@fcpe78.fr\">clg-rameau.versailles@fcpe78.fr<\/a><\/td>\n<\/tr>\n<\/tbody>\n<\/table>\n","protected":false},"excerpt":{"rendered":"<p>Adresse postale 1 rond- point des Condamines 78000 Versailles Num\u00e9ro de t\u00e9l\u00e9phone 01 39 50 76 64 Adresse e-mail 0781107e@ac-versailles.fr Site Internet http:\/\/www.clg-jprameau-versailles.fr Chef d&rsquo;\u00e9tablissement M. Jean-Pierre GRATIEN Effectif 920 \u00e9l\u00e8ves, 32 divisions, 8 classes par niveau Langues vivantes 1 Anglais, Allemand Langues vivantes 2 Anglais, Allemand, Russe, Espagnol, Italien &#8230;<\/p>\n","protected":false},"author":18,"featured_media":0,"parent":196,"menu_order":0,"comment_status":"closed","ping_status":"closed","template":"","meta":[],"_links":{"self":[{"href":"https:\/\/www.fcpe78.fr\/cl\/versailles\/wp-json\/wp\/v2\/pages\/90"}],"collection":[{"href":"https:\/\/www.fcpe78.fr\/cl\/versailles\/wp-json\/wp\/v2\/pages"}],"about":[{"href":"https:\/\/www.fcpe78.fr\/cl\/versailles\/wp-json\/wp\/v2\/types\/page"}],"author":[{"embeddable":true,"href":"https:\/\/www.fcpe78.fr\/cl\/versailles\/wp-json\/wp\/v2\/users\/18"}],"replies":[{"embeddable":true,"href":"https:\/\/www.fcpe78.fr\/cl\/versailles\/wp-json\/wp\/v2\/comments?post=90"}],"version-history":[{"count":8,"href":"https:\/\/www.fcpe78.fr\/cl\/versailles\/wp-json\/wp\/v2\/pages\/90\/revisions"}],"predecessor-version":[{"id":292,"href":"https:\/\/www.fcpe78.fr\/cl\/versailles\/wp-json\/wp\/v2\/pages\/90\/revisions\/292"}],"up":[{"embeddable":true,"href":"https:\/\/www.fcpe78.fr\/cl\/versailles\/wp-json\/wp\/v2\/pages\/196"}],"wp:attachment":[{"href":"https:\/\/www.fcpe78.fr\/cl\/versailles\/wp-json\/wp\/v2\/media?parent=90"}],"curies":[{"name":"wp","href":"https:\/\/api.w.org\/{rel}","templated":true}]}}