{"id":307,"date":"2019-03-27T13:35:17","date_gmt":"2019-03-27T12:35:17","guid":{"rendered":"http:\/\/www.fcpe78.fr\/cl\/versailles\/?page_id=307"},"modified":"2019-03-27T13:35:51","modified_gmt":"2019-03-27T12:35:51","slug":"lycee-jacques-prevert","status":"publish","type":"page","link":"https:\/\/www.fcpe78.fr\/cl\/versailles\/lycees\/lycee-jacques-prevert\/","title":{"rendered":"Lyc\u00e9e Professionnel Jacques Pr\u00e9vert"},"content":{"rendered":"<table class=\"odTable odTableAuto\">\n<tbody>\n<tr>\n<td>Adresse postale<\/td>\n<td>88avenue des Etats-Unis<br \/>\n78000 Versailles<\/td>\n<\/tr>\n<tr>\n<td>Num\u00e9ro de t\u00e9l\u00e9phone<\/td>\n<td>01 39 07 28 40<\/td>\n<\/tr>\n<tr>\n<td>Adresse e-mail<\/td>\n<td><a class=\"ud\" href=\"mailto:0782603F@ac-versailles.fr\">0782603F@ac-versailles.fr<\/a><\/td>\n<\/tr>\n<tr>\n<td>Site Internet<\/td>\n<td><a class=\"ud\" href=\"http:\/\/www.lyc-prevert-versailles.ac-versailles.fr\/\" target=\"_blank\" rel=\"noopener\">http:\/\/www.lyc-prevert-versailles.ac-versailles.fr\/<\/a><\/td>\n<\/tr>\n<tr>\n<td>Chef d&rsquo;\u00e9tablissement<\/td>\n<td>M. Emmanuel ROUX<\/td>\n<\/tr>\n<tr>\n<td>Effectif<\/td>\n<td>470 \u00e9l\u00e8ves (30 en CAP, 440en Ba Pro)<\/td>\n<\/tr>\n<tr>\n<td>Langues vivantes A<\/td>\n<td>Anglais<\/td>\n<\/tr>\n<tr>\n<td>Langues vivantes B<\/td>\n<td>Espagnol<\/td>\n<\/tr>\n<tr>\n<td>Langues vivantes C<\/td>\n<td>Espagnol<\/td>\n<\/tr>\n<tr>\n<td>Options<\/td>\n<td>&nbsp;<\/td>\n<\/tr>\n<tr>\n<td>Dispositifs sp\u00e9cifiques<\/td>\n<td>Commerce Vente CAP<br \/>\nCommerce Vente Bac-Pro<br \/>\nSp\u00e9c. pluri des services Bac-Pro<br \/>\nSp\u00e9c. pluri. Sanitaires et sociales Bac-Pro<\/td>\n<\/tr>\n<tr>\n<td>Journ\u00e9e portes ouvertes<\/td>\n<td>Samedi 16 mars 2019<\/td>\n<\/tr>\n<tr>\n<td>Repr\u00e9sentant des parents d&rsquo;\u00e9l\u00e8ves FCPE<\/td>\n<td><\/td>\n<\/tr>\n<\/tbody>\n<\/table>\n","protected":false},"excerpt":{"rendered":"<p>Adresse postale 88avenue des Etats-Unis 78000 Versailles Num\u00e9ro de t\u00e9l\u00e9phone 01 39 07 28 40 Adresse e-mail 0782603F@ac-versailles.fr Site Internet http:\/\/www.lyc-prevert-versailles.ac-versailles.fr\/ Chef d&rsquo;\u00e9tablissement M. Emmanuel ROUX Effectif 470 \u00e9l\u00e8ves (30 en CAP, 440en Ba Pro) Langues vivantes A Anglais Langues vivantes B Espagnol Langues vivantes C Espagnol Options &nbsp; Dispositifs &#8230;<\/p>\n","protected":false},"author":44,"featured_media":0,"parent":189,"menu_order":0,"comment_status":"closed","ping_status":"closed","template":"","meta":[],"_links":{"self":[{"href":"https:\/\/www.fcpe78.fr\/cl\/versailles\/wp-json\/wp\/v2\/pages\/307"}],"collection":[{"href":"https:\/\/www.fcpe78.fr\/cl\/versailles\/wp-json\/wp\/v2\/pages"}],"about":[{"href":"https:\/\/www.fcpe78.fr\/cl\/versailles\/wp-json\/wp\/v2\/types\/page"}],"author":[{"embeddable":true,"href":"https:\/\/www.fcpe78.fr\/cl\/versailles\/wp-json\/wp\/v2\/users\/44"}],"replies":[{"embeddable":true,"href":"https:\/\/www.fcpe78.fr\/cl\/versailles\/wp-json\/wp\/v2\/comments?post=307"}],"version-history":[{"count":2,"href":"https:\/\/www.fcpe78.fr\/cl\/versailles\/wp-json\/wp\/v2\/pages\/307\/revisions"}],"predecessor-version":[{"id":309,"href":"https:\/\/www.fcpe78.fr\/cl\/versailles\/wp-json\/wp\/v2\/pages\/307\/revisions\/309"}],"up":[{"embeddable":true,"href":"https:\/\/www.fcpe78.fr\/cl\/versailles\/wp-json\/wp\/v2\/pages\/189"}],"wp:attachment":[{"href":"https:\/\/www.fcpe78.fr\/cl\/versailles\/wp-json\/wp\/v2\/media?parent=307"}],"curies":[{"name":"wp","href":"https:\/\/api.w.org\/{rel}","templated":true}]}}