{"id":304,"date":"2019-03-27T13:30:43","date_gmt":"2019-03-27T12:30:43","guid":{"rendered":"http:\/\/www.fcpe78.fr\/cl\/versailles\/?page_id=304"},"modified":"2019-03-27T13:30:43","modified_gmt":"2019-03-27T12:30:43","slug":"lycee-jules-ferry","status":"publish","type":"page","link":"https:\/\/www.fcpe78.fr\/cl\/versailles\/lycees\/lycee-jules-ferry\/","title":{"rendered":"Lyc\u00e9e Jules Ferry"},"content":{"rendered":"<p><a href=\"http:\/\/www.fcpe78.fr\/cl\/versailles\/files\/2019\/03\/LFerry.jpg\"><img decoding=\"async\" loading=\"lazy\" class=\"alignnone size-medium wp-image-279 aligncenter\" src=\"http:\/\/www.fcpe78.fr\/cl\/versailles\/files\/2019\/03\/LFerry-300x201.jpg\" alt=\"\" width=\"300\" height=\"201\" srcset=\"https:\/\/www.fcpe78.fr\/cl\/versailles\/files\/2019\/03\/LFerry-300x201.jpg 300w, https:\/\/www.fcpe78.fr\/cl\/versailles\/files\/2019\/03\/LFerry.jpg 368w\" sizes=\"(max-width: 300px) 100vw, 300px\" \/><\/a><\/p>\n<table class=\"odTable odTableAuto\">\n<tbody>\n<tr>\n<td>Adresse postale<\/td>\n<td>29 rue du Mar\u00e9chal Joffre<br \/>\n78000 Versailles<\/td>\n<\/tr>\n<tr>\n<td>Num\u00e9ro de t\u00e9l\u00e9phone<\/td>\n<td>01 39 20 11 60<\/td>\n<\/tr>\n<tr>\n<td>Adresse e-mail<\/td>\n<td><a class=\"ud\" href=\"mailto:0782565P@ac-versailles.fr\">0782565P@ac-versailles.fr<\/a><\/td>\n<\/tr>\n<tr>\n<td>Site Internet<\/td>\n<td><a class=\"ud\" href=\"http:\/\/www.lyc-ferry-versailles.ac-versailles.fr\/\" target=\"_blank\" rel=\"noopener\">http:\/\/www.lyc-ferry-versailles.ac-versailles.fr\/<\/a><\/td>\n<\/tr>\n<tr>\n<td>Chef d&rsquo;\u00e9tablissement<\/td>\n<td>M. Eric ALLIES DE GAVINI<\/td>\n<\/tr>\n<tr>\n<td>Effectif<\/td>\n<td>2 000 \u00e9l\u00e8ves, niveau secondaire g\u00e9n\u00e9ral et professionnel (1 300 lyc\u00e9ens &#8211; fili\u00e8res L, ES, S, STI2D) et enseignement sup\u00e9rieur (700 \u00e9tudiants de BTS et CPGE)<\/td>\n<\/tr>\n<tr>\n<td>Langues vivantes A<\/td>\n<td>Anglais, Allemand<\/td>\n<\/tr>\n<tr>\n<td>Langues vivantes B<\/td>\n<td>Anglais, Allemand, Espagnol<\/td>\n<\/tr>\n<tr>\n<td>Langues vivantes C<\/td>\n<td>Chinois<\/td>\n<\/tr>\n<tr>\n<td>Options<\/td>\n<td>&nbsp;<\/td>\n<\/tr>\n<tr>\n<td>Dispositifs sp\u00e9cifiques<\/td>\n<td>La section europ\u00e9enne \u00ab Anglais \u00bb<br \/>\nSection sportive rugby<br \/>\nBac-Pro M\u00e9tiers de l\u2019Electricit\u00e9 et ses Environnements Connect\u00e9s<br \/>\nBac-Pro Syst\u00e8mes Num\u00e9riques<\/td>\n<\/tr>\n<tr>\n<td>Journ\u00e9e portes ouvertes<\/td>\n<td>BTS et Classes pr\u00e9paratoires : Samedi 26 janvier 2019 de 10h \u00e0 17h<br \/>\nLyc\u00e9e : Samedi 13 avril 2019 de 9h \u00e0 13h<\/td>\n<\/tr>\n<tr>\n<td>Repr\u00e9sentant des parents d&rsquo;\u00e9l\u00e8ves FCPE<\/td>\n<td>Mme Nadine RIVAT NOGARO<\/td>\n<\/tr>\n<\/tbody>\n<\/table>\n","protected":false},"excerpt":{"rendered":"<p>Adresse postale 29 rue du Mar\u00e9chal Joffre 78000 Versailles Num\u00e9ro de t\u00e9l\u00e9phone 01 39 20 11 60 Adresse e-mail 0782565P@ac-versailles.fr Site Internet http:\/\/www.lyc-ferry-versailles.ac-versailles.fr\/ Chef d&rsquo;\u00e9tablissement M. Eric ALLIES DE GAVINI Effectif 2 000 \u00e9l\u00e8ves, niveau secondaire g\u00e9n\u00e9ral et professionnel (1 300 lyc\u00e9ens &#8211; fili\u00e8res L, ES, S, STI2D) et enseignement &#8230;<\/p>\n","protected":false},"author":44,"featured_media":0,"parent":189,"menu_order":0,"comment_status":"closed","ping_status":"closed","template":"","meta":[],"_links":{"self":[{"href":"https:\/\/www.fcpe78.fr\/cl\/versailles\/wp-json\/wp\/v2\/pages\/304"}],"collection":[{"href":"https:\/\/www.fcpe78.fr\/cl\/versailles\/wp-json\/wp\/v2\/pages"}],"about":[{"href":"https:\/\/www.fcpe78.fr\/cl\/versailles\/wp-json\/wp\/v2\/types\/page"}],"author":[{"embeddable":true,"href":"https:\/\/www.fcpe78.fr\/cl\/versailles\/wp-json\/wp\/v2\/users\/44"}],"replies":[{"embeddable":true,"href":"https:\/\/www.fcpe78.fr\/cl\/versailles\/wp-json\/wp\/v2\/comments?post=304"}],"version-history":[{"count":2,"href":"https:\/\/www.fcpe78.fr\/cl\/versailles\/wp-json\/wp\/v2\/pages\/304\/revisions"}],"predecessor-version":[{"id":306,"href":"https:\/\/www.fcpe78.fr\/cl\/versailles\/wp-json\/wp\/v2\/pages\/304\/revisions\/306"}],"up":[{"embeddable":true,"href":"https:\/\/www.fcpe78.fr\/cl\/versailles\/wp-json\/wp\/v2\/pages\/189"}],"wp:attachment":[{"href":"https:\/\/www.fcpe78.fr\/cl\/versailles\/wp-json\/wp\/v2\/media?parent=304"}],"curies":[{"name":"wp","href":"https:\/\/api.w.org\/{rel}","templated":true}]}}