{"id":302,"date":"2019-03-27T13:25:37","date_gmt":"2019-03-27T12:25:37","guid":{"rendered":"http:\/\/www.fcpe78.fr\/cl\/versailles\/?page_id=302"},"modified":"2019-03-27T13:26:28","modified_gmt":"2019-03-27T12:26:28","slug":"lycee-marie-curie","status":"publish","type":"page","link":"https:\/\/www.fcpe78.fr\/cl\/versailles\/lycees\/lycee-marie-curie\/","title":{"rendered":"Lyc\u00e9e Marie Curie"},"content":{"rendered":"<p><a href=\"http:\/\/www.fcpe78.fr\/cl\/versailles\/files\/2019\/03\/LCurie.jpg\"><img decoding=\"async\" loading=\"lazy\" class=\"alignnone size-medium wp-image-278 aligncenter\" src=\"http:\/\/www.fcpe78.fr\/cl\/versailles\/files\/2019\/03\/LCurie-300x217.jpg\" alt=\"\" width=\"300\" height=\"217\" srcset=\"https:\/\/www.fcpe78.fr\/cl\/versailles\/files\/2019\/03\/LCurie-300x217.jpg 300w, https:\/\/www.fcpe78.fr\/cl\/versailles\/files\/2019\/03\/LCurie.jpg 370w\" sizes=\"(max-width: 300px) 100vw, 300px\" \/><\/a><\/p>\n<table class=\"odTable odTableAuto\">\n<tbody>\n<tr>\n<td>Adresse postale<\/td>\n<td>70 avenue de Paris (lyc\u00e9e et BTS ABM)<br \/>\n24 rue Henri Simon (Terminales STMG et BTS tertiaires)<br \/>\n78000 Versailles<\/td>\n<\/tr>\n<tr>\n<td>Num\u00e9ro de t\u00e9l\u00e9phone<\/td>\n<td>01 39 24 13 70<\/td>\n<\/tr>\n<tr>\n<td>Adresse e-mail<\/td>\n<td><a class=\"ud\" href=\"mailto:0782567S@ac-versailles.fr\">0782567S@ac-versailles.fr<\/a><\/td>\n<\/tr>\n<tr>\n<td>Site Internet<\/td>\n<td><a class=\"ud\" href=\"http:\/\/www.lyc-curie-versailles.ac-versailles.fr\/\" target=\"_blank\" rel=\"noopener\">http:\/\/www.lyc-curie-versailles.ac-versailles.fr\/<\/a><\/td>\n<\/tr>\n<tr>\n<td>Chef d&rsquo;\u00e9tablissement<\/td>\n<td>M. Christophe BESSAC<\/td>\n<\/tr>\n<tr>\n<td>Effectif<\/td>\n<td>1800 \u00e9l\u00e8ves, r\u00e9partis entre niveau secondaire (1300 lyc\u00e9ens de s\u00e9ries ES, L, S, ST2S, STL Biotechnologies, STMG) et enseignement sup\u00e9rieur (500 \u00e9tudiants de CPGE et BTS)<\/td>\n<\/tr>\n<tr>\n<td>Langues vivantes A<\/td>\n<td>Anglais<\/td>\n<\/tr>\n<tr>\n<td>Langues vivantes B<\/td>\n<td>Allemand, Espagnol<\/td>\n<\/tr>\n<tr>\n<td>Langues vivantes C<\/td>\n<td>&nbsp;<\/td>\n<\/tr>\n<tr>\n<td>Options<\/td>\n<td>&nbsp;<\/td>\n<\/tr>\n<tr>\n<td>Dispositifs sp\u00e9cifiques<\/td>\n<td>Euro Anglais et Histoire-G\u00e9ographie pour les s\u00e9ries STMG, S et ES<br \/>\nTriathlon<\/td>\n<\/tr>\n<tr>\n<td>Journ\u00e9e portes ouvertes<\/td>\n<td>Classes pr\u00e9paratoires : Vendredi 1er f\u00e9vrier 2019 de 17h \u00e0 19h30 (ENS D2 \u00c9conomie et Gestion)<br \/>\nLyc\u00e9e : Samedi 16 mars 2019 de 9h \u00e0 12h (lyc\u00e9e et post-bac BTS &#8211; ABM &#8211; SAM &#8211; CGO &#8211; NDRC &#8211; MUC &#8211; NOT et CPGE ENS Cachan)<\/td>\n<\/tr>\n<tr>\n<td>Repr\u00e9sentant des parents d&rsquo;\u00e9l\u00e8ves FCPE<\/td>\n<td>M. Pascal CLAYETTE<\/td>\n<\/tr>\n<\/tbody>\n<\/table>\n","protected":false},"excerpt":{"rendered":"<p>Adresse postale 70 avenue de Paris (lyc\u00e9e et BTS ABM) 24 rue Henri Simon (Terminales STMG et BTS tertiaires) 78000 Versailles Num\u00e9ro de t\u00e9l\u00e9phone 01 39 24 13 70 Adresse e-mail 0782567S@ac-versailles.fr Site Internet http:\/\/www.lyc-curie-versailles.ac-versailles.fr\/ Chef d&rsquo;\u00e9tablissement M. Christophe BESSAC Effectif 1800 \u00e9l\u00e8ves, r\u00e9partis entre niveau secondaire (1300 lyc\u00e9ens de &#8230;<\/p>\n","protected":false},"author":44,"featured_media":0,"parent":189,"menu_order":0,"comment_status":"closed","ping_status":"closed","template":"","meta":[],"_links":{"self":[{"href":"https:\/\/www.fcpe78.fr\/cl\/versailles\/wp-json\/wp\/v2\/pages\/302"}],"collection":[{"href":"https:\/\/www.fcpe78.fr\/cl\/versailles\/wp-json\/wp\/v2\/pages"}],"about":[{"href":"https:\/\/www.fcpe78.fr\/cl\/versailles\/wp-json\/wp\/v2\/types\/page"}],"author":[{"embeddable":true,"href":"https:\/\/www.fcpe78.fr\/cl\/versailles\/wp-json\/wp\/v2\/users\/44"}],"replies":[{"embeddable":true,"href":"https:\/\/www.fcpe78.fr\/cl\/versailles\/wp-json\/wp\/v2\/comments?post=302"}],"version-history":[{"count":1,"href":"https:\/\/www.fcpe78.fr\/cl\/versailles\/wp-json\/wp\/v2\/pages\/302\/revisions"}],"predecessor-version":[{"id":303,"href":"https:\/\/www.fcpe78.fr\/cl\/versailles\/wp-json\/wp\/v2\/pages\/302\/revisions\/303"}],"up":[{"embeddable":true,"href":"https:\/\/www.fcpe78.fr\/cl\/versailles\/wp-json\/wp\/v2\/pages\/189"}],"wp:attachment":[{"href":"https:\/\/www.fcpe78.fr\/cl\/versailles\/wp-json\/wp\/v2\/media?parent=302"}],"curies":[{"name":"wp","href":"https:\/\/api.w.org\/{rel}","templated":true}]}}