{"id":285,"date":"2019-03-27T11:41:41","date_gmt":"2019-03-27T10:41:41","guid":{"rendered":"http:\/\/www.fcpe78.fr\/cl\/versailles\/?page_id=285"},"modified":"2019-03-27T11:55:41","modified_gmt":"2019-03-27T10:55:41","slug":"college-pierre-de-nolhac","status":"publish","type":"page","link":"https:\/\/www.fcpe78.fr\/cl\/versailles\/colleges\/college-pierre-de-nolhac\/","title":{"rendered":"Coll\u00e8ge Pierre de Nolhac"},"content":{"rendered":"<p><a href=\"http:\/\/www.fcpe78.fr\/cl\/versailles\/files\/2019\/03\/CNolhac.jpg\"><img decoding=\"async\" loading=\"lazy\" class=\"alignnone size-medium wp-image-275 aligncenter\" src=\"http:\/\/www.fcpe78.fr\/cl\/versailles\/files\/2019\/03\/CNolhac-300x200.jpg\" alt=\"\" width=\"300\" height=\"200\" srcset=\"https:\/\/www.fcpe78.fr\/cl\/versailles\/files\/2019\/03\/CNolhac-300x200.jpg 300w, https:\/\/www.fcpe78.fr\/cl\/versailles\/files\/2019\/03\/CNolhac.jpg 468w\" sizes=\"(max-width: 300px) 100vw, 300px\" \/><\/a><\/p>\n<table class=\"odTable odTableAuto\">\n<tbody>\n<tr>\n<td>Adresse postale<\/td>\n<td>10 rue de Limoges<br \/>\n78000 Versailles<\/td>\n<\/tr>\n<tr>\n<td>Num\u00e9ro de t\u00e9l\u00e9phone<\/td>\n<td>01 39 51 93 66<\/td>\n<\/tr>\n<tr>\n<td>Adresse e-mail<\/td>\n<td><a class=\"ud\" href=\"mailto:0780580G@ac-versailles.fr\">0780580G@ac-versailles.fr<\/a><\/td>\n<\/tr>\n<tr>\n<td>Site Internet<\/td>\n<td><a class=\"ud\" href=\"http:\/\/www.clg-nolhac-versailles.ac-versailles.fr\/\" target=\"_blank\" rel=\"noopener\">http:\/\/www.clg-nolhac-versailles.ac-versailles.fr<\/a><\/td>\n<\/tr>\n<tr>\n<td>Chef d&rsquo;\u00e9tablissement<\/td>\n<td>Mme Jacqueline BOUGAN<\/td>\n<\/tr>\n<tr>\n<td>Effectif<\/td>\n<td>650 \u00e9l\u00e8ves, 33 divisions, environ 8 classes par niveau<\/td>\n<\/tr>\n<tr>\n<td>Langues vivantes 1<\/td>\n<td>Anglais, Allemand, Russe<\/td>\n<\/tr>\n<tr>\n<td>Langues vivantes 2<\/td>\n<td>Anglais, Allemand, Espagnol<\/td>\n<\/tr>\n<tr>\n<td>Options<\/td>\n<td>Langues et cultures de l&rsquo;antiquit\u00e9 Latin<br \/>\nLangues et cultures de l&rsquo;antiquit\u00e9 Grec<\/td>\n<\/tr>\n<tr>\n<td>Dispositifs sp\u00e9cifiques<\/td>\n<td>Section Bilangue Russe-Anglais en 6\u00e8me<br \/>\nSection Bilangue Allemand-Anglais en 5\u00e8me<\/td>\n<\/tr>\n<tr>\n<td>Journ\u00e9e portes ouvertes<\/td>\n<td>&nbsp;<\/td>\n<\/tr>\n<tr>\n<td>Repr\u00e9sentant des parents d&rsquo;\u00e9l\u00e8ves FCPE<\/td>\n<td>&nbsp;<\/td>\n<\/tr>\n<\/tbody>\n<\/table>\n","protected":false},"excerpt":{"rendered":"<p>Adresse postale 10 rue de Limoges 78000 Versailles Num\u00e9ro de t\u00e9l\u00e9phone 01 39 51 93 66 Adresse e-mail 0780580G@ac-versailles.fr Site Internet http:\/\/www.clg-nolhac-versailles.ac-versailles.fr Chef d&rsquo;\u00e9tablissement Mme Jacqueline BOUGAN Effectif 650 \u00e9l\u00e8ves, 33 divisions, environ 8 classes par niveau Langues vivantes 1 Anglais, Allemand, Russe Langues vivantes 2 Anglais, Allemand, Espagnol Options &#8230;<\/p>\n","protected":false},"author":44,"featured_media":0,"parent":196,"menu_order":0,"comment_status":"closed","ping_status":"closed","template":"","meta":[],"_links":{"self":[{"href":"https:\/\/www.fcpe78.fr\/cl\/versailles\/wp-json\/wp\/v2\/pages\/285"}],"collection":[{"href":"https:\/\/www.fcpe78.fr\/cl\/versailles\/wp-json\/wp\/v2\/pages"}],"about":[{"href":"https:\/\/www.fcpe78.fr\/cl\/versailles\/wp-json\/wp\/v2\/types\/page"}],"author":[{"embeddable":true,"href":"https:\/\/www.fcpe78.fr\/cl\/versailles\/wp-json\/wp\/v2\/users\/44"}],"replies":[{"embeddable":true,"href":"https:\/\/www.fcpe78.fr\/cl\/versailles\/wp-json\/wp\/v2\/comments?post=285"}],"version-history":[{"count":4,"href":"https:\/\/www.fcpe78.fr\/cl\/versailles\/wp-json\/wp\/v2\/pages\/285\/revisions"}],"predecessor-version":[{"id":295,"href":"https:\/\/www.fcpe78.fr\/cl\/versailles\/wp-json\/wp\/v2\/pages\/285\/revisions\/295"}],"up":[{"embeddable":true,"href":"https:\/\/www.fcpe78.fr\/cl\/versailles\/wp-json\/wp\/v2\/pages\/196"}],"wp:attachment":[{"href":"https:\/\/www.fcpe78.fr\/cl\/versailles\/wp-json\/wp\/v2\/media?parent=285"}],"curies":[{"name":"wp","href":"https:\/\/api.w.org\/{rel}","templated":true}]}}