{"id":264,"date":"2019-03-27T11:24:37","date_gmt":"2019-03-27T10:24:37","guid":{"rendered":"http:\/\/www.fcpe78.fr\/cl\/versailles\/?page_id=264"},"modified":"2019-03-27T11:40:59","modified_gmt":"2019-03-27T10:40:59","slug":"college-hoche","status":"publish","type":"page","link":"https:\/\/www.fcpe78.fr\/cl\/versailles\/colleges\/college-hoche\/","title":{"rendered":"Coll\u00e8ge Hoche"},"content":{"rendered":"<p><a href=\"http:\/\/www.fcpe78.fr\/cl\/versailles\/files\/2019\/03\/CHoche.jpg\"><img decoding=\"async\" loading=\"lazy\" class=\"alignnone size-medium wp-image-274 aligncenter\" src=\"http:\/\/www.fcpe78.fr\/cl\/versailles\/files\/2019\/03\/CHoche-300x196.jpg\" alt=\"\" width=\"300\" height=\"196\" srcset=\"https:\/\/www.fcpe78.fr\/cl\/versailles\/files\/2019\/03\/CHoche-300x196.jpg 300w, https:\/\/www.fcpe78.fr\/cl\/versailles\/files\/2019\/03\/CHoche.jpg 416w\" sizes=\"(max-width: 300px) 100vw, 300px\" \/><\/a><\/p>\n<table class=\"odTable odTableAuto alignright\">\n<tbody>\n<tr>\n<td style=\"width: 226.359375px\">Adresse postale<\/td>\n<td style=\"width: 430.65625px\">73 avenue de Saint Cloud<br \/>\n78000 Versailles<\/td>\n<\/tr>\n<tr>\n<td style=\"width: 226.359375px\">Num\u00e9ro de t\u00e9l\u00e9phone<\/td>\n<td style=\"width: 430.65625px\">01 30 84 08 50<\/td>\n<\/tr>\n<tr>\n<td style=\"width: 226.359375px\">Adresse e-mail<\/td>\n<td style=\"width: 430.65625px\"><a class=\"ud\" href=\"mailto:0782562L@ac-versailles.fr\">0782562L@ac-versailles.fr<\/a><\/td>\n<\/tr>\n<tr>\n<td style=\"width: 226.359375px\">Site Internet<\/td>\n<td style=\"width: 430.65625px\"><a class=\"ud\" href=\"http:\/\/www.lyc-hoche-versailles.ac-versailles.fr\/\" target=\"_blank\" rel=\"noopener\">http:\/\/www.lyc-hoche-versailles.ac-versailles.fr<\/a><\/td>\n<\/tr>\n<tr>\n<td style=\"width: 226.359375px\">Chef d&rsquo;\u00e9tablissement<\/td>\n<td style=\"width: 430.65625px\">M. Guy SEGUIN<\/td>\n<\/tr>\n<tr>\n<td style=\"width: 226.359375px\">Effectif<\/td>\n<td style=\"width: 430.65625px\">600 \u00e9l\u00e8ves, 20 divisions, 5 classes par niveau<\/td>\n<\/tr>\n<tr>\n<td style=\"width: 226.359375px\">Langues vivantes 1<\/td>\n<td style=\"width: 430.65625px\">Anglais, Allemand<\/td>\n<\/tr>\n<tr>\n<td style=\"width: 226.359375px\">Langues vivantes 2<\/td>\n<td style=\"width: 430.65625px\">Anglais, Allemand, Espagnol<\/td>\n<\/tr>\n<tr>\n<td style=\"width: 226.359375px\">Options<\/td>\n<td style=\"width: 430.65625px\">Langues et cultures de l&rsquo;antiquit\u00e9 Latin<br \/>\nLangues et cultures de l&rsquo;antiquit\u00e9 Grec<\/td>\n<\/tr>\n<tr>\n<td style=\"width: 226.359375px\">Dispositifs sp\u00e9cifiques<\/td>\n<td style=\"width: 430.65625px\">&nbsp;<\/td>\n<\/tr>\n<tr>\n<td style=\"width: 226.359375px\">Journ\u00e9e portes ouvertes<\/td>\n<td style=\"width: 430.65625px\">Le coll\u00e8ge Hoche n\u2019organise pas d\u2019op\u00e9ration \u00ab\u00a0portes ouvertes\u00a0\u00bb pour les parents des futurs \u00e9l\u00e8ves de 6\u00e8me. Cependant les directeurs des \u00e9coles du secteur du coll\u00e8ge Hoche informent les parents d\u2019\u00e9l\u00e8ves de CM2 d\u2019une matin\u00e9e d\u2019information en g\u00e9n\u00e9ral en mai \u00e0 leur intention.<\/td>\n<\/tr>\n<tr>\n<td style=\"width: 226.359375px\">Repr\u00e9sentant des parents d&rsquo;\u00e9l\u00e8ves FCPE<\/td>\n<td style=\"width: 430.65625px\">Julie ROY<br \/>\n<a class=\"ud\" href=\"mailto:0fcpehoche@gmail.com\">fcpehoche@gmail.com<\/a><\/td>\n<\/tr>\n<\/tbody>\n<\/table>\n","protected":false},"excerpt":{"rendered":"<p>Adresse postale 73 avenue de Saint Cloud 78000 Versailles Num\u00e9ro de t\u00e9l\u00e9phone 01 30 84 08 50 Adresse e-mail 0782562L@ac-versailles.fr Site Internet http:\/\/www.lyc-hoche-versailles.ac-versailles.fr Chef d&rsquo;\u00e9tablissement M. Guy SEGUIN Effectif 600 \u00e9l\u00e8ves, 20 divisions, 5 classes par niveau Langues vivantes 1 Anglais, Allemand Langues vivantes 2 Anglais, Allemand, Espagnol Options Langues &#8230;<\/p>\n","protected":false},"author":44,"featured_media":0,"parent":196,"menu_order":0,"comment_status":"closed","ping_status":"closed","template":"","meta":[],"_links":{"self":[{"href":"https:\/\/www.fcpe78.fr\/cl\/versailles\/wp-json\/wp\/v2\/pages\/264"}],"collection":[{"href":"https:\/\/www.fcpe78.fr\/cl\/versailles\/wp-json\/wp\/v2\/pages"}],"about":[{"href":"https:\/\/www.fcpe78.fr\/cl\/versailles\/wp-json\/wp\/v2\/types\/page"}],"author":[{"embeddable":true,"href":"https:\/\/www.fcpe78.fr\/cl\/versailles\/wp-json\/wp\/v2\/users\/44"}],"replies":[{"embeddable":true,"href":"https:\/\/www.fcpe78.fr\/cl\/versailles\/wp-json\/wp\/v2\/comments?post=264"}],"version-history":[{"count":3,"href":"https:\/\/www.fcpe78.fr\/cl\/versailles\/wp-json\/wp\/v2\/pages\/264\/revisions"}],"predecessor-version":[{"id":284,"href":"https:\/\/www.fcpe78.fr\/cl\/versailles\/wp-json\/wp\/v2\/pages\/264\/revisions\/284"}],"up":[{"embeddable":true,"href":"https:\/\/www.fcpe78.fr\/cl\/versailles\/wp-json\/wp\/v2\/pages\/196"}],"wp:attachment":[{"href":"https:\/\/www.fcpe78.fr\/cl\/versailles\/wp-json\/wp\/v2\/media?parent=264"}],"curies":[{"name":"wp","href":"https:\/\/api.w.org\/{rel}","templated":true}]}}