{"id":256,"date":"2019-01-27T18:23:39","date_gmt":"2019-01-27T17:23:39","guid":{"rendered":"http:\/\/www.fcpe78.fr\/cl\/versailles\/?page_id=256"},"modified":"2019-03-27T11:59:36","modified_gmt":"2019-03-27T10:59:36","slug":"college-raymond-poincare","status":"publish","type":"page","link":"https:\/\/www.fcpe78.fr\/cl\/versailles\/colleges\/college-raymond-poincare\/","title":{"rendered":"Coll\u00e8ge Raymond Poincar\u00e9"},"content":{"rendered":"<p><a href=\"http:\/\/www.fcpe78.fr\/cl\/versailles\/files\/2019\/03\/CPoincare.jpg\"><img decoding=\"async\" loading=\"lazy\" class=\"alignnone size-medium wp-image-276 aligncenter\" src=\"http:\/\/www.fcpe78.fr\/cl\/versailles\/files\/2019\/03\/CPoincare-300x241.jpg\" alt=\"\" width=\"300\" height=\"241\" srcset=\"https:\/\/www.fcpe78.fr\/cl\/versailles\/files\/2019\/03\/CPoincare-300x241.jpg 300w, https:\/\/www.fcpe78.fr\/cl\/versailles\/files\/2019\/03\/CPoincare.jpg 331w\" sizes=\"(max-width: 300px) 100vw, 300px\" \/><\/a><\/p>\n<table class=\"odTable odTableAuto\">\n<tbody>\n<tr>\n<td>Adresse postale<\/td>\n<td>2 place Raymond Poincar\u00e9 &#8211; BP 120<br \/>\n78000 Versailles<\/td>\n<\/tr>\n<tr>\n<td>Num\u00e9ro de t\u00e9l\u00e9phone<\/td>\n<td>01 39 07 23 23<\/td>\n<\/tr>\n<tr>\n<td>Adresse e-mail<\/td>\n<td><a class=\"ud\" href=\"mailto:0780718g@ac-versailles.fr\">0780718g@ac-versailles.fr<\/a><\/td>\n<\/tr>\n<tr>\n<td>Site Internet<\/td>\n<td><a class=\"ud\" href=\"http:\/\/www.clg-poincare-versailles.ac-versailles.fr\/\" target=\"_blank\" rel=\"noopener\">www.clg-poincare-versailles.ac-versailles.fr<\/a><\/td>\n<\/tr>\n<tr>\n<td>Chef d&rsquo;\u00e9tablissement<\/td>\n<td>Mme Fran\u00e7oise CORNU-MALVAUD<\/td>\n<\/tr>\n<tr>\n<td>Effectif<\/td>\n<td>460 \u00e9l\u00e8ves, 18 divisions, environ 4 classes par niveau<\/td>\n<\/tr>\n<tr>\n<td>Langues vivantes 1<\/td>\n<td>Anglais<\/td>\n<\/tr>\n<tr>\n<td>Langues vivantes 2<\/td>\n<td>Anglais, Espagnol, Italien<\/td>\n<\/tr>\n<tr>\n<td>Options<\/td>\n<td>Langues et cultures de l&rsquo;antiquit\u00e9 Latin<br \/>\nLangues et cultures de l&rsquo;antiquit\u00e9 Grec<\/td>\n<\/tr>\n<tr>\n<td>Dispositifs sp\u00e9cifiques<\/td>\n<td>Section Bilangue Allemand-Anglais<br \/>\nSection Europ\u00e9enne Allemand<br \/>\nULIS (Unit\u00e9 Localis\u00e9e d\u2019Inclusion Scolaire)<\/td>\n<\/tr>\n<tr>\n<td>Journ\u00e9e portes ouvertes<\/td>\n<td>Samedi 26 janvier 2019 de 9h \u00e0 11h30 \u00e0 destination des familles de CM2<\/td>\n<\/tr>\n<tr>\n<td>Repr\u00e9sentant des parents d&rsquo;\u00e9l\u00e8ves FCPE<\/td>\n<td>Mme Isabelle TREHIN<br \/>\n<a class=\"ud\" href=\"mailto:poincarefcpe@gmail.com\">poincarefcpe@gmail.com<\/a><\/td>\n<\/tr>\n<\/tbody>\n<\/table>\n","protected":false},"excerpt":{"rendered":"<p>Adresse postale 2 place Raymond Poincar\u00e9 &#8211; BP 120 78000 Versailles Num\u00e9ro de t\u00e9l\u00e9phone 01 39 07 23 23 Adresse e-mail 0780718g@ac-versailles.fr Site Internet www.clg-poincare-versailles.ac-versailles.fr Chef d&rsquo;\u00e9tablissement Mme Fran\u00e7oise CORNU-MALVAUD Effectif 460 \u00e9l\u00e8ves, 18 divisions, environ 4 classes par niveau Langues vivantes 1 Anglais Langues vivantes 2 Anglais, Espagnol, Italien &#8230;<\/p>\n","protected":false},"author":44,"featured_media":0,"parent":196,"menu_order":0,"comment_status":"closed","ping_status":"closed","template":"","meta":[],"_links":{"self":[{"href":"https:\/\/www.fcpe78.fr\/cl\/versailles\/wp-json\/wp\/v2\/pages\/256"}],"collection":[{"href":"https:\/\/www.fcpe78.fr\/cl\/versailles\/wp-json\/wp\/v2\/pages"}],"about":[{"href":"https:\/\/www.fcpe78.fr\/cl\/versailles\/wp-json\/wp\/v2\/types\/page"}],"author":[{"embeddable":true,"href":"https:\/\/www.fcpe78.fr\/cl\/versailles\/wp-json\/wp\/v2\/users\/44"}],"replies":[{"embeddable":true,"href":"https:\/\/www.fcpe78.fr\/cl\/versailles\/wp-json\/wp\/v2\/comments?post=256"}],"version-history":[{"count":4,"href":"https:\/\/www.fcpe78.fr\/cl\/versailles\/wp-json\/wp\/v2\/pages\/256\/revisions"}],"predecessor-version":[{"id":297,"href":"https:\/\/www.fcpe78.fr\/cl\/versailles\/wp-json\/wp\/v2\/pages\/256\/revisions\/297"}],"up":[{"embeddable":true,"href":"https:\/\/www.fcpe78.fr\/cl\/versailles\/wp-json\/wp\/v2\/pages\/196"}],"wp:attachment":[{"href":"https:\/\/www.fcpe78.fr\/cl\/versailles\/wp-json\/wp\/v2\/media?parent=256"}],"curies":[{"name":"wp","href":"https:\/\/api.w.org\/{rel}","templated":true}]}}