{"id":193,"date":"2018-06-22T17:01:08","date_gmt":"2018-06-22T16:01:08","guid":{"rendered":"http:\/\/www.fcpe78.fr\/cl\/versailles\/?page_id=193"},"modified":"2019-03-27T13:21:02","modified_gmt":"2019-03-27T12:21:02","slug":"lycee-hoche","status":"publish","type":"page","link":"https:\/\/www.fcpe78.fr\/cl\/versailles\/lycees\/lycee-hoche\/","title":{"rendered":"Lyc\u00e9e Hoche"},"content":{"rendered":"<p><a href=\"http:\/\/www.fcpe78.fr\/cl\/versailles\/files\/2019\/03\/CHoche.jpg\"><img decoding=\"async\" loading=\"lazy\" class=\"alignnone size-medium wp-image-274 aligncenter\" src=\"http:\/\/www.fcpe78.fr\/cl\/versailles\/files\/2019\/03\/CHoche-300x196.jpg\" alt=\"\" width=\"300\" height=\"196\" srcset=\"https:\/\/www.fcpe78.fr\/cl\/versailles\/files\/2019\/03\/CHoche-300x196.jpg 300w, https:\/\/www.fcpe78.fr\/cl\/versailles\/files\/2019\/03\/CHoche.jpg 416w\" sizes=\"(max-width: 300px) 100vw, 300px\" \/><\/a><\/p>\n<table class=\"odTable odTableAuto\">\n<tbody>\n<tr>\n<td>Adresse postale<\/td>\n<td>73 avenue de Saint Cloud<br \/>\n78000 Versailles<\/td>\n<\/tr>\n<tr>\n<td>Num\u00e9ro de t\u00e9l\u00e9phone<\/td>\n<td>01 39 84 08 50<\/td>\n<\/tr>\n<tr>\n<td>Adresse e-mail<\/td>\n<td><a class=\"ud\" href=\"mailto:0782562L@ac-versailles.fr\">0782562L@ac-versailles.fr<\/a><\/td>\n<\/tr>\n<tr>\n<td>Site Internet<\/td>\n<td><a class=\"ud\" href=\"http:\/\/www.lyc-hoche-versailles.ac-versailles.fr\/\" target=\"_blank\" rel=\"noopener\">http:\/\/www.lyc-hoche-versailles.ac-versailles.fr\/<\/a><\/td>\n<\/tr>\n<tr>\n<td>Chef d&rsquo;\u00e9tablissement<\/td>\n<td>M. Guy SEGUIN<\/td>\n<\/tr>\n<tr>\n<td>Effectif<\/td>\n<td>1900 \u00e9l\u00e8ves, 52 divisions r\u00e9parties entre niveau secondaire (1200 lyc\u00e9ens, 35 divisions) et classes pr\u00e9paratoires (700 \u00e9tudiants de CPGE, 17 divisions)<\/td>\n<\/tr>\n<tr>\n<td>Langues vivantes A<\/td>\n<td>Anglais, Allemand, Russe<\/td>\n<\/tr>\n<tr>\n<td>Langues vivantes B<\/td>\n<td>Anglais, Allemand, Russe, Espagnol<\/td>\n<\/tr>\n<tr>\n<td>Langues vivantes C<\/td>\n<td>Chinois<\/td>\n<\/tr>\n<tr>\n<td>Options<\/td>\n<td>Langues et cultures de l&rsquo;antiquit\u00e9 Latin<br \/>\nLangues et cultures de l&rsquo;antiquit\u00e9 Grec<br \/>\nLangue vivante C<\/td>\n<\/tr>\n<tr>\n<td>Dispositifs sp\u00e9cifiques<\/td>\n<td>&nbsp;<\/td>\n<\/tr>\n<tr>\n<td>Journ\u00e9e portes ouvertes<\/td>\n<td>Classes pr\u00e9paratoires : Samedi 19 janvier 2019 de 8h30 \u00e0 16h30<br \/>\nLyc\u00e9e : Samedi 30 mars 2019 de 8h \u00e0 12h<\/td>\n<\/tr>\n<tr>\n<td>Repr\u00e9sentant des parents d&rsquo;\u00e9l\u00e8ves FCPE<\/td>\n<td>Mme Anne CHAUDOT<br \/>\n<a class=\"ud\" href=\"mailto:fcpehoche@gmail.com\">fcpehoche@gmail.com<\/a><\/td>\n<\/tr>\n<\/tbody>\n<\/table>\n","protected":false},"excerpt":{"rendered":"<p>Adresse postale 73 avenue de Saint Cloud 78000 Versailles Num\u00e9ro de t\u00e9l\u00e9phone 01 39 84 08 50 Adresse e-mail 0782562L@ac-versailles.fr Site Internet http:\/\/www.lyc-hoche-versailles.ac-versailles.fr\/ Chef d&rsquo;\u00e9tablissement M. Guy SEGUIN Effectif 1900 \u00e9l\u00e8ves, 52 divisions r\u00e9parties entre niveau secondaire (1200 lyc\u00e9ens, 35 divisions) et classes pr\u00e9paratoires (700 \u00e9tudiants de CPGE, 17 divisions) &#8230;<\/p>\n","protected":false},"author":19,"featured_media":0,"parent":189,"menu_order":0,"comment_status":"closed","ping_status":"closed","template":"","meta":[],"_links":{"self":[{"href":"https:\/\/www.fcpe78.fr\/cl\/versailles\/wp-json\/wp\/v2\/pages\/193"}],"collection":[{"href":"https:\/\/www.fcpe78.fr\/cl\/versailles\/wp-json\/wp\/v2\/pages"}],"about":[{"href":"https:\/\/www.fcpe78.fr\/cl\/versailles\/wp-json\/wp\/v2\/types\/page"}],"author":[{"embeddable":true,"href":"https:\/\/www.fcpe78.fr\/cl\/versailles\/wp-json\/wp\/v2\/users\/19"}],"replies":[{"embeddable":true,"href":"https:\/\/www.fcpe78.fr\/cl\/versailles\/wp-json\/wp\/v2\/comments?post=193"}],"version-history":[{"count":8,"href":"https:\/\/www.fcpe78.fr\/cl\/versailles\/wp-json\/wp\/v2\/pages\/193\/revisions"}],"predecessor-version":[{"id":301,"href":"https:\/\/www.fcpe78.fr\/cl\/versailles\/wp-json\/wp\/v2\/pages\/193\/revisions\/301"}],"up":[{"embeddable":true,"href":"https:\/\/www.fcpe78.fr\/cl\/versailles\/wp-json\/wp\/v2\/pages\/189"}],"wp:attachment":[{"href":"https:\/\/www.fcpe78.fr\/cl\/versailles\/wp-json\/wp\/v2\/media?parent=193"}],"curies":[{"name":"wp","href":"https:\/\/api.w.org\/{rel}","templated":true}]}}