{"id":186,"date":"2018-06-22T16:41:10","date_gmt":"2018-06-22T15:41:10","guid":{"rendered":"http:\/\/www.fcpe78.fr\/cl\/versailles\/?page_id=186"},"modified":"2021-10-03T17:41:42","modified_gmt":"2021-10-03T16:41:42","slug":"elementaires","status":"publish","type":"page","link":"https:\/\/www.fcpe78.fr\/cl\/versailles\/elementaires\/","title":{"rendered":"\u00c9l\u00e9mentaires"},"content":{"rendered":"\n<p>Contactez le conseil local des \u00e9coles maternelles et \u00e9l\u00e9mentaires de Versailles en envoyant un courriel \u00e0 <a href=\"mailto:versailles@fcpe78.fr\">versailles@fcpe78.fr<\/a>.<\/p>\n<p>Vous pouvez \u00e9galement contacter directement les \u00e9quipes des \u00e9coles suivantes gr\u00e2ce \u00e0 leur adresse de courriel :<\/p>\n\n\n\n<ul><li>\u00c9cole \u00e9l\u00e9mentaire De Bange :\u00a0<a href=\"mailto:fcpedebange@gmail.com\">fcpedebange@gmail.com<\/a><\/li><li>\u00c9cole \u00e9l\u00e9mentaire Edme Fr\u00e9my :\u00a0<a href=\"mailto:fcpefremy@gmail.com\">fcpefremy@gmail.com<\/a><\/li><li>\u00c9cole \u00e9l\u00e9mentaire Lully Vauban :\u00a0<a href=\"mailto:fcpelullyvauban@gmail.com\">fcpelullyvauban@gmail.com<\/a><\/li><li>\u00c9cole maternelle Les Lutins :\u00a0<a href=\"mailto:leslutinsfcpe@gmail.com\">leslutinsfcpe@gmail.com<\/a><\/li><li>Groupe scolaire Petits Bois Albert Thierry :\u00a0<a href=\"mailto:fcpe-pboisathierry@laposte.net\">fcpe-pboisathierry@laposte.net<\/a><\/li><\/ul>\n","protected":false},"excerpt":{"rendered":"<p>Contactez le conseil local des \u00e9coles maternelles et \u00e9l\u00e9mentaires de Versailles en envoyant un courriel \u00e0 versailles@fcpe78.fr. Vous pouvez \u00e9galement contacter directement les \u00e9quipes des \u00e9coles suivantes gr\u00e2ce \u00e0 leur adresse de courriel : \u00c9cole \u00e9l\u00e9mentaire De Bange :\u00a0fcpedebange@gmail.com \u00c9cole \u00e9l\u00e9mentaire Edme Fr\u00e9my :\u00a0fcpefremy@gmail.com \u00c9cole \u00e9l\u00e9mentaire Lully Vauban :\u00a0fcpelullyvauban@gmail.com \u00c9cole &#8230;<\/p>\n","protected":false},"author":18,"featured_media":0,"parent":0,"menu_order":0,"comment_status":"closed","ping_status":"closed","template":"","meta":[],"_links":{"self":[{"href":"https:\/\/www.fcpe78.fr\/cl\/versailles\/wp-json\/wp\/v2\/pages\/186"}],"collection":[{"href":"https:\/\/www.fcpe78.fr\/cl\/versailles\/wp-json\/wp\/v2\/pages"}],"about":[{"href":"https:\/\/www.fcpe78.fr\/cl\/versailles\/wp-json\/wp\/v2\/types\/page"}],"author":[{"embeddable":true,"href":"https:\/\/www.fcpe78.fr\/cl\/versailles\/wp-json\/wp\/v2\/users\/18"}],"replies":[{"embeddable":true,"href":"https:\/\/www.fcpe78.fr\/cl\/versailles\/wp-json\/wp\/v2\/comments?post=186"}],"version-history":[{"count":3,"href":"https:\/\/www.fcpe78.fr\/cl\/versailles\/wp-json\/wp\/v2\/pages\/186\/revisions"}],"predecessor-version":[{"id":340,"href":"https:\/\/www.fcpe78.fr\/cl\/versailles\/wp-json\/wp\/v2\/pages\/186\/revisions\/340"}],"wp:attachment":[{"href":"https:\/\/www.fcpe78.fr\/cl\/versailles\/wp-json\/wp\/v2\/media?parent=186"}],"curies":[{"name":"wp","href":"https:\/\/api.w.org\/{rel}","templated":true}]}}