{"id":175,"date":"2018-06-22T13:31:36","date_gmt":"2018-06-22T12:31:36","guid":{"rendered":"http:\/\/www.fcpe78.fr\/cl\/versailles\/?page_id=175"},"modified":"2018-06-22T13:33:44","modified_gmt":"2018-06-22T12:33:44","slug":"le-role-des-parents-deleves","status":"publish","type":"page","link":"https:\/\/www.fcpe78.fr\/cl\/versailles\/qui-sommes-nous\/le-role-des-parents-deleves\/","title":{"rendered":"Le r\u00f4le des parents d\u2019\u00e9l\u00e8ves"},"content":{"rendered":"<p><strong>Le r\u00f4le des repr\u00e9sentants FCPE est de porter les pr\u00e9occupations et les questions de l\u2019ensemble des parents sur tout domaine concernant la vie et le fonctionnement de l\u2019\u00e9cole.<\/strong><\/p>\n<p>Pour cela, ils disposent d\u2019une bo\u00eete aux lettres et d\u2019un panneau d\u2019affichage. Par ailleurs leurs coordonn\u00e9es doivent \u00eatre affich\u00e9es dans un lieu accessible \u00e0 tous. Les repr\u00e9sentants peuvent \u00e9galement organiser r\u00e9unions et d\u00e9bats au sein de l\u2019\u00e9cole \u00e0 diff\u00e9rents moments de l\u2019ann\u00e9e scolaire.<br \/>\nEn cas de probl\u00e8me entre une famille et l\u2019institution scolaire, les parents concern\u00e9s peuvent faire appel aux repr\u00e9sentants FCPE, pour qu\u2019ils les assistent dans leurs d\u00e9marches et les aident \u00e0 entamer le dialogue avec les bons interlocuteurs (directeur\/trice, enseignant(e)s, inspecteur de circonscription, mairie, autorit\u00e9 acad\u00e9mique\u2026). Les repr\u00e9sentants FCPE jouent un v\u00e9ritable r\u00f4le de m\u00e9diateur entre les parents et l\u2019institution.<\/p>\n<p><strong>A l\u2019\u00e9cole primaire, les repr\u00e9sentants \u00e9lus des parents si\u00e8gent au conseil d\u2019\u00e9cole qui se r\u00e9unit au moins trois fois par an.<\/strong><\/p>\n<p>Le conseil d\u2019\u00e9cole donne son avis et pr\u00e9sente toute suggestion sur le fonctionnement de l\u2019\u00e9cole et sur toutes les questions int\u00e9ressant la vie de l\u2019\u00e9cole et de la communaut\u00e9 scolaire.<\/p>\n<p>Il donne son accord sur l\u2019organisation d\u2019activit\u00e9s compl\u00e9mentaires et statue sur le projet d\u2018\u00e9cole.<\/p>\n<p><a href=\"https:\/\/www.service-public.fr\/particuliers\/vosdroits\/F1399\">En savoir plus sur le conseil d\u2019\u00e9cole.<\/a><\/p>\n","protected":false},"excerpt":{"rendered":"<p>Le r\u00f4le des repr\u00e9sentants FCPE est de porter les pr\u00e9occupations et les questions de l\u2019ensemble des parents sur tout domaine concernant la vie et le fonctionnement de l\u2019\u00e9cole. Pour cela, ils disposent d\u2019une bo\u00eete aux lettres et d\u2019un panneau d\u2019affichage. Par ailleurs leurs coordonn\u00e9es doivent \u00eatre affich\u00e9es dans un lieu &#8230;<\/p>\n","protected":false},"author":18,"featured_media":0,"parent":171,"menu_order":0,"comment_status":"closed","ping_status":"closed","template":"","meta":[],"_links":{"self":[{"href":"https:\/\/www.fcpe78.fr\/cl\/versailles\/wp-json\/wp\/v2\/pages\/175"}],"collection":[{"href":"https:\/\/www.fcpe78.fr\/cl\/versailles\/wp-json\/wp\/v2\/pages"}],"about":[{"href":"https:\/\/www.fcpe78.fr\/cl\/versailles\/wp-json\/wp\/v2\/types\/page"}],"author":[{"embeddable":true,"href":"https:\/\/www.fcpe78.fr\/cl\/versailles\/wp-json\/wp\/v2\/users\/18"}],"replies":[{"embeddable":true,"href":"https:\/\/www.fcpe78.fr\/cl\/versailles\/wp-json\/wp\/v2\/comments?post=175"}],"version-history":[{"count":1,"href":"https:\/\/www.fcpe78.fr\/cl\/versailles\/wp-json\/wp\/v2\/pages\/175\/revisions"}],"predecessor-version":[{"id":176,"href":"https:\/\/www.fcpe78.fr\/cl\/versailles\/wp-json\/wp\/v2\/pages\/175\/revisions\/176"}],"up":[{"embeddable":true,"href":"https:\/\/www.fcpe78.fr\/cl\/versailles\/wp-json\/wp\/v2\/pages\/171"}],"wp:attachment":[{"href":"https:\/\/www.fcpe78.fr\/cl\/versailles\/wp-json\/wp\/v2\/media?parent=175"}],"curies":[{"name":"wp","href":"https:\/\/api.w.org\/{rel}","templated":true}]}}