{"id":173,"date":"2018-06-22T13:30:13","date_gmt":"2018-06-22T12:30:13","guid":{"rendered":"http:\/\/www.fcpe78.fr\/cl\/versailles\/?page_id=173"},"modified":"2018-06-22T13:34:00","modified_gmt":"2018-06-22T12:34:00","slug":"la-fcpe-en-chiffres","status":"publish","type":"page","link":"https:\/\/www.fcpe78.fr\/cl\/versailles\/qui-sommes-nous\/la-fcpe-en-chiffres\/","title":{"rendered":"La FCPE en chiffres"},"content":{"rendered":"<p><strong>La FCPE (F\u00e9d\u00e9ration des conseils des parents d\u2019\u00e9l\u00e8ves) est la premi\u00e8re f\u00e9d\u00e9ration de parents d\u2019\u00e9l\u00e8ves. Elle est pr\u00e9sente dans la plupart des \u00e9tablissements o\u00f9 elle participe \u00e0 la vie scolaire pour d\u00e9fendre l\u2019int\u00e9r\u00eat des enfants et repr\u00e9senter les parents. La FCPE est une force de proposition et d\u2019action.<\/strong><\/p>\n<p><strong>La FCPE compte aujourd\u2019hui :<\/strong><\/p>\n<ul>\n<li>310 000 adh\u00e9rents,<\/li>\n<li>65 000 parents d\u2019\u00e9l\u00e8ves \u00e9lus aux conseils d\u2019\u00e9cole et aux conseils d\u2019administration,<\/li>\n<li>10 000 conseils locaux<\/li>\n<li>100 associations d\u00e9partementales et extra-m\u00e9tropolitaines et des repr\u00e9sentants dans les \u00e9tablissements fran\u00e7ais \u00e0 l\u2019\u00e9tranger.<\/li>\n<\/ul>\n<p><strong>Fond\u00e9e en 1947<\/strong>, la F\u00e9d\u00e9ration des conseils de parents d\u2019\u00e9l\u00e8ves est reconnue d\u2019utilit\u00e9 publique d\u00e8s 1951 et agr\u00e9\u00e9e mouvement d\u2019\u00e9ducation populaire en 1982.<\/p>\n","protected":false},"excerpt":{"rendered":"<p>La FCPE (F\u00e9d\u00e9ration des conseils des parents d\u2019\u00e9l\u00e8ves) est la premi\u00e8re f\u00e9d\u00e9ration de parents d\u2019\u00e9l\u00e8ves. Elle est pr\u00e9sente dans la plupart des \u00e9tablissements o\u00f9 elle participe \u00e0 la vie scolaire pour d\u00e9fendre l\u2019int\u00e9r\u00eat des enfants et repr\u00e9senter les parents. La FCPE est une force de proposition et d\u2019action. La FCPE &#8230;<\/p>\n","protected":false},"author":18,"featured_media":0,"parent":171,"menu_order":0,"comment_status":"closed","ping_status":"closed","template":"","meta":[],"_links":{"self":[{"href":"https:\/\/www.fcpe78.fr\/cl\/versailles\/wp-json\/wp\/v2\/pages\/173"}],"collection":[{"href":"https:\/\/www.fcpe78.fr\/cl\/versailles\/wp-json\/wp\/v2\/pages"}],"about":[{"href":"https:\/\/www.fcpe78.fr\/cl\/versailles\/wp-json\/wp\/v2\/types\/page"}],"author":[{"embeddable":true,"href":"https:\/\/www.fcpe78.fr\/cl\/versailles\/wp-json\/wp\/v2\/users\/18"}],"replies":[{"embeddable":true,"href":"https:\/\/www.fcpe78.fr\/cl\/versailles\/wp-json\/wp\/v2\/comments?post=173"}],"version-history":[{"count":1,"href":"https:\/\/www.fcpe78.fr\/cl\/versailles\/wp-json\/wp\/v2\/pages\/173\/revisions"}],"predecessor-version":[{"id":174,"href":"https:\/\/www.fcpe78.fr\/cl\/versailles\/wp-json\/wp\/v2\/pages\/173\/revisions\/174"}],"up":[{"embeddable":true,"href":"https:\/\/www.fcpe78.fr\/cl\/versailles\/wp-json\/wp\/v2\/pages\/171"}],"wp:attachment":[{"href":"https:\/\/www.fcpe78.fr\/cl\/versailles\/wp-json\/wp\/v2\/media?parent=173"}],"curies":[{"name":"wp","href":"https:\/\/api.w.org\/{rel}","templated":true}]}}