{"id":165,"date":"2018-06-22T13:19:47","date_gmt":"2018-06-22T12:19:47","guid":{"rendered":"http:\/\/www.fcpe78.fr\/cl\/versailles\/?page_id=165"},"modified":"2019-03-27T13:16:01","modified_gmt":"2019-03-27T12:16:01","slug":"lycee-la-bruyere","status":"publish","type":"page","link":"https:\/\/www.fcpe78.fr\/cl\/versailles\/lycees\/lycee-la-bruyere\/","title":{"rendered":"Lyc\u00e9e La Bruy\u00e8re"},"content":{"rendered":"<div class=\"views-field views-field-field-adresse\">\n<div class=\"field-content\">\n<p><a href=\"http:\/\/www.fcpe78.fr\/cl\/versailles\/files\/2019\/03\/LLaBruyere.jpg\"><img decoding=\"async\" loading=\"lazy\" class=\"alignnone size-full wp-image-280 aligncenter\" src=\"http:\/\/www.fcpe78.fr\/cl\/versailles\/files\/2019\/03\/LLaBruyere.jpg\" alt=\"\" width=\"233\" height=\"235\" srcset=\"https:\/\/www.fcpe78.fr\/cl\/versailles\/files\/2019\/03\/LLaBruyere.jpg 233w, https:\/\/www.fcpe78.fr\/cl\/versailles\/files\/2019\/03\/LLaBruyere-150x150.jpg 150w\" sizes=\"(max-width: 233px) 100vw, 233px\" \/><\/a><\/p>\n<table class=\"odTable odTableAuto\">\n<tbody>\n<tr>\n<td>Adresse postale<\/td>\n<td>31 avenue de Paris<br \/>\n78000 Versailles<\/td>\n<\/tr>\n<tr>\n<td>Num\u00e9ro de t\u00e9l\u00e9phone<\/td>\n<td>01 39 50 04 37<\/td>\n<\/tr>\n<tr>\n<td>Adresse e-mail<\/td>\n<td><a class=\"ud\" href=\"mailto:0782563m@ac-versailles.fr\">0782563m@ac-versailles.fr<\/a><\/td>\n<\/tr>\n<tr>\n<td>Site Internet<\/td>\n<td><a class=\"ud\" href=\"http:\/\/www.lyc-labruyere-versailles.ac-versailles.fr\/\" target=\"_blank\" rel=\"noopener\">http:\/\/www.lyc-labruyere-versailles.ac-versailles.fr<\/a><\/td>\n<\/tr>\n<tr>\n<td>Chef d&rsquo;\u00e9tablissement<\/td>\n<td>M. Gilles KLECZEK<\/td>\n<\/tr>\n<tr>\n<td>Effectif<\/td>\n<td>1550 \u00e9l\u00e8ves, 46 divisions r\u00e9parties entre niveau secondaire (1290 lyc\u00e9ens, 39 divisions) et classes pr\u00e9paratoires (260 \u00e9tudiants de CPGE, 7 divisions)<br \/>\n4 s\u00e9ries : L S ES TMD (Techniques de la Musique et de la Danse)<br \/>\nSecondes : 13 classes<br \/>\nPremi\u00e8res : 13 classes (4 L, 5 S, 3 ES et 1 mixte \u00ab 2nde-1\u00e8re TMD \u00bb)<br \/>\nTerminales : 13 classes (4 L, 5 S, 3 ES et 1 TMD)<br \/>\nClasses pr\u00e9paratoires : 7 classes (5 litt\u00e9raires et 2 \u00e9conomiques et scientifiques)<\/td>\n<\/tr>\n<tr>\n<td>Langues vivantes A<\/td>\n<td>Anglais, Allemand, Russe, Espagnol<\/td>\n<\/tr>\n<tr>\n<td>Langues vivantes B<\/td>\n<td>Anglais, Allemand, Russe, Espagnol, Italien<\/td>\n<\/tr>\n<tr>\n<td>Langues vivantes C<\/td>\n<td>Italien, Russe<\/td>\n<\/tr>\n<tr>\n<td>Options<\/td>\n<td>Langues et cultures de l&rsquo;antiquit\u00e9 Latin<br \/>\nLangues et cultures de l&rsquo;antiquit\u00e9 Grec<br \/>\nLangue vivante C<\/td>\n<\/tr>\n<tr>\n<td>Dispositifs sp\u00e9cifiques<\/td>\n<td>Fili\u00e8re TMD : Techniques de la Musique et de la Danse (en partenariat avec les Conservatoires du territoire)<br \/>\nSection europ\u00e9enne \u00ab Allemand \u00bb (avec un enseignement d\u2019histoire en allemand)<br \/>\nULIS malentendants (Unit\u00e9 Localis\u00e9e d\u2019Inclusion Scolaire)<\/td>\n<\/tr>\n<tr>\n<td>Journ\u00e9e portes ouvertes<\/td>\n<td>Classes pr\u00e9paratoires : Samedi 2 f\u00e9vrier 2019 de 9h30 \u00e0 16h30<br \/>\nLyc\u00e9e : Samedi 23 mars 2019 de 9h \u00e0 13h<\/td>\n<\/tr>\n<tr>\n<td>Repr\u00e9sentant des parents d&rsquo;\u00e9l\u00e8ves FCPE<\/td>\n<td>M. Sylvain MACABEO<br \/>\n<a class=\"ud\" href=\"mailto:labruyerefcpe@gmail.com\">labruyerefcpe@gmail.com<\/a><\/td>\n<\/tr>\n<\/tbody>\n<\/table>\n<\/div>\n<\/div>\n","protected":false},"excerpt":{"rendered":"<p>Adresse postale 31 avenue de Paris 78000 Versailles Num\u00e9ro de t\u00e9l\u00e9phone 01 39 50 04 37 Adresse e-mail 0782563m@ac-versailles.fr Site Internet http:\/\/www.lyc-labruyere-versailles.ac-versailles.fr Chef d&rsquo;\u00e9tablissement M. Gilles KLECZEK Effectif 1550 \u00e9l\u00e8ves, 46 divisions r\u00e9parties entre niveau secondaire (1290 lyc\u00e9ens, 39 divisions) et classes pr\u00e9paratoires (260 \u00e9tudiants de CPGE, 7 divisions) 4 &#8230;<\/p>\n","protected":false},"author":18,"featured_media":0,"parent":189,"menu_order":0,"comment_status":"closed","ping_status":"closed","template":"","meta":[],"_links":{"self":[{"href":"https:\/\/www.fcpe78.fr\/cl\/versailles\/wp-json\/wp\/v2\/pages\/165"}],"collection":[{"href":"https:\/\/www.fcpe78.fr\/cl\/versailles\/wp-json\/wp\/v2\/pages"}],"about":[{"href":"https:\/\/www.fcpe78.fr\/cl\/versailles\/wp-json\/wp\/v2\/types\/page"}],"author":[{"embeddable":true,"href":"https:\/\/www.fcpe78.fr\/cl\/versailles\/wp-json\/wp\/v2\/users\/18"}],"replies":[{"embeddable":true,"href":"https:\/\/www.fcpe78.fr\/cl\/versailles\/wp-json\/wp\/v2\/comments?post=165"}],"version-history":[{"count":7,"href":"https:\/\/www.fcpe78.fr\/cl\/versailles\/wp-json\/wp\/v2\/pages\/165\/revisions"}],"predecessor-version":[{"id":299,"href":"https:\/\/www.fcpe78.fr\/cl\/versailles\/wp-json\/wp\/v2\/pages\/165\/revisions\/299"}],"up":[{"embeddable":true,"href":"https:\/\/www.fcpe78.fr\/cl\/versailles\/wp-json\/wp\/v2\/pages\/189"}],"wp:attachment":[{"href":"https:\/\/www.fcpe78.fr\/cl\/versailles\/wp-json\/wp\/v2\/media?parent=165"}],"curies":[{"name":"wp","href":"https:\/\/api.w.org\/{rel}","templated":true}]}}