{"id":846,"date":"2019-06-22T16:09:49","date_gmt":"2019-06-22T14:09:49","guid":{"rendered":"http:\/\/www.fcpe78.fr\/cl\/sartrouville\/?page_id=846"},"modified":"2021-09-19T11:46:23","modified_gmt":"2021-09-19T09:46:23","slug":"academie-versailles-dsden-78","status":"publish","type":"page","link":"https:\/\/www.fcpe78.fr\/cl\/sartrouville\/dossiers-thematiques\/academie-versailles-dsden-78\/","title":{"rendered":"Acad\u00e9mie Versailles &#8211; DSDEN 78"},"content":{"rendered":"<p>Vous trouverez ci-apr\u00e9s une s\u00e9lection de liens propos\u00e9s par la FCPE Sartrouville<\/p>\n<h4><a href=\"https:\/\/www.ac-versailles.fr\/dsden78\/pid35229\/accueil.html\" target=\"_blank\" rel=\"noopener noreferrer\">DSDEN 78<\/a><\/h4>\n<p>(Direction des Services D\u00e9partementaux de l&rsquo;\u00e9ducation Nationale des Yvelines)<\/p>\n<h4><a href=\"https:\/\/www.ac-versailles.fr\/\" target=\"_blank\" rel=\"noopener noreferrer\">Acad\u00e9mie de Versailles<\/a><\/h4>\n<p>Premi\u00e8re acad\u00e9mie par ses effectifs avec pr\u00e8s d&rsquo;un million d&rsquo;\u00e9l\u00e8ves dans les premier et second degr\u00e9s (9% des effectifs scolaris\u00e9s en France), l&rsquo;acad\u00e9mie de <b>Versailles<\/b> accueille et g\u00e8re pr\u00e8s de 90 000 agents (enseignants, personnels d&rsquo;\u00e9ducation et d&rsquo;encadrement, techniciens, personnels administratifs, ouvriers, de service et de sant\u00e9).<\/p>\n<h4 style=\"text-align: left\"><a href=\"https:\/\/www.ac-versailles.fr\/pid35039\/les-territoires-academie.html\" target=\"_blank\" rel=\"noopener noreferrer\">Annuaire des \u00e9tablissements scolaires de Sartrouville via la carte des territoires de l&rsquo;acad\u00e9mie<\/a><\/h4>\n<h2><a name=\"_Toc82943050\"><\/a><a href=\"https:\/\/www.ac-versailles.fr\/les-divisions-et-services-de-la-dsden-des-yvelines-122188\">Organisation et gestion des postes enseignants<\/a><\/h2>\n<p><strong>Division de l&rsquo;organisation scolaire &#8211; DOS<\/strong><\/p>\n<p>Missions\u00a0: la gestion des postes d&rsquo;enseignants dans le premier degr\u00e9 et des moyens de surveillance et d&rsquo;enseignement dans les coll\u00e8ges et les lyc\u00e9es publics; le traitement des enqu\u00eates statistiques et la mise \u00e0 jour du fichier des \u00e9tablissements.<\/p>\n<p><strong>Cheffe de division :<\/strong><br \/>\n<strong>Adjoint sur le 1er degr\u00e9 :\u00a0<\/strong><\/p>\n<p><strong>Adjointe sur le 2nd degr\u00e9 :\u00a0<\/strong><\/p>\n<p>T\u00e9l : 01 39 23 61 09<\/p>\n<p><a href=\"mailto:ce.ia78.dos@ac-versailles.fr\">\u00c9crire<\/a><\/p>\n<h2><a name=\"_Toc82943051\"><\/a>Organigramme<\/h2>\n<ul>\n<li><a href=\"https:\/\/lannuaire.service-public.fr\/ile-de-france\/yvelines\/inspection_academique-78297-01\"><strong>Directeur acad\u00e9mique des services de l&rsquo;\u00c9ducation nationale, inspecteur d&rsquo;acad\u00e9mie<\/strong><\/a><\/li>\n<li><strong>Directrice acad\u00e9mique adjointe des services de l&rsquo;\u00c9ducation nationale, inspectrice d&rsquo;acad\u00e9mie<\/strong><\/li>\n<li><strong>Directrice acad\u00e9mique adjointe des services de l&rsquo;\u00c9ducation nationale, inspectrice d&rsquo;acad\u00e9mie<\/strong><\/li>\n<li><strong>Directeur acad\u00e9mique adjoint des services de l&rsquo;\u00c9ducation nationale, inspecteur d&rsquo;acad\u00e9mie<\/strong><\/li>\n<li><strong>Secr\u00e9taire g\u00e9n\u00e9ral<\/strong><\/li>\n<\/ul>\n<h2><a name=\"_Toc82943054\"><\/a><a href=\"https:\/\/versailles.snes.edu\/spip.php?rubrique67\">SNES 78, les infos vue par le syndicat<\/a><\/h2>\n<h3><a name=\"_Toc82943055\"><\/a>Sites de l\u2019\u00e9ducation propos\u00e9es par DSDEN 78<\/h3>\n<h4>Sites \u00e9ducation<\/h4>\n<ul>\n<li>\u00b7 \u00a0<a href=\"https:\/\/www.education.gouv.fr\/\">Education.gouv.fr<\/a><\/li>\n<li><a href=\"https:\/\/www.devenirenseignant.gouv.fr\/\">Devenirenseignant.gouv.fr<\/a><\/li>\n<li><a href=\"https:\/\/eduscol.education.fr\/\">Eduscol.education.fr<\/a><\/li>\n<li><a href=\"http:\/\/www.onisep.fr\/\">Onisep.fr<\/a><\/li>\n<li><a href=\"https:\/\/www.cned.fr\/\">Cned.fr<\/a><\/li>\n<li><a href=\"https:\/\/www.reseau-canope.fr\/\">Reseau-canope.fr<\/a><\/li>\n<li><a href=\"https:\/\/www.clemi.fr\/\">Clemi.fr<\/a><\/li>\n<li><a href=\"https:\/\/www.france-education-international.fr\/\">France-education-international.fr<\/a><\/li>\n<li><a href=\"http:\/\/www.ih2ef.education.fr\/\">Ih2ef.education.fr<\/a><\/li>\n<li><a href=\"https:\/\/www.enseignementsup-recherche.gouv.fr\/\">Enseignementsup-recherche.gouv.fr<\/a><\/li>\n<\/ul>\n<ul>\n<li>\n<h4>Sites publics<\/h4>\n<\/li>\n<\/ul>\n<ul>\n<li>\u00b7 \u00a0<a href=\"https:\/\/www.data.gouv.fr\/\">Data.gouv.fr<\/a><\/li>\n<li><a href=\"https:\/\/www.elysee.fr\/\">Elys\u00e9e.fr<\/a><\/li>\n<li><a href=\"https:\/\/www.france.fr\/\">France.fr<\/a><\/li>\n<li><a href=\"https:\/\/www.gouvernement.fr\/\">Gouvernement.fr<\/a><\/li>\n<li><a href=\"http:\/\/jeunes.gouv.fr\/\">Jeunes.gouv.fr<\/a><\/li>\n<li><a href=\"https:\/\/www.legifrance.gouv.fr\/\">Legifrance.gouv.fr<\/a><\/li>\n<li><a href=\"https:\/\/www.service-public.fr\/\">Service-public.fr<\/a><\/li>\n<li><a href=\"http:\/\/www.sports.gouv.fr\/\">Sports.gouv.fr<\/a><\/li>\n<\/ul>\n<ul>\n<li>\n<h4>Vous informer<\/h4>\n<\/li>\n<\/ul>\n<ul>\n<li><a href=\"https:\/\/www.ac-versailles.fr\/recherche\/type\/actualites\" data-drupal-link-system-path=\"recherche\/type\/actualites\">Toute l&rsquo;actualit\u00e9<\/a><\/li>\n<li><a href=\"https:\/\/www.ac-versailles.fr\/espace-presse-121499\" data-drupal-link-system-path=\"node\/121499\">Presse<\/a><\/li>\n<li><a href=\"https:\/\/www.ac-versailles.fr\/etudes-et-statistiques-121520\" data-drupal-link-system-path=\"node\/121520\">\u00c9tudes et statistiques<\/a><\/li>\n<li><a href=\"https:\/\/www.ac-versailles.fr\/dsden78\" data-drupal-link-system-path=\"node\/121506\">DSDEN des Yvelines<\/a><\/li>\n<\/ul>\n<h4 style=\"text-align: left\"><a href=\"https:\/\/www.ac-versailles.fr\/Projet2020\/cid115522\/l-integralite-du-projet-academique.html#axe1objectif3levier1\" target=\"_blank\" rel=\"noopener noreferrer\">Le projet acad\u00e9mique 2020<\/a><\/h4>\n<h6 style=\"text-align: left\"><strong>Axe 1 : R\u00e9ussir \u00e0 tout niveau et dans chaque territoire<\/strong><\/h6>\n<ul>\n<li style=\"text-align: left\">Objectif 1\u00a0: Inclure tous les \u00e9l\u00e8ves dans les apprentissages<\/li>\n<li style=\"text-align: left\">Objectif 2\u00a0: Accompagner chaque \u00e9l\u00e8ve dans un parcours ambitieux et s\u00e9curis\u00e9<\/li>\n<li style=\"text-align: left\">Objectif 3\u00a0: Engager une nouvelle dynamique territoriale<\/li>\n<\/ul>\n<h5 style=\"text-align: left\"><a href=\"https:\/\/www.dailymotion.com\/video\/x5jhrsb\" target=\"_blank\" rel=\"noopener noreferrer\">(L&rsquo;axe 1 expliqu\u00e9 en vid\u00e9o)<\/a><\/h5>\n<h6 style=\"text-align: left\"><strong>Axe 2\u00a0: Apprendre et agir dans le monde du 21\u00e8me si\u00e8cle<\/strong><\/h6>\n<ul>\n<li style=\"text-align: left\">Objectif 1\u00a0: Favoriser l&rsquo;engagement individuel et collectif<\/li>\n<li style=\"text-align: left\">Objectif 2\u00a0: Promouvoir l&rsquo;exp\u00e9rience de la mobilit\u00e9 comme valeur \u00e9ducative<\/li>\n<li style=\"text-align: left\">Objectif 3\u00a0: Acqu\u00e9rir les nouveaux langages<\/li>\n<\/ul>\n<h6 style=\"text-align: left\"><strong>Axe 3\u00a0: Mobiliser les intelligences<\/strong><\/h6>\n<ul>\n<li style=\"text-align: left\">Objectif 1\u00a0: Construire une acad\u00e9mie de formation<\/li>\n<li style=\"text-align: left\">Objectif 2\u00a0: S&rsquo;engager dans une culture du d\u00e9veloppement professionnel<\/li>\n<li style=\"text-align: left\">Objectif 3\u00a0: S&rsquo;investir dans une organisation apprenante<\/li>\n<\/ul>\n<h5><\/h5>\n","protected":false},"excerpt":{"rendered":"<p>Vous trouverez ci-apr\u00e9s une s\u00e9lection de liens propos\u00e9s par la FCPE Sartrouville DSDEN 78 (Direction des Services D\u00e9partementaux de l&rsquo;\u00e9ducation Nationale des Yvelines) Acad\u00e9mie de Versailles Premi\u00e8re acad\u00e9mie par ses <a class=\"more-link\" href=\"https:\/\/www.fcpe78.fr\/cl\/sartrouville\/dossiers-thematiques\/academie-versailles-dsden-78\/\">Lire plus &#8230;<\/a><\/p>\n","protected":false},"author":46,"featured_media":1779,"parent":488,"menu_order":0,"comment_status":"closed","ping_status":"closed","template":"","meta":{"_seopress_robots_primary_cat":"","jetpack_post_was_ever_published":false},"categories":[],"tags":[],"jetpack_sharing_enabled":true,"jetpack_shortlink":"https:\/\/wp.me\/PaYu4P-dE","_links":{"self":[{"href":"https:\/\/www.fcpe78.fr\/cl\/sartrouville\/wp-json\/wp\/v2\/pages\/846"}],"collection":[{"href":"https:\/\/www.fcpe78.fr\/cl\/sartrouville\/wp-json\/wp\/v2\/pages"}],"about":[{"href":"https:\/\/www.fcpe78.fr\/cl\/sartrouville\/wp-json\/wp\/v2\/types\/page"}],"author":[{"embeddable":true,"href":"https:\/\/www.fcpe78.fr\/cl\/sartrouville\/wp-json\/wp\/v2\/users\/46"}],"replies":[{"embeddable":true,"href":"https:\/\/www.fcpe78.fr\/cl\/sartrouville\/wp-json\/wp\/v2\/comments?post=846"}],"version-history":[{"count":14,"href":"https:\/\/www.fcpe78.fr\/cl\/sartrouville\/wp-json\/wp\/v2\/pages\/846\/revisions"}],"predecessor-version":[{"id":2454,"href":"https:\/\/www.fcpe78.fr\/cl\/sartrouville\/wp-json\/wp\/v2\/pages\/846\/revisions\/2454"}],"up":[{"embeddable":true,"href":"https:\/\/www.fcpe78.fr\/cl\/sartrouville\/wp-json\/wp\/v2\/pages\/488"}],"wp:featuredmedia":[{"embeddable":true,"href":"https:\/\/www.fcpe78.fr\/cl\/sartrouville\/wp-json\/wp\/v2\/media\/1779"}],"wp:attachment":[{"href":"https:\/\/www.fcpe78.fr\/cl\/sartrouville\/wp-json\/wp\/v2\/media?parent=846"}],"wp:term":[{"taxonomy":"category","embeddable":true,"href":"https:\/\/www.fcpe78.fr\/cl\/sartrouville\/wp-json\/wp\/v2\/categories?post=846"},{"taxonomy":"post_tag","embeddable":true,"href":"https:\/\/www.fcpe78.fr\/cl\/sartrouville\/wp-json\/wp\/v2\/tags?post=846"}],"curies":[{"name":"wp","href":"https:\/\/api.w.org\/{rel}","templated":true}]}}