{"id":778,"date":"2024-09-19T12:44:31","date_gmt":"2024-09-19T10:44:31","guid":{"rendered":"http:\/\/www.fcpe78.fr\/cl\/sartrouville\/?page_id=778"},"modified":"2024-09-19T12:44:34","modified_gmt":"2024-09-19T10:44:34","slug":"role-des-parents-a-lecole","status":"publish","type":"page","link":"https:\/\/www.fcpe78.fr\/cl\/sartrouville\/dossiers-thematiques\/acteurs-de-la-vie-scolaire\/role-des-parents-a-lecole\/","title":{"rendered":"R\u00f4le des parents \u00e0 l&rsquo;\u00e9cole"},"content":{"rendered":"<p>Reconnu par des dispositions r\u00e9glementaires \u00e9nonc\u00e9es dans le Code de l&rsquo;\u00e9ducation, comment les parents s&rsquo;impliquent dans le suivi de la scolarit\u00e9 ?<\/p>\n<h3 id=\"edugouv-summary-item-3\">Le droit \u00e0 l&rsquo;information des parents garanti<\/h3>\n<p>Pour que les parents soient bien inform\u00e9s des r\u00e9sultats mais \u00e9galement du comportement scolaire de leurs enfants, sont mis en place :<\/p>\n<ul>\n<li style=\"text-align: left\"><strong>des r\u00e9unions<\/strong> chaque d\u00e9but d&rsquo;ann\u00e9e, pour les parents d&rsquo;\u00e9l\u00e8ves nouvellement inscrits avec le directeur d&rsquo;\u00e9cole et le chef d&rsquo;\u00e9tablissement<\/li>\n<li style=\"text-align: left\"><strong>des rencontres parents-enseignants au moins deux fois par an<\/strong>. Dans les coll\u00e8ges et lyc\u00e9es, l&rsquo;information sur l&rsquo;orientation est organis\u00e9e dans ce cadre<\/li>\n<li style=\"text-align: left\"><strong>une information r\u00e9guli\u00e8re<\/strong> \u00e0 destination des parents sur les r\u00e9sultats et le comportement scolaires de leurs enfants<\/li>\n<li style=\"text-align: left\"><strong>l&rsquo;obligation de r\u00e9pondre aux demandes d&rsquo;information et d&rsquo;entrevues pr\u00e9sent\u00e9es par les parents<\/strong><\/li>\n<li style=\"text-align: left\">un examen des conditions d&rsquo;organisation du <strong>dialogue parents-\u00e9cole<\/strong>, notamment \u00e0 l&rsquo;occasion de la premi\u00e8re r\u00e9union du conseil d&rsquo;\u00e9cole et du conseil d&rsquo;administration<\/li>\n<\/ul>\n<h4 id=\"edugouv-summary-item-3\"><a href=\"https:\/\/www.education.gouv.fr\/les-parents-l-ecole-9899#Au%20niveau%20d%C3%83%C2%A9partemental\" target=\"_blank\" rel=\"noopener\">Suivi de la scolarit\u00e9 par les parents<\/a><\/h4>\n<h3><img decoding=\"async\" loading=\"lazy\" class=\"alignleft  wp-image-337\" src=\"https:\/\/i0.wp.com\/www.fcpe78.fr\/cl\/sartrouville\/files\/2019\/05\/ob_300870_capture.jpg?resize=382%2C219&#038;ssl=1\" alt=\"\" width=\"382\" height=\"219\" srcset=\"https:\/\/i0.wp.com\/www.fcpe78.fr\/cl\/sartrouville\/files\/2019\/05\/ob_300870_capture.jpg?w=766&amp;ssl=1 766w, https:\/\/i0.wp.com\/www.fcpe78.fr\/cl\/sartrouville\/files\/2019\/05\/ob_300870_capture.jpg?resize=300%2C172&amp;ssl=1 300w\" sizes=\"(max-width: 382px) 100vw, 382px\" data-recalc-dims=\"1\" \/>Le r\u00f4le des associations de parents d&rsquo;\u00e9l\u00e8ves est reconnu<\/h3>\n<p>L&rsquo;importance du r\u00f4le des associations de parents d&rsquo;\u00e9l\u00e8ves est reconnue. Les associations de parents d\u00e9l\u00e8ves disposent du droit :<\/p>\n<ul>\n<li style=\"text-align: left\">d&rsquo;informer, de communiquer, de disposer de moyens mat\u00e9riels d&rsquo;action (bo\u00eetes aux lettres, panneaux d&rsquo;affichages, \u00e9ventuellement locaux)<\/li>\n<li style=\"text-align: left\">de diffuser des documents permettant de faire conna\u00eetre leur action<\/li>\n<li style=\"text-align: left\">d&rsquo;intervenir, pour les organisations repr\u00e9sent\u00e9es au conseil sup\u00e9rieur de l&rsquo;\u00e9ducation, au conseil acad\u00e9mique et au conseil d\u00e9partemental de l&rsquo;\u00e9ducation nationale, dans toutes les \u00e9coles et tous les \u00e9tablissements d&rsquo;enseignement publics<\/li>\n<\/ul>\n<h3>L&rsquo;exercice du mandat des repr\u00e9sentants des parents est facilit\u00e9<\/h3>\n<p>Les parents d&rsquo;\u00e9l\u00e8ves sont pleinement associ\u00e9s \u00e0 la vie de l&rsquo;\u00e9cole et de l&rsquo;\u00e9tablissement scolaire notamment en participant, par leurs repr\u00e9sentants, aux conseils d&rsquo;\u00e9cole et aux diff\u00e9rentes instances des \u00e9tablissements scolaires. Le d\u00e9cret permet aux repr\u00e9sentants des parents d&rsquo;\u00e9l\u00e8ves de mieux exercer leur mandat :<\/p>\n<ul>\n<li style=\"text-align: left\">les heures de r\u00e9union des conseils d&rsquo;\u00e9cole, d&rsquo;administration et de classe sont fix\u00e9es de mani\u00e8re \u00e0 permettre la repr\u00e9sentation des parents d&rsquo;\u00e9l\u00e8ves<\/li>\n<li style=\"text-align: left\">les repr\u00e9sentants des parents d&rsquo;\u00e9l\u00e8ves doivent disposer des informations n\u00e9cessaires \u00e0 l&rsquo;exercice de leur mandat<\/li>\n<li style=\"text-align: left\">ils ont le droit d&rsquo;informer et de rendre compte des travaux des instances dans lesquelles ils si\u00e8gent<\/li>\n<\/ul>\n","protected":false},"excerpt":{"rendered":"<p>Reconnu par des dispositions r\u00e9glementaires \u00e9nonc\u00e9es dans le Code de l&rsquo;\u00e9ducation, comment les parents s&rsquo;impliquent dans le suivi de la scolarit\u00e9 ? Le droit \u00e0 l&rsquo;information des parents garanti Pour <a class=\"more-link\" href=\"https:\/\/www.fcpe78.fr\/cl\/sartrouville\/dossiers-thematiques\/acteurs-de-la-vie-scolaire\/role-des-parents-a-lecole\/\">Lire plus &#8230;<\/a><\/p>\n","protected":false},"author":46,"featured_media":936,"parent":722,"menu_order":0,"comment_status":"closed","ping_status":"closed","template":"","meta":{"_seopress_robots_primary_cat":"","jetpack_post_was_ever_published":false},"categories":[32],"tags":[56,63],"jetpack_sharing_enabled":true,"jetpack_shortlink":"https:\/\/wp.me\/PaYu4P-cy","_links":{"self":[{"href":"https:\/\/www.fcpe78.fr\/cl\/sartrouville\/wp-json\/wp\/v2\/pages\/778"}],"collection":[{"href":"https:\/\/www.fcpe78.fr\/cl\/sartrouville\/wp-json\/wp\/v2\/pages"}],"about":[{"href":"https:\/\/www.fcpe78.fr\/cl\/sartrouville\/wp-json\/wp\/v2\/types\/page"}],"author":[{"embeddable":true,"href":"https:\/\/www.fcpe78.fr\/cl\/sartrouville\/wp-json\/wp\/v2\/users\/46"}],"replies":[{"embeddable":true,"href":"https:\/\/www.fcpe78.fr\/cl\/sartrouville\/wp-json\/wp\/v2\/comments?post=778"}],"version-history":[{"count":8,"href":"https:\/\/www.fcpe78.fr\/cl\/sartrouville\/wp-json\/wp\/v2\/pages\/778\/revisions"}],"predecessor-version":[{"id":2342,"href":"https:\/\/www.fcpe78.fr\/cl\/sartrouville\/wp-json\/wp\/v2\/pages\/778\/revisions\/2342"}],"up":[{"embeddable":true,"href":"https:\/\/www.fcpe78.fr\/cl\/sartrouville\/wp-json\/wp\/v2\/pages\/722"}],"wp:featuredmedia":[{"embeddable":true,"href":"https:\/\/www.fcpe78.fr\/cl\/sartrouville\/wp-json\/wp\/v2\/media\/936"}],"wp:attachment":[{"href":"https:\/\/www.fcpe78.fr\/cl\/sartrouville\/wp-json\/wp\/v2\/media?parent=778"}],"wp:term":[{"taxonomy":"category","embeddable":true,"href":"https:\/\/www.fcpe78.fr\/cl\/sartrouville\/wp-json\/wp\/v2\/categories?post=778"},{"taxonomy":"post_tag","embeddable":true,"href":"https:\/\/www.fcpe78.fr\/cl\/sartrouville\/wp-json\/wp\/v2\/tags?post=778"}],"curies":[{"name":"wp","href":"https:\/\/api.w.org\/{rel}","templated":true}]}}