{"id":766,"date":"2019-05-19T18:01:01","date_gmt":"2019-05-19T16:01:01","guid":{"rendered":"http:\/\/www.fcpe78.fr\/cl\/sartrouville\/?page_id=766"},"modified":"2023-11-26T23:57:32","modified_gmt":"2023-11-26T22:57:32","slug":"contacts-et-interactions-vie-scolaire-association-fcpe-ville-parents-deleves","status":"publish","type":"page","link":"https:\/\/www.fcpe78.fr\/cl\/sartrouville\/dossiers-thematiques\/acteurs-de-la-vie-scolaire\/contacts-et-interactions-vie-scolaire-association-fcpe-ville-parents-deleves\/","title":{"rendered":"Contacts et interactions vie scolaire, association FCPE, ville, parents d&rsquo;\u00e9l\u00e8ves, &#8230;"},"content":{"rendered":"<h2>L&rsquo;organisation, les acteurs et les instances en lien avec la vie scolaire<\/h2>\n<h2 style=\"text-align: left\"><span style=\"color: #800080\"><img decoding=\"async\" loading=\"lazy\" class=\"alignleft  wp-image-2337\" src=\"https:\/\/i0.wp.com\/www.fcpe78.fr\/cl\/sartrouville\/files\/2021\/04\/parents_ecole.jpg?resize=421%2C233&#038;ssl=1\" alt=\"\" width=\"421\" height=\"233\" srcset=\"https:\/\/i0.wp.com\/www.fcpe78.fr\/cl\/sartrouville\/files\/2021\/04\/parents_ecole.jpg?w=302&amp;ssl=1 302w, https:\/\/i0.wp.com\/www.fcpe78.fr\/cl\/sartrouville\/files\/2021\/04\/parents_ecole.jpg?resize=300%2C166&amp;ssl=1 300w\" sizes=\"(max-width: 421px) 100vw, 421px\" data-recalc-dims=\"1\" \/>En primaire et \u00e9l\u00e9mentaire<\/span><\/h2>\n<ul>\n<li style=\"text-align: left\">La mairie pr\u00e9side les commissions scolaires et les commissions des menus.<\/li>\n<li style=\"text-align: left\">Elle g\u00e8re les moyens des \u00e9coles (locaux, entretien&#8230;).<\/li>\n<\/ul>\n<h4 style=\"text-align: left\"><span style=\"color: #800080\">Quelles sont les sp\u00e9cificit\u00e9s des commissions ?<\/span><\/h4>\n<p style=\"text-align: left\">Ces commissions sont mises en place par la mairie (pas d&rsquo;obligation l\u00e9gale).<\/p>\n<p>La commission scolaire r\u00e9unit des repr\u00e9sentants de la mairie et des f\u00e9d\u00e9rations des parents d&rsquo;\u00e9l\u00e8ves de la ville. Cette commission ne se substitue pas aux conseils d&rsquo;\u00e9cole et traite de sujets g\u00e9n\u00e9riques sur les \u00e9coles maternelle\/\u00e9l\u00e9mentaire de l&rsquo;ensemble de la ville. On peut y aborder des sujets tels que la s\u00e9curit\u00e9 aux abords des \u00e9coles, l&rsquo;accueil p\u00e9riscolaire, l&rsquo;accueil sur le temps m\u00e9ridien&#8230;mais plut\u00f4t en ayant une vision d&rsquo;ensemble de la ville.<\/p>\n<p>La commission des menus r\u00e9unit des repr\u00e9sentants de la mairie, du prestataire qui pr\u00e9pare et fournit les repas (ELIOR), des repr\u00e9sentants des parents d&rsquo;\u00e9l\u00e8ves et de responsables de cantines\/directeurs afin notamment d&rsquo;examiner les menus \u00e0 venir et de faire un bilan des menus propos\u00e9s pr\u00e9c\u00e9demment, de ce qui fonctionne bien, des probl\u00e8mes rencontr\u00e9s&#8230;<\/p>\n<h4 style=\"text-align: left\"><span style=\"color: #800080\">Qui fait quoi ?<\/span><\/h4>\n<p style=\"text-align: left\">L&rsquo;\u00e9tude surveill\u00e9e : ce dispositif est propos\u00e9 par la mairie aux parents d&rsquo;enfants en \u00e9l\u00e9mentaire qui sont accueillis apr\u00e8s les cours de 16h30 \u00e0 18h00. L&rsquo;\u00e9tude est assur\u00e9e par des enseignants.<\/p>\n<p style=\"text-align: left\">Les accueils p\u00e9ri-scolaire (le matin, le soir et lors des vacances scolaires) : cet accueil est assur\u00e9e par l&rsquo;IFAC, via une d\u00e9l\u00e9gation de service public de la mairie (attribu\u00e9e apr\u00e8s appel d&rsquo;offres). Les lieux d&rsquo;accueil sont d\u00e9finis selon l&rsquo;\u00e9cole fr\u00e9quent\u00e9e par l&rsquo;enfant. Les enfants sont accueillis apr\u00e8s l&rsquo;\u00e9cole en maternelle et apr\u00e8s l&rsquo;\u00e9tude en \u00e9l\u00e9mentaire.<\/p>\n<p style=\"text-align: left\">La cantine \/ pause m\u00e9ridienne : dans les \u00e9coles maternelle et \u00e9l\u00e9mentaire, l&rsquo;organisation de la cantine est de la responsabilit\u00e9 de la mairie. Les repas sont pr\u00e9par\u00e9s dans une cantine centrale par une entreprise de restauration collective et livr\u00e9s dans les \u00e9coles. Les repas sont ensuite r\u00e9chauff\u00e9s sur place. Actuellement, c&rsquo;est Elior qui assure ce service de pr\u00e9paration des repas. Le personnel qui assure le service et l&rsquo;encadrement des enfants lors de la pause m\u00e9ridienne est employ\u00e9 par la mairie. Un responsable de cantine est nomm\u00e9 par \u00e9tablissement. En \u00e9cole maternelle, les ATSEM sont \u00e9galement sollicit\u00e9es pour assurer l&rsquo;encadrement des enfants.<\/p>\n<h2 style=\"text-align: left\"><span style=\"color: #800080\">Pour les coll\u00e8ges<\/span><\/h2>\n<p style=\"text-align: left\">Le d\u00e9partement assure certains services mutualis\u00e9s tels que la restauration et la protection des locaux<\/p>\n<p style=\"text-align: left\">Les \u00e9tablissements ont un budget de fonctionnement dont une faible partie permet de cr\u00e9er la diversit\u00e9 des activit\u00e9s et des options propos\u00e9es.<\/p>\n<p style=\"text-align: left\">\n<h2 style=\"text-align: left\"><span style=\"color: #800080\">Contacts utiles<\/span><\/h2>\n<h4><a href=\"http:\/\/www.clg-rolland-sartrouville.ac-versailles.fr\/\" target=\"_blank\" rel=\"noopener noreferrer\"><b>R\u00e9seau de R\u00e9ussite Scolaire<\/b><\/a><\/h4>\n<p style=\"text-align: left\">Coll\u00e8ge Romain-Rolland&nbsp;&nbsp;&nbsp;&nbsp; T\u00e9l. : 01 30 86 19 40.<\/p>\n<h4><a href=\"https:\/\/www.ac-versailles.fr\/cid106396\/c-sartrouville.html\" target=\"_blank\" rel=\"noopener noreferrer\"><b>C.I.O (<\/b>Centre d&rsquo;Information et d&rsquo;Orientation)<\/a><\/h4>\n<p>64, avenue Carnot&nbsp; T\u00e9l. : 01 61 04 41 60<\/p>\n<h4><a href=\"https:\/\/www.ien-sartrouville.ac-versailles.fr\/\" target=\"_blank\" rel=\"noopener noreferrer\"><b>Inspection de l&rsquo;Education Nationale pour les \u00e9coles maternelles et \u00e9l\u00e9mentaires<\/b><\/a><\/h4>\n<p style=\"text-align: left\">3 bis Place du Colonel-Fabien&nbsp;&nbsp; T\u00e9l : 01 39 23 62 36<\/p>\n<p style=\"text-align: left\">M\u00e9l. : <a class=\"mail\" title=\"Opens internal link in current window\">ce.0783233r(at)ac-versailles.fr<\/a><\/p>\n<h4><a href=\"http:\/\/www.ac-versailles.fr\" target=\"_blank\" rel=\"noopener noreferrer\"><b>Acad\u00e9mie de Versailles<\/b><\/a><\/h4>\n<p style=\"text-align: left\">3 Boulevard de Lesseps&nbsp; 78017 Versailles Cedex<\/p>\n<p style=\"text-align: left\">T\u00e9l. : 01 30 83 44 44\/<\/p>\n<h4><b>Centre Communal d&rsquo;Action Sociale<\/b><\/h4>\n<p style=\"text-align: left\">P\u00f4le Aides sociales&nbsp;&nbsp; Rue Henri-Dunant<\/p>\n<p style=\"text-align: left\">T\u00e9l. : 01 30 86 84 39<\/p>\n<h4><b>Dispositif de R\u00e9ussite \u00e9ducative<\/b><\/h4>\n<p style=\"text-align: left\">T\u00e9l. : 01 30 86 84 64<\/p>\n<h4><b>Direction des Services D\u00e9partementaux de l&rsquo;Education Nationale des Yvelines (DSDEN 78)<\/b><\/h4>\n<p style=\"text-align: left\">BP 100 78053 Saint-Quentin-en-Yvelines Cedex&nbsp;&nbsp;&nbsp; T\u00e9l. : 01 39 23 60 00.<\/p>\n","protected":false},"excerpt":{"rendered":"<p>L&rsquo;organisation, les acteurs et les instances en lien avec la vie scolaire En primaire et \u00e9l\u00e9mentaire La mairie pr\u00e9side les commissions scolaires et les commissions des menus. Elle g\u00e8re les <a class=\"more-link\" href=\"https:\/\/www.fcpe78.fr\/cl\/sartrouville\/dossiers-thematiques\/acteurs-de-la-vie-scolaire\/contacts-et-interactions-vie-scolaire-association-fcpe-ville-parents-deleves\/\">Lire plus &#8230;<\/a><\/p>\n","protected":false},"author":45,"featured_media":2337,"parent":722,"menu_order":0,"comment_status":"closed","ping_status":"closed","template":"","meta":{"_seopress_robots_primary_cat":"","jetpack_post_was_ever_published":false},"categories":[32,67],"tags":[],"jetpack_sharing_enabled":true,"jetpack_shortlink":"https:\/\/wp.me\/PaYu4P-cm","_links":{"self":[{"href":"https:\/\/www.fcpe78.fr\/cl\/sartrouville\/wp-json\/wp\/v2\/pages\/766"}],"collection":[{"href":"https:\/\/www.fcpe78.fr\/cl\/sartrouville\/wp-json\/wp\/v2\/pages"}],"about":[{"href":"https:\/\/www.fcpe78.fr\/cl\/sartrouville\/wp-json\/wp\/v2\/types\/page"}],"author":[{"embeddable":true,"href":"https:\/\/www.fcpe78.fr\/cl\/sartrouville\/wp-json\/wp\/v2\/users\/45"}],"replies":[{"embeddable":true,"href":"https:\/\/www.fcpe78.fr\/cl\/sartrouville\/wp-json\/wp\/v2\/comments?post=766"}],"version-history":[{"count":12,"href":"https:\/\/www.fcpe78.fr\/cl\/sartrouville\/wp-json\/wp\/v2\/pages\/766\/revisions"}],"predecessor-version":[{"id":3388,"href":"https:\/\/www.fcpe78.fr\/cl\/sartrouville\/wp-json\/wp\/v2\/pages\/766\/revisions\/3388"}],"up":[{"embeddable":true,"href":"https:\/\/www.fcpe78.fr\/cl\/sartrouville\/wp-json\/wp\/v2\/pages\/722"}],"wp:featuredmedia":[{"embeddable":true,"href":"https:\/\/www.fcpe78.fr\/cl\/sartrouville\/wp-json\/wp\/v2\/media\/2337"}],"wp:attachment":[{"href":"https:\/\/www.fcpe78.fr\/cl\/sartrouville\/wp-json\/wp\/v2\/media?parent=766"}],"wp:term":[{"taxonomy":"category","embeddable":true,"href":"https:\/\/www.fcpe78.fr\/cl\/sartrouville\/wp-json\/wp\/v2\/categories?post=766"},{"taxonomy":"post_tag","embeddable":true,"href":"https:\/\/www.fcpe78.fr\/cl\/sartrouville\/wp-json\/wp\/v2\/tags?post=766"}],"curies":[{"name":"wp","href":"https:\/\/api.w.org\/{rel}","templated":true}]}}