{"id":740,"date":"2019-05-18T14:26:31","date_gmt":"2019-05-18T12:26:31","guid":{"rendered":"http:\/\/www.fcpe78.fr\/cl\/sartrouville\/?page_id=740"},"modified":"2021-04-05T08:31:08","modified_gmt":"2021-04-05T06:31:08","slug":"maternelle-livret-accueil-petite-section","status":"publish","type":"page","link":"https:\/\/www.fcpe78.fr\/cl\/sartrouville\/dossiers-thematiques\/en-primaire\/maternelle-livret-accueil-petite-section\/","title":{"rendered":"Maternelle : livret d&rsquo;accueil petite section"},"content":{"rendered":"<p><em>(source maternelle Langevin 2018)<\/em><\/p>\n<h3>LIVRET D&rsquo;ACCUEIL DES ELEVES DE PETITE SECTION<\/h3>\n<p><img decoding=\"async\" loading=\"lazy\" class=\"size-medium wp-image-744 alignleft\" src=\"https:\/\/i0.wp.com\/www.fcpe78.fr\/cl\/sartrouville\/files\/2019\/05\/accueil-petite-section.png?resize=300%2C210&#038;ssl=1\" alt=\"\" width=\"300\" height=\"210\" srcset=\"https:\/\/i0.wp.com\/www.fcpe78.fr\/cl\/sartrouville\/files\/2019\/05\/accueil-petite-section.png?resize=300%2C210&amp;ssl=1 300w, https:\/\/i0.wp.com\/www.fcpe78.fr\/cl\/sartrouville\/files\/2019\/05\/accueil-petite-section.png?w=494&amp;ssl=1 494w\" sizes=\"(max-width: 300px) 100vw, 300px\" data-recalc-dims=\"1\" \/>La mission de l&rsquo;\u00e9cole maternelle est de donner envie \u00e0 chaque enfant d&rsquo;aller \u00e0 l&rsquo;\u00e9cole pour apprendre, affirmer et \u00e9panouir sa personnalit\u00e9.<\/p>\n<p><i>C<\/i>&lsquo;est un lieu d&rsquo;apprentissage qui implique une fr\u00e9quentation r\u00e9guli\u00e8re et le respect des horaires pour que l&rsquo;enfant s&rsquo;adapte et progresse.<\/p>\n<p>L&rsquo;\u00e9cole maternelle est diff\u00e9rente de la cr\u00e8che ou de la halte garderie.<\/p>\n<p><i>Sp\u00e9cifiquement centr\u00e9e <\/i><i>sur <\/i><i>le <\/i><i>d\u00e9veloppement <\/i><i>affectif<\/i><i>, <\/i><i>social<\/i><i>, <\/i><i>sensoriel<\/i><i>, <\/i><i>moteur <\/i><i>et <\/i><i>cognitif <\/i><i>de <\/i><i>l<\/i><i>&lsquo;<\/i><i>enfant<\/i><i>, <\/i><i>l<\/i><i>&lsquo;<\/i><i>\u00e9cole <\/i><i>maternelle <\/i><i>propose <\/i><i>une <\/i><i>p\u00e9dag<\/i><i>o<\/i><i>gie <\/i><i>adapt\u00e9e <\/i><i>\u00e0 <\/i><i>l<\/i><i>&lsquo;<\/i><i>\u00e2ge <\/i><i>des <\/i><i>enfants <\/i><i>pour <\/i><i>les <\/i><i>pr\u00e9<\/i><i>parer <\/i><i>de <\/i><i>m<\/i><i>ani\u00e8re <\/i><i>progressive <\/i><i>aux <\/i><i>a<\/i><i>pprentiss<\/i><i>a<\/i><i>g<\/i><i>es <\/i><i>f<\/i><i>ondamentaux <\/i><i>dispens\u00e9s <\/i><i>\u00e0 <\/i><i>l<\/i><i>&lsquo;<\/i><i>\u00e9cole <\/i><i>\u00e9l\u00e9mentaire <\/i><i>et <\/i><i>jou<\/i><i>e<\/i><i>r <\/i><i>le <\/i><i>r\u00f4le <\/i><i>majeur <\/i><i>qui <\/i><i>doit <\/i><i>\u00eatre <\/i><i>le <\/i><i>sien <\/i><i>dans <\/i><i>la <\/i><i>pr\u00e9vention <\/i><i>des <\/i><i>difficult\u00e9s <\/i><i>scolaires <\/i><i>et <\/i><i>la <\/i><i>r\u00e9duction <\/i><i>des <\/i><i>in\u00e9galit\u00e9s<\/i><i>. <\/i><i>(<\/i><i>Circulaire <\/i><i>n\u00b0 <\/i><i>2013<\/i><i>-060 <\/i><i>du <\/i><i>10<\/i><i>&#8211;<\/i><i>4<\/i><i>&#8211;<\/i><i>2013<\/i><i>) <\/i><\/p>\n<h3>Pr\u00e9parer au mieux l&rsquo;organisation de la rentr\u00e9e<\/h3>\n<p>Accompagner vous-m\u00eame si possible votre enfant les premiers jours de classe ; marquer ses v\u00eatements \u00e0 son nom ; pr\u00e9voir une solution pour venir rapidement chercher l&rsquo;enfant en cas de probl\u00e8me; (\u00e0 l&rsquo;\u00e9cole, on ne peut pas donner de m\u00e9dicaments; un enfant qui a de la fi\u00e8vre ou qui ne se sent pas bien a du mal \u00e0 supporter la collectivit\u00e9.<i>) <\/i><\/p>\n<p>Penser \u00e0 apporter un objet auquel il est attach\u00e9 (doudou, t\u00e9tine) pour l&rsquo;aider \u00e0 faire le lien entre la maison et l&rsquo;\u00e9cole. Pr\u00e9voir un petit sac marqu\u00e9 \u00e0 son nom pour le ranger et mettre un change un cas \u00ab d&rsquo;accident \u00bb; v\u00eatements adapt\u00e9s \u00e0 l&rsquo;\u00e9cole : chaussures \u00e0 scratch, pas de salopette, ceinture, bretelles, robe longues&#8230; Les enfants font de la motricit\u00e9 tous les jours et apprennent \u00e0 s&rsquo;habiller seuls apr\u00e8s la sieste.<\/p>\n<p><strong>Accueil et rentr\u00e9e <\/strong><b>: <\/b>La premi\u00e8re rentr\u00e9e scolaire repr\u00e9sente pour le petit enfant la premi\u00e8re s\u00e9paration avec le milieu familial. Il perd ses rep\u00e8res habituels et d\u00e9couvre de nouveaux espaces, une nouvelle organisation du temps, d&rsquo;autres enfants et des adultes diff\u00e9rents. Une rentr\u00e9e durant laquelle vous pourrez <i>v<\/i>ous attarder en classe les premiers jours lui permettra de se sentir plus en confiance dans ce nouveau lieu de vie.<\/p>\n<p><strong>L&rsquo;accueil<\/strong> : <i>e<\/i><i>n <\/i><i>arrivant <\/i><i>le <\/i><i>mat<\/i><i>in <\/i><i>dan<\/i><i>s <\/i><i>ma <\/i><i>classe<\/i><i>, <\/i><i>j<\/i><i>&lsquo;<\/i><i>acc<\/i><i>r<\/i><i>oche <\/i><i>mo<\/i><i>n <\/i><i>manteau <\/i><i>\u00e0 <\/i><i>m<\/i><i>on <\/i><i>porte <\/i><i>manteau<\/i><i>. <\/i><\/p>\n<p><i>Ensuite<\/i><i>, <\/i><i>je <\/i><i>d<\/i><i>is <\/i><i>bonjour <\/i><i>\u00e0 <\/i><i>la <\/i><i>ma\u00eetres<\/i><i>s<\/i><i>e <\/i><i>et <\/i><i>\u00e0 <\/i><i>l<\/i><i>&lsquo;<\/i><i>ATSEM <\/i><i>; <\/i><i>je <\/i><i>peux <\/i><i>al<\/i><i>o<\/i><i>rs <\/i><i>dessiner<\/i><i>, <\/i><i>jouer<\/i><i>, <\/i><i>regar<\/i><i>der <\/i><i>des <\/i><i>liv<\/i><i>res<\/i><i>, <\/i><i>discu<\/i><i>te<\/i><i>r <\/i><i>avec <\/i><i>mes <\/i><i>c<\/i><i>opain<\/i><i>s<\/i><i>, <\/i><i>la <\/i><i>m<\/i><i>a\u00eetresse<\/i><i>, <\/i><i>l<\/i><i>ATSEM<\/i><i>, <\/i><i>profi<\/i><i>ter <\/i><i>de <\/i><i>moments <\/i><i>calmes <\/i><i>pour <\/i><i>me <\/i><i>r\u00e9veiller <\/i><i>en <\/i><i>douceur<\/i><i>.<\/i><i>.<\/i><i>. <\/i><\/p>\n<p><b>L<\/b><b>es <\/b><b>temps <\/b><b>d<\/b><b>&lsquo;<\/b><b>apprentissage <\/b>: <i>av<\/i><i>ec <\/i><i>la <\/i><i>ma\u00eetresse<\/i><i>, <\/i><i>tout <\/i><i>en <\/i><i>gardant <\/i><i>la <\/i><i>possibilit\u00e9 <\/i><i>de <\/i><i>jo<\/i><i>uer <\/i><i>et <\/i><i>de <\/i><i>me repo<\/i><i>se<\/i><i>r<\/i><i>, <\/i><i>j<\/i><i>&lsquo;<\/i><i>apprends <\/i><i>tous <\/i><i>les <\/i><i>jo<\/i><i>ur<\/i><i>s<\/i><i>..<\/i><i>. <\/i><i>\u00e0 <\/i><i>mieux <\/i><i>parler<\/i><i>, <\/i><\/p>\n<h4><strong>Domaine d&rsquo;apprentissage* : MOBILISER LE LANGAGE DANS TOUTES SES DIMENSIONS : L&rsquo;ORAL<\/strong><\/h4>\n<p>La p\u00e9riode qui va de 2 \u00e0 3 ans correspond \u00e0 un d\u00e9veloppement important du vocabulaire. Les enfants des classes de petits ont besoin qu&rsquo;on leur parle pour d\u00e9crire ce qui se passe, ce qu&rsquo;ils exp\u00e9rimentent et ce qu&rsquo;ils ressentent.<\/p>\n<p><i>Tout <\/i><i>au <\/i><i>long <\/i><i>de <\/i><i>l<\/i><i>a <\/i><i>j<\/i><i>ourn\u00e9e<\/i><i>, <\/i><i>l<\/i><i>&lsquo;<\/i><i>e<\/i><i>n<\/i><i>seignante <\/i><i>m<\/i><i>&lsquo;<\/i><i>aide <\/i><i>\u00e0 <\/i><i>co<\/i><i>nstruire <\/i><i>des <\/i><i>ph<\/i><i>ras<\/i><i>es <\/i><i>sim<\/i><i>p<\/i><i>les<\/i><i>, <\/i><i>\u00e0 <\/i><i>pronon<\/i><i>cer <\/i><i>co<\/i><i>rrectem<\/i><i>ent<\/i><i>, <\/i><i>et <\/i><i>\u00e0 <\/i><i>a<\/i><i>pp<\/i><i>ren<\/i><i>dre <\/i><i>des <\/i><i>mots <\/i><i>nouveau<\/i><i>x<\/i><i>. <\/i><i>J<\/i><i>&lsquo;<\/i><i>appre<\/i><i>nds <\/i><i>aussi <\/i><i>de <\/i><i>nombreuses <\/i><i>comptines <\/i><i>et <\/i><i>chansons<\/i><i>. <\/i><\/p>\n<h4><strong>Domaine d&rsquo;apprentissage* : MOBILISER LE LANGAGE DANS TOUTES SES DIMENSIONS : L&rsquo;ECRIT<\/strong><\/h4>\n<p>L&rsquo;entr\u00e9e dans le monde de l&rsquo;\u00e9crit commence par une impr\u00e9gnation d\u00e8s le plus jeune \u00e2ge. La fr\u00e9quentation r\u00e9guli\u00e8re du coin lecture, guid\u00e9e par l&rsquo;enseignante permet au jeune enfant d&rsquo;aller vers des livres, de les d\u00e9couvrir et de les manipuler.<\/p>\n<p><i>Dans <\/i><i>le <\/i><i>coin <\/i><i>biblioth\u00e8<\/i><i>q<\/i><i>ue<\/i><i>, <\/i><i>ass<\/i><i>is <\/i><i>confortablem<\/i><i>ent<\/i><i>, <\/i><i>je d<\/i><i>\u00e9couvre <\/i><i>et <\/i><i>manipule de <\/i><i>nombreux <\/i><i>liv<\/i><i>r<\/i><i>es<\/i><i>. <\/i><i>A<\/i><i>vec <\/i><i>mes <\/i><i>camarade<\/i><i>s<\/i><i>, <\/i><i>j<\/i><i>&lsquo;\u00e9coute <\/i><i>ma <\/i><i>ma\u00eetresse <\/i><i>qui <\/i><i>nous <\/i><i>raconte <\/i><i>des <\/i><i>histoires<\/i><i>. <\/i><\/p>\n<h4><strong>Domaine d&rsquo;apprentissage* : <i>CO<\/i>NSTRUIRE LES PRE<i>M<\/i>IERS OUTILS POUR STRUCTURER S<i>A <\/i><\/strong><b>PENSEE <\/b><\/h4>\n<p>&#8211; EXPLORER LE <i>M<\/i>ONDE <i>J<\/i><i>&lsquo;<\/i><i>apprends <\/i><i>tous <\/i><i>les <\/i><i>jo<\/i><i>urs<\/i><i>.<\/i><i>.<\/i><i>. <\/i><i>\u00e0 <\/i><i>fai<\/i><i>r<\/i><i>e <\/i><i>des <\/i><i>d\u00e9couvertes<\/i><i>, <\/i><i>\u00e0 <\/i><i>exp\u00e9rimen<\/i><i>ter <\/i><i>et <\/i><i>\u00e0 <\/i><i>devenir <\/i><i>de <\/i><i>plus <\/i><i>en <\/i><i>plus <\/i><i>curieux<\/i><i>. <\/i><\/p>\n<p>L&rsquo;enfant d\u00e9couvre le monde qui l&rsquo;entoure : il observe, pose des <i>q<\/i>uestions, manipule. <i>L<\/i><i>&lsquo;enseignante <\/i><i>m<\/i><i>&lsquo;<\/i><i>aide <\/i><i>\u00e0 <\/i><i>r<\/i><i>ec<\/i><i>o<\/i><i>nna\u00eetre<\/i><i>, <\/i><i>nomm<\/i><i>er <\/i><i>les <\/i><i>obj<\/i><i>e<\/i><i>ts <\/i><i>qui <\/i><i>m<\/i><i>&lsquo;<\/i><i>entou<\/i><i>r<\/i><i>ent <\/i><i>et <\/i><i>\u00e0 <\/i><i>p<\/i><i>rendre <\/i><i>connaissance <\/i><i>des <\/i><i>propri\u00e9t\u00e9s <\/i><i>de <\/i><i>ces <\/i><i>objets <\/i><i>p<\/i><i>ar <\/i><i>l<\/i><i>a <\/i><i>v<\/i><i>ue <\/i><i>(<\/i><i>couleur<\/i><i>, <\/i><i>taille<\/i><i>, <\/i><i>form<\/i><i>e<\/i><i>)<\/i><i>, <\/i><i>pa<\/i><i>r <\/i><i>l<\/i><i>&lsquo;<\/i><i>ouie <\/i><i>(sonneries<\/i><i>, <\/i><i>clochettes<\/i><i>.<\/i><i>..<\/i><i>)<\/i><i>, <\/i><i>par <\/i><i>l<\/i><i>e <\/i><i>toucher (<\/i><i>doux<\/i><i>, <\/i><i>dur<\/i><i>, <\/i><i>chaud<\/i><i>, <\/i><i>froid<\/i><i>.<\/i><i>..<\/i><i>)<\/i><i>. <\/i><i>L<\/i><i>&lsquo;<\/i><i>apprentissage <\/i><i>de <\/i><i>la <\/i><i>suite <\/i><i>des <\/i><i>nombres <\/i><i>se <\/i><i>fait <\/i><i>par <\/i><i>de<\/i><i>s <\/i><i>comptines <\/i><i>et <\/i><i>d<\/i><i>e<\/i><i>s <\/i><i>jeux<\/i><i>. <\/i><i>J<\/i><i>&lsquo;<\/i><i>apprends <\/i><i>aus<\/i><i>si <\/i><i>\u00e0 <\/i><i>me <\/i><i>rep<\/i><i>\u00e9<\/i><i>rer <\/i><i>dans <\/i><i>le temps <\/i><i>et <\/i><i>dans <\/i><i>l<\/i><i>&lsquo;<\/i><i>espace <\/i><i>(<\/i><i>la classe, <\/i><i>l<\/i><i>&lsquo;<\/i><i>\u00e9col<\/i><i>e<\/i><i>). <\/i><\/p>\n<h4><strong>Domaine d&rsquo;apprentissage* : AGIR, S&rsquo;EXPRIMER<i>, COM<\/i>PRENDRE A TRAVERS L<i>&lsquo;<\/i>A<i>C<\/i>TIVITE PHYSIQUE<\/strong><\/h4>\n<p><i>J&rsquo;apprends <\/i><i>tous le<\/i><i>s j<\/i><i>ours<\/i><i>.<\/i><i>.<\/i><i>. \u00e0 <\/i><i>g<\/i><i>rim<\/i><i>per, sauter<\/i><i>, r<\/i><i>amper, cour<\/i><i>ir, \u00e0 f<\/i><i>air<\/i><i>e des rond<\/i><i>es, <\/i><i>utiliser <\/i><i>de<\/i><i>s ball<\/i><i>ons<\/i><i>, <\/i><i>des <\/i><i>cercea<\/i><i>ux<\/i><i>, <\/i><i>de<\/i><i>s ru<\/i><i>ban<\/i><i>s&#8230; <\/i><\/p>\n<p>Les besoins de mouvement des petits sont importants : sauter, courir, grimper, p\u00e9daler sur un tricycle, pousser ou tra\u00eener de gros objets, se balancer, lancer une balle ou shooter dans un ballon. <i>Avec l&rsquo;aide de l&rsquo;enseignante, chaque <\/i><i>jou<\/i><i>r, je me d\u00e9place, par exemple, sur un parcours pour <\/i><i>sa<\/i><i>ute<\/i><i>r, r<\/i><i>amper<\/i><i>, m&rsquo;\u00e9quilibrer, escalad<\/i><i>er&#8230;, <\/i><i>je <\/i><i>pa<\/i><i>rticipe <\/i><i>\u00e0 des je<\/i><i>ux collectifs et g<\/i><i>r\u00e2<\/i><i>ce aux <\/i><i>rondes et \u00e0 la d<\/i><i>an<\/i><i>se, je fais bouger mon corps en suivant des rythmes et des m\u00e9lodies. <\/i><\/p>\n<h4><strong>Domaine d&rsquo;apprentissage* : AGIR, S&rsquo;EXPRIMER, <i>CO<\/i><i>M<\/i>PRENDRE A TRAVERS LES ACTI<i>V<\/i>ITES ARTISTIQUES<\/strong><\/h4>\n<p><i>J&rsquo;apprends tous l<\/i><i>es <\/i><i>jour<\/i><i>s<\/i><i>&#8230; <\/i><i>\u00e0 <\/i><i>cha<\/i><i>nter<\/i><i>, <\/i><i>\u00e0 <\/i><i>p<\/i><i>e<\/i><i>in<\/i><i>d<\/i><i>r<\/i><i>e en <\/i><i>utili<\/i><i>san<\/i><i>t <\/i><i>des m<\/i><i>at\u00e9riau<\/i><i>x et des <\/i><i>supp<\/i><i>or<\/i><i>ts vari\u00e9s&#8230; <\/i><\/p>\n<p>Dans le domaine des activit\u00e9s artistiques, les jeunes enfants \u00e9prouvent du plaisir lorsqu&rsquo;ils cr\u00e9ent des formes, des couleurs, des sons, des rythmes. <i>Cha<\/i><i>q<\/i><i>ue <\/i><i>jour, sur d<\/i><i>e grandes fe<\/i><i>ui<\/i><i>lles, j&rsquo;apprends \u00e0 lai<\/i><i>sse<\/i><i>r <\/i><i>d<\/i><i>es empreintes de mes mains, d&rsquo;objets divers, \u00e0 laisser des traces avec les doigts ou des outils vari\u00e9s (rouleaux, \u00e9<\/i><i>p<\/i><i>onges, pei<\/i><i>gn<\/i><i>es, <\/i><i>b<\/i><i>r<\/i><i>os<\/i><i>ses&#8230;) e<\/i><i>t <\/i><i>\u00e0 dire ce que je ressens car je suis \u00e9tonn\u00e9 par c<\/i><i>e qu<\/i><i>e j&rsquo;ai produit. J&rsquo;apprends aussi des comptines, des chansons et des jeux de doigts en jouant avec ma voix. <\/i><\/p>\n<h4><strong>Les temps de r\u00e9cr\u00e9ation <\/strong><i><strong>:<\/strong> <\/i><\/h4>\n<p><i>je peux jouer avec les copains \u00e0 des jeux invent\u00e9s, au tob<\/i><i>ogg<\/i><i>an, <\/i><i>faire du v\u00e9lo&#8230;. <\/i><\/p>\n<h4><strong>A midi,<\/strong><\/h4>\n<p><i>je mange \u00e0 la maison ou \u00e0 la cantine. <\/i><\/p>\n<h4><strong>Les temps de repos <\/strong><i><strong>:<\/strong> <\/i><\/h4>\n<p><i>s<\/i><i>i je <\/i><i>r<\/i><i>este \u00e0 l&rsquo;\u00e9cole toute la jour<\/i><i>n\u00e9<\/i><i>e, je n&rsquo;oublie pas mon doudou et ma t\u00e9tine, si j&rsquo;en ai be<\/i><i>s<\/i><i>oin. Je le (la) d\u00e9pose dans un petit sac ou un panier. Je me repose au dortoir et ensuite, je m&rsquo;habille. <\/i><i>Apr\u00e8s la sieste, je retourne dans la classe puis, ma journ\u00e9e d&rsquo;\u00e9cole est termin\u00e9e. <\/i><\/p>\n<p>&nbsp;<\/p>\n<p><strong><i>*Le programme de l&rsquo;\u00e9cole maternelle (BO N\u00b02 du 26 mars 2015<\/i><\/strong><i><strong>)<\/strong> <\/i><\/p>\n","protected":false},"excerpt":{"rendered":"<p>(source maternelle Langevin 2018) LIVRET D&rsquo;ACCUEIL DES ELEVES DE PETITE SECTION La mission de l&rsquo;\u00e9cole maternelle est de donner envie \u00e0 chaque enfant d&rsquo;aller \u00e0 l&rsquo;\u00e9cole pour apprendre, affirmer et <a class=\"more-link\" href=\"https:\/\/www.fcpe78.fr\/cl\/sartrouville\/dossiers-thematiques\/en-primaire\/maternelle-livret-accueil-petite-section\/\">Lire plus &#8230;<\/a><\/p>\n","protected":false},"author":46,"featured_media":0,"parent":567,"menu_order":0,"comment_status":"closed","ping_status":"closed","template":"","meta":{"_seopress_robots_primary_cat":"","jetpack_post_was_ever_published":false},"categories":[32,6],"tags":[],"jetpack_sharing_enabled":true,"jetpack_shortlink":"https:\/\/wp.me\/PaYu4P-bW","_links":{"self":[{"href":"https:\/\/www.fcpe78.fr\/cl\/sartrouville\/wp-json\/wp\/v2\/pages\/740"}],"collection":[{"href":"https:\/\/www.fcpe78.fr\/cl\/sartrouville\/wp-json\/wp\/v2\/pages"}],"about":[{"href":"https:\/\/www.fcpe78.fr\/cl\/sartrouville\/wp-json\/wp\/v2\/types\/page"}],"author":[{"embeddable":true,"href":"https:\/\/www.fcpe78.fr\/cl\/sartrouville\/wp-json\/wp\/v2\/users\/46"}],"replies":[{"embeddable":true,"href":"https:\/\/www.fcpe78.fr\/cl\/sartrouville\/wp-json\/wp\/v2\/comments?post=740"}],"version-history":[{"count":7,"href":"https:\/\/www.fcpe78.fr\/cl\/sartrouville\/wp-json\/wp\/v2\/pages\/740\/revisions"}],"predecessor-version":[{"id":1007,"href":"https:\/\/www.fcpe78.fr\/cl\/sartrouville\/wp-json\/wp\/v2\/pages\/740\/revisions\/1007"}],"up":[{"embeddable":true,"href":"https:\/\/www.fcpe78.fr\/cl\/sartrouville\/wp-json\/wp\/v2\/pages\/567"}],"wp:attachment":[{"href":"https:\/\/www.fcpe78.fr\/cl\/sartrouville\/wp-json\/wp\/v2\/media?parent=740"}],"wp:term":[{"taxonomy":"category","embeddable":true,"href":"https:\/\/www.fcpe78.fr\/cl\/sartrouville\/wp-json\/wp\/v2\/categories?post=740"},{"taxonomy":"post_tag","embeddable":true,"href":"https:\/\/www.fcpe78.fr\/cl\/sartrouville\/wp-json\/wp\/v2\/tags?post=740"}],"curies":[{"name":"wp","href":"https:\/\/api.w.org\/{rel}","templated":true}]}}