{"id":722,"date":"2019-05-17T02:26:40","date_gmt":"2019-05-17T00:26:40","guid":{"rendered":"http:\/\/www.fcpe78.fr\/cl\/sartrouville\/?page_id=722"},"modified":"2021-04-05T08:26:48","modified_gmt":"2021-04-05T06:26:48","slug":"acteurs-de-la-vie-scolaire","status":"publish","type":"page","link":"https:\/\/www.fcpe78.fr\/cl\/sartrouville\/dossiers-thematiques\/acteurs-de-la-vie-scolaire\/","title":{"rendered":"Acteurs de la vie scolaire"},"content":{"rendered":"\n<!-- Page-list plugin v.5.6 wordpress.org\/plugins\/page-list\/ -->\n<ul class=\"page-list subpages-page-list \">\n<li class=\"page_item page-item-766\"><a href=\"https:\/\/www.fcpe78.fr\/cl\/sartrouville\/dossiers-thematiques\/acteurs-de-la-vie-scolaire\/contacts-et-interactions-vie-scolaire-association-fcpe-ville-parents-deleves\/\">Contacts et interactions vie scolaire, association FCPE, ville, parents d&rsquo;\u00e9l\u00e8ves, &#8230;<\/a><\/li>\n<li class=\"page_item page-item-1134\"><a href=\"https:\/\/www.fcpe78.fr\/cl\/sartrouville\/dossiers-thematiques\/acteurs-de-la-vie-scolaire\/elections-des-representants-des-parents-deleves\/\">Elections des repr\u00e9sentants des parents d&rsquo;\u00e9l\u00e8ves<\/a><\/li>\n<li class=\"page_item page-item-1979\"><a href=\"https:\/\/www.fcpe78.fr\/cl\/sartrouville\/dossiers-thematiques\/acteurs-de-la-vie-scolaire\/la-vie-a-lecole-primaire\/\">La vie \u00e0 l&rsquo;\u00e9cole primaire<\/a><\/li>\n<li class=\"page_item page-item-576\"><a href=\"https:\/\/www.fcpe78.fr\/cl\/sartrouville\/dossiers-thematiques\/acteurs-de-la-vie-scolaire\/le-guide-du-delegue-de-classe\/\">Le guide du d\u00e9l\u00e9gu\u00e9 de classe<\/a><\/li>\n<li class=\"page_item page-item-696\"><a href=\"https:\/\/www.fcpe78.fr\/cl\/sartrouville\/dossiers-thematiques\/acteurs-de-la-vie-scolaire\/les-acteurs-du-systeme-educatif\/\">Les acteurs du syst\u00e8me \u00e9ducatif<\/a><\/li>\n<li class=\"page_item page-item-539\"><a href=\"https:\/\/www.fcpe78.fr\/cl\/sartrouville\/dossiers-thematiques\/acteurs-de-la-vie-scolaire\/les-representants-de-parents-deleves\/\">Les repr\u00e9sentants de Parents d&rsquo;\u00e9l\u00e8ves<\/a><\/li>\n<li class=\"page_item page-item-778\"><a href=\"https:\/\/www.fcpe78.fr\/cl\/sartrouville\/dossiers-thematiques\/acteurs-de-la-vie-scolaire\/role-des-parents-a-lecole\/\">R\u00f4le des parents \u00e0 l&rsquo;\u00e9cole<\/a><\/li>\n\n<\/ul>\n","protected":false},"excerpt":{"rendered":"","protected":false},"author":46,"featured_media":0,"parent":488,"menu_order":0,"comment_status":"closed","ping_status":"closed","template":"","meta":{"_seopress_robots_primary_cat":"","jetpack_post_was_ever_published":false},"categories":[32],"tags":[],"jetpack_sharing_enabled":true,"jetpack_shortlink":"https:\/\/wp.me\/PaYu4P-bE","_links":{"self":[{"href":"https:\/\/www.fcpe78.fr\/cl\/sartrouville\/wp-json\/wp\/v2\/pages\/722"}],"collection":[{"href":"https:\/\/www.fcpe78.fr\/cl\/sartrouville\/wp-json\/wp\/v2\/pages"}],"about":[{"href":"https:\/\/www.fcpe78.fr\/cl\/sartrouville\/wp-json\/wp\/v2\/types\/page"}],"author":[{"embeddable":true,"href":"https:\/\/www.fcpe78.fr\/cl\/sartrouville\/wp-json\/wp\/v2\/users\/46"}],"replies":[{"embeddable":true,"href":"https:\/\/www.fcpe78.fr\/cl\/sartrouville\/wp-json\/wp\/v2\/comments?post=722"}],"version-history":[{"count":2,"href":"https:\/\/www.fcpe78.fr\/cl\/sartrouville\/wp-json\/wp\/v2\/pages\/722\/revisions"}],"predecessor-version":[{"id":728,"href":"https:\/\/www.fcpe78.fr\/cl\/sartrouville\/wp-json\/wp\/v2\/pages\/722\/revisions\/728"}],"up":[{"embeddable":true,"href":"https:\/\/www.fcpe78.fr\/cl\/sartrouville\/wp-json\/wp\/v2\/pages\/488"}],"wp:attachment":[{"href":"https:\/\/www.fcpe78.fr\/cl\/sartrouville\/wp-json\/wp\/v2\/media?parent=722"}],"wp:term":[{"taxonomy":"category","embeddable":true,"href":"https:\/\/www.fcpe78.fr\/cl\/sartrouville\/wp-json\/wp\/v2\/categories?post=722"},{"taxonomy":"post_tag","embeddable":true,"href":"https:\/\/www.fcpe78.fr\/cl\/sartrouville\/wp-json\/wp\/v2\/tags?post=722"}],"curies":[{"name":"wp","href":"https:\/\/api.w.org\/{rel}","templated":true}]}}