{"id":717,"date":"2019-05-17T01:44:55","date_gmt":"2019-05-16T23:44:55","guid":{"rendered":"http:\/\/www.fcpe78.fr\/cl\/sartrouville\/?page_id=717"},"modified":"2019-06-04T23:58:41","modified_gmt":"2019-06-04T21:58:41","slug":"mon-avis","status":"publish","type":"page","link":"https:\/\/www.fcpe78.fr\/cl\/sartrouville\/mon-avis\/","title":{"rendered":"Mon avis"},"content":{"rendered":"<h3 class=\"gform_title\">Vos retours nous aident \u00e0 progresser !<\/h3>\n<h3 class=\"gform_title\"><img decoding=\"async\" loading=\"lazy\" class=\" wp-image-817 alignleft\" src=\"https:\/\/i0.wp.com\/www.fcpe78.fr\/cl\/sartrouville\/files\/2019\/06\/smiley-pouces.png?resize=76%2C76&#038;ssl=1\" alt=\"\" width=\"76\" height=\"76\" srcset=\"https:\/\/i0.wp.com\/www.fcpe78.fr\/cl\/sartrouville\/files\/2019\/06\/smiley-pouces.png?resize=150%2C150&amp;ssl=1 150w, https:\/\/i0.wp.com\/www.fcpe78.fr\/cl\/sartrouville\/files\/2019\/06\/smiley-pouces.png?resize=200%2C200&amp;ssl=1 200w\" sizes=\"(max-width: 76px) 100vw, 76px\" data-recalc-dims=\"1\" \/><\/h3>\n<p><span class=\"gform_description\">Vou<\/span><span class=\"gform_description\">s avez une remarque \u00e0 faire concernant le contenu du site. Des suggestions pour l&rsquo;am\u00e9liorer, <\/span><span class=\"gform_description\">une <\/span><span class=\"gform_description\">er<\/span><span class=\"gform_description\">reu<\/span><span class=\"gform_description\">r \u00e0 sig<\/span><span class=\"gform_description\">naler,&#8230; utilisez le formulaire ci-dessous.<\/span><\/p>\n<p>Merci pour votre int\u00e9r\u00eat.<\/p>\n<h3 class=\"gform_title\">&nbsp;<\/h3>\n<p class=\"wpcf7-contact-form-not-found\"><strong>Erreur\u00a0:<\/strong> Formulaire de contact non trouv\u00e9\u00a0!<\/p>\n","protected":false},"excerpt":{"rendered":"<p>Vos retours nous aident \u00e0 progresser ! Vous avez une remarque \u00e0 faire concernant le contenu du site. Des suggestions pour l&rsquo;am\u00e9liorer, une erreur \u00e0 signaler,&#8230; utilisez le formulaire ci-dessous. <a class=\"more-link\" href=\"https:\/\/www.fcpe78.fr\/cl\/sartrouville\/mon-avis\/\">Lire plus &#8230;<\/a><\/p>\n","protected":false},"author":46,"featured_media":817,"parent":0,"menu_order":0,"comment_status":"closed","ping_status":"closed","template":"","meta":{"_seopress_robots_primary_cat":"","jetpack_post_was_ever_published":false},"categories":[],"tags":[],"jetpack_sharing_enabled":true,"jetpack_shortlink":"https:\/\/wp.me\/PaYu4P-bz","_links":{"self":[{"href":"https:\/\/www.fcpe78.fr\/cl\/sartrouville\/wp-json\/wp\/v2\/pages\/717"}],"collection":[{"href":"https:\/\/www.fcpe78.fr\/cl\/sartrouville\/wp-json\/wp\/v2\/pages"}],"about":[{"href":"https:\/\/www.fcpe78.fr\/cl\/sartrouville\/wp-json\/wp\/v2\/types\/page"}],"author":[{"embeddable":true,"href":"https:\/\/www.fcpe78.fr\/cl\/sartrouville\/wp-json\/wp\/v2\/users\/46"}],"replies":[{"embeddable":true,"href":"https:\/\/www.fcpe78.fr\/cl\/sartrouville\/wp-json\/wp\/v2\/comments?post=717"}],"version-history":[{"count":4,"href":"https:\/\/www.fcpe78.fr\/cl\/sartrouville\/wp-json\/wp\/v2\/pages\/717\/revisions"}],"predecessor-version":[{"id":819,"href":"https:\/\/www.fcpe78.fr\/cl\/sartrouville\/wp-json\/wp\/v2\/pages\/717\/revisions\/819"}],"wp:featuredmedia":[{"embeddable":true,"href":"https:\/\/www.fcpe78.fr\/cl\/sartrouville\/wp-json\/wp\/v2\/media\/817"}],"wp:attachment":[{"href":"https:\/\/www.fcpe78.fr\/cl\/sartrouville\/wp-json\/wp\/v2\/media?parent=717"}],"wp:term":[{"taxonomy":"category","embeddable":true,"href":"https:\/\/www.fcpe78.fr\/cl\/sartrouville\/wp-json\/wp\/v2\/categories?post=717"},{"taxonomy":"post_tag","embeddable":true,"href":"https:\/\/www.fcpe78.fr\/cl\/sartrouville\/wp-json\/wp\/v2\/tags?post=717"}],"curies":[{"name":"wp","href":"https:\/\/api.w.org\/{rel}","templated":true}]}}