{"id":696,"date":"2022-09-17T00:49:00","date_gmt":"2022-09-16T22:49:00","guid":{"rendered":"http:\/\/www.fcpe78.fr\/cl\/sartrouville\/?page_id=696"},"modified":"2022-09-30T12:06:53","modified_gmt":"2022-09-30T10:06:53","slug":"les-acteurs-du-systeme-educatif","status":"publish","type":"page","link":"https:\/\/www.fcpe78.fr\/cl\/sartrouville\/dossiers-thematiques\/acteurs-de-la-vie-scolaire\/les-acteurs-du-systeme-educatif\/","title":{"rendered":"Les acteurs du syst\u00e8me \u00e9ducatif"},"content":{"rendered":"\n<h2><strong><a href=\"https:\/\/www.education.gouv.fr\/cid2659\/les-parents-d-eleves.html#le-role-et-la-place-des-parents-a-l-ecole\" target=\"_blank\" rel=\"noopener noreferrer\">les acteurs du syst\u00e8me \u00e9ducatif<\/a><br><\/strong><\/h2>\n<div class=\"overview\">\n<ul class=\"edugouv-summary-item-group active\">\n<li class=\"\"><img decoding=\"async\" loading=\"lazy\" class=\"alignleft  wp-image-1300\" src=\"https:\/\/i0.wp.com\/www.fcpe78.fr\/cl\/sartrouville\/files\/2019\/11\/ensemble.jpg?resize=150%2C150&#038;ssl=1\" alt=\"\" width=\"150\" height=\"150\" srcset=\"https:\/\/i0.wp.com\/www.fcpe78.fr\/cl\/sartrouville\/files\/2019\/11\/ensemble.jpg?w=225&amp;ssl=1 225w, https:\/\/i0.wp.com\/www.fcpe78.fr\/cl\/sartrouville\/files\/2019\/11\/ensemble.jpg?resize=150%2C150&amp;ssl=1 150w, https:\/\/i0.wp.com\/www.fcpe78.fr\/cl\/sartrouville\/files\/2019\/11\/ensemble.jpg?resize=200%2C200&amp;ssl=1 200w\" sizes=\"(max-width: 150px) 100vw, 150px\" data-recalc-dims=\"1\" \/><a class=\"edugouv-summary-item-0 h2\" href=\"https:\/\/www.education.gouv.fr\/les-parents-d-eleves-11834#edugouv-summary-item-0\">Le r\u00f4le et la place des parents \u00e0 l&rsquo;\u00c9cole<\/a><\/li>\n<li class=\"\"><a class=\"edugouv-summary-item-1 h3\" href=\"https:\/\/www.education.gouv.fr\/les-parents-d-eleves-11834#edugouv-summary-item-1\">Les droits des parents \u00e0 l&rsquo;information sont garantis<\/a><\/li>\n<li class=\"\"><a class=\"edugouv-summary-item-2 h3\" href=\"https:\/\/www.education.gouv.fr\/les-parents-d-eleves-11834#edugouv-summary-item-2\">Le r\u00f4le des associations de parents d&rsquo;\u00e9l\u00e8ves est reconnu<\/a><\/li>\n<li class=\"\"><a class=\"edugouv-summary-item-3 h3 active\" href=\"https:\/\/www.education.gouv.fr\/les-parents-d-eleves-11834#edugouv-summary-item-3\">L&rsquo;exercice du mandat des repr\u00e9sentants des parents est facilit\u00e9<\/a><\/li>\n<\/ul>\n<p>&nbsp;<\/p>\n<\/div>\n<h2><strong><a href=\"https:\/\/www.education.gouv.fr\/bo\/14\/Special7\/MENE1428315C.htm\" target=\"_blank\" rel=\"noopener\">Les attributions et obligations du directeur d&rsquo;\u00e9cole<\/a><\/strong><\/h2>\n<p>I &#8211; Responsabilit\u00e9s p\u00e9dagogiques<\/p>\n<p>II &#8211; Responsabilit\u00e9s relatives au fonctionnement de l&rsquo;\u00e9cole&nbsp;<\/p>\n<p>III &#8211; Relations avec les parents et les partenaires de l&rsquo;\u00e9cole&nbsp;<\/p>\n<p>&nbsp;<\/p>\n<h2><strong>Aider de jeunes handicap\u00e9s \u00e0 s&rsquo;ins\u00e9rer dans la scolarit\u00e9<br><\/strong><\/h2>\n<div class=\"horsText\">\n<div class=\"is-marginTop40 blockGreyBordBlue blockGreyBordBlue--bg blockGreyBordBlue--padding\">\n<p class=\"blockGreyBordBlue__para\"><img decoding=\"async\" loading=\"lazy\" class=\"alignleft  wp-image-1421\" src=\"https:\/\/i0.wp.com\/www.fcpe78.fr\/cl\/sartrouville\/files\/2019\/11\/enfants_droitsx.jpg?resize=188%2C145&#038;ssl=1\" alt=\"\" width=\"188\" height=\"145\"  data-recalc-dims=\"1\">Nombre d&rsquo;\u00e9l\u00e8ves handicap\u00e9s pour lesquels une aide humaine a \u00e9t\u00e9 prescrite n&rsquo;en b\u00e9n\u00e9ficient pas, faute d&rsquo;accompagnants en nombre suffisant.<\/p>\n<\/div>\n<h3>AESH\/AVS : quelles diff\u00e9rences ?<\/h3>\n<p>Des missions d&rsquo;aide pour favoriser l&rsquo;autonomie des \u00e9l\u00e8ves :<\/p>\n<p>L&rsquo;aide \u00e0 l&rsquo;inclusion scolaire des \u00e9l\u00e8ves\/\u00e9tudiants handicap\u00e9s est confi\u00e9e \u00e0 <strong>deux types de personnels de l&rsquo;Etat. <\/strong><strong>Leurs fonctions sont les m\u00eames, mais leur statut est diff\u00e9rent.&nbsp;<\/strong>De m\u00eame que le <strong>mode de recrutement :<\/strong><\/p>\n<ul>\n<li><strong>Les accompagnants des \u00e9l\u00e8ves en situation de handicap <\/strong>(AESH) sont des <strong>contractuels de droit public de l&rsquo;Etat. <\/strong>Ils sont recrut\u00e9s par le <strong>minist\u00e8re de l&rsquo;Education nationale<\/strong> ou par un <strong>\u00e9tablissement public d&rsquo;enseignement local<\/strong> (EPLE).<\/li>\n<li><strong>Les auxiliaires de vie scolaire en contrat aid\u00e9 <\/strong>(AVS\/CUI-CAE, dispositif remplac\u00e9 par le&nbsp;\u00ab\u00a0Parcours emploi comp\u00e9tences\u00a0\u00bb), eux, sont embauch\u00e9s sous CDD&nbsp;<strong>de droit priv\u00e9, par l&rsquo;interm\u00e9diaire de P\u00f4le emploi <\/strong>ou autre service public de l&#8217;emploi, pour un EPLE.<\/li>\n<\/ul>\n<h3>Croissance des effectifs d&rsquo;AESH<\/h3>\n<p>Les effectifs des <strong>accompagnants d&rsquo;\u00e9l\u00e8ves handicap\u00e9s<\/strong> (AESH), dont le statut a \u00e9t\u00e9 d\u00e9fini en 2015 (<a href=\"https:\/\/www.legifrance.gouv.fr\/affichCodeArticle.do?cidTexte=LEGITEXT000006071191&amp;idArticle=LEGIARTI000028411303&amp;dateTexte=&amp;categorieLien=cid\" target=\"_blank\" rel=\"noopener\">article L917-1 du code de l&rsquo;Education<\/a>), augmentent sans cesse, en lien un<strong>&nbsp;besoin d&rsquo;accompagnement de plus en plus fort. <\/strong><strong>Ce besoin&nbsp;<\/strong>se traduit par&nbsp;l&rsquo;<strong>afflux des prescriptions d&rsquo;aide <\/strong>\u00e9manant des commissions<strong> (CDAPH)<\/strong> des maisons d\u00e9partementales des personnes handicap\u00e9es.<\/p>\n<h3>Les AVS (auxiliaires de vie scolaire) vont devenir AESH<\/h3>\n<p>Les AESH repr\u00e9sentent un peu plus de <strong>43.000 \u00e9quivalents temps plein. <\/strong>Et les AVS,&nbsp;<strong>29.000 \u00e9quivalents temps plein. <\/strong>Les effectifs AVS (assistant de vie scolaire) devraient diminuer,&nbsp;<strong>&nbsp;<\/strong>puisqu&rsquo;ils ont vocation \u00e0 devenir des AESH scolaires.<\/p>\n<p>Si des AVS-Parcours emploi comp\u00e9tences sont encore embauch\u00e9s aujourd&rsquo;hui, c&rsquo;est essentiellement parce les AESH ne sont pas assez nombreux pour satisfaire les besoins.<\/p>\n<p><strong><a href=\"https:\/\/infos.emploipublic.fr\/article\/devenir-accompagnant-des-eleves-en-situation-de-handicap-aesh-eea-7055?utm_source=email-news-304&amp;utm_medium=email&amp;utm_campaign=news\" target=\"_blank\" rel=\"noopener\">En savoir plus sur les AESH\/AVS et les processus de recrutement <\/a><\/strong><\/p>\n<\/div>\n<p>&nbsp;<\/p>\n","protected":false},"excerpt":{"rendered":"<p>les acteurs du syst\u00e8me \u00e9ducatif Le r\u00f4le et la place des parents \u00e0 l&rsquo;\u00c9cole Les droits des parents \u00e0 l&rsquo;information sont garantis Le r\u00f4le des associations de parents d&rsquo;\u00e9l\u00e8ves est <a class=\"more-link\" href=\"https:\/\/www.fcpe78.fr\/cl\/sartrouville\/dossiers-thematiques\/acteurs-de-la-vie-scolaire\/les-acteurs-du-systeme-educatif\/\">Lire plus &#8230;<\/a><\/p>\n","protected":false},"author":46,"featured_media":481,"parent":722,"menu_order":0,"comment_status":"closed","ping_status":"closed","template":"","meta":{"_seopress_robots_primary_cat":"","jetpack_post_was_ever_published":false},"categories":[8,32,7,3,9,6,4,5],"tags":[87,56,63,62],"jetpack_sharing_enabled":true,"jetpack_shortlink":"https:\/\/wp.me\/PaYu4P-be","_links":{"self":[{"href":"https:\/\/www.fcpe78.fr\/cl\/sartrouville\/wp-json\/wp\/v2\/pages\/696"}],"collection":[{"href":"https:\/\/www.fcpe78.fr\/cl\/sartrouville\/wp-json\/wp\/v2\/pages"}],"about":[{"href":"https:\/\/www.fcpe78.fr\/cl\/sartrouville\/wp-json\/wp\/v2\/types\/page"}],"author":[{"embeddable":true,"href":"https:\/\/www.fcpe78.fr\/cl\/sartrouville\/wp-json\/wp\/v2\/users\/46"}],"replies":[{"embeddable":true,"href":"https:\/\/www.fcpe78.fr\/cl\/sartrouville\/wp-json\/wp\/v2\/comments?post=696"}],"version-history":[{"count":9,"href":"https:\/\/www.fcpe78.fr\/cl\/sartrouville\/wp-json\/wp\/v2\/pages\/696\/revisions"}],"predecessor-version":[{"id":2997,"href":"https:\/\/www.fcpe78.fr\/cl\/sartrouville\/wp-json\/wp\/v2\/pages\/696\/revisions\/2997"}],"up":[{"embeddable":true,"href":"https:\/\/www.fcpe78.fr\/cl\/sartrouville\/wp-json\/wp\/v2\/pages\/722"}],"wp:featuredmedia":[{"embeddable":true,"href":"https:\/\/www.fcpe78.fr\/cl\/sartrouville\/wp-json\/wp\/v2\/media\/481"}],"wp:attachment":[{"href":"https:\/\/www.fcpe78.fr\/cl\/sartrouville\/wp-json\/wp\/v2\/media?parent=696"}],"wp:term":[{"taxonomy":"category","embeddable":true,"href":"https:\/\/www.fcpe78.fr\/cl\/sartrouville\/wp-json\/wp\/v2\/categories?post=696"},{"taxonomy":"post_tag","embeddable":true,"href":"https:\/\/www.fcpe78.fr\/cl\/sartrouville\/wp-json\/wp\/v2\/tags?post=696"}],"curies":[{"name":"wp","href":"https:\/\/api.w.org\/{rel}","templated":true}]}}