{"id":671,"date":"2019-05-16T01:17:38","date_gmt":"2019-05-15T23:17:38","guid":{"rendered":"http:\/\/www.fcpe78.fr\/cl\/sartrouville\/?page_id=671"},"modified":"2022-06-03T09:18:12","modified_gmt":"2022-06-03T07:18:12","slug":"fcpe-yvelines-et-national","status":"publish","type":"page","link":"https:\/\/www.fcpe78.fr\/cl\/sartrouville\/fcpe-yvelines-et-national\/","title":{"rendered":"FCPE Yvelines et national"},"content":{"rendered":"<h2><strong><a href=\"https:\/\/www.fcpe78.fr\" target=\"_blank\" rel=\"noopener noreferrer\">La FCPE 78 au niveau du d\u00e9partement des Yvelines<\/a><\/strong><\/h2>\n<p><img decoding=\"async\" loading=\"lazy\" class=\"alignnone size-full wp-image-928\" src=\"https:\/\/i0.wp.com\/www.fcpe78.fr\/cl\/sartrouville\/files\/2019\/07\/cropped-FCPE1.jpg?resize=780%2C207&#038;ssl=1\" alt=\"\" width=\"780\" height=\"207\" srcset=\"https:\/\/i0.wp.com\/www.fcpe78.fr\/cl\/sartrouville\/files\/2019\/07\/cropped-FCPE1.jpg?w=940&amp;ssl=1 940w, https:\/\/i0.wp.com\/www.fcpe78.fr\/cl\/sartrouville\/files\/2019\/07\/cropped-FCPE1.jpg?resize=300%2C79&amp;ssl=1 300w, https:\/\/i0.wp.com\/www.fcpe78.fr\/cl\/sartrouville\/files\/2019\/07\/cropped-FCPE1.jpg?resize=768%2C203&amp;ssl=1 768w\" sizes=\"(max-width: 780px) 100vw, 780px\" data-recalc-dims=\"1\" \/><\/p>\n<h3><a href=\"https:\/\/www.fcpe.asso.fr\/\" target=\"_blank\" rel=\"noopener noreferrer\"><strong>Le site de la FCPE au niveau national<\/strong><\/a><\/h3>\n<h3><a href=\"https:\/\/jaimemonecolepublique.fr\/\" target=\"_blank\" rel=\"noopener noreferrer\"><strong>D\u00e9couvrez le site de formation \u00ab\u00a0J&rsquo;aime mon \u00e9cole publique\u00a0\u00bb<\/strong><\/a><\/h3>\n<h4><strong><a href=\"https:\/\/vimeo.com\/320544968\" target=\"_blank\" rel=\"noopener noreferrer\">Le tutorial pour se connecter si vous \u00eates adh\u00e9rents<\/a> <\/strong><em><br \/>\n<\/em><\/h4>\n<h2 class=\"entry-title\">La FCPE en chiffres<\/h2>\n<div class=\"entry-content\">\n<p>La FCPE (F\u00e9d\u00e9ration des conseils des parents d\u2019\u00e9l\u00e8ves) est la premi\u00e8re f\u00e9d\u00e9ration de parents d\u2019\u00e9l\u00e8ves. Elle est pr\u00e9sente dans la plupart des \u00e9tablissements o\u00f9 elle participe \u00e0 la vie scolaire pour d\u00e9fendre l\u2019int\u00e9r\u00eat des enfants et repr\u00e9senter les parents. La FCPE est une force de proposition et d\u2019action.<\/p>\n<p style=\"text-align: left\"><strong>La FCPE aujourd\u2019hui :<\/strong><\/p>\n<p>La FCPE est la seule f\u00e9d\u00e9ration nationale de parents d\u2019\u00e9l\u00e8ves pr\u00e9sente dans tous les d\u00e9partements et en outre-mer.<br \/>\n5 000 associations de parents d\u2019\u00e9l\u00e8ves locales de l\u2019\u00e9cole au lyc\u00e9e<br \/>\n102 f\u00e9d\u00e9rations d\u00e9partementales<br \/>\nAu total, ce sont 190 000 adh\u00e9rents avec plus de 40 000 repr\u00e9sentants de parents d\u2019\u00e9l\u00e8ves FCPE et 1,1 million de parents qui votent FCPE aux \u00e9lections scolaires.<\/p>\n<p style=\"text-align: left\"><strong>Fond\u00e9e en 1947<\/strong>, la F\u00e9d\u00e9ration des conseils de parents d\u2019\u00e9l\u00e8ves est reconnue d\u2019utilit\u00e9 publique d\u00e8s 1951 et agr\u00e9\u00e9e mouvement d\u2019\u00e9ducation populaire en 1982. La FCPE de Sartrouville est pr\u00e9sente \u00e0 vos cot\u00e9.<\/p>\n<div class=\"entry-content\">\n<h4><a href=\"https:\/\/www.fcpe.asso.fr\/revue-des-parents\" target=\"_blank\" rel=\"noopener noreferrer\">S&rsquo;abonner \u00e0 <strong>La Revue des Parents<\/strong> <\/a><\/h4>\n<p>Pour s\u2019informer sur tous les sujets li\u00e9s \u00e0 l\u2019\u00e9ducation au niveau national, sur des sujets de soci\u00e9t\u00e9 et les probl\u00e9matiques li\u00e9es \u00e0 la famille.<\/p>\n<\/div>\n<h4><strong><a href=\"https:\/\/www.fcpe78.fr\/cl\/sartrouville\/contact_fcpe_sartrouville\/\" target=\"_blank\" rel=\"noopener noreferrer\">Pour contacter la FCPE Sartrouville, suivez le lien<\/a><\/strong><\/h4>\n<h2><strong>Qu\u2019a obtenu la FCPE ces derni\u00e8res ann\u00e9es ?<\/strong><\/h2>\n<p>A titre d\u2019exemples, au niveau national, la FCPE s\u2019est battue, seule ou avec ses partenaires, et a obtenu satisfaction notamment sur :<\/p>\n<p>\u2013 La publication d\u2019un d\u00e9cret sur les <strong>droits des parents d\u2019\u00e9l\u00e8ves dans l\u2019Ecole<\/strong> (\u00e9t\u00e9 2006).<\/p>\n<p>\u2013<strong> La gratuit\u00e9 de tous les examens<\/strong> (2000).<\/p>\n<p>\u2013 Le retrait des mentions litigieuses dans le fichier base-\u00e9l\u00e8ves (octobre 2008).<\/p>\n<p>\u2013 La prise en compte comme questions de sant\u00e9 publique du <strong>probl\u00e8me du poids des cartables et des toilettes<\/strong> \u00e0 l\u2019Ecole (ann\u00e9e scolaire 2007-2008). C\u2019est une premi\u00e8re \u00e9tape.<\/p>\n<p>\u2013 L\u2019interdiction (fr\u00e9quemment remise en cause mais toujours maintenue) des distributeurs automatiques (boissons et aliments) dans les \u00e9tablissements scolaires (loi de juillet 2004)<\/p>\n<\/div>\n<h4><\/h4>\n","protected":false},"excerpt":{"rendered":"<p>La FCPE 78 au niveau du d\u00e9partement des Yvelines Le site de la FCPE au niveau national D\u00e9couvrez le site de formation \u00ab\u00a0J&rsquo;aime mon \u00e9cole publique\u00a0\u00bb Le tutorial pour se <a class=\"more-link\" href=\"https:\/\/www.fcpe78.fr\/cl\/sartrouville\/fcpe-yvelines-et-national\/\">Lire plus &#8230;<\/a><\/p>\n","protected":false},"author":46,"featured_media":0,"parent":0,"menu_order":0,"comment_status":"closed","ping_status":"closed","template":"","meta":{"_seopress_robots_primary_cat":"","jetpack_post_was_ever_published":false},"categories":[],"tags":[],"jetpack_sharing_enabled":true,"jetpack_shortlink":"https:\/\/wp.me\/PaYu4P-aP","_links":{"self":[{"href":"https:\/\/www.fcpe78.fr\/cl\/sartrouville\/wp-json\/wp\/v2\/pages\/671"}],"collection":[{"href":"https:\/\/www.fcpe78.fr\/cl\/sartrouville\/wp-json\/wp\/v2\/pages"}],"about":[{"href":"https:\/\/www.fcpe78.fr\/cl\/sartrouville\/wp-json\/wp\/v2\/types\/page"}],"author":[{"embeddable":true,"href":"https:\/\/www.fcpe78.fr\/cl\/sartrouville\/wp-json\/wp\/v2\/users\/46"}],"replies":[{"embeddable":true,"href":"https:\/\/www.fcpe78.fr\/cl\/sartrouville\/wp-json\/wp\/v2\/comments?post=671"}],"version-history":[{"count":11,"href":"https:\/\/www.fcpe78.fr\/cl\/sartrouville\/wp-json\/wp\/v2\/pages\/671\/revisions"}],"predecessor-version":[{"id":2722,"href":"https:\/\/www.fcpe78.fr\/cl\/sartrouville\/wp-json\/wp\/v2\/pages\/671\/revisions\/2722"}],"wp:attachment":[{"href":"https:\/\/www.fcpe78.fr\/cl\/sartrouville\/wp-json\/wp\/v2\/media?parent=671"}],"wp:term":[{"taxonomy":"category","embeddable":true,"href":"https:\/\/www.fcpe78.fr\/cl\/sartrouville\/wp-json\/wp\/v2\/categories?post=671"},{"taxonomy":"post_tag","embeddable":true,"href":"https:\/\/www.fcpe78.fr\/cl\/sartrouville\/wp-json\/wp\/v2\/tags?post=671"}],"curies":[{"name":"wp","href":"https:\/\/api.w.org\/{rel}","templated":true}]}}