{"id":607,"date":"2019-05-13T00:05:51","date_gmt":"2019-05-12T22:05:51","guid":{"rendered":"http:\/\/www.fcpe78.fr\/cl\/sartrouville\/?page_id=607"},"modified":"2021-04-05T08:29:54","modified_gmt":"2021-04-05T06:29:54","slug":"ifac-les-accueils-de-loisirs","status":"publish","type":"page","link":"https:\/\/www.fcpe78.fr\/cl\/sartrouville\/dossiers-thematiques\/en-primaire\/ifac-les-accueils-de-loisirs\/","title":{"rendered":"IFAC &#8211; Les accueils de loisirs"},"content":{"rendered":"<h2>Pour les \u00e9coles maternelles et \u00e9l\u00e9mentaires de Sartrouville :<\/h2>\n<p><img decoding=\"async\" loading=\"lazy\" class=\" wp-image-414 alignleft\" src=\"https:\/\/i0.wp.com\/www.fcpe78.fr\/cl\/sartrouville\/files\/2019\/05\/accueil-de-loisirs-9204-324x236-15-26.jpg?resize=180%2C131&#038;ssl=1\" alt=\"\" width=\"180\" height=\"131\" srcset=\"https:\/\/i0.wp.com\/www.fcpe78.fr\/cl\/sartrouville\/files\/2019\/05\/accueil-de-loisirs-9204-324x236-15-26.jpg?resize=300%2C219&amp;ssl=1 300w, https:\/\/i0.wp.com\/www.fcpe78.fr\/cl\/sartrouville\/files\/2019\/05\/accueil-de-loisirs-9204-324x236-15-26.jpg?w=324&amp;ssl=1 324w\" sizes=\"(max-width: 180px) 100vw, 180px\" data-recalc-dims=\"1\" \/><\/p>\n<div class=\"ce-textpic ce-right ce-intext\">\n<div class=\"ce-bodytext\">\n<h3><b>Le matin avant l\u2019\u00e9cole<\/b><\/h3>\n<p>Tous les enfants des \u00e9coles maternelles et \u00e9l\u00e9mentaires sont accueillis dans les \u00e9coles maternelles, de 7h15 \u00e0 8h30 (\u00e0 l\u2019exception de Robert-Desnos). Les enfants \u00e9l\u00e9mentaires sont ensuite accompagn\u00e9s par les animateurs dans<br \/>\nleurs \u00e9coles respectives.<\/p>\n<h3 style=\"text-align: left\"><b>Le soir apr\u00e8s l\u2019\u00e9cole<\/b><\/h3>\n<p style=\"text-align: left\"><b>&#8211; Les enfants des \u00e9coles maternelles<\/b> sont pris en charge de 16h30 \u00e0 19h dans 13 \u00e9coles maternelles. Les enfants de Robert-Desnos et de Georges-Brassens sont accueillis \u00e0 Paul-Bert, ceux de Fernand-L\u00e9ger sont accueillis \u00e0 Pablo-Neruda.<\/p>\n<p style=\"text-align: left\"><b>&#8211; Les \u00e9l\u00e9mentaires <\/b>sont accueillis quant \u00e0 eux de 18h \u00e0 19h, exclusivement pour les enfants qui participent \u00e0 l\u2019\u00e9tude surveill\u00e9e du CP au CM2. \u00c0 18h les enfants sont directement pris en charge par les animateurs dans les \u00e9coles \u00e9l\u00e9mentaires puis achemin\u00e9s dans 9 des accueils p\u00e9riscolaires maternelles.<\/p>\n<p style=\"text-align: left\"><b>&#8211; Les enfants de Jules-Ferry<\/b> sont accueillis au nouvel accueil Danielle-Casanova<\/p>\n<p style=\"text-align: left\"><strong><a href=\"https:\/\/www.sartrouville.fr\/famille-et-solidarites\/vie-scolaire\/les-activites-periscolaires\/de-la-maternelle-au-college\/\" target=\"_blank\" rel=\"noopener\">Retrouver plus d&rsquo;information et la sectorisation sur le site de la ville<\/a><\/strong><\/p>\n<p style=\"text-align: left\"><strong><a href=\"https:\/\/www.ifac.asso.fr\/sartrouville\" target=\"_blank\" rel=\"noopener\">Le d\u00e9tail sur le site de l&rsquo;IFAC<\/a><\/strong><\/p>\n<\/div>\n<\/div>\n","protected":false},"excerpt":{"rendered":"<p>Pour les \u00e9coles maternelles et \u00e9l\u00e9mentaires de Sartrouville : Le matin avant l\u2019\u00e9cole Tous les enfants des \u00e9coles maternelles et \u00e9l\u00e9mentaires sont accueillis dans les \u00e9coles maternelles, de 7h15 \u00e0 <a class=\"more-link\" href=\"https:\/\/www.fcpe78.fr\/cl\/sartrouville\/dossiers-thematiques\/en-primaire\/ifac-les-accueils-de-loisirs\/\">Lire plus &#8230;<\/a><\/p>\n","protected":false},"author":45,"featured_media":0,"parent":567,"menu_order":0,"comment_status":"closed","ping_status":"closed","template":"","meta":{"_seopress_robots_primary_cat":"","jetpack_post_was_ever_published":false},"categories":[67,4],"tags":[],"jetpack_sharing_enabled":true,"jetpack_shortlink":"https:\/\/wp.me\/PaYu4P-9N","_links":{"self":[{"href":"https:\/\/www.fcpe78.fr\/cl\/sartrouville\/wp-json\/wp\/v2\/pages\/607"}],"collection":[{"href":"https:\/\/www.fcpe78.fr\/cl\/sartrouville\/wp-json\/wp\/v2\/pages"}],"about":[{"href":"https:\/\/www.fcpe78.fr\/cl\/sartrouville\/wp-json\/wp\/v2\/types\/page"}],"author":[{"embeddable":true,"href":"https:\/\/www.fcpe78.fr\/cl\/sartrouville\/wp-json\/wp\/v2\/users\/45"}],"replies":[{"embeddable":true,"href":"https:\/\/www.fcpe78.fr\/cl\/sartrouville\/wp-json\/wp\/v2\/comments?post=607"}],"version-history":[{"count":8,"href":"https:\/\/www.fcpe78.fr\/cl\/sartrouville\/wp-json\/wp\/v2\/pages\/607\/revisions"}],"predecessor-version":[{"id":2038,"href":"https:\/\/www.fcpe78.fr\/cl\/sartrouville\/wp-json\/wp\/v2\/pages\/607\/revisions\/2038"}],"up":[{"embeddable":true,"href":"https:\/\/www.fcpe78.fr\/cl\/sartrouville\/wp-json\/wp\/v2\/pages\/567"}],"wp:attachment":[{"href":"https:\/\/www.fcpe78.fr\/cl\/sartrouville\/wp-json\/wp\/v2\/media?parent=607"}],"wp:term":[{"taxonomy":"category","embeddable":true,"href":"https:\/\/www.fcpe78.fr\/cl\/sartrouville\/wp-json\/wp\/v2\/categories?post=607"},{"taxonomy":"post_tag","embeddable":true,"href":"https:\/\/www.fcpe78.fr\/cl\/sartrouville\/wp-json\/wp\/v2\/tags?post=607"}],"curies":[{"name":"wp","href":"https:\/\/api.w.org\/{rel}","templated":true}]}}