{"id":576,"date":"2019-05-12T15:40:00","date_gmt":"2019-05-12T13:40:00","guid":{"rendered":"http:\/\/www.fcpe78.fr\/cl\/sartrouville\/?page_id=576"},"modified":"2021-03-29T20:02:31","modified_gmt":"2021-03-29T18:02:31","slug":"le-guide-du-delegue-de-classe","status":"publish","type":"page","link":"https:\/\/www.fcpe78.fr\/cl\/sartrouville\/dossiers-thematiques\/acteurs-de-la-vie-scolaire\/le-guide-du-delegue-de-classe\/","title":{"rendered":"Le guide du d\u00e9l\u00e9gu\u00e9 de classe"},"content":{"rendered":"<h2 style=\"text-align: left\"><strong>TU ES DELEGUE, cela implique ?<\/strong><\/h2>\n<p style=\"text-align: left\">Le droit de si\u00e9ger et d\u2019intervenir :<br \/>\n&#8211; Au conseil de classe (tous les d\u00e9l\u00e9gu\u00e9s titulaires),<br \/>\n&#8211; Au conseil d\u2019administration (les repr\u00e9sentants des d\u00e9l\u00e9gu\u00e9s),<br \/>\n&#8211; Au conseil de discipline (2 des d\u00e9l\u00e9gu\u00e9s au C.A).<\/p>\n<p style=\"text-align: left\">Le droit de participer au moins une fois par trimestre \u00e0 l\u2019Assembl\u00e9e G\u00e9n\u00e9rale des d\u00e9l\u00e9gu\u00e9s (r\u00e9union de tous les d\u00e9l\u00e9gu\u00e9s de classe sur convocation de Mme la Directrice).<br \/>\nLe droit d\u2019expression collective.<br \/>\nLe droit de r\u00e9union (apr\u00e8s avis favorable de l\u2019administration).<br \/>\nLe droit de prendre des initiatives pour une classe plus unie et plus<br \/>\nvivante.<br \/>\nLe droit permanent de d\u00e9mission.<\/p>\n<h2><strong>Avec de une volont\u00e9e collective \u2026<\/strong><\/h2>\n<p style=\"text-align: left\">&#8211;&nbsp; Accomplir correctement tes obligations d\u2019\u00e9l\u00e8ve(assiduit\u00e9, travail, discipline&#8230;).<br \/>\n&#8211; Respecter tes camarades et les adultes qui t\u2019entourent.<br \/>\n&#8211; Consulter r\u00e9guli\u00e8rement les camarades que tu repr\u00e9sentes (ta classe).<br \/>\n&#8211; A propos du Conseil de Classe, tu dois :<br \/>\n&#8211; Recueillir les avis de tes mandants (ceux qui t\u2019ont \u00e9lu),<br \/>\n&#8211;&nbsp; Exprimer l\u2019avis de la majorit\u00e9,<br \/>\n&#8211; Pr\u00e9parer tes interventions (ce que tu vas dire au conseil),<br \/>\n&#8211;&nbsp; Noter l\u2019essentiel de ce qui se dit au conseil,<br \/>\n&#8211; Restituer \u00e0 l\u2019ensemble de la classe les remarques g\u00e9n\u00e9rales,<br \/>\n&#8211; Expliquer individuellement \u00e0 chaque \u00e9l\u00e8ve ce qui le concerne.<\/p>\n<h3><a href=\"https:\/\/www.fcpe78.fr\/cl\/sartrouville\/files\/2019\/05\/guidelegue.pdf\" target=\"_blank\" rel=\"noopener noreferrer\"><strong>Pour en savoir plus, t\u00e9lecharge le Guide du d\u00e9legu\u00e9 de classe<\/strong><\/a><\/h3>\n","protected":false},"excerpt":{"rendered":"<p>TU ES DELEGUE, cela implique ? Le droit de si\u00e9ger et d\u2019intervenir : &#8211; Au conseil de classe (tous les d\u00e9l\u00e9gu\u00e9s titulaires), &#8211; Au conseil d\u2019administration (les repr\u00e9sentants des d\u00e9l\u00e9gu\u00e9s), <a class=\"more-link\" href=\"https:\/\/www.fcpe78.fr\/cl\/sartrouville\/dossiers-thematiques\/acteurs-de-la-vie-scolaire\/le-guide-du-delegue-de-classe\/\">Lire plus &#8230;<\/a><\/p>\n","protected":false},"author":46,"featured_media":1299,"parent":722,"menu_order":0,"comment_status":"closed","ping_status":"closed","template":"","meta":{"_seopress_robots_primary_cat":"","jetpack_post_was_ever_published":false},"categories":[32],"tags":[61,45],"jetpack_sharing_enabled":true,"jetpack_shortlink":"https:\/\/wp.me\/PaYu4P-9i","_links":{"self":[{"href":"https:\/\/www.fcpe78.fr\/cl\/sartrouville\/wp-json\/wp\/v2\/pages\/576"}],"collection":[{"href":"https:\/\/www.fcpe78.fr\/cl\/sartrouville\/wp-json\/wp\/v2\/pages"}],"about":[{"href":"https:\/\/www.fcpe78.fr\/cl\/sartrouville\/wp-json\/wp\/v2\/types\/page"}],"author":[{"embeddable":true,"href":"https:\/\/www.fcpe78.fr\/cl\/sartrouville\/wp-json\/wp\/v2\/users\/46"}],"replies":[{"embeddable":true,"href":"https:\/\/www.fcpe78.fr\/cl\/sartrouville\/wp-json\/wp\/v2\/comments?post=576"}],"version-history":[{"count":4,"href":"https:\/\/www.fcpe78.fr\/cl\/sartrouville\/wp-json\/wp\/v2\/pages\/576\/revisions"}],"predecessor-version":[{"id":1458,"href":"https:\/\/www.fcpe78.fr\/cl\/sartrouville\/wp-json\/wp\/v2\/pages\/576\/revisions\/1458"}],"up":[{"embeddable":true,"href":"https:\/\/www.fcpe78.fr\/cl\/sartrouville\/wp-json\/wp\/v2\/pages\/722"}],"wp:featuredmedia":[{"embeddable":true,"href":"https:\/\/www.fcpe78.fr\/cl\/sartrouville\/wp-json\/wp\/v2\/media\/1299"}],"wp:attachment":[{"href":"https:\/\/www.fcpe78.fr\/cl\/sartrouville\/wp-json\/wp\/v2\/media?parent=576"}],"wp:term":[{"taxonomy":"category","embeddable":true,"href":"https:\/\/www.fcpe78.fr\/cl\/sartrouville\/wp-json\/wp\/v2\/categories?post=576"},{"taxonomy":"post_tag","embeddable":true,"href":"https:\/\/www.fcpe78.fr\/cl\/sartrouville\/wp-json\/wp\/v2\/tags?post=576"}],"curies":[{"name":"wp","href":"https:\/\/api.w.org\/{rel}","templated":true}]}}