{"id":539,"date":"2019-05-12T12:12:22","date_gmt":"2019-05-12T10:12:22","guid":{"rendered":"http:\/\/www.fcpe78.fr\/cl\/sartrouville\/?page_id=539"},"modified":"2021-09-05T11:06:47","modified_gmt":"2021-09-05T09:06:47","slug":"les-representants-de-parents-deleves","status":"publish","type":"page","link":"https:\/\/www.fcpe78.fr\/cl\/sartrouville\/dossiers-thematiques\/acteurs-de-la-vie-scolaire\/les-representants-de-parents-deleves\/","title":{"rendered":"Les repr\u00e9sentants de Parents d&rsquo;\u00e9l\u00e8ves"},"content":{"rendered":"<div class=\"blocInfo\">\n<p>Ils facilitent les relations entre les parents d&rsquo;\u00e9l\u00e8ves et les personnels. Ils peuvent intervenir aupr\u00e8s des chefs d&rsquo;\u00e9tablissements pour \u00e9voquer un probl\u00e8me particulier, pour assurer une m\u00e9diation \u00e0 la demande de parents.<\/p>\n<\/div>\n<div class=\"blocInfo\">\n<h3 class=\"blocInfo\"><strong><a href=\"https:\/\/drive.google.com\/file\/d\/1gjeF7P9O3xm6m8sjOdOtMYe_m69xK7CT\/view?usp=sharing\" target=\"_blank\" rel=\"noopener\">Les repr\u00e9sentants des parents dans les coll\u00e8ges, 2 mn en video<\/a><\/strong><\/h3>\n<p><img decoding=\"async\" loading=\"lazy\" class=\"alignleft  wp-image-2333\" src=\"https:\/\/i0.wp.com\/www.fcpe78.fr\/cl\/sartrouville\/files\/2021\/04\/conseil-de-classe-e1618901338711.png?resize=387%2C363&#038;ssl=1\" alt=\"\" width=\"387\" height=\"363\" srcset=\"https:\/\/i0.wp.com\/www.fcpe78.fr\/cl\/sartrouville\/files\/2021\/04\/conseil-de-classe-e1618901338711.png?w=579&amp;ssl=1 579w, https:\/\/i0.wp.com\/www.fcpe78.fr\/cl\/sartrouville\/files\/2021\/04\/conseil-de-classe-e1618901338711.png?resize=300%2C281&amp;ssl=1 300w\" sizes=\"(max-width: 387px) 100vw, 387px\" data-recalc-dims=\"1\" \/>Les repr\u00e9sentants de parents d&rsquo;\u00e9l\u00e8ves participent <strong>au conseil de classe<\/strong> dans les lyc\u00e9es et coll\u00e8ges. Dans chaque classe, 2 d\u00e9l\u00e9gu\u00e9s et 2 suppl\u00e9ants sont d\u00e9sign\u00e9s par le chef d&rsquo;\u00e9tablissement et choisis sur des listes pr\u00e9sent\u00e9es par des associations ou groupements de parents d&rsquo;\u00e9l\u00e8ves \u00e9lus.<\/p>\n<p><strong>Au conseil d&rsquo;administration<\/strong> des coll\u00e8ges, 7 repr\u00e9sentants des parents d&rsquo;\u00e9l\u00e8ves sont \u00e9lus au scrutin de liste \u00e0 la proportionnelle.<\/p>\n<p>Dans les coll\u00e8ges accueillant moins de 600 \u00e9l\u00e8ves et ne comportant pas de section d&rsquo;\u00e9ducation sp\u00e9cialis\u00e9e, 6 repr\u00e9sentants de parents d&rsquo;\u00e9l\u00e8ves sont \u00e9lus. 3 repr\u00e9sentants \u00e9lus de parents d&rsquo;\u00e9l\u00e8ves participent aux conseils de discipline.<\/p>\n<\/div>\n<div class=\"blocInfo\">\n<h3 class=\"titre\">Droit \u00e0 l&rsquo;information et \u00e0 la communication<\/h3>\n<p>Le chef d&rsquo;\u00e9tablissement organise au moins 2 fois par an et par classe une rencontre qui peut prendre diff\u00e9rentes formes, entre les parents et les enseignants.<br \/>\nDans les coll\u00e8ges et les lyc\u00e9es, l&rsquo; information sur l&rsquo;orientation \u00a0est organis\u00e9e chaque ann\u00e9e dans ce cadre.<\/p>\n<p>Pour l&rsquo;exercice de leur mandat dans les diff\u00e9rentes instances, les repr\u00e9sentants des parents d&rsquo;\u00e9l\u00e8ves sont destinataires des m\u00eames documents que les autres membres.<\/p>\n<p>Tout repr\u00e9sentant des parents d&rsquo;\u00e9l\u00e8ves doit pouvoir rendre compte des travaux des instances o\u00f9 il si\u00e8ge, dans les conditions de diffusion d\u00e9finies en concertation entre la direction et les associations de parents d&rsquo;\u00e9l\u00e8ves.<\/p>\n<p>En cas de d\u00e9saccord sur leur modalit\u00e9 de diffusion ou en cas de non respect des principes notamment de la la\u00efcit\u00e9 ou de la vie priv\u00e9e, l&rsquo;autorit\u00e9 acad\u00e9mique saisie dispose d&rsquo;un d\u00e9lai de 7 jours pour se prononcer. \u00c0 d\u00e9faut de r\u00e9ponse dans ces d\u00e9lais, les documents sont diffus\u00e9s dans les conditions initialement pr\u00e9vues.<\/p>\n<p>Un local de l&rsquo;\u00e9tablissement peut \u00eatre mis \u00e0 disposition des associations de parents d&rsquo;\u00e9l\u00e8ves, de mani\u00e8re temporaire ou permanente, notamment pour l&rsquo;organisation des r\u00e9unions, pendant et en dehors du temps scolaire.<\/p>\n<p><strong>\u00c0 noter :<\/strong> les repr\u00e9sentants des parents d&rsquo;\u00e9l\u00e8ves sont tenus \u00e0 une obligation de confidentialit\u00e9 \u00e0 l&rsquo;\u00e9gard des informations personnelles dont ils peuvent avoir connaissance.<\/p>\n<\/div>\n","protected":false},"excerpt":{"rendered":"<p>Ils facilitent les relations entre les parents d&rsquo;\u00e9l\u00e8ves et les personnels. Ils peuvent intervenir aupr\u00e8s des chefs d&rsquo;\u00e9tablissements pour \u00e9voquer un probl\u00e8me particulier, pour assurer une m\u00e9diation \u00e0 la demande <a class=\"more-link\" href=\"https:\/\/www.fcpe78.fr\/cl\/sartrouville\/dossiers-thematiques\/acteurs-de-la-vie-scolaire\/les-representants-de-parents-deleves\/\">Lire plus &#8230;<\/a><\/p>\n","protected":false},"author":46,"featured_media":2336,"parent":722,"menu_order":0,"comment_status":"closed","ping_status":"closed","template":"","meta":{"_seopress_robots_primary_cat":"","jetpack_post_was_ever_published":false},"categories":[32],"tags":[63],"jetpack_sharing_enabled":true,"jetpack_shortlink":"https:\/\/wp.me\/PaYu4P-8H","_links":{"self":[{"href":"https:\/\/www.fcpe78.fr\/cl\/sartrouville\/wp-json\/wp\/v2\/pages\/539"}],"collection":[{"href":"https:\/\/www.fcpe78.fr\/cl\/sartrouville\/wp-json\/wp\/v2\/pages"}],"about":[{"href":"https:\/\/www.fcpe78.fr\/cl\/sartrouville\/wp-json\/wp\/v2\/types\/page"}],"author":[{"embeddable":true,"href":"https:\/\/www.fcpe78.fr\/cl\/sartrouville\/wp-json\/wp\/v2\/users\/46"}],"replies":[{"embeddable":true,"href":"https:\/\/www.fcpe78.fr\/cl\/sartrouville\/wp-json\/wp\/v2\/comments?post=539"}],"version-history":[{"count":6,"href":"https:\/\/www.fcpe78.fr\/cl\/sartrouville\/wp-json\/wp\/v2\/pages\/539\/revisions"}],"predecessor-version":[{"id":2443,"href":"https:\/\/www.fcpe78.fr\/cl\/sartrouville\/wp-json\/wp\/v2\/pages\/539\/revisions\/2443"}],"up":[{"embeddable":true,"href":"https:\/\/www.fcpe78.fr\/cl\/sartrouville\/wp-json\/wp\/v2\/pages\/722"}],"wp:featuredmedia":[{"embeddable":true,"href":"https:\/\/www.fcpe78.fr\/cl\/sartrouville\/wp-json\/wp\/v2\/media\/2336"}],"wp:attachment":[{"href":"https:\/\/www.fcpe78.fr\/cl\/sartrouville\/wp-json\/wp\/v2\/media?parent=539"}],"wp:term":[{"taxonomy":"category","embeddable":true,"href":"https:\/\/www.fcpe78.fr\/cl\/sartrouville\/wp-json\/wp\/v2\/categories?post=539"},{"taxonomy":"post_tag","embeddable":true,"href":"https:\/\/www.fcpe78.fr\/cl\/sartrouville\/wp-json\/wp\/v2\/tags?post=539"}],"curies":[{"name":"wp","href":"https:\/\/api.w.org\/{rel}","templated":true}]}}