{"id":521,"date":"2019-05-12T12:00:42","date_gmt":"2019-05-12T10:00:42","guid":{"rendered":"http:\/\/www.fcpe78.fr\/cl\/sartrouville\/?page_id=521"},"modified":"2021-04-05T08:31:52","modified_gmt":"2021-04-05T06:31:52","slug":"la-commission-dhygiene-et-de-securite-c-h-s","status":"publish","type":"page","link":"https:\/\/www.fcpe78.fr\/cl\/sartrouville\/dossiers-thematiques\/les-comissions\/la-commission-dhygiene-et-de-securite-c-h-s\/","title":{"rendered":"La commission d&rsquo;hygi\u00e8ne et de s\u00e9curit\u00e9 (C.H.S.)"},"content":{"rendered":"<p><strong>Composition<\/strong><strong><br \/>\n<\/strong>Pr\u00e9sid\u00e9e par le chef d&rsquo;\u00e9tablissement, elle est compos\u00e9e de repr\u00e9sentants des personnels de l&rsquo;\u00e9tablissement, des \u00e9l\u00e8ves, des parents d&rsquo;\u00e9l\u00e8ves, de l&rsquo;\u00e9quipe de direction et d&rsquo;un repr\u00e9sentant de la collectivit\u00e9 de rattachement.<br \/>\n<strong>Missions<\/strong><strong><br \/>\n<\/strong>Elle est charg\u00e9e de faire toutes propositions utiles au conseil d&rsquo;administration en vue de promouvoir la formation \u00e0 la s\u00e9curit\u00e9 et de contribuer \u00e0 l&rsquo;am\u00e9lioration des conditions d&rsquo;hygi\u00e8ne et de s\u00e9curit\u00e9 dans l&rsquo;\u00e9tablissement. Elle se r\u00e9unit uniquement dans les lyc\u00e9es techniques et professionnels.<\/p>\n<p><strong>&nbsp;<\/strong><\/p>\n","protected":false},"excerpt":{"rendered":"<p>Composition Pr\u00e9sid\u00e9e par le chef d&rsquo;\u00e9tablissement, elle est compos\u00e9e de repr\u00e9sentants des personnels de l&rsquo;\u00e9tablissement, des \u00e9l\u00e8ves, des parents d&rsquo;\u00e9l\u00e8ves, de l&rsquo;\u00e9quipe de direction et d&rsquo;un repr\u00e9sentant de la collectivit\u00e9 <a class=\"more-link\" href=\"https:\/\/www.fcpe78.fr\/cl\/sartrouville\/dossiers-thematiques\/les-comissions\/la-commission-dhygiene-et-de-securite-c-h-s\/\">Lire plus &#8230;<\/a><\/p>\n","protected":false},"author":46,"featured_media":0,"parent":561,"menu_order":0,"comment_status":"closed","ping_status":"closed","template":"","meta":{"_seopress_robots_primary_cat":"","jetpack_post_was_ever_published":false},"categories":[32,5],"tags":[],"jetpack_sharing_enabled":true,"jetpack_shortlink":"https:\/\/wp.me\/PaYu4P-8p","_links":{"self":[{"href":"https:\/\/www.fcpe78.fr\/cl\/sartrouville\/wp-json\/wp\/v2\/pages\/521"}],"collection":[{"href":"https:\/\/www.fcpe78.fr\/cl\/sartrouville\/wp-json\/wp\/v2\/pages"}],"about":[{"href":"https:\/\/www.fcpe78.fr\/cl\/sartrouville\/wp-json\/wp\/v2\/types\/page"}],"author":[{"embeddable":true,"href":"https:\/\/www.fcpe78.fr\/cl\/sartrouville\/wp-json\/wp\/v2\/users\/46"}],"replies":[{"embeddable":true,"href":"https:\/\/www.fcpe78.fr\/cl\/sartrouville\/wp-json\/wp\/v2\/comments?post=521"}],"version-history":[{"count":1,"href":"https:\/\/www.fcpe78.fr\/cl\/sartrouville\/wp-json\/wp\/v2\/pages\/521\/revisions"}],"predecessor-version":[{"id":522,"href":"https:\/\/www.fcpe78.fr\/cl\/sartrouville\/wp-json\/wp\/v2\/pages\/521\/revisions\/522"}],"up":[{"embeddable":true,"href":"https:\/\/www.fcpe78.fr\/cl\/sartrouville\/wp-json\/wp\/v2\/pages\/561"}],"wp:attachment":[{"href":"https:\/\/www.fcpe78.fr\/cl\/sartrouville\/wp-json\/wp\/v2\/media?parent=521"}],"wp:term":[{"taxonomy":"category","embeddable":true,"href":"https:\/\/www.fcpe78.fr\/cl\/sartrouville\/wp-json\/wp\/v2\/categories?post=521"},{"taxonomy":"post_tag","embeddable":true,"href":"https:\/\/www.fcpe78.fr\/cl\/sartrouville\/wp-json\/wp\/v2\/tags?post=521"}],"curies":[{"name":"wp","href":"https:\/\/api.w.org\/{rel}","templated":true}]}}