{"id":518,"date":"2019-05-12T11:59:10","date_gmt":"2019-05-12T09:59:10","guid":{"rendered":"http:\/\/www.fcpe78.fr\/cl\/sartrouville\/?page_id=518"},"modified":"2023-04-08T21:59:04","modified_gmt":"2023-04-08T19:59:04","slug":"le-conseil-de-discipline","status":"publish","type":"page","link":"https:\/\/www.fcpe78.fr\/cl\/sartrouville\/dossiers-thematiques\/les-comissions\/le-conseil-de-discipline\/","title":{"rendered":"Le conseil de discipline en coll\u00e8ge et lyc\u00e9e"},"content":{"rendered":"<p>C\u2019est le chef d\u2019\u00e9tablissement qui d\u00e9cide s\u2019il y a lieu, d\u2019engager des poursuites disciplinaires contre un \u00e9l\u00e8ve.<\/p>\n<p><strong>Le chef d\u2019\u00e9tablissement peut prononcer seul les <span class=\"lien\">s<\/span><span class=\"lien\">anctions suivantes<\/span><\/strong> : l\u2019avertissement, le bl\u00e2me, la mesure de responsabilisation ou l\u2019exclusion temporaire jusqu\u2019\u00e0 8 jours maximum, ainsi que les mesures de pr\u00e9vention, d\u2019accompagnement et les mesures alternatives aux sanctions.<\/p>\n<p>Une commission \u00e9ducative peut dans certaines situations permettre une approche \u00e9ducative qui redresse la situation et \u00e9vite d&rsquo;en arriver au conseil de disipline.<\/p>\n<p>Pour les sanctions plus importantes, il saisi le conseil de discipline. Le chef d\u2019\u00e9tablissement doit saisir obligatoirement le conseil de discipline si un membre du personnel de l\u2019\u00e9tablissement \u00e0 \u00e9t\u00e9 victime de violence physique.<\/p>\n<p style=\"text-align: left\"><strong>Le conseil de discipline est comp\u00e9tent pour<\/strong> prononcer \u00e0 l&rsquo;encontre des \u00e9l\u00e8ves les sanctions suivantes : avertissement, bl\u00e2me, <strong>exclusion temporaire ou d\u00e9finitive.<\/strong><\/p>\n<div class=\"entry-content clearfix\">\n<h3 class=\"titre\" style=\"text-align: left\">Composition du conseil de discipline<\/h3>\n<p style=\"text-align: left\"><img decoding=\"async\" loading=\"lazy\" class=\"size-full wp-image-3183 alignleft\" src=\"https:\/\/i0.wp.com\/www.fcpe78.fr\/cl\/sartrouville\/files\/2023\/04\/commission2.jpg?resize=275%2C183&#038;ssl=1\" alt=\"commission2\" width=\"275\" height=\"183\" data-recalc-dims=\"1\" \/>I<strong>l est compos\u00e9<\/strong> de 14 membres \u00e9lus, chaque ann\u00e9e, par et parmi les membres titulaires et suppl\u00e9ants de leur corps respectif au conseil d\u2019administration, dont :<\/p>\n<ul>\n<li style=\"text-align: left\">9 membres de l\u2019\u00e9ducation nationale : le chef d\u2019\u00e9tablissement, son adjoint, un conseiller principal d\u2019\u00e9ducation (CPE), le gestionnaire de l\u2019\u00e9tablissement et 5 repr\u00e9sentants \u00e9lus des personnels ;<\/li>\n<li>des repr\u00e9sentants \u00e9lus des parents d\u2019\u00e9l\u00e8ves : 3 dans les coll\u00e8ges et 2 dans les lyc\u00e9es ;<\/li>\n<li style=\"text-align: left\">des repr\u00e9sentants \u00e9lus des \u00e9l\u00e8ves : 2 dans les coll\u00e8ges et 3 dans les lyc\u00e9es.<\/li>\n<\/ul>\n<p style=\"text-align: left\"><strong>L\u2019\u00e9lection<\/strong> \u00e0 lieu au scrutin proportionnel au plus fort reste pour les repr\u00e9sentants des \u00e9l\u00e8ves, des personnels enseignants et des parents d\u2019\u00e9l\u00e8ves, et au scrutin uninominal \u00e0 1 tour pour les personnels administratifs, sociaux et de sant\u00e9, techniques, ouvriers et de service. Elle est organis\u00e9e \u00e0 l\u2019occasion de la 1\u00e8re r\u00e9union du conseil d\u2019administration.<\/p>\n<p style=\"text-align: left\">Chaque membre doit avoir un suppl\u00e9ant, d\u00e9sign\u00e9 dans les m\u00eames conditions.<\/p>\n<div class=\"retrait\">\n<div class=\"aSavoir\">\n<h3 class=\"titre\" style=\"text-align: left\">D\u00e9roulement du conseil de discipline<\/h3>\n<p style=\"text-align: left\">L\u2019\u00e9l\u00e8ve et son repr\u00e9sentant l\u00e9gal s\u2019il est mineur sont <strong>convoqu\u00e9s par lettre recommand\u00e9e<\/strong>. Le chef d\u2019\u00e9tablissement convoque \u00e9galement\u00a0:<\/p>\n<ul>\n<li style=\"text-align: left\">la personne \u00e9ventuellement charg\u00e9e d\u2019assister l\u2019\u00e9l\u00e8ve pour le d\u00e9fendre ;<\/li>\n<li style=\"text-align: left\">la personne ayant demand\u00e9 la comparution de l\u2019\u00e9l\u00e8ve ;<\/li>\n<li style=\"text-align: left\">et les t\u00e9moins ou les personnes susceptibles d\u2019\u00e9clairer le conseil sur les faits reproch\u00e9s \u00e0 l\u2019\u00e9l\u00e8ve.<\/li>\n<\/ul>\n<p style=\"text-align: left\">Pour des raisons de s\u00e9curit\u00e9, le chef d\u2019\u00e9tablissement peut d\u00e9localiser le conseil de discipline dans un autre \u00e9tablissement scolaire ou dans les locaux de la Direction des services d\u00e9partementaux de l\u2019\u00e9ducation nationale.<\/p>\n<p style=\"text-align: left\">Le pr\u00e9sident du conseil de discipline donne lecture du rapport motivant la proposition de sanction.<\/p>\n<p style=\"text-align: left\">Le conseil entend l\u2019\u00e9l\u00e8ve et, sur leur demande, la personne charg\u00e9e de l\u2019assister et son repr\u00e9sentant l\u00e9gal.<\/p>\n<p style=\"text-align: left\">Il entend \u00e9galement :<\/p>\n<ul>\n<li style=\"text-align: left\">2 professeurs de la classe (d\u00e9sign\u00e9s par le chef d\u2019\u00e9tablissement) ;<\/li>\n<li style=\"text-align: left\">les 2 d\u00e9l\u00e9gu\u00e9s de la classe ;<\/li>\n<li style=\"text-align: left\">toute personne du coll\u00e8ge ou du lyc\u00e9e qui peut fournir des \u00e9l\u00e9ments d\u2019information utiles sur l\u2019\u00e9l\u00e8ve.<\/li>\n<\/ul>\n<p style=\"text-align: left\">Chaque partie doit pr\u00e9senter ses arguments.<\/p>\n<p style=\"text-align: left\"><strong>Le conseil de discipline d\u00e9lib\u00e8re \u00e0 bulletins secrets<\/strong> \u00e0 la majorit\u00e9 des suffrages exprim\u00e9s.<\/p>\n<p style=\"text-align: left\">Le pr\u00e9sident informe aussit\u00f4t l\u2019\u00e9l\u00e8ve et son repr\u00e9sentant l\u00e9gal de la d\u00e9cision du conseil. Cette d\u00e9cision est notifi\u00e9e par lettre recommand\u00e9e, avec mention des d\u00e9lais et voies de recours possibles.<\/p>\n<h3 class=\"titre\" style=\"text-align: left\">Recours<\/h3>\n<p style=\"text-align: left\">Les d\u00e9cisions prononc\u00e9es par le conseil de discipline de l\u2019\u00e9tablissement ou par le conseil de discipline d\u00e9partemental peuvent faire l\u2019objet d\u2019un appel, <strong>dans un d\u00e9lai de 8 jours<\/strong> \u00e0 compter de leur notification \u00e9crite, aupr\u00e8s du recteur d\u2019acad\u00e9mie.<\/p>\n<p style=\"text-align: left\"><strong>L\u2019appel<\/strong> peut \u00eatre effectu\u00e9 par l\u2019\u00e9l\u00e8ve, s\u2019il est majeur, son repr\u00e9sentant l\u00e9gal s\u2019il est mineur, et le chef d\u2019\u00e9tablissement. Il s\u2019agit d\u2019un <strong>recours administratif pr\u00e9alable obligatoire<\/strong> avant tout <span class=\"lien\">recours contentieux<\/span> devant le juge administratif.\u00a0Il ne suspend pas l\u2019ex\u00e9cution de la sanction.<\/p>\n<p style=\"text-align: left\">Le recteur d\u00e9cide, apr\u00e8s avis d\u2019une commission acad\u00e9mique. Cette d\u00e9cision intervient, en principe, dans un d\u00e9lai d\u20191 mois \u00e0 compter de la r\u00e9ception de l\u2019appel.<\/p>\n<p style=\"text-align: left\">Source : <a href=\"https:\/\/vosdroits.service-public.fr\/particuliers\/F1396.xhtml\" target=\"_blank\" rel=\"noopener\">vosdroits.service-public<\/a><\/p>\n<p>Autre source d&rsquo;information sur le site de <a href=\"http:\/\/www.ih2ef.education.fr\/fr\/ressources-par-type\/outils-pour-agir\/le-film-annuel-des-personnels-de-direction\/detail-pdf\/?a=32&amp;cHash=c52d730bc8&amp;pdfV=1&amp;NFile=Conseil+de+discipline\" target=\"_blank\" rel=\"noopener\">ESENESR<\/a><\/p>\n<\/div>\n<\/div>\n<\/div>\n","protected":false},"excerpt":{"rendered":"<p>C\u2019est le chef d\u2019\u00e9tablissement qui d\u00e9cide s\u2019il y a lieu, d\u2019engager des poursuites disciplinaires contre un \u00e9l\u00e8ve. Le chef d\u2019\u00e9tablissement peut prononcer seul les sanctions suivantes : l\u2019avertissement, le bl\u00e2me, <a class=\"more-link\" href=\"https:\/\/www.fcpe78.fr\/cl\/sartrouville\/dossiers-thematiques\/les-comissions\/le-conseil-de-discipline\/\">Lire plus &#8230;<\/a><\/p>\n","protected":false},"author":46,"featured_media":0,"parent":561,"menu_order":0,"comment_status":"closed","ping_status":"closed","template":"","meta":{"_seopress_robots_primary_cat":"","jetpack_post_was_ever_published":false},"categories":[32,5],"tags":[],"jetpack_sharing_enabled":true,"jetpack_shortlink":"https:\/\/wp.me\/PaYu4P-8m","_links":{"self":[{"href":"https:\/\/www.fcpe78.fr\/cl\/sartrouville\/wp-json\/wp\/v2\/pages\/518"}],"collection":[{"href":"https:\/\/www.fcpe78.fr\/cl\/sartrouville\/wp-json\/wp\/v2\/pages"}],"about":[{"href":"https:\/\/www.fcpe78.fr\/cl\/sartrouville\/wp-json\/wp\/v2\/types\/page"}],"author":[{"embeddable":true,"href":"https:\/\/www.fcpe78.fr\/cl\/sartrouville\/wp-json\/wp\/v2\/users\/46"}],"replies":[{"embeddable":true,"href":"https:\/\/www.fcpe78.fr\/cl\/sartrouville\/wp-json\/wp\/v2\/comments?post=518"}],"version-history":[{"count":6,"href":"https:\/\/www.fcpe78.fr\/cl\/sartrouville\/wp-json\/wp\/v2\/pages\/518\/revisions"}],"predecessor-version":[{"id":3184,"href":"https:\/\/www.fcpe78.fr\/cl\/sartrouville\/wp-json\/wp\/v2\/pages\/518\/revisions\/3184"}],"up":[{"embeddable":true,"href":"https:\/\/www.fcpe78.fr\/cl\/sartrouville\/wp-json\/wp\/v2\/pages\/561"}],"wp:attachment":[{"href":"https:\/\/www.fcpe78.fr\/cl\/sartrouville\/wp-json\/wp\/v2\/media?parent=518"}],"wp:term":[{"taxonomy":"category","embeddable":true,"href":"https:\/\/www.fcpe78.fr\/cl\/sartrouville\/wp-json\/wp\/v2\/categories?post=518"},{"taxonomy":"post_tag","embeddable":true,"href":"https:\/\/www.fcpe78.fr\/cl\/sartrouville\/wp-json\/wp\/v2\/tags?post=518"}],"curies":[{"name":"wp","href":"https:\/\/api.w.org\/{rel}","templated":true}]}}