{"id":501,"date":"2019-05-12T11:42:29","date_gmt":"2019-05-12T09:42:29","guid":{"rendered":"http:\/\/www.fcpe78.fr\/cl\/sartrouville\/?page_id=501"},"modified":"2021-04-05T08:30:09","modified_gmt":"2021-04-05T06:30:09","slug":"le-conseil-decole","status":"publish","type":"page","link":"https:\/\/www.fcpe78.fr\/cl\/sartrouville\/dossiers-thematiques\/en-primaire\/le-conseil-decole\/","title":{"rendered":"Le conseil d&rsquo;\u00e9cole"},"content":{"rendered":"<h3>Missions &#8211; \u00e0 l&rsquo;\u00e9cole, il :<\/h3>\n<ul>\n<li>donne son avis et fait des suggestions sur le fonctionnement de l&rsquo;\u00e9cole et sur toutes questions int\u00e9ressant la vie de l&rsquo;\u00e9cole<\/li>\n<li>peut proposer un projet d&rsquo;organisation du temps scolaire d\u00e9rogatoire<\/li>\n<\/ul>\n<h3 class=\"titre\"><strong>R\u00f4le et attributions<\/strong><\/h3>\n<ul>\n<li>le conseil d\u2019\u00e9cole \u00e9tablit et vote le r\u00e8glement int\u00e9rieur de l\u2019\u00e9cole ;<\/li>\n<li>participe \u00e0 l\u2019\u00e9laboration et adopte le projet d\u2019\u00e9cole ;<\/li>\n<li>donne son avis et fait des suggestions sur toutes questions int\u00e9ressant la vie de l\u2019\u00e9cole ;<\/li>\n<li>donne son accord pour l\u2019organisation d\u2019activit\u00e9s compl\u00e9mentaires \u00e9ducatives, sportives ou culturelles ;<\/li>\n<li>d\u00e9finit le calendrier des rencontres entre les instituteurs et les parents d\u2019\u00e9l\u00e8ves.<\/li>\n<\/ul>\n<p>Il donne son avis et valide notamment :<\/p>\n<div>\n<ul>\n<li>les actions p\u00e9dagogiques entreprises pour atteindre les objectifs nationaux ;<\/li>\n<li>l\u2019utilisation des moyens allou\u00e9s \u00e0 l\u2019\u00e9cole ;<\/li>\n<li>les conditions d\u2019int\u00e9gration des enfants handicap\u00e9s ;<\/li>\n<li>les activit\u00e9s p\u00e9riscolaires,<\/li>\n<li>la restauration scolaire,<\/li>\n<li>hygi\u00e8ne scolaire,<\/li>\n<li>s\u00e9curit\u00e9 des enfants, etc.<\/li>\n<\/ul>\n<\/div>\n<h4><strong>Le conseil d\u2019\u00e9cole est compos\u00e9 :<\/strong><\/h4>\n<ul>\n<li style=\"text-align: left\">du directeur de l\u2019\u00e9cole, qui le pr\u00e9side,<\/li>\n<li style=\"text-align: left\">de l\u2019ensemble des ma\u00eetres affect\u00e9s \u00e0 l\u2019\u00e9cole,<\/li>\n<li style=\"text-align: left\">du maire et du conseiller municipal charg\u00e9 des affaires scolaires,<\/li>\n<li style=\"text-align: left\">des <span class=\"lien\">repr\u00e9sentants \u00e9lus des parents d\u2019\u00e9l\u00e8ves<\/span> en nombre \u00e9gal \u00e0 celui des classes de l\u2019\u00e9cole,<\/li>\n<li style=\"text-align: left\">du d\u00e9l\u00e9gu\u00e9 d\u00e9partemental de l\u2019\u00e9ducation charg\u00e9 de visiter les \u00e9coles.<\/li>\n<\/ul>\n<div class=\"blocInfo\">\n<p><strong>Peuvent assister au conseil, avec voix consultative :<\/strong><\/p>\n<ul>\n<li style=\"text-align: left\">les personnes charg\u00e9es des activit\u00e9s sportives et culturelles,<\/li>\n<li style=\"text-align: left\">les personnes participant aux actions de pr\u00e9vention et d\u2019aide psychologique.<\/li>\n<li style=\"text-align: left\">l\u2019\u00e9quipe m\u00e9dicale scolaire,<\/li>\n<li style=\"text-align: left\">les assistantes sociales,<\/li>\n<li style=\"text-align: left\">les agents sp\u00e9cialis\u00e9s de l\u2019\u00e9cole maternelle.<\/li>\n<li style=\"text-align: left\">L\u2019inspecteur de l\u2019\u00e9ducation nationale de la circonscription peut \u00e9galement y assister.<\/li>\n<\/ul>\n<h3 class=\"titre\"><strong>Fonctionnement<\/strong><\/h3>\n<p>Le conseil d\u2019\u00e9cole est constitu\u00e9 pour une ann\u00e9e et si\u00e8ge jusqu\u2019au renouvellement de ses membres.<\/p>\n<p>Il se r\u00e9unit au moins une fois par trimestre, et obligatoirement dans les 15 jours qui suivent l\u2019\u00e9lection des parents.<\/p>\n<p>Apr\u00e8s le conseil, le directeur de l\u2019\u00e9cole dresse un proc\u00e8s verbal qui sera affich\u00e9 dans un lieu accessible aux parents d\u2019\u00e9l\u00e8ves.<\/p>\n<\/div>\n<p>Source : <a href=\"https:\/\/vosdroits.service-public.fr\/particuliers\/F1399.xhtml\" target=\"_blank\" rel=\"noopener\">vosdroits.service-public<\/a><\/p>\n","protected":false},"excerpt":{"rendered":"<p>Missions &#8211; \u00e0 l&rsquo;\u00e9cole, il : donne son avis et fait des suggestions sur le fonctionnement de l&rsquo;\u00e9cole et sur toutes questions int\u00e9ressant la vie de l&rsquo;\u00e9cole peut proposer un <a class=\"more-link\" href=\"https:\/\/www.fcpe78.fr\/cl\/sartrouville\/dossiers-thematiques\/en-primaire\/le-conseil-decole\/\">Lire plus &#8230;<\/a><\/p>\n","protected":false},"author":46,"featured_media":0,"parent":567,"menu_order":0,"comment_status":"closed","ping_status":"closed","template":"","meta":{"_seopress_robots_primary_cat":"","jetpack_post_was_ever_published":false},"categories":[32,4],"tags":[],"jetpack_sharing_enabled":true,"jetpack_shortlink":"https:\/\/wp.me\/PaYu4P-85","_links":{"self":[{"href":"https:\/\/www.fcpe78.fr\/cl\/sartrouville\/wp-json\/wp\/v2\/pages\/501"}],"collection":[{"href":"https:\/\/www.fcpe78.fr\/cl\/sartrouville\/wp-json\/wp\/v2\/pages"}],"about":[{"href":"https:\/\/www.fcpe78.fr\/cl\/sartrouville\/wp-json\/wp\/v2\/types\/page"}],"author":[{"embeddable":true,"href":"https:\/\/www.fcpe78.fr\/cl\/sartrouville\/wp-json\/wp\/v2\/users\/46"}],"replies":[{"embeddable":true,"href":"https:\/\/www.fcpe78.fr\/cl\/sartrouville\/wp-json\/wp\/v2\/comments?post=501"}],"version-history":[{"count":3,"href":"https:\/\/www.fcpe78.fr\/cl\/sartrouville\/wp-json\/wp\/v2\/pages\/501\/revisions"}],"predecessor-version":[{"id":777,"href":"https:\/\/www.fcpe78.fr\/cl\/sartrouville\/wp-json\/wp\/v2\/pages\/501\/revisions\/777"}],"up":[{"embeddable":true,"href":"https:\/\/www.fcpe78.fr\/cl\/sartrouville\/wp-json\/wp\/v2\/pages\/567"}],"wp:attachment":[{"href":"https:\/\/www.fcpe78.fr\/cl\/sartrouville\/wp-json\/wp\/v2\/media?parent=501"}],"wp:term":[{"taxonomy":"category","embeddable":true,"href":"https:\/\/www.fcpe78.fr\/cl\/sartrouville\/wp-json\/wp\/v2\/categories?post=501"},{"taxonomy":"post_tag","embeddable":true,"href":"https:\/\/www.fcpe78.fr\/cl\/sartrouville\/wp-json\/wp\/v2\/tags?post=501"}],"curies":[{"name":"wp","href":"https:\/\/api.w.org\/{rel}","templated":true}]}}