{"id":497,"date":"2019-05-12T11:37:55","date_gmt":"2019-05-12T09:37:55","guid":{"rendered":"http:\/\/www.fcpe78.fr\/cl\/sartrouville\/?page_id=497"},"modified":"2021-04-05T08:32:25","modified_gmt":"2021-04-05T06:32:25","slug":"le-conseil-dadministration","status":"publish","type":"page","link":"https:\/\/www.fcpe78.fr\/cl\/sartrouville\/dossiers-thematiques\/les-comissions\/le-conseil-dadministration\/","title":{"rendered":"Le conseil d&rsquo;administration"},"content":{"rendered":"<h3><strong>Missions (<\/strong>Au coll\u00e8ge et au lyc\u00e9e)<\/h3>\n<p>En qualit\u00e9 d&rsquo;organe d\u00e9lib\u00e9ratif de l&rsquo;\u00e9tablissement, le conseil d&rsquo;administration, sur le rapport du chef d&rsquo;\u00e9tablissement :<\/p>\n<ul>\n<li style=\"text-align: left\">fixe les principes de mise en \u0153uvre de l&rsquo;autonomie p\u00e9dagogique et \u00e9ducative dont disposent les \u00e9tablissements;<\/li>\n<li style=\"text-align: left\">adopte le projet d&rsquo;\u00e9tablissement, le r\u00e8glement int\u00e9rieur de l&rsquo;\u00e9tablissement, son budget<\/li>\n<li style=\"text-align: left\">\u00e9tablit chaque ann\u00e9e un rapport sur le fonctionnement p\u00e9dagogique de l&rsquo;\u00e9tablissement et ses conditions mat\u00e9rielles de fonctionnement.<\/li>\n<li style=\"text-align: left\">donne son accord sur le programme de l&rsquo;association sportive<\/li>\n<li style=\"text-align: left\">d\u00e9lib\u00e8re sur les questions relatives \u00e0 l&rsquo;hygi\u00e8ne, la sant\u00e9 et la s\u00e9curit\u00e9<\/li>\n<li style=\"text-align: left\">donne son avis sur les principes de choix des manuels et outils p\u00e9dagogiques, sur la cr\u00e9ation d&rsquo;options et de sections, etc.<\/li>\n<li style=\"text-align: left\">d\u00e9lib\u00e8re sur les questions li\u00e9es \u00e0 l&rsquo;accueil et \u00e0 l&rsquo;information des parents d&rsquo;\u00e9l\u00e8ves et les modalit\u00e9s g\u00e9n\u00e9rales de leur participation \u00e0 la vie scolaire<\/li>\n<\/ul>\n<p>\u00c0 votre demande, ces m\u00eames repr\u00e9sentants peuvent assurer un <b>r\u00f4le de m\u00e9diateur aupr\u00e8s de la communaut\u00e9 \u00e9ducative.<\/b><\/p>\n<p>Il se r\u00e9unit en s\u00e9ance ordinaire \u00e0 l&rsquo;initiative du chef d&rsquo;\u00e9tablissement<b> au moins trois fois par an<\/b>. Il peut \u00eatre r\u00e9uni en s\u00e9ance extraordinaire \u00e0 la demande des autorit\u00e9s comp\u00e9tentes sur un ordre du jour d\u00e9termin\u00e9.<\/p>\n<h3><strong>Composition<\/strong><\/h3>\n<p>Le conseil d&rsquo;administration des coll\u00e8ges et des lyc\u00e9es est compos\u00e9 du chef d&rsquo;\u00e9tablissement, de son adjoint, du gestionnaire de l&rsquo;\u00e9tablissement, du conseiller principal d&rsquo;\u00e9ducation, du directeur adjoint charg\u00e9 de la section d&rsquo;\u00e9ducation sp\u00e9cialis\u00e9e dans les coll\u00e8ges, du chef des travaux dans les lyc\u00e9es ; d&rsquo;un repr\u00e9sentant de la collectivit\u00e9 de rattachement ; de trois repr\u00e9sentants de la commune ; d&rsquo;une ou deux personnalit\u00e9s qualifi\u00e9es ; de repr\u00e9sentants \u00e9lus des personnels de l&rsquo;\u00e9tablissement ; de repr\u00e9sentants \u00e9lus des parents d&rsquo;\u00e9l\u00e8ves et des \u00e9l\u00e8ves.<\/p>\n<p style=\"text-align: left\"><strong>Ce conseil, pr\u00e9sid\u00e9 par le chef d\u2019\u00e9tablissement, comporte :<\/strong><\/p>\n<ul>\n<li style=\"text-align: left\">30 membres pour les lyc\u00e9es et les coll\u00e8ges de plus de 600 \u00e9l\u00e8ves,<\/li>\n<li style=\"text-align: left\">24 membres pour les coll\u00e8ges de moins de 600 \u00e9l\u00e8ves,<\/li>\n<\/ul>\n<p style=\"text-align: left\">dont :<\/p>\n<ul>\n<li style=\"text-align: left\">12 \u00e0 15 repr\u00e9sentants du personnel travaillant dans l\u2019\u00e9tablissement,<\/li>\n<li style=\"text-align: left\">des repr\u00e9sentants \u00e9lus des parents d\u2019\u00e9l\u00e8ves (6 ou 7 en coll\u00e8ge selon sa taille, 5 en lyc\u00e9e),<\/li>\n<li style=\"text-align: left\">des repr\u00e9sentants \u00e9lus des \u00e9l\u00e8ves (2 ou 3 en coll\u00e8ge selon sa taille, 5 en lyc\u00e9e),<\/li>\n<li style=\"text-align: left\">3 ou 4 repr\u00e9sentants des \u00e9lus locaux.&nbsp;<\/li>\n<\/ul>\n<div class=\"retrait\">\n<div class=\"aNoter\">\n<p style=\"text-align: left\"><strong>\u00c0 noter&nbsp;:&nbsp;<\/strong> nul ne peut \u00eatre membre du conseil d\u2019administration s\u2019il a \u00e9t\u00e9 priv\u00e9 par jugement de tout ou partie de ses droits civils, civiques ou familiaux.<\/p>\n<h4 class=\"titre\" style=\"text-align: left\">Documents et d\u00e9cisions&nbsp;soumis au vote<\/h4>\n<p style=\"text-align: left\">Le conseil d\u2019administration adopte, sur le rapport du chef d\u2019\u00e9tablissement :<\/p>\n<ul>\n<li style=\"text-align: left\">le projet d\u2019\u00e9tablissement ;<\/li>\n<li style=\"text-align: left\">le budget et le compte financier ;<\/li>\n<li style=\"text-align: left\">le <span class=\"lien\">r\u00e8glement int\u00e9rieur<\/span> de l\u2019\u00e9tablissement ;<\/li>\n<li style=\"text-align: left\">la r\u00e9partition des heures d\u2019enseignement (DHG) ;<\/li>\n<li style=\"text-align: left\">le plan de pr\u00e9vention de la violence pr\u00e9par\u00e9 par le comit\u00e9 d\u2019\u00e9ducation \u00e0 la sant\u00e9 et \u00e0 la citoyennet\u00e9 ;<\/li>\n<li style=\"text-align: left\">les d\u00e9cisions qui rel\u00e8vent de l\u2019autonomie de l\u2019\u00e9tablissement en mati\u00e8re p\u00e9dagogique et \u00e9ducative.<\/li>\n<\/ul>\n<p style=\"text-align: left\">Il \u00e9tablit chaque ann\u00e9e un rapport sur le fonctionnement p\u00e9dagogique de l\u2019\u00e9tablissement et ses conditions mat\u00e9rielles de fonctionnement (mise en \u0153uvre du projet d\u2019\u00e9tablissement, des objectifs \u00e0 atteindre et des r\u00e9sultats obtenus).<\/p>\n<h4 class=\"titre\" style=\"text-align: left\">D\u00e9cisions soumises \u00e0 l\u2019accord du conseil d\u2019administration<\/h4>\n<p style=\"text-align: left\">Le conseil d\u2019administration valide \u00e9galement&nbsp;:<\/p>\n<ul>\n<li style=\"text-align: left\">les orientations relatives \u00e0 la conduite du dialogue avec les parents d\u2019\u00e9l\u00e8ves ;<\/li>\n<li style=\"text-align: left\">le programme de l\u2019association sportive ;<\/li>\n<li style=\"text-align: left\">la programmation et les modalit\u00e9s de financement des voyages scolaires ;<\/li>\n<li style=\"text-align: left\">l\u2019adh\u00e9sion \u00e0 tout groupement d\u2019\u00e9tablissement ou la passation des conventions et des contrats dont l\u2019\u00e9tablissement est signataire (\u00e0 l\u2019exception de certains march\u00e9s).<\/li>\n<\/ul>\n<h4 class=\"titre\" style=\"text-align: left\">Avis&nbsp;donn\u00e9s par le&nbsp;conseil d\u2019administration<\/h4>\n<p style=\"text-align: left\">Le conseil d\u2019administration donne \u00e9galement son avis sur&nbsp;:<\/p>\n<ul>\n<li style=\"text-align: left\">les propositions de cr\u00e9ations et suppressions de sections et options et de formations compl\u00e9mentaires d\u2019initiative locale dans l\u2019\u00e9tablissement,<\/li>\n<li style=\"text-align: left\">les choix des manuels scolaires, des logiciels et des outils p\u00e9dagogiques,la modification&nbsp;propos\u00e9e par le maire des heures d\u2019entr\u00e9e et de sortie de l\u2019\u00e9tablissement.<\/li>\n<\/ul>\n<h4 class=\"titre\" style=\"text-align: left\">Premi\u00e8re r\u00e9union de l\u2019ann\u00e9e scolaire<\/h4>\n<p style=\"text-align: left\">Lors de sa premi\u00e8re r\u00e9union, le conseil d\u2019administration examine les conditions d\u2019organisation du dialogue avec les parents.<\/p>\n<p style=\"text-align: left\">Toute action suppl\u00e9mentaire peut \u00eatre pr\u00e9vue pour tenir compte des sp\u00e9cificit\u00e9s locales ou des orientations du projet d\u2019\u00e9tablissement.<\/p>\n<p style=\"text-align: left\">Sont pr\u00e9cis\u00e9s notamment :<\/p>\n<ul>\n<li style=\"text-align: left\">les conditions d\u2019accueil des parents,<\/li>\n<li style=\"text-align: left\">l\u2019acc\u00e8s aux espaces num\u00e9riques de travail,<\/li>\n<li style=\"text-align: left\">le nombre, la nature et la date des rencontres pr\u00e9vues.<\/li>\n<li style=\"text-align: left\">Les parents d\u2019\u00e9l\u00e8ves sont inform\u00e9s des d\u00e9cisions prises.<\/li>\n<\/ul>\n<h4 style=\"text-align: left\"><strong>Droit \u00e0 l\u2019information et \u00e0 la communication<\/strong><\/h4>\n<p style=\"text-align: left\">Pour l\u2019exercice de leur mandat au conseil d\u2019administration, les <span class=\"lien\">repr\u00e9sentants des parents d\u2019\u00e9l\u00e8ves<\/span> sont destinataires des m\u00eames documents que les autres membres.<\/p>\n<p style=\"text-align: left\">Tout repr\u00e9sentant des parents d\u2019\u00e9l\u00e8ves doit pouvoir rendre compte des travaux du conseil d\u2019administration o\u00f9 il si\u00e8ge, dans les conditions de diffusion d\u00e9finies en concertation entre le directeur d\u2019\u00e9tablissement et les <span class=\"lien\">associations de parents d\u2019\u00e9l\u00e8ves.<\/span><\/p>\n<p style=\"text-align: left\">En cas de d\u00e9saccord sur leur modalit\u00e9 de diffusion ou en cas de non respect des principes notamment de la la\u00efcit\u00e9 ou de la vie priv\u00e9e, l\u2019autorit\u00e9 acad\u00e9mique saisie (par l\u2019association de parents d\u2019\u00e9l\u00e8ves concern\u00e9e ou par le chef d\u2019\u00e9tablissement) dispose d\u2019un d\u00e9lai de 7 jours pour se prononcer.<\/p>\n<p style=\"text-align: left\">\u00c0 d\u00e9faut de r\u00e9ponse dans ces d\u00e9lais, les documents sont diffus\u00e9s dans les conditions initialement pr\u00e9vues.<\/p>\n<p style=\"text-align: left\">Les documents remis par les&nbsp; <span class=\"lien\">associations de parents d\u2019\u00e9l\u00e8ves<\/span> aux autres parents d\u2019\u00e9l\u00e8ves sont distribu\u00e9s en nombre suffisant, sauf disposition contraire du conseil d\u2019administration.<\/p>\n<p style=\"text-align: left\">Source : <a href=\"https:\/\/vosdroits.service-public.fr\/F1393.xhtml\" target=\"_blank\" rel=\"noopener noreferrer\">vosdroits.service-public<\/a><\/p>\n<\/div>\n<\/div>\n","protected":false},"excerpt":{"rendered":"<p>Missions (Au coll\u00e8ge et au lyc\u00e9e) En qualit\u00e9 d&rsquo;organe d\u00e9lib\u00e9ratif de l&rsquo;\u00e9tablissement, le conseil d&rsquo;administration, sur le rapport du chef d&rsquo;\u00e9tablissement : fixe les principes de mise en \u0153uvre de <a class=\"more-link\" href=\"https:\/\/www.fcpe78.fr\/cl\/sartrouville\/dossiers-thematiques\/les-comissions\/le-conseil-dadministration\/\">Lire plus &#8230;<\/a><\/p>\n","protected":false},"author":46,"featured_media":0,"parent":561,"menu_order":0,"comment_status":"closed","ping_status":"closed","template":"","meta":{"_seopress_robots_primary_cat":"","jetpack_post_was_ever_published":false},"categories":[32,5],"tags":[],"jetpack_sharing_enabled":true,"jetpack_shortlink":"https:\/\/wp.me\/PaYu4P-81","_links":{"self":[{"href":"https:\/\/www.fcpe78.fr\/cl\/sartrouville\/wp-json\/wp\/v2\/pages\/497"}],"collection":[{"href":"https:\/\/www.fcpe78.fr\/cl\/sartrouville\/wp-json\/wp\/v2\/pages"}],"about":[{"href":"https:\/\/www.fcpe78.fr\/cl\/sartrouville\/wp-json\/wp\/v2\/types\/page"}],"author":[{"embeddable":true,"href":"https:\/\/www.fcpe78.fr\/cl\/sartrouville\/wp-json\/wp\/v2\/users\/46"}],"replies":[{"embeddable":true,"href":"https:\/\/www.fcpe78.fr\/cl\/sartrouville\/wp-json\/wp\/v2\/comments?post=497"}],"version-history":[{"count":4,"href":"https:\/\/www.fcpe78.fr\/cl\/sartrouville\/wp-json\/wp\/v2\/pages\/497\/revisions"}],"predecessor-version":[{"id":1687,"href":"https:\/\/www.fcpe78.fr\/cl\/sartrouville\/wp-json\/wp\/v2\/pages\/497\/revisions\/1687"}],"up":[{"embeddable":true,"href":"https:\/\/www.fcpe78.fr\/cl\/sartrouville\/wp-json\/wp\/v2\/pages\/561"}],"wp:attachment":[{"href":"https:\/\/www.fcpe78.fr\/cl\/sartrouville\/wp-json\/wp\/v2\/media?parent=497"}],"wp:term":[{"taxonomy":"category","embeddable":true,"href":"https:\/\/www.fcpe78.fr\/cl\/sartrouville\/wp-json\/wp\/v2\/categories?post=497"},{"taxonomy":"post_tag","embeddable":true,"href":"https:\/\/www.fcpe78.fr\/cl\/sartrouville\/wp-json\/wp\/v2\/tags?post=497"}],"curies":[{"name":"wp","href":"https:\/\/api.w.org\/{rel}","templated":true}]}}