{"id":394,"date":"2019-05-11T20:18:04","date_gmt":"2019-05-11T18:18:04","guid":{"rendered":"http:\/\/www.fcpe78.fr\/cl\/sartrouville\/?page_id=394"},"modified":"2021-03-29T21:09:27","modified_gmt":"2021-03-29T19:09:27","slug":"etablissements","status":"publish","type":"page","link":"https:\/\/www.fcpe78.fr\/cl\/sartrouville\/etablissements\/","title":{"rendered":"Etablissements"},"content":{"rendered":"<p><a href=\"https:\/\/www.sartrouville.fr\/famille-et-solidarites\/vie-scolaire\/les-etablissements-scolaires\/\" target=\"_blank\" rel=\"noopener\">Liste des \u00e9coles de Sartrouville<\/a><\/p>\n<ul class=\"page-list subpages-page-list \">\n<li class=\"n0\"><a href=\"https:\/\/www.fcpe78.fr\/cl\/sartrouville\/etablissements\/primaire\/\" target=\"_self\" rel=\"noopener noreferrer\">Primaire<\/a>\n<ul class=\"children\">\n<li class=\"n1\"><a href=\"https:\/\/www.fcpe78.fr\/cl\/sartrouville\/etablissements\/primaire\/maternelles\/\" target=\"_self\" rel=\"noopener noreferrer\">Maternelles<\/a>\n<ul class=\"children\">\n<li class=\"etab\"><a href=\"https:\/\/www.fcpe78.fr\/cl\/sartrouville\/etablissements\/primaire\/maternelles\/ecole-maternelle-anne-frank\/\" target=\"_self\" rel=\"noopener noreferrer\">Anne Frank<\/a><\/li>\n<li class=\"etab\"><a href=\"https:\/\/www.fcpe78.fr\/cl\/sartrouville\/etablissements\/primaire\/maternelles\/ecole-maternelle-danielle-casanova\/\" target=\"_self\" rel=\"noopener noreferrer\">Danielle Casanova<\/a><\/li>\n<li class=\"etab\"><a href=\"https:\/\/www.fcpe78.fr\/cl\/sartrouville\/etablissements\/primaire\/maternelles\/ecole-maternelle-fernand-leger\/\" target=\"_self\" rel=\"noopener noreferrer\">Fernand L\u00e9ger<\/a><\/li>\n<li class=\"etab\"><a href=\"https:\/\/www.fcpe78.fr\/cl\/sartrouville\/etablissements\/primaire\/maternelles\/ecole-maternelle-georges-brassens\/\" target=\"_self\" rel=\"noopener noreferrer\">Georges Brassens<\/a><\/li>\n<li class=\"etab\"><a href=\"https:\/\/www.fcpe78.fr\/cl\/sartrouville\/etablissements\/primaire\/maternelles\/ecole-maternelle-jacques-prevert\/\" target=\"_self\" rel=\"noopener noreferrer\">Jacques Pr\u00e9vert<\/a><\/li>\n<li class=\"etab\"><a href=\"https:\/\/www.fcpe78.fr\/cl\/sartrouville\/etablissements\/primaire\/maternelles\/ecole-maternelle-jean-jaures\/\" target=\"_self\" rel=\"noopener noreferrer\">Jean Jaur\u00e8s<\/a><\/li>\n<li class=\"etab\"><a href=\"https:\/\/www.fcpe78.fr\/cl\/sartrouville\/etablissements\/primaire\/maternelles\/ecole-maternelle-joliot-curie\/\" target=\"_self\" rel=\"noopener noreferrer\">Joliot-Curie<\/a><\/li>\n<li class=\"etab\"><a href=\"https:\/\/www.fcpe78.fr\/cl\/sartrouville\/etablissements\/primaire\/maternelles\/ecole-maternelle-la-fontaine\/\" target=\"_self\" rel=\"noopener noreferrer\">La Fontaine<\/a><\/li>\n<li class=\"etab\"><a href=\"https:\/\/www.fcpe78.fr\/cl\/sartrouville\/etablissements\/primaire\/maternelles\/ecole-maternelle-leo-lagrange\/\" target=\"_self\" rel=\"noopener noreferrer\">L\u00e9o Lagrange<\/a><\/li>\n<li class=\"etab\"><a href=\"https:\/\/www.fcpe78.fr\/cl\/sartrouville\/etablissements\/primaire\/maternelles\/ecole-maternelle-madame-de-sevigne\/\" target=\"_self\" rel=\"noopener noreferrer\">Madame de S\u00e9vign\u00e9<\/a><\/li>\n<li class=\"etab\"><a href=\"https:\/\/www.fcpe78.fr\/cl\/sartrouville\/etablissements\/primaire\/maternelles\/ecole-maternelle-marcel-pagnol\/\" target=\"_self\" rel=\"noopener noreferrer\">Marcel Pagnol<\/a><\/li>\n<li class=\"etab\"><a href=\"https:\/\/www.fcpe78.fr\/cl\/sartrouville\/etablissements\/primaire\/maternelles\/ecole-maternelle-pablo-neruda\/\" target=\"_self\" rel=\"noopener noreferrer\">Pablo Neruda<\/a><\/li>\n<li class=\"etab\"><a href=\"https:\/\/www.fcpe78.fr\/cl\/sartrouville\/etablissements\/primaire\/maternelles\/ecole-maternelle-paul-bert-1\/\" target=\"_self\" rel=\"noopener noreferrer\">Paul Bert 1<\/a><\/li>\n<li class=\"etab\"><a href=\"https:\/\/www.fcpe78.fr\/cl\/sartrouville\/etablissements\/primaire\/maternelles\/ecole-maternelle-paul-langevin\/\" target=\"_self\" rel=\"noopener noreferrer\">Paul Langevin<\/a><\/li>\n<li class=\"etab\"><a href=\"https:\/\/www.fcpe78.fr\/cl\/sartrouville\/etablissements\/primaire\/maternelles\/ecole-maternelle-pierre-brossolette\/\" target=\"_self\" rel=\"noopener noreferrer\">Pierre Brossolette<\/a><\/li>\n<li class=\"etab\"><a href=\"https:\/\/www.fcpe78.fr\/cl\/sartrouville\/etablissements\/primaire\/maternelles\/ecole-maternelle-robert-desnos\/\" target=\"_self\" rel=\"noopener noreferrer\">Robert Desnos<\/a><\/li>\n<\/ul>\n<\/li>\n<li class=\"n1\"><a href=\"https:\/\/www.fcpe78.fr\/cl\/sartrouville\/etablissements\/primaire\/elementaires\/\" target=\"_self\" rel=\"noopener noreferrer\">El\u00e9mentaires<\/a>\n<ul class=\"children\">\n<li class=\"etab\"><a href=\"https:\/\/www.fcpe78.fr\/cl\/sartrouville\/etablissements\/primaire\/elementaires\/ecole-elementaire-anne-robert-turgot\/\" target=\"_self\" rel=\"noopener noreferrer\">Anne Robert Turgot<\/a><\/li>\n<li class=\"etab\"><a href=\"https:\/\/www.fcpe78.fr\/cl\/sartrouville\/etablissements\/primaire\/elementaires\/ecole-elementaire-georges-brassens\/\" target=\"_self\" rel=\"noopener noreferrer\">Georges Brassens<\/a><\/li>\n<li class=\"etab\"><a href=\"https:\/\/www.fcpe78.fr\/cl\/sartrouville\/etablissements\/primaire\/elementaires\/ecole-elementaire-jean-jaures\/\" target=\"_self\" rel=\"noopener noreferrer\">Jean Jaur\u00e8s<\/a><\/li>\n<li class=\"etab\"><a href=\"https:\/\/www.fcpe78.fr\/cl\/sartrouville\/etablissements\/primaire\/elementaires\/ecole-elementaire-joliot-curie-1\/\" target=\"_self\" rel=\"noopener noreferrer\">Joliot-Curie 1<\/a><\/li>\n<li class=\"etab\"><a href=\"https:\/\/www.fcpe78.fr\/cl\/sartrouville\/etablissements\/primaire\/elementaires\/ecole-elementaire-joliot-curie-2\/\" target=\"_self\" rel=\"noopener noreferrer\">Joliot-Curie 2<\/a><\/li>\n<li class=\"etab\"><a href=\"https:\/\/www.fcpe78.fr\/cl\/sartrouville\/etablissements\/primaire\/elementaires\/ecole-elementaire-jules-ferry\/\" target=\"_self\" rel=\"noopener noreferrer\">Jules Ferry<\/a><\/li>\n<li class=\"etab\"><a href=\"https:\/\/www.fcpe78.fr\/cl\/sartrouville\/etablissements\/primaire\/elementaires\/ecole-elementaire-leo-lagrange\/\" target=\"_self\" rel=\"noopener noreferrer\">L\u00e9o Lagrange<\/a><\/li>\n<li class=\"etab\"><a href=\"https:\/\/www.fcpe78.fr\/cl\/sartrouville\/etablissements\/primaire\/elementaires\/ecole-elementaire-michel-etienne-turgot\/\" target=\"_self\" rel=\"noopener noreferrer\">Michel Etienne Turgot<\/a><\/li>\n<li class=\"etab\"><a href=\"https:\/\/www.fcpe78.fr\/cl\/sartrouville\/etablissements\/primaire\/elementaires\/ecole-elementaire-pablo-neruda\/\" target=\"_self\" rel=\"noopener noreferrer\">Pablo Neruda<\/a><\/li>\n<li class=\"etab\"><a href=\"https:\/\/www.fcpe78.fr\/cl\/sartrouville\/etablissements\/primaire\/elementaires\/ecole-elementaire-paul-bert-1\/\" target=\"_self\" rel=\"noopener noreferrer\">Paul Bert 1<\/a><\/li>\n<li class=\"etab\"><a href=\"https:\/\/www.fcpe78.fr\/cl\/sartrouville\/etablissements\/primaire\/elementaires\/ecole-elementaire-paul-langevin\/\" target=\"_self\" rel=\"noopener noreferrer\">Paul Langevin<\/a><\/li>\n<li class=\"etab\"><a href=\"https:\/\/www.fcpe78.fr\/cl\/sartrouville\/etablissements\/primaire\/elementaires\/ecole-elementaire-pierre-brossolette\/\" target=\"_self\" rel=\"noopener noreferrer\">Pierre Brossolette<\/a><\/li>\n<\/ul>\n<\/li>\n<\/ul>\n<\/li>\n<li class=\"n0\"><a href=\"https:\/\/www.fcpe78.fr\/cl\/sartrouville\/etablissements\/secondaire\/\" target=\"_self\" rel=\"noopener noreferrer\">Secondaire<\/a>\n<ul class=\"children\">\n<li class=\"n1\"><a href=\"https:\/\/www.fcpe78.fr\/cl\/sartrouville\/etablissements\/secondaire\/colleges\/\" target=\"_self\" rel=\"noopener noreferrer\">Coll\u00e8ges<\/a>\n<ul class=\"children\">\n<li class=\"etab\"><a href=\"https:\/\/www.fcpe78.fr\/cl\/sartrouville\/etablissements\/secondaire\/colleges\/colette\/\" target=\"_self\" rel=\"noopener noreferrer\">Coll\u00e8ge Colette<\/a><\/li>\n<li class=\"etab\"><a href=\"https:\/\/www.fcpe78.fr\/cl\/sartrouville\/etablissements\/secondaire\/colleges\/darius\/\" target=\"_self\" rel=\"noopener noreferrer\">Coll\u00e9ge Darius Milhaud<\/a><\/li>\n<li class=\"etab\"><a href=\"https:\/\/www.fcpe78.fr\/cl\/sartrouville\/etablissements\/secondaire\/colleges\/paulhan\/\" target=\"_self\" rel=\"noopener noreferrer\">Coll\u00e8ge Louis Paulhan<\/a><\/li>\n<li class=\"etab\"><a href=\"https:\/\/www.fcpe78.fr\/cl\/sartrouville\/etablissements\/secondaire\/colleges\/romain-rolland\/\" target=\"_self\" rel=\"noopener noreferrer\">Coll\u00e8ge Romain Rolland<\/a><\/li>\n<\/ul>\n<\/li>\n<li class=\"n1\"><a href=\"https:\/\/www.fcpe78.fr\/cl\/sartrouville\/etablissements\/secondaire\/lycees\/\" target=\"_self\" rel=\"noopener noreferrer\">Lyc\u00e9es<\/a>\n<ul class=\"children\">\n<li class=\"etab\"><a href=\"https:\/\/www.fcpe78.fr\/cl\/sartrouville\/etablissements\/secondaire\/lycees\/lycee-general-et-technologique-evariste-galois\/\" target=\"_self\" rel=\"noopener noreferrer\">Lyc\u00e9e g\u00e9n\u00e9ral et technologique Evariste Galois<\/a><\/li>\n<li class=\"etab\"><a href=\"https:\/\/www.fcpe78.fr\/cl\/sartrouville\/etablissements\/secondaire\/lycees\/lycee-polyvalent-jules-verne-lycee-des-metiers-de-lartisanat\/\" target=\"_self\" rel=\"noopener noreferrer\">Lyc\u00e9e polyvalent Jules Verne, lyc\u00e9e des m\u00e9tiers de l\u2019artisanat<\/a><\/li>\n<\/ul>\n<\/li>\n<\/ul>\n<\/li>\n<\/ul>\n","protected":false},"excerpt":{"rendered":"<p>Liste des \u00e9coles de Sartrouville Primaire Maternelles Anne Frank Danielle Casanova Fernand L\u00e9ger Georges Brassens Jacques Pr\u00e9vert Jean Jaur\u00e8s Joliot-Curie La Fontaine L\u00e9o Lagrange Madame de S\u00e9vign\u00e9 Marcel Pagnol Pablo <a class=\"more-link\" href=\"https:\/\/www.fcpe78.fr\/cl\/sartrouville\/etablissements\/\">Lire plus &#8230;<\/a><\/p>\n","protected":false},"author":18,"featured_media":0,"parent":0,"menu_order":0,"comment_status":"closed","ping_status":"closed","template":"","meta":{"_seopress_robots_primary_cat":"","jetpack_post_was_ever_published":false},"categories":[],"tags":[],"jetpack_sharing_enabled":true,"jetpack_shortlink":"https:\/\/wp.me\/PaYu4P-6m","_links":{"self":[{"href":"https:\/\/www.fcpe78.fr\/cl\/sartrouville\/wp-json\/wp\/v2\/pages\/394"}],"collection":[{"href":"https:\/\/www.fcpe78.fr\/cl\/sartrouville\/wp-json\/wp\/v2\/pages"}],"about":[{"href":"https:\/\/www.fcpe78.fr\/cl\/sartrouville\/wp-json\/wp\/v2\/types\/page"}],"author":[{"embeddable":true,"href":"https:\/\/www.fcpe78.fr\/cl\/sartrouville\/wp-json\/wp\/v2\/users\/18"}],"replies":[{"embeddable":true,"href":"https:\/\/www.fcpe78.fr\/cl\/sartrouville\/wp-json\/wp\/v2\/comments?post=394"}],"version-history":[{"count":10,"href":"https:\/\/www.fcpe78.fr\/cl\/sartrouville\/wp-json\/wp\/v2\/pages\/394\/revisions"}],"predecessor-version":[{"id":2185,"href":"https:\/\/www.fcpe78.fr\/cl\/sartrouville\/wp-json\/wp\/v2\/pages\/394\/revisions\/2185"}],"wp:attachment":[{"href":"https:\/\/www.fcpe78.fr\/cl\/sartrouville\/wp-json\/wp\/v2\/media?parent=394"}],"wp:term":[{"taxonomy":"category","embeddable":true,"href":"https:\/\/www.fcpe78.fr\/cl\/sartrouville\/wp-json\/wp\/v2\/categories?post=394"},{"taxonomy":"post_tag","embeddable":true,"href":"https:\/\/www.fcpe78.fr\/cl\/sartrouville\/wp-json\/wp\/v2\/tags?post=394"}],"curies":[{"name":"wp","href":"https:\/\/api.w.org\/{rel}","templated":true}]}}