{"id":3407,"date":"2024-06-05T19:31:25","date_gmt":"2024-06-05T17:31:25","guid":{"rendered":"https:\/\/www.fcpe78.fr\/cl\/sartrouville\/?page_id=3407"},"modified":"2024-06-05T19:33:11","modified_gmt":"2024-06-05T17:33:11","slug":"commission-dappel-memo-pour-les-parents-qui-siegent","status":"publish","type":"page","link":"https:\/\/www.fcpe78.fr\/cl\/sartrouville\/dossiers-thematiques\/les-comissions\/commission-dappel-memo-pour-les-parents-qui-siegent\/","title":{"rendered":"Commission d&rsquo;appel &#8211; MEMO pour les parents qui si\u00e8gent"},"content":{"rendered":"<p>La composition et le fonctionnement des commissions d\u2019appel sont pr\u00e9cis\u00e9s dans l\u2019Arr\u00eat\u00e9 minist\u00e9riel du 14 Juin 1990.<\/p>\n<h2>FONCTIONNEMENT<\/h2>\n<p><img decoding=\"async\" loading=\"lazy\" class=\"wp-image-3099 alignleft\" src=\"https:\/\/i0.wp.com\/www.fcpe78.fr\/cl\/sartrouville\/files\/2023\/01\/Voeux2023-FCPE-e1673186417825.png?resize=428%2C253&#038;ssl=1\" alt=\"voeux2023 fcpe\" width=\"428\" height=\"253\" srcset=\"https:\/\/i0.wp.com\/www.fcpe78.fr\/cl\/sartrouville\/files\/2023\/01\/Voeux2023-FCPE-e1673186417825.png?w=639&amp;ssl=1 639w, https:\/\/i0.wp.com\/www.fcpe78.fr\/cl\/sartrouville\/files\/2023\/01\/Voeux2023-FCPE-e1673186417825.png?resize=300%2C177&amp;ssl=1 300w\" sizes=\"(max-width: 428px) 100vw, 428px\" data-recalc-dims=\"1\" \/><\/p>\n<p>Les commissions commencent \u00e0 l\u2019heure. Leur dur\u00e9e est fonction du nombre de dossiers \u00e0 \u00e9tudier et du temps pass\u00e9 pour chaque dossier (en moyenne de 10 \u00e0 20 minutes).<\/p>\n<p>Le vote n\u2019est pas une obligation : normalement la commission d\u2019appel devrait d\u00e9gager de l\u2019\u00e9tude du dossier et de la discussion une position consensuelle. Si ce n\u2019est pas possible il y a vote, et en cas de partage des votes la voix du Pr\u00e9sident de la commission est pr\u00e9pond\u00e9rante.<\/p>\n<p>Les parents FCPE si\u00e8gent au titre de la FCPE et non en leur nom personnel, ni pour un \u00e9tablissement particulier. Si 2 parents FCPE, ils doivent avoir le m\u00eame vote qui correspond \u00e0 la position de la FCPE.<\/p>\n<p>Il faut \u00eatre coh\u00e9rent et respecter la m\u00eame logique tout au long de la commission.<\/p>\n<p>Certains professeurs sont pour approuver \u00e0 priori la d\u00e9cision prise par le conseil de classe de l\u2019\u00e9l\u00e8ve qui passe en appel.\u00a0\u00a0Ils sont solidaires de leurs coll\u00e8gues disent-ils !!<\/p>\n<p>A nous de leur rappeler le r\u00f4le de la commission, qui doit \u00eatre reconnu par tous ceux qui y si\u00e8gent, y compris les professeurs.<\/p>\n<p>Bien noter en d\u00e9but de s\u00e9ance quels sont les membres de la commission pr\u00e9sents ou absents.<\/p>\n<p>Le dossier de chaque \u00e9l\u00e8ve est d\u2019abord pr\u00e9sent\u00e9 \u00e0 la commission par un professeur de la classe et le conseiller d\u2019orientation de l\u2019\u00e9tablissement fr\u00e9quent\u00e9 par l\u2019\u00e9l\u00e8ve. Bien noter pour chaque cas la pr\u00e9sence ou l\u2019absence du conseiller d\u2019orientation. C\u2019est un cas de vice de forme et une raison d\u2019annulation de la d\u00e9cision par le Tribunal Administratif<\/p>\n<p>NB\u00a0: dans les commissions du premier degr\u00e9 il n\u2019y a pas l\u2019enseignant de l\u2019\u00e9l\u00e8ve. La commission dispose seulement du rapport de synth\u00e8se de l\u2019enseignant et du directeur d\u2019\u00e9cole et de travaux de l\u2019\u00e9l\u00e8ve.<\/p>\n<p>Se faire pr\u00e9ciser si l\u2019enseignant qui pr\u00e9sente le dossier est le professeur principal de la classe ou non, et dans quelle mati\u00e8re il enseigne (le noter).<\/p>\n<p>La commission doit respecter les familles et les \u00e9l\u00e8ves. Si tel n\u2019est pas le cas, \u00e0 nous d\u2019intervenir pour faire respecter cette r\u00e8gle \u00e9vidente pour la FCPE.<\/p>\n<p>Les parents repr\u00e9sentant la FCPE ont des suppl\u00e9ants, ils peuvent donc se faire remplacer s\u2019ils ne peuvent si\u00e9ger toute la journ\u00e9e.<\/p>\n<p>Vous pouvez \u00e9crire \u00e0 l\u2019Inspecteur d\u2019Acad\u00e9mie en tant que membre de la commission pour lui rapporter certains faits ou d\u00e9noncer le fonctionnement de la commission.<\/p>\n<p>On peut faire mettre au Proc\u00e8s Verbal de fin de commission nos remarques \u00e0 condition de le dire \u00e0 toute la commission.<\/p>\n<p>Les parents peuvent, comme n\u2019importe quel membre de la commission, poser des questions au professeur, au conseiller d\u2019orientation et \u00e0 la famille.<\/p>\n<p>Se faire pr\u00e9ciser la d\u00e9cision du chef d\u2019\u00e9tablissement concern\u00e9 par le cas de l\u2019\u00e9l\u00e8ve. Cette d\u00e9cision doit \u00eatre \u00ab motiv\u00e9e \u00bb.<\/p>\n<p>Si des \u00e9l\u00e8ves d\u2019une m\u00eame classe font appel, il est int\u00e9ressant de d\u00e9lib\u00e9rer apr\u00e8s avoir examin\u00e9 l\u2019ensemble des dossiers de ces \u00e9l\u00e8ves. Le proposer \u00e0 la commission.<\/p>\n<p>Le pr\u00e9sident de la commission ne doit pas donner les r\u00e9sultats de la commission avant la fin des travaux de la commission&#8230; Cela permet de revenir parfois sur des cas qui avaient \u00e9t\u00e9 trait\u00e9s plus s\u00e9v\u00e8rement.<\/p>\n<p>Il n\u2019y a pas de quota de passage \u00e0 respecter.<\/p>\n<p><strong>Sur le plan mat\u00e9riel<\/strong><\/p>\n<p>Pour la famille<\/p>\n<p>Le parent qui vient d\u00e9fendre son enfant se trouve seul devant douze personnes de la commission qui l\u2019attendent, assis autour d\u2019une suite de tables !<\/p>\n<p>Pour le mettre plus \u00e0 l\u2019aise on peut proposer : au moins que la qualit\u00e9 (si possible le nom aussi) des membres de la commission figure(nt) sur un carton ou une feuille de fa\u00e7on lisible pour les parents ou l\u2019\u00e9l\u00e8ve. Qu\u2019une table et des chaises soient disponibles pour que la famille puisse bien s\u2019installer et mettre ses documents sur la table. Cette table sert auparavant au professeur et au conseiller d\u2019orientation qui, normalement, sortent pour laisser la place \u00e0 la famille.<\/p>\n<p>Pour vous<\/p>\n<p>La veille de la commission vous pouvez appeler l\u2019\u00e9tablissement o\u00f9 va se d\u00e9rouler la commission d\u2019appel, pour conna\u00eetre le nombre de dossiers&#8230; cette indication vous donnera un aper\u00e7u de l\u2019heure de sortie.<\/p>\n<h2><b><i><strong>LES PARENTS <\/strong><\/i><\/b><b><i><strong>AIDENT <\/strong><\/i><\/b><b><i><strong>LES PARENTS<\/strong><\/i><\/b><\/h2>\n<p>Les coordonn\u00e9es des parents qui si\u00e8gent \u00e0 la commission peuvent \u00eatre affich\u00e9es dans les \u00e9tablissements : ne nous en privons pas !<\/p>\n<p>Les parents qui font appel vous demandent de les aider, soit \u00e0 intervenir, soit \u00e0 r\u00e9diger un courrier en l\u2019argumentant &#8230; :<\/p>\n<p>Les parents doivent \u00e9viter de dire : qu\u2019on va lui donner des cours pendant les vacances&#8230; d\u2019autant plus qu\u2019ils ne le feront pas !<\/p>\n<p>Demander si l\u2019\u00e9l\u00e8ve a un projet : en fonction du projet de l\u2019enfant les notes ont plus ou moins d\u2019importance.<\/p>\n<p>Demander le d\u00e9roulement de sa scolarit\u00e9 les ann\u00e9es pr\u00e9c\u00e9dentes, si le conseil de classe \u00e9tait favorable au passage en classe sup\u00e9rieure.<\/p>\n<p>Demander les notes et la moyenne de la classe, l\u2019ambiance de la classe, si le conseil de classe \u00e9tait unanime dans la d\u00e9cision prise et qui ne convient pas \u00e0 la famille.<\/p>\n<p>Si l\u2019\u00e9l\u00e8ve a progress\u00e9 au troisi\u00e8me trimestre, bien insister sur cette progression. S\u2019il a r\u00e9gress\u00e9, demander s\u2019il y avait un motif particulier.<\/p>\n<p>L\u2019\u00e9l\u00e8ve travaille-t-il seul ?<\/p>\n<p>Des causes psychologiques peuvent-elles expliquer la baisse des r\u00e9sultats ? (divorce, maladie dans la famille, d\u00e9c\u00e8s, probl\u00e8mes particuliers dans l\u2019\u00e9tablissement&#8230;).<\/p>\n<p>Y a-t-il des raisons m\u00e9dicales ? Dans ce cas fournir les certificats m\u00e9dicaux.<\/p>\n<p><strong>PENDANT LA COMMISSION<\/strong><\/p>\n<ul>\n<li>\u00a0Les notes obtenues par l\u2019\u00e9l\u00e8ve ne doivent pas \u00eatre le seul crit\u00e8re retenu par la commission.<\/li>\n<li>Penser \u00e0 demander la moyenne de la classe dans la mati\u00e8re : un \u00e9l\u00e8ve qui a 8 ou 9 dans une classe qui a une moyenne par mati\u00e8re tr\u00e8s \u00e9lev\u00e9e, n\u2019est pas forc\u00e9ment mauvais \u00e9l\u00e8ve. Si la moyenne par mati\u00e8re de la classe se situe vers 7, qu\u2019est-ce qui explique qu\u2019elle soit si basse?<\/li>\n<li>Mettre en avant les points positifs de l\u2019enfant.<\/li>\n<li>Insister sur le profil de l\u2019enfant et ses objectifs.<\/li>\n<li>Penser \u00e0 demander s\u2019il y a une lettre des parents ou un certificat m\u00e9dical.<\/li>\n<li>Poser des questions au conseiller d\u2019orientation de l\u2019\u00e9tablissement ou au m\u00e9decin scolaire de la commission.<\/li>\n<li>En principe la FCPE est contre le redoublement. En effet, le redoublement est tout d\u2019abord une exclusivit\u00e9 fran\u00e7aise. Ensuite, le redoublement tel qu\u2019il est appliqu\u00e9 actuellement n\u2019apporte rien \u00e0 l\u2019\u00e9l\u00e8ve : aucune aide, aucun soutien n\u2019est pr\u00e9vu pour l\u2019\u00e9l\u00e8ve qui redouble, au contraire d\u00e8s le d\u00e9but de l\u2019ann\u00e9e il est catalogu\u00e9 comme \u00abredoublant\u00bb et donc les enseignants attendent qu\u2019ils fassent plus et mieux que les autres. Le redoublement n\u2019est valable que si l\u2019\u00e9l\u00e8ve est motiv\u00e9 pour redoubler car il a un projet pr\u00e9cis, par exemple passage dans telle ou telle fili\u00e8re. Pour tout redoublant un PPRE doit OBLIGATOIREMENT \u00eatre mis en place pour l\u2019\u00e9l\u00e8ve. Ce n\u2019est malheureusement que rarement le cas. Par manque de moyens les \u00e9tablissements pr\u00e9f\u00e8rent utiliser ce dispositif pour des \u00e9l\u00e8ves en difficult\u00e9 mais n\u2019ayant pas encore redoubl\u00e9.<\/li>\n<li>Parfois en commission arrivent des dossiers d\u2019\u00e9l\u00e8ves qui ont la moyenne ou en sont tr\u00e8s proches, mais dont le conseil de classe a refus\u00e9 le passage pour des raisons de discipline : ce probl\u00e8me doit \u00eatre trait\u00e9 par l\u2019\u00e9tablissement qui doit appliquer le r\u00e8glement int\u00e9rieur.<\/li>\n<li>La commission d\u2019appel n\u2019a pas \u00e0 statuer sur le comportement d\u2019un \u00e9l\u00e8ve.<\/li>\n<li>Il semble qu\u2019il est pr\u00e9f\u00e9rable d\u2019\u00e9viter deux redoublements dans un m\u00eame cycle.<\/li>\n<li>De m\u00eame, la 6\u00e8me et la 4\u00e8me ne sont pas des paliers d\u2019orientation, donc les redoublements et les appels doivent \u00eatre minimes.<\/li>\n<\/ul>\n<p><strong>APRES LA COMMISSION<\/strong><\/p>\n<p>Faire le compte-rendu \u00e0 envoyer le plus vite possible au CDPE (centre d\u00e9partemental FCPE)\u00a0 ou \u00e0 l\u2019administrateur qui est en charge de l\u2019organisation des commissions. Mettez vos commentaires en fin de questionnaire.<\/p>\n<p>Dans ce compte rendu, outre vos commentaires, indiquez\u00a0:<\/p>\n<p>Le nom de votre commission<\/p>\n<p>Le nombre de membres pr\u00e9sent \u00e0 la commission<\/p>\n<p>Le nombre de dossiers examin\u00e9s<\/p>\n<p>Le nombre de dossiers accept\u00e9s<\/p>\n<p>L\u2019heure de d\u00e9but et celle de fin<\/p>\n<p>S\u2019il y a un autre parent que de la FCPE qui a si\u00e9g\u00e9 avec vous<\/p>\n<p>S\u2019il y a eu des probl\u00e8mes \u00e9crire \u00e0 l\u2019Inspecteur d\u2019Acad\u00e9mie et nous en informer.<\/p>\n<p>Si vous avez besoin de conseils pour des cas un peu particuliers, n\u2019h\u00e9sitez pas \u00e0 nous contacter !<\/p>\n<h3>Composition\u00a0(premier degr\u00e9)<\/h3>\n<p>&#8211; pr\u00e9sident (Inspecteur de l\u2019Education nationale)<\/p>\n<p>&#8211; 1 inspecteur de l\u2019Education Nationale<\/p>\n<p>&#8211; 2 professeurs des \u00e9coles<\/p>\n<p>&#8211; 2 directeurs d\u2019\u00e9cole<\/p>\n<p>&#8211; 3 parents d\u2019\u00e9l\u00e8ves<\/p>\n<p>&#8211; 1 principal de coll\u00e8ge<\/p>\n<p>&#8211; 1 enseignant de coll\u00e8ge<\/p>\n<p>&#8211; 1 m\u00e9decin scolaire<\/p>\n<p>&#8211; 1 psychologue<\/p>\n<h3>Composition\u00a0(second degr\u00e9)\u00a0&#8211; pr\u00e9sident (chef d\u2019\u00e9tablissement)<\/h3>\n<p>&#8211; 3 professeurs<\/p>\n<p>&#8211; 3 repr\u00e9sentants de parents d\u2019\u00e9l\u00e8ves<\/p>\n<p>&#8211; 2 chefs d\u2019\u00e9tablissement<\/p>\n<p>&#8211; 1 CPE<\/p>\n<p>&#8211; 1 directeur de centre d\u2019information et d\u2019orientation<\/p>\n<p>&#8211; 1 m\u00e9decin scolaire<\/p>\n<p>&#8211; 1 assistante sociale scolaire<\/p>\n<p><strong>\u00a0<\/strong><\/p>\n","protected":false},"excerpt":{"rendered":"<p>La composition et le fonctionnement des commissions d\u2019appel sont pr\u00e9cis\u00e9s dans l\u2019Arr\u00eat\u00e9 minist\u00e9riel du 14 Juin 1990. FONCTIONNEMENT Les commissions commencent \u00e0 l\u2019heure. Leur dur\u00e9e est fonction du nombre de <a class=\"more-link\" href=\"https:\/\/www.fcpe78.fr\/cl\/sartrouville\/dossiers-thematiques\/les-comissions\/commission-dappel-memo-pour-les-parents-qui-siegent\/\">Lire plus &#8230;<\/a><\/p>\n","protected":false},"author":46,"featured_media":3183,"parent":561,"menu_order":0,"comment_status":"closed","ping_status":"closed","template":"","meta":{"_seopress_robots_primary_cat":"","jetpack_post_was_ever_published":false},"categories":[32,9,5],"tags":[],"jetpack_sharing_enabled":true,"jetpack_shortlink":"https:\/\/wp.me\/PaYu4P-SX","_links":{"self":[{"href":"https:\/\/www.fcpe78.fr\/cl\/sartrouville\/wp-json\/wp\/v2\/pages\/3407"}],"collection":[{"href":"https:\/\/www.fcpe78.fr\/cl\/sartrouville\/wp-json\/wp\/v2\/pages"}],"about":[{"href":"https:\/\/www.fcpe78.fr\/cl\/sartrouville\/wp-json\/wp\/v2\/types\/page"}],"author":[{"embeddable":true,"href":"https:\/\/www.fcpe78.fr\/cl\/sartrouville\/wp-json\/wp\/v2\/users\/46"}],"replies":[{"embeddable":true,"href":"https:\/\/www.fcpe78.fr\/cl\/sartrouville\/wp-json\/wp\/v2\/comments?post=3407"}],"version-history":[{"count":2,"href":"https:\/\/www.fcpe78.fr\/cl\/sartrouville\/wp-json\/wp\/v2\/pages\/3407\/revisions"}],"predecessor-version":[{"id":3410,"href":"https:\/\/www.fcpe78.fr\/cl\/sartrouville\/wp-json\/wp\/v2\/pages\/3407\/revisions\/3410"}],"up":[{"embeddable":true,"href":"https:\/\/www.fcpe78.fr\/cl\/sartrouville\/wp-json\/wp\/v2\/pages\/561"}],"wp:featuredmedia":[{"embeddable":true,"href":"https:\/\/www.fcpe78.fr\/cl\/sartrouville\/wp-json\/wp\/v2\/media\/3183"}],"wp:attachment":[{"href":"https:\/\/www.fcpe78.fr\/cl\/sartrouville\/wp-json\/wp\/v2\/media?parent=3407"}],"wp:term":[{"taxonomy":"category","embeddable":true,"href":"https:\/\/www.fcpe78.fr\/cl\/sartrouville\/wp-json\/wp\/v2\/categories?post=3407"},{"taxonomy":"post_tag","embeddable":true,"href":"https:\/\/www.fcpe78.fr\/cl\/sartrouville\/wp-json\/wp\/v2\/tags?post=3407"}],"curies":[{"name":"wp","href":"https:\/\/api.w.org\/{rel}","templated":true}]}}