{"id":3185,"date":"2023-04-08T22:39:04","date_gmt":"2023-04-08T20:39:04","guid":{"rendered":"https:\/\/www.fcpe78.fr\/cl\/sartrouville\/?page_id=3185"},"modified":"2023-04-08T22:40:43","modified_gmt":"2023-04-08T20:40:43","slug":"la-commission-educative-en-college-et-lycee","status":"publish","type":"page","link":"https:\/\/www.fcpe78.fr\/cl\/sartrouville\/dossiers-thematiques\/les-comissions\/la-commission-educative-en-college-et-lycee\/","title":{"rendered":"La commission \u00e9ducative en coll\u00e8ge et lyc\u00e9e"},"content":{"rendered":"<p>Dans un coll\u00e8ge ou dans un lyc\u00e9e, la commission \u00e9ducative examine la situation d&rsquo;un \u00e9l\u00e8ve qui ne respecte pas ses obligations scolaires ou qui a un comportement inadapt\u00e9. La commission propose alors des mesures \u00e9ducatives. Une commission \u00e9ducative existe dans chaque coll\u00e8ge et dans chaque lyc\u00e9e.<\/p>\n<div class=\"entry-content clearfix\">\n<div id=\"fiche-item-1\" class=\"fiche-item-content sp-chapter-collapse collapse show\" aria-labelledby=\"fiche-item-aria-1\" aria-hidden=\"false\">\n<div class=\"sp-chapter-content\">\n<p data-test=\"contenu-texte\"><img decoding=\"async\" loading=\"lazy\" class=\"size-full wp-image-3182 alignleft\" src=\"https:\/\/i0.wp.com\/www.fcpe78.fr\/cl\/sartrouville\/files\/2023\/04\/equipe-educative.png?resize=225%2C225&#038;ssl=1\" alt=\"equipe educative\" width=\"225\" height=\"225\" srcset=\"https:\/\/i0.wp.com\/www.fcpe78.fr\/cl\/sartrouville\/files\/2023\/04\/equipe-educative.png?w=225&amp;ssl=1 225w, https:\/\/i0.wp.com\/www.fcpe78.fr\/cl\/sartrouville\/files\/2023\/04\/equipe-educative.png?resize=150%2C150&amp;ssl=1 150w, https:\/\/i0.wp.com\/www.fcpe78.fr\/cl\/sartrouville\/files\/2023\/04\/equipe-educative.png?resize=200%2C200&amp;ssl=1 200w, https:\/\/i0.wp.com\/www.fcpe78.fr\/cl\/sartrouville\/files\/2023\/04\/equipe-educative.png?resize=100%2C100&amp;ssl=1 100w, https:\/\/i0.wp.com\/www.fcpe78.fr\/cl\/sartrouville\/files\/2023\/04\/equipe-educative.png?resize=40%2C40&amp;ssl=1 40w\" sizes=\"(max-width: 225px) 100vw, 225px\" data-recalc-dims=\"1\" \/>La commission examine la situation d&rsquo;un \u00e9l\u00e8ve qui ne respecte pas ses obligations scolaires ou qui a un comportement inadapt\u00e9.<\/p>\n<div class=\"fr-highlight  fr-my-4w fr-ml-0\" data-test=\"citation\">\n<p class=\"fr-text--bold\">Attention <strong>la commission \u00e9ducative n&rsquo;est pas un <a href=\"https:\/\/www.service-public.fr\/particuliers\/vosdroits\/F1396\">conseil de discipline<\/a>.<\/strong><\/p>\n<\/div>\n<p data-test=\"contenu-texte\">Si votre enfant est concern\u00e9, vous \u00eates inform\u00e9 de la proc\u00e9dure. Vous pouvez, \u00e0 votre demande, \u00eatre entendu par la commission.<\/p>\n<p data-test=\"contenu-texte\"><strong>La commission ne sanctionne pas le comportement de votre enfant. Elle recherche une solution \u00e9ducative adapt\u00e9e et personnalis\u00e9e \u00e0 la situation<\/strong>. Elle propose ainsi \u00e0 amener votre enfant \u00e0 s&rsquo;interroger sur sa conduite et sur les cons\u00e9quences de ses actes. Par exemple, elle peut lui demander de s&rsquo;engager par \u00e9crit \u00e0 am\u00e9liorer son comportement en lui fixant des objectifs pr\u00e9cis.<\/p>\n<p data-test=\"contenu-texte\">Elle assure le suivi des solutions \u00e9ducatives personnalis\u00e9es mises en place.<\/p>\n<p data-test=\"contenu-texte\">Elle participe \u00e9galement \u00e0 la pr\u00e9vention et \u00e0 la lutte contre le <a href=\"https:\/\/www.service-public.fr\/particuliers\/vosdroits\/N286\">harc\u00e8lement et la discrimination<\/a> en milieu scolaire.<\/p>\n<\/div>\n<\/div>\n<p><strong>La commission est r\u00e9unie par le chef d&rsquo;\u00e9tablissement selon une proc\u00e9dure pr\u00e9vue par le r\u00e8glement int\u00e9rieur de l&rsquo;\u00e9tablissement. <\/strong>La commission \u00e9ducative est \u00e9galement consult\u00e9e quand un incident implique plusieurs \u00e9l\u00e8ves.<strong><br \/>\n<\/strong><\/p>\n<h3 class=\"titre\" style=\"text-align: left\">Composition de la commission \u00e9ducative<\/h3>\n<p style=\"text-align: left\"><img decoding=\"async\" loading=\"lazy\" class=\"size-full wp-image-3181 alignleft\" src=\"https:\/\/i0.wp.com\/www.fcpe78.fr\/cl\/sartrouville\/files\/2023\/04\/commission.jpg?resize=250%2C188&#038;ssl=1\" alt=\"commission\" width=\"250\" height=\"188\" data-recalc-dims=\"1\" \/><\/p>\n<div id=\"fiche-item-2\" class=\"fiche-item-content sp-chapter-collapse collapse show\" aria-labelledby=\"fiche-item-aria-2\" aria-hidden=\"false\">\n<div class=\"sp-chapter-content\">\n<p data-test=\"contenu-texte\">La commission \u00e9ducative est pr\u00e9sid\u00e9e par le chef d\u2019\u00e9tablissement ou son repr\u00e9sentant.<\/p>\n<p data-test=\"contenu-texte\">Elle comprend \u00e9galement des personnels de l&rsquo;\u00e9tablissement (dont au moins un enseignant), et au moins un parent d&rsquo;\u00e9l\u00e8ve.<\/p>\n<p data-test=\"contenu-texte\">La composition de la commission \u00e9ducative est fix\u00e9e par le <a href=\"https:\/\/www.service-public.fr\/particuliers\/vosdroits\/F1393\">conseil d&rsquo;administration<\/a>. Elle est inscrite dans le <a href=\"https:\/\/www.service-public.fr\/particuliers\/vosdroits\/F1409\">r\u00e8glement int\u00e9rieur de l&rsquo;\u00e9tablissement<\/a>.<\/p>\n<p data-test=\"contenu-texte\">Le chef d&rsquo;\u00e9tablissement peut y inviter toutes les personnes qu&rsquo;il juge utiles \u00e0 l&rsquo;examen du dossier (d\u00e9l\u00e9gu\u00e9s de classe, conseiller principal d&rsquo;\u00e9ducation, etc.).<\/p>\n<p data-test=\"contenu-texte\">Chaque membre doit garder secret les faits dont il a connaissance pendant les r\u00e9unions de la commission.<\/p>\n<\/div>\n<\/div>\n<div class=\"retrait\">\n<div class=\"aSavoir\">\n<h3 class=\"titre\" style=\"text-align: left\">Recours<\/h3>\n<p style=\"text-align: left\">Vous ne pouvez pas d\u00e9poser un recours contre une d\u00e9cision de la commission.<\/p>\n<p style=\"text-align: left\">Source : <a href=\"https:\/\/www.service-public.fr\/particuliers\/vosdroits\/F315\" target=\"_blank\" rel=\"noopener\" data-wplink-edit=\"true\">vosdroits.service-public<\/a><\/p>\n<\/div>\n<\/div>\n<\/div>\n","protected":false},"excerpt":{"rendered":"<p>Dans un coll\u00e8ge ou dans un lyc\u00e9e, la commission \u00e9ducative examine la situation d&rsquo;un \u00e9l\u00e8ve qui ne respecte pas ses obligations scolaires ou qui a un comportement inadapt\u00e9. La commission <a class=\"more-link\" href=\"https:\/\/www.fcpe78.fr\/cl\/sartrouville\/dossiers-thematiques\/les-comissions\/la-commission-educative-en-college-et-lycee\/\">Lire plus &#8230;<\/a><\/p>\n","protected":false},"author":46,"featured_media":3182,"parent":561,"menu_order":0,"comment_status":"closed","ping_status":"closed","template":"","meta":{"_seopress_robots_primary_cat":"","jetpack_post_was_ever_published":false},"categories":[8,32,3,9,5],"tags":[],"jetpack_sharing_enabled":true,"jetpack_shortlink":"https:\/\/wp.me\/PaYu4P-Pn","_links":{"self":[{"href":"https:\/\/www.fcpe78.fr\/cl\/sartrouville\/wp-json\/wp\/v2\/pages\/3185"}],"collection":[{"href":"https:\/\/www.fcpe78.fr\/cl\/sartrouville\/wp-json\/wp\/v2\/pages"}],"about":[{"href":"https:\/\/www.fcpe78.fr\/cl\/sartrouville\/wp-json\/wp\/v2\/types\/page"}],"author":[{"embeddable":true,"href":"https:\/\/www.fcpe78.fr\/cl\/sartrouville\/wp-json\/wp\/v2\/users\/46"}],"replies":[{"embeddable":true,"href":"https:\/\/www.fcpe78.fr\/cl\/sartrouville\/wp-json\/wp\/v2\/comments?post=3185"}],"version-history":[{"count":2,"href":"https:\/\/www.fcpe78.fr\/cl\/sartrouville\/wp-json\/wp\/v2\/pages\/3185\/revisions"}],"predecessor-version":[{"id":3188,"href":"https:\/\/www.fcpe78.fr\/cl\/sartrouville\/wp-json\/wp\/v2\/pages\/3185\/revisions\/3188"}],"up":[{"embeddable":true,"href":"https:\/\/www.fcpe78.fr\/cl\/sartrouville\/wp-json\/wp\/v2\/pages\/561"}],"wp:featuredmedia":[{"embeddable":true,"href":"https:\/\/www.fcpe78.fr\/cl\/sartrouville\/wp-json\/wp\/v2\/media\/3182"}],"wp:attachment":[{"href":"https:\/\/www.fcpe78.fr\/cl\/sartrouville\/wp-json\/wp\/v2\/media?parent=3185"}],"wp:term":[{"taxonomy":"category","embeddable":true,"href":"https:\/\/www.fcpe78.fr\/cl\/sartrouville\/wp-json\/wp\/v2\/categories?post=3185"},{"taxonomy":"post_tag","embeddable":true,"href":"https:\/\/www.fcpe78.fr\/cl\/sartrouville\/wp-json\/wp\/v2\/tags?post=3185"}],"curies":[{"name":"wp","href":"https:\/\/api.w.org\/{rel}","templated":true}]}}