{"id":3125,"date":"2023-01-01T16:12:00","date_gmt":"2023-01-01T15:12:00","guid":{"rendered":"https:\/\/www.fcpe78.fr\/cl\/sartrouville\/?page_id=3125"},"modified":"2023-01-08T16:17:24","modified_gmt":"2023-01-08T15:17:24","slug":"tres-belle-annee","status":"publish","type":"page","link":"https:\/\/www.fcpe78.fr\/cl\/sartrouville\/tres-belle-annee\/","title":{"rendered":"Tr\u00e9s belle ann\u00e9e !"},"content":{"rendered":"\n<p> <p><span style=\"color: #003366\"><em><strong>Les repr\u00e9sentants des parents FCPE des \u00e9tablissements scolaires de Sartrouville : \u00e9coles, coll\u00e8ges et lyc\u00e9e, vous souhaitent une heureuse ann\u00e9e 2023 !<\/strong><\/em><\/span><img decoding=\"async\" loading=\"lazy\" width=\"571\" height=\"337\" class=\" wp-image-3099 alignleft\" src=\"https:\/\/i0.wp.com\/www.fcpe78.fr\/cl\/sartrouville\/files\/2023\/01\/Voeux2023-FCPE-e1673186417825-300x177.png?resize=571%2C337&#038;ssl=1\" alt=\"voeux2023 fcpe\" srcset=\"https:\/\/i0.wp.com\/www.fcpe78.fr\/cl\/sartrouville\/files\/2023\/01\/Voeux2023-FCPE-e1673186417825.png?resize=300%2C177&amp;ssl=1 300w, https:\/\/i0.wp.com\/www.fcpe78.fr\/cl\/sartrouville\/files\/2023\/01\/Voeux2023-FCPE-e1673186417825.png?w=639&amp;ssl=1 639w\" sizes=\"(max-width: 571px) 100vw, 571px\" data-recalc-dims=\"1\" \/>Nous, parents d\u2019\u00e9l\u00e8ves, faisons le v\u0153u d\u2019une ann\u00e9e riche en victoires pour le bien-\u00eatre et la r\u00e9ussite de tous les enfants \u00e0 l\u2019\u00e9cole.<strong><a rel=\"noreferrer noopener\" href=\"https:\/\/www.fcpe78.fr\/cl\/sartrouville\/category\/info\/\" target=\"_blank\">Retrouvez les derni\u00e8res infos publi\u00e9es facilement en cliquant sur informations<\/a><\/strong><\/p><\/p>\n","protected":false},"excerpt":{"rendered":"<p>Les repr\u00e9sentants des parents FCPE des \u00e9tablissements scolaires de Sartrouville : \u00e9coles, coll\u00e8ges et lyc\u00e9e, vous souhaitent une heureuse ann\u00e9e 2023 !Nous, parents d\u2019\u00e9l\u00e8ves, faisons le v\u0153u d\u2019une ann\u00e9e riche <a class=\"more-link\" href=\"https:\/\/www.fcpe78.fr\/cl\/sartrouville\/tres-belle-annee\/\">Lire plus &#8230;<\/a><\/p>\n","protected":false},"author":46,"featured_media":3100,"parent":0,"menu_order":0,"comment_status":"closed","ping_status":"closed","template":"","meta":{"_seopress_robots_primary_cat":"","jetpack_post_was_ever_published":true},"categories":[],"tags":[],"jetpack_sharing_enabled":true,"jetpack_shortlink":"https:\/\/wp.me\/PaYu4P-Op","_links":{"self":[{"href":"https:\/\/www.fcpe78.fr\/cl\/sartrouville\/wp-json\/wp\/v2\/pages\/3125"}],"collection":[{"href":"https:\/\/www.fcpe78.fr\/cl\/sartrouville\/wp-json\/wp\/v2\/pages"}],"about":[{"href":"https:\/\/www.fcpe78.fr\/cl\/sartrouville\/wp-json\/wp\/v2\/types\/page"}],"author":[{"embeddable":true,"href":"https:\/\/www.fcpe78.fr\/cl\/sartrouville\/wp-json\/wp\/v2\/users\/46"}],"replies":[{"embeddable":true,"href":"https:\/\/www.fcpe78.fr\/cl\/sartrouville\/wp-json\/wp\/v2\/comments?post=3125"}],"version-history":[{"count":2,"href":"https:\/\/www.fcpe78.fr\/cl\/sartrouville\/wp-json\/wp\/v2\/pages\/3125\/revisions"}],"predecessor-version":[{"id":3128,"href":"https:\/\/www.fcpe78.fr\/cl\/sartrouville\/wp-json\/wp\/v2\/pages\/3125\/revisions\/3128"}],"wp:featuredmedia":[{"embeddable":true,"href":"https:\/\/www.fcpe78.fr\/cl\/sartrouville\/wp-json\/wp\/v2\/media\/3100"}],"wp:attachment":[{"href":"https:\/\/www.fcpe78.fr\/cl\/sartrouville\/wp-json\/wp\/v2\/media?parent=3125"}],"wp:term":[{"taxonomy":"category","embeddable":true,"href":"https:\/\/www.fcpe78.fr\/cl\/sartrouville\/wp-json\/wp\/v2\/categories?post=3125"},{"taxonomy":"post_tag","embeddable":true,"href":"https:\/\/www.fcpe78.fr\/cl\/sartrouville\/wp-json\/wp\/v2\/tags?post=3125"}],"curies":[{"name":"wp","href":"https:\/\/api.w.org\/{rel}","templated":true}]}}