{"id":3075,"date":"2023-01-08T13:53:27","date_gmt":"2023-01-08T12:53:27","guid":{"rendered":"https:\/\/www.fcpe78.fr\/cl\/sartrouville\/?page_id=3075"},"modified":"2023-01-08T14:43:56","modified_gmt":"2023-01-08T13:43:56","slug":"les-parcours-educatifs","status":"publish","type":"page","link":"https:\/\/www.fcpe78.fr\/cl\/sartrouville\/etablissements\/secondaire\/les-parcours-educatifs\/","title":{"rendered":"Les parcours \u00e9ducatifs"},"content":{"rendered":"<h2>Qu&rsquo;est-ce qu&rsquo;un parcours \u00e9ducatif\u00a0?<\/h2>\n<p><img decoding=\"async\" loading=\"lazy\" class=\" wp-image-3078 alignleft\" src=\"https:\/\/i0.wp.com\/www.fcpe78.fr\/cl\/sartrouville\/files\/2023\/01\/parcours-lycee-small.jpg?resize=389%2C215&#038;ssl=1\" alt=\"parcours lyc\u00e9e \" width=\"389\" height=\"215\" srcset=\"https:\/\/i0.wp.com\/www.fcpe78.fr\/cl\/sartrouville\/files\/2023\/01\/parcours-lycee-small.jpg?resize=300%2C166&amp;ssl=1 300w, https:\/\/i0.wp.com\/www.fcpe78.fr\/cl\/sartrouville\/files\/2023\/01\/parcours-lycee-small.jpg?w=710&amp;ssl=1 710w\" sizes=\"(max-width: 389px) 100vw, 389px\" data-recalc-dims=\"1\" \/>Exemple de parcours au lyc\u00e9e.<\/p>\n<p><strong>Il y a d&rsquo;une part le parcours du point de vue de l&rsquo;\u00e9tablissement<\/strong>, celui qui fait l&rsquo;objet d&rsquo;une programmation int\u00e9gr\u00e9e \u00e0 l&rsquo;organisation p\u00e9dagogique du coll\u00e8ge ou du lyc\u00e9e. Il s&rsquo;agit du chemin que l&rsquo;on souhaite que les \u00e9l\u00e8ves empruntent. Il y a d&rsquo;autre part<\/p>\n<p><strong>le parcours du point de vue de l&rsquo;\u00e9l\u00e8ve<\/strong>, celui qu&rsquo;il vit effectivement de fa\u00e7on personnelle et qu&rsquo;il s&rsquo;approprie progressivement.<\/p>\n<h2>Le parcours \u00e9ducatif s&rsquo;inscrit dans un curriculum<\/h2>\n<p>\u00c0 l&rsquo;\u00e9cole, au coll\u00e8ge ou au lyc\u00e9e, <strong>la d\u00e9marche curriculaire prend appui sur les programmes et sur les diff\u00e9rents dispositifs p\u00e9dagogiques<\/strong> mis en place (accompagnement personnalis\u00e9, enseignements d&rsquo;exploration, p\u00e9riodes de formation en milieu professionnel, etc.) Au coll\u00e8ge, le socle commun de connaissances, de comp\u00e9tences et de culture constitue en outre un cadre de r\u00e9f\u00e9rence primordial pour la mise en \u0153uvre des parcours.<\/p>\n<p><img decoding=\"async\" loading=\"lazy\" class=\" wp-image-2731 alignleft\" src=\"https:\/\/i0.wp.com\/www.fcpe78.fr\/cl\/sartrouville\/files\/2022\/06\/timeLine.png?resize=272%2C183&#038;ssl=1\" alt=\"timeline\" width=\"272\" height=\"183\" srcset=\"https:\/\/i0.wp.com\/www.fcpe78.fr\/cl\/sartrouville\/files\/2022\/06\/timeLine.png?resize=300%2C202&amp;ssl=1 300w, https:\/\/i0.wp.com\/www.fcpe78.fr\/cl\/sartrouville\/files\/2022\/06\/timeLine.png?w=362&amp;ssl=1 362w\" sizes=\"(max-width: 272px) 100vw, 272px\" data-recalc-dims=\"1\" \/>La notion de parcours \u00e9ducatif int\u00e8gre ainsi l&rsquo;id\u00e9e d&rsquo;une<strong> acquisition progressive de connaissances et de comp\u00e9tences qui s&rsquo;accumulent tout au long du cheminement de l&rsquo;\u00e9l\u00e8ve<\/strong>, un cheminement dont le principal moteur doit \u00eatre l&rsquo;\u00e9l\u00e8ve lui-m\u00eame. Son accompagnement par toute l&rsquo;\u00e9quipe p\u00e9dagogique doit lui permettre \u00e0 la fois de <strong>structurer ses acquis et de s&rsquo;approprier son propre parcours<\/strong>. Cette appropriation pourra ainsi contribuer \u00e0 donner au parcours sa dimension individuelle.<\/p>\n<h3><strong>Les parcours \u00e9ducatifs \u00e0 l\u2019\u00e9preuve orale du brevet <\/strong><\/h3>\n<ul class=\"spip\">\n<li>Il est possible de choisir de pr\u00e9senter un projet effectu\u00e9 dans le cadre d\u2019un parcours \u00e9ducatif pour l\u2019\u00e9preuve orale du Brevet des Coll\u00e8ges. C\u2019est le candidat qui d\u00e9cide lui-m\u00eame du projet et du parcours qu\u2019il veut pr\u00e9senter. Il peut s\u2019agir de n\u2019importe quel projet r\u00e9alis\u00e9 dans le cadre d\u2019un parcours \u00e9ducatif.<\/li>\n<\/ul>\n<ul class=\"spip\">\n<li>Pendant l\u2019\u00e9preuve orale il ne s\u2019agit pas de pr\u00e9senter le projet comme un expos\u00e9 mais d\u2019<strong>expliquer les d\u00e9marches qui ont \u00e9t\u00e9 suivies pour mener le projet \u00e0 bien, de justifier ses choix et d\u2019inscrire ce projet dans le parcours qui correspond<\/strong>.<\/li>\n<\/ul>\n<h3><strong>Exemple de mise en \u0153uvre des parcoursau coll\u00e8ge<br \/>\n<\/strong><\/h3>\n<p><strong><img decoding=\"async\" loading=\"lazy\" class=\" wp-image-3093 alignleft\" src=\"https:\/\/i0.wp.com\/www.fcpe78.fr\/cl\/sartrouville\/files\/2023\/01\/tableau_parcours_educatifs_2_-53b14.png?resize=532%2C351&#038;ssl=1\" alt=\"tableau parcours educatifs 2 53b14\" width=\"532\" height=\"351\" srcset=\"https:\/\/i0.wp.com\/www.fcpe78.fr\/cl\/sartrouville\/files\/2023\/01\/tableau_parcours_educatifs_2_-53b14.png?resize=300%2C198&amp;ssl=1 300w, https:\/\/i0.wp.com\/www.fcpe78.fr\/cl\/sartrouville\/files\/2023\/01\/tableau_parcours_educatifs_2_-53b14.png?w=672&amp;ssl=1 672w\" sizes=\"(max-width: 532px) 100vw, 532px\" data-recalc-dims=\"1\" \/>Des objectifs de formation et des rep\u00e8res de progression <\/strong> ont \u00e9t\u00e9 d\u00e9finis pour chaque niveau. Le tableau ci-dessous rend compte des priorit\u00e9s qui ont \u00e9t\u00e9 retenues dans notre \u00e9tablissement et des th\u00e8mes transversaux qui serviront de fil conducteur tout au long de la scolarit\u00e9 de l\u2019\u00e9l\u00e8ve.<\/p>\n<h2>Les 4 parcours<\/h2>\n<ul class=\"spip\">\n<li><strong>Le parcours Avenir\u00a0:<\/strong> De la 6e \u00e0 la terminale, le parcours Avenir permet \u00e0 chaque \u00e9l\u00e8ve de construire progressivement son orientation et de d\u00e9couvrir le monde \u00e9conomique et professionnel.<\/li>\n<\/ul>\n<ul class=\"spip\">\n<li><strong>Le parcours d\u2019\u00e9ducation artistique et culturelle\u00a0:<\/strong> De l\u2019\u00e9cole au lyc\u00e9e, le parcours d\u2019\u00e9ducation artistique et culturelle a pour ambition de favoriser l\u2019\u00e9gal acc\u00e8s de tous les \u00e9l\u00e8ves \u00e0 l\u2019art \u00e0 travers l\u2019acquisition d\u2019une culture artistique personnelle.<\/li>\n<\/ul>\n<ul class=\"spip\">\n<li><strong>Le parcours \u00e9ducatif de sant\u00e9\u00a0:<\/strong> De la maternelle au lyc\u00e9e, le parcours \u00e9ducatif de sant\u00e9 concerne la protection de la sant\u00e9 des \u00e9l\u00e8ves ainsi que la pr\u00e9vention des conduites \u00e0 risques.<\/li>\n<\/ul>\n<ul class=\"spip\">\n<li><strong>Le parcours citoyen de l\u2019\u00e9l\u00e8ve\u00a0: <\/strong> De l\u2019\u00e9cole au lyc\u00e9e, le parcours citoyen vise \u00e0 la construction, par l\u2019\u00e9l\u00e8ve, d\u2019un jugement moral et civique, \u00e0 l\u2019acquisition d\u2019un esprit critique et d\u2019une culture de l\u2019engagement.<\/li>\n<\/ul>\n<h3 id=\"summary-item-5\" class=\"title\">Le parcours Avenir<\/h3>\n<p>De la 6<sup>e<\/sup> \u00e0 la Terminale, le parcours Avenir permet \u00e0 chaque \u00e9l\u00e8ve de construire progressivement son orientation et de d\u00e9couvrir le monde \u00e9conomique et professionnel.<\/p>\n<p><a title=\"Ressources pour accompagner l'orientation\" href=\"https:\/\/eduscol.education.fr\/810\/ressources-pour-accompagner-l-orientation\" target=\"_self\" rel=\"noopener\">Les objectifs de l&rsquo;accompagnement \u00e0 l&rsquo;orientation et des pistes d&rsquo;actions<\/a><\/p>\n<h3 id=\"summary-item-6\" class=\"title\">Le parcours d&rsquo;\u00e9ducation artistique et culturelle<\/h3>\n<p>L\u2019\u00e9ducation artistique et culturelle a pour objectif de construire un parcours d\u2019\u00e9ducation artistique et culturelle coh\u00e9rent et fertile, mais aussi\u00a0 de concerner tous les \u00e9l\u00e8ves.<\/p>\n<p><a title=\"\u00c9ducation artistique et culturelle\" href=\"https:\/\/eduscol.education.fr\/575\/education-artistique-et-culturelle\" target=\"_self\" rel=\"noopener\">Tous les \u00e9l\u00e8ves b\u00e9n\u00e9ficient d\u2019actions artistiques, culturelles et scientifiques de qualit\u00e9<\/a><\/p>\n<h3 id=\"summary-item-0\">Le parcours citoyen<\/h3>\n<p><strong>Le parcours citoyen de l&rsquo;\u00e9l\u00e8ve <\/strong>s&rsquo;adresse \u00e0 des citoyens en devenir qui prennent progressivement conscience de leurs droits, de leurs devoirs et de leurs responsabilit\u00e9s. <strong>Adoss\u00e9 \u00e0 l&rsquo;ensemble des enseignements, en particulier l&rsquo;enseignement moral et civique, l&rsquo;\u00e9ducation aux m\u00e9dias et \u00e0 l&rsquo;information<\/strong>, et participant du socle commun de connaissances, de comp\u00e9tences et de culture, le parcours citoyen concourt \u00e0 la transmission des valeurs et principes de la R\u00e9publique et de la vie dans les soci\u00e9t\u00e9s d\u00e9mocratiques.<\/p>\n<p>Le parcours citoyen met en coh\u00e9rence la formation de l&rsquo;\u00e9l\u00e8ve sur le temps long de sa scolarit\u00e9, du primaire au secondaire, mais aussi sur l&rsquo;ensemble des temps \u00e9ducatifs de l&rsquo;\u00e9l\u00e8ve, scolaire, p\u00e9riscolaire et extra-scolaire.<\/p>\n<p><a class=\"lien_externe\" href=\"https:\/\/eduscol.education.fr\/cid46702\/les-valeurs-republique.html\">Le parcours citoyen permet d&rsquo;aborder les grands champs de l&rsquo;\u00e9ducation \u00e0 la citoyennet\u00e9<\/a><\/p>\n<ul>\n<li><a class=\"lien_interne\" href=\"https:\/\/eduscol.education.fr\/pid23591\/laicite-principe-pedagogie.html\">principe de la\u00efcit\u00e9<\/a><\/li>\n<li><a class=\"lien_interne\" href=\"https:\/\/eduscol.education.fr\/cid46856\/les-enjeux-egalite-filles-garcons.html\">la culture de l&rsquo;\u00e9galit\u00e9 entre les sexes et du respect mutuel<\/a><\/li>\n<li><a class=\"lien_interne\" href=\"https:\/\/eduscol.education.fr\/pid23261\/prevention-des-discriminations.html\">la lutte contre toutes les formes de discriminations et en particulier la pr\u00e9vention et la lutte contre le racisme et l&rsquo;antis\u00e9mitisme, notamment \u00e0 travers l&rsquo;ouverture sur l&rsquo;Europe et le monde<\/a><\/li>\n<li><a class=\"lien_externe\" href=\"https:\/\/www.nonauharcelement.education.gouv.fr\/\" target=\"_blank\" rel=\"noopener\">la pr\u00e9vention et la lutte contre le harc\u00e8lement<\/a><\/li>\n<li><a class=\"lien_interne\" href=\"https:\/\/eduscol.education.fr\/cid50566\/prevenir-homophobie.html\">la lutte contre l&rsquo;homophobie<\/a><\/li>\n<li><a class=\"lien_externe\" href=\"https:\/\/eduscol.education.fr\/pid23360\/education-au-developpement-durable.html\">l&rsquo;\u00e9ducation \u00e0 l&rsquo;environnement et au d\u00e9veloppement durable<\/a><\/li>\n<li><a class=\"lien_externe\" href=\"https:\/\/eduscol.education.fr\/pid29737\/education-aux-medias-et-a-l-information.html\">l&rsquo;\u00e9ducation aux m\u00e9dias et \u00e0 l&rsquo;information<\/a><\/li>\n<li><a class=\"lien_externe\" href=\"https:\/\/eduscol.education.fr\/pid25595\/education-a-la-defense.html\">l&rsquo;\u00e9ducation \u00e0 la d\u00e9fense<\/a><\/li>\n<\/ul>\n<h3 id=\"edugouv-summary-item-4\" class=\"title\">Le parcours \u00e9ducatif de sant\u00e9<\/h3>\n<p><strong><img decoding=\"async\" loading=\"lazy\" class=\" wp-image-3087 alignleft\" src=\"https:\/\/i0.wp.com\/www.fcpe78.fr\/cl\/sartrouville\/files\/2023\/01\/parcours-sante.png?resize=249%2C249&#038;ssl=1\" alt=\"parcours sant\u00e9\" width=\"249\" height=\"249\" srcset=\"https:\/\/i0.wp.com\/www.fcpe78.fr\/cl\/sartrouville\/files\/2023\/01\/parcours-sante.png?w=225&amp;ssl=1 225w, https:\/\/i0.wp.com\/www.fcpe78.fr\/cl\/sartrouville\/files\/2023\/01\/parcours-sante.png?resize=150%2C150&amp;ssl=1 150w, https:\/\/i0.wp.com\/www.fcpe78.fr\/cl\/sartrouville\/files\/2023\/01\/parcours-sante.png?resize=200%2C200&amp;ssl=1 200w, https:\/\/i0.wp.com\/www.fcpe78.fr\/cl\/sartrouville\/files\/2023\/01\/parcours-sante.png?resize=100%2C100&amp;ssl=1 100w, https:\/\/i0.wp.com\/www.fcpe78.fr\/cl\/sartrouville\/files\/2023\/01\/parcours-sante.png?resize=40%2C40&amp;ssl=1 40w\" sizes=\"(max-width: 249px) 100vw, 249px\" data-recalc-dims=\"1\" \/>le parcours \u00e9ducatif de sant\u00e9<\/strong> pr\u00e9pare les \u00e9l\u00e8ves \u00e0 prendre soin d\u2019eux-m\u00eames et des autres, \u00e0 devenir des citoyens responsables en mati\u00e8re de sant\u00e9 individuelle et collective. L\u2019\u00c9cole promotrice de sant\u00e9, consolide \u00e0 l\u2019\u00e9chelle des territoires et par une approche pluridisciplinaire, l\u2019articulation de l\u2019ensemble des \u00e9ducations transversales et des actions en mati\u00e8re de promotion de la sant\u00e9 au sein du projet d\u2019\u00e9cole, d\u2019\u00e9tablissement, ou de r\u00e9seaux d\u2019\u00e9coles et d\u2019\u00e9tablissements ; sa d\u00e9marche, positive et dynamique, vise \u00e0 renforcer les attitudes favorables \u00e0 la sant\u00e9 par les activit\u00e9s p\u00e9dagogiques et \u00e9ducatives qui s\u2019inscrivent dans le cadre des programmes d\u2019enseignement, du socle commun de connaissances, de comp\u00e9tences et de culture, et des \u00e9ducations transversales.<\/p>\n<h5 id=\"edugouv-summary-item-1\" class=\"title\">\u00c9ducation, pr\u00e9vention, protection : les 3 axes du parcours \u00e9ducatif<\/h5>\n<p>Le parcours \u00e9ducatif de sant\u00e9 est structur\u00e9 autour de trois grands axes non dissoci\u00e9s, l\u2019\u00e9ducation \u00e0 la sant\u00e9, la pr\u00e9vention et la protection de la sant\u00e9.<strong> Il se d\u00e9cline dans une approche individuelle et collective.\u00a0<\/strong><br \/>\nIl se d\u00e9cline,<strong> sur un plan individuel,<\/strong> notamment par l\u2019intervention des professionnels de sant\u00e9, de service social et des psychologues de l\u2019\u00e9ducation nationale,<strong> et sur un plan collectif, <\/strong>par des actions inscrites dans les projets d\u2019\u00e9cole et d\u2019\u00e9tablissement. Ces actions sont port\u00e9es par les <strong>CESCE <\/strong>qui mobilisent l\u2019ensemble de la communaut\u00e9 \u00e9ducative, dont les familles et les partenaires locaux (par exemple les agences r\u00e9gionales de sant\u00e9, les collectivit\u00e9s territoriales, les associations, \u2026).<\/p>\n<p><strong><a title=\"nouvelle fen\u00eatre vers \u00e9duscol\" href=\"https:\/\/eduscol.education.fr\/2063\/je-souhaite-m-engager-dans-la-demarche-ecole-promotrice-de-sante\" target=\"_blank\" rel=\"noopener\">Les actions d\u2019\u00e9ducation \u00e0 la sant\u00e9 et de promotion de la sant\u00e9 peuvent se traduire par une labellisation \u00e9cole promotrice de sant\u00e9<\/a><\/strong><\/p>\n<h5 id=\"edugouv-summary-item-2\" class=\"title\">Les axes d\u2019\u00e9ducation et de pr\u00e9vention<\/h5>\n<p>Les axes d\u2019\u00e9ducation et de pr\u00e9vention regroupent les actions centr\u00e9es sur une ou plusieurs probl\u00e9matiques de sant\u00e9 prioritaires, dans une d\u00e9marche inclusive et bienveillante, ainsi que les actions relatives aux th\u00e9matiques suivantes :<\/p>\n<ul>\n<li><a title=\"comment aborder la pr\u00e9vention des conduites addictives : ouverture d'\u00e9duscol\" href=\"https:\/\/eduscol.education.fr\/2031\/comment-aborder-la-prevention-des-conduites-addictives-l-ecole\" target=\"_blank\" rel=\"noopener\">la pr\u00e9vention des conduites addictives<\/a><\/li>\n<li><a title=\"Ouverture du site \u00e9duscol\" href=\"https:\/\/eduscol.education.fr\/2089\/comprendre-les-enjeux-de-l-education-l-alimentation-et-au-gout\" target=\"_blank\" rel=\"noopener\">l&rsquo;\u00e9ducation \u00e0 l\u2019alimentation et au go\u00fbt<\/a><\/li>\n<li><a title=\"l'\u00e9ducation \u00e0 l'alimentation et au go\u00fbt sur \u00e9duscol\" href=\"https:\/\/eduscol.education.fr\/2094\/mettre-en-pratique-les-grandes-thematiques-de-l-education-l-alimentation-et-au-gout\" target=\"_blank\" rel=\"noopener\">mettre en pratique les grandes th\u00e9matiques de l&rsquo;alimentation<\/a><\/li>\n<li><a title=\"30 minutes d'activit\u00e9 physique par jour\" href=\"https:\/\/eduscol.education.fr\/2569\/30-minutes-d-activite-physique-quotidienne\" target=\"_blank\" rel=\"noopener\">appel \u00e0 manifestation d\u2019int\u00e9r\u00eat \u00ab\u00a030 minutes d\u2019activit\u00e9 physique quotidienne\u00a0\u00bb<\/a><\/li>\n<li><a title=\"Comprendre les enjeux de l'\u00e9ducation \u00e0 la sexualit\u00e9 sur \u00e9duscol\" href=\"https:\/\/eduscol.education.fr\/2078\/je-souhaite-comprendre-les-enjeux-de-l-education-la-sexualite\" target=\"_blank\" rel=\"noopener\">l\u2019\u00e9ducation \u00e0 la sexualit\u00e9<\/a><\/li>\n<li><a title=\"Plus d'informations sur \u00e9duscol\" href=\"https:\/\/eduscol.education.fr\/958\/protection-de-l-enfance\" target=\"_blank\" rel=\"noopener\">la protection de l&rsquo;enfance<\/a><\/li>\n<\/ul>\n<h5 id=\"edugouv-summary-item-3\" class=\"title\">L\u2019axe de protection de la sant\u00e9<\/h5>\n<p>L\u2019axe de protection de la sant\u00e9 vise \u00e0 cr\u00e9er un climat d\u2019\u00e9tablissement de confiance favorable \u00e0 la sant\u00e9 et au bien-\u00eatre de tous les membres de la communaut\u00e9 \u00e9ducative, \u00e9l\u00e8ves et adultes. Il s\u2019agit de :<\/p>\n<p><a title=\"Lien vers jeunes.gouv\" href=\"https:\/\/www.jeunes.gouv.fr\/Lancement-du-plan-d-action-bien\" target=\"_blank\" rel=\"noopener\">plan Bien-\u00eatre et sant\u00e9 des jeunes<\/a><\/p>\n<ul>\n<li>Circulaire n\u00b0 2016-008 du 28 janvier 2016 : <a href=\"https:\/\/www.education.gouv.fr\/bo\/16\/Hebdo5\/MENE1601852C.htm?cid_bo=97990\">Mise en place du parcours \u00e9ducatif de sant\u00e9 pour tous les \u00e9l\u00e8ves<\/a><\/li>\n<li>Le parcours de sant\u00e9 sur \u00e9duscol : <a title=\"Lien vers \u00e9duscol\" href=\"https:\/\/eduscol.education.fr\/2231\/le-parcours-educatif-de-sante\" target=\"_blank\" rel=\"noopener\">https:\/\/eduscol.education.fr\/2231\/le-parcours-educatif-de-sante\u00a0<\/a><\/li>\n<li>E-bug &#8211; Ressource \u00e9ducative sur les microbes et les infections : <a title=\"Overture de e-bug\" href=\"https:\/\/www.e-bug.eu\/index.html#France\" target=\"_blank\" rel=\"noopener\">https:\/\/www.e-bug.eu\/index.html#France\u00a0<\/a><\/li>\n<\/ul>\n","protected":false},"excerpt":{"rendered":"<p>Qu&rsquo;est-ce qu&rsquo;un parcours \u00e9ducatif\u00a0? Exemple de parcours au lyc\u00e9e. Il y a d&rsquo;une part le parcours du point de vue de l&rsquo;\u00e9tablissement, celui qui fait l&rsquo;objet d&rsquo;une programmation int\u00e9gr\u00e9e \u00e0 <a class=\"more-link\" href=\"https:\/\/www.fcpe78.fr\/cl\/sartrouville\/etablissements\/secondaire\/les-parcours-educatifs\/\">Lire plus &#8230;<\/a><\/p>\n","protected":false},"author":46,"featured_media":3074,"parent":13,"menu_order":0,"comment_status":"closed","ping_status":"closed","template":"","meta":{"_seopress_robots_primary_cat":"","jetpack_post_was_ever_published":false},"categories":[8,32,9],"tags":[61,81,63],"jetpack_sharing_enabled":true,"jetpack_shortlink":"https:\/\/wp.me\/PaYu4P-NB","_links":{"self":[{"href":"https:\/\/www.fcpe78.fr\/cl\/sartrouville\/wp-json\/wp\/v2\/pages\/3075"}],"collection":[{"href":"https:\/\/www.fcpe78.fr\/cl\/sartrouville\/wp-json\/wp\/v2\/pages"}],"about":[{"href":"https:\/\/www.fcpe78.fr\/cl\/sartrouville\/wp-json\/wp\/v2\/types\/page"}],"author":[{"embeddable":true,"href":"https:\/\/www.fcpe78.fr\/cl\/sartrouville\/wp-json\/wp\/v2\/users\/46"}],"replies":[{"embeddable":true,"href":"https:\/\/www.fcpe78.fr\/cl\/sartrouville\/wp-json\/wp\/v2\/comments?post=3075"}],"version-history":[{"count":5,"href":"https:\/\/www.fcpe78.fr\/cl\/sartrouville\/wp-json\/wp\/v2\/pages\/3075\/revisions"}],"predecessor-version":[{"id":3094,"href":"https:\/\/www.fcpe78.fr\/cl\/sartrouville\/wp-json\/wp\/v2\/pages\/3075\/revisions\/3094"}],"up":[{"embeddable":true,"href":"https:\/\/www.fcpe78.fr\/cl\/sartrouville\/wp-json\/wp\/v2\/pages\/13"}],"wp:featuredmedia":[{"embeddable":true,"href":"https:\/\/www.fcpe78.fr\/cl\/sartrouville\/wp-json\/wp\/v2\/media\/3074"}],"wp:attachment":[{"href":"https:\/\/www.fcpe78.fr\/cl\/sartrouville\/wp-json\/wp\/v2\/media?parent=3075"}],"wp:term":[{"taxonomy":"category","embeddable":true,"href":"https:\/\/www.fcpe78.fr\/cl\/sartrouville\/wp-json\/wp\/v2\/categories?post=3075"},{"taxonomy":"post_tag","embeddable":true,"href":"https:\/\/www.fcpe78.fr\/cl\/sartrouville\/wp-json\/wp\/v2\/tags?post=3075"}],"curies":[{"name":"wp","href":"https:\/\/api.w.org\/{rel}","templated":true}]}}