{"id":3046,"date":"2022-12-18T11:36:00","date_gmt":"2022-12-18T10:36:00","guid":{"rendered":"https:\/\/www.fcpe78.fr\/cl\/sartrouville\/?page_id=3046"},"modified":"2023-01-08T15:15:55","modified_gmt":"2023-01-08T14:15:55","slug":"le-comite-deducation-a-la-sante-et-a-la-citoyennete-et-lenvironnement-cesce","status":"publish","type":"page","link":"https:\/\/www.fcpe78.fr\/cl\/sartrouville\/dossiers-thematiques\/les-comissions\/le-comite-deducation-a-la-sante-et-a-la-citoyennete-et-lenvironnement-cesce\/","title":{"rendered":"Le comit\u00e9 d&rsquo;\u00e9ducation \u00e0 la sant\u00e9 et \u00e0 la citoyennet\u00e9 et l&rsquo;environnement (CESCE)"},"content":{"rendered":"\n<p><\/p>\n\n\n\n<p><strong>Le CESCE<\/strong> s&rsquo;inscrit dans le pilotage de chaque \u00e9tablissement scolaire du second degr\u00e9. C&rsquo;est une instance de r\u00e9flexion, d&rsquo;observation et de proposition qui con\u00e7oit, met en \u0153uvre et \u00e9value un projet \u00e9ducatif en mati\u00e8re d&rsquo;\u00e9ducation \u00e0 la citoyennet\u00e9 et \u00e0 la sant\u00e9 et de pr\u00e9vention de la violence, int\u00e9gr\u00e9 au projet d&rsquo;\u00e9tablissement. Le CESC organise \u00e9galement le partenariat en fonction des probl\u00e9matiques \u00e9ducatives \u00e0 traiter.<\/p>\n\n\n\n<div class=\"text-block\">\n<div class=\"rich-text ckeditor-text clearfix\">\n<h3 id=\"summary-item-0\">Missions<\/h3>\n<p><img decoding=\"async\" loading=\"lazy\" class=\" wp-image-3060 alignleft\" src=\"https:\/\/i0.wp.com\/www.fcpe78.fr\/cl\/sartrouville\/files\/2023\/01\/Les-eleves-ambassadeurs.png?resize=408%2C369&#038;ssl=1\" alt=\"les eleves ambassadeurs\" width=\"408\" height=\"369\" srcset=\"https:\/\/i0.wp.com\/www.fcpe78.fr\/cl\/sartrouville\/files\/2023\/01\/Les-eleves-ambassadeurs.png?resize=300%2C271&amp;ssl=1 300w, https:\/\/i0.wp.com\/www.fcpe78.fr\/cl\/sartrouville\/files\/2023\/01\/Les-eleves-ambassadeurs.png?w=465&amp;ssl=1 465w\" sizes=\"(max-width: 408px) 100vw, 408px\" data-recalc-dims=\"1\" \/><\/p>\n<ul>\n<li><a href=\"https:\/\/eduscol.education.fr\/citoyennete-et-valeurs-de-la-republique-588\" target=\"_self\" rel=\"noopener\">Contribuer \u00e0 l&rsquo;\u00e9ducation \u00e0 la citoyennet\u00e9<\/a><\/li>\n<li><a class=\"lien_interne\" href=\"https:\/\/eduscol.education.fr\/934\/climat-scolaire-et-prevention-des-violences\" target=\"_self\" rel=\"noopener\">Pr\u00e9parer le plan de pr\u00e9vention de la violence<\/a><\/li>\n<li><a href=\"https:\/\/www.fcpe78.fr\/cl\/sartrouville\/dossiers-thematiques\/numerique-covid-et-continuite-pedagogique\/amenagements-pedagogiques-pai-ppre-pap-pps-geva-mdph-quesaco\/\" target=\"_blank\" rel=\"noopener\">Proposer des actions pour aider les parents en difficult\u00e9 et lutter contre l&rsquo;exclusion<\/a><\/li>\n<li><a class=\"lien_externe\" href=\"https:\/\/eduscol.education.fr\/2040\/la-mise-en-oeuvre-de-l-education-la-sexualite-l-affaire-de-tous\" target=\"_self\" rel=\"noopener\">D\u00e9finir un programme d&rsquo;\u00e9ducation \u00e0 la sant\u00e9 et \u00e0 la sexualit\u00e9&nbsp;<\/a><\/li>\n<li><a class=\"lien_interne\" href=\"https:\/\/eduscol.education.fr\/2031\/la-prevention-des-conduites-addictives-en-milieu-scolaire\" target=\"_self\" rel=\"noopener\">R\u00e9aliser un plan de pr\u00e9vention des conduites \u00e0 risques.<\/a><\/li>\n<li><a href=\"https:\/\/www.fcpe78.fr\/cl\/sartrouville\/2023\/01\/articuler-laction-des-eleves-engages-avec-le-comite-deducation-a-la-sante-et-a-la-citoyennete-et-a-lenvironnement-cesce\/\" target=\"_blank\" rel=\"noopener\">Lutte contre le d\u00e9r\u00e8glement climatique et renforcement de la r\u00e9silience face \u00e0 ses effets<\/a><\/li>\n<\/ul>\n<\/div>\n<\/div>\n\n\n\n<div class=\"text-block\">\n<div class=\"rich-text ckeditor-text clearfix\">\n<h3>&nbsp;<\/h3>\n<h3 id=\"summary-item-1\">Pr\u00e9sidence et composition<\/h3>\n<p><img decoding=\"async\" loading=\"lazy\" class=\"wp-image-3048 alignleft\" src=\"https:\/\/i0.wp.com\/www.fcpe78.fr\/cl\/sartrouville\/files\/2023\/01\/cesc-e1673173728746-300x162.png?resize=270%2C146&#038;ssl=1\" alt=\"cesc\" width=\"270\" height=\"146\" srcset=\"https:\/\/i0.wp.com\/www.fcpe78.fr\/cl\/sartrouville\/files\/2023\/01\/cesc-e1673173728746.png?resize=300%2C162&amp;ssl=1 300w, https:\/\/i0.wp.com\/www.fcpe78.fr\/cl\/sartrouville\/files\/2023\/01\/cesc-e1673173728746.png?w=400&amp;ssl=1 400w\" sizes=\"(max-width: 270px) 100vw, 270px\" data-recalc-dims=\"1\" \/>Le CESC est pr\u00e9sid\u00e9 par le chef d&rsquo;\u00e9tablissement et peut comprendre&nbsp;:<\/p>\n<ul>\n<li>les conseiller principal \u00e9ducation (CPE), infirmier, assistant social de l&rsquo;\u00e9tablissement ;<\/li>\n<li>des repr\u00e9sentants des personnels enseignants de toutes les disciplines, m\u00eame si certaines peuvent \u00eatre spontan\u00e9ment privil\u00e9gi\u00e9es, des parents et des \u00e9l\u00e8ves, d\u00e9sign\u00e9s par le chef d&rsquo;\u00e9tablissement sur proposition du conseil d&rsquo;administration ;<\/li>\n<li>les repr\u00e9sentants de la commune ou de la communaut\u00e9 de communes et de la collectivit\u00e9 de rattachement membres du conseil d&rsquo;administration ;<\/li>\n<li>les personnes ressources repr\u00e9sentantes des partenaires ; toute personne dont il estime l&rsquo;avis utile en fonction des sujets trait\u00e9s.<\/li>\n<\/ul>\n<p class=\"paragContenuRTE\">Dans le cas d&rsquo;un CESCE \u00e9cole-coll\u00e8ge, peuvent \u00e9galement \u00eatre pr\u00e9sents des repr\u00e9sentants d&rsquo;enseignants du premier degr\u00e9, des directeurs d&rsquo;\u00e9cole et des inspecteurs de l&rsquo;\u00e9ducation nationale du premier degr\u00e9, responsables de circonscriptions.<\/p>\n<p>des repr\u00e9sentants des personnels enseignants, des parents et des \u00e9l\u00e8ves d\u00e9sign\u00e9s par le chef d&rsquo;\u00e9tablissement sur proposition des membres du conseil d&rsquo;administration appartenant \u00e0 leurs cat\u00e9gories respectives&nbsp;;<\/p>\n<ul>\n<li>des personnels d&rsquo;\u00e9ducation, sociaux et de sant\u00e9 de l&rsquo;\u00e9tablissement&nbsp;;<\/li>\n<li>des repr\u00e9sentants de la commune et de la collectivit\u00e9 de rattachement au sein de ce conseil&nbsp;;<\/li>\n<li>des repr\u00e9sentants des partenaires institutionnels (police, gendarmerie, service d\u00e9partemental d&rsquo;incendie et de secours (SDIS) et associatifs) et un ou plusieurs repr\u00e9sentants de la R\u00e9serve citoyenne de l&rsquo;\u00e9ducation nationale.<\/li>\n<\/ul>\n<p>Le chef d&rsquo;\u00e9tablissement veille \u00e0 une composition \u00e9quilibr\u00e9e du CESC afin d&rsquo;en garantir un fonctionnement efficace. Le nombre total des membres ainsi que celui des repr\u00e9sentants de chaque cat\u00e9gorie de personnels repr\u00e9sent\u00e9s est valid\u00e9 par le conseil d&rsquo;administration. Le CESC est r\u00e9uni r\u00e9guli\u00e8rement \u00e0 l&rsquo;initiative du chef d&rsquo;\u00e9tablissement ou \u00e0 la demande du conseil d&rsquo;administration.<\/p>\n<\/div>\n<\/div>\n\n\n\n<div class=\"text-block\">\n<div class=\"rich-text ckeditor-text clearfix\">\n<h3 id=\"summary-item-2\">Partenaires<\/h3>\n<p><img decoding=\"async\" loading=\"lazy\" class=\" wp-image-3089 alignleft\" src=\"https:\/\/i0.wp.com\/www.fcpe78.fr\/cl\/sartrouville\/files\/2023\/01\/CESC-logo.png?resize=200%2C151&#038;ssl=1\" alt=\"cesc logo\" width=\"200\" height=\"151\"  data-recalc-dims=\"1\">Le CESC tient compte des alliances \u00e9ducatives en associant syst\u00e9matiquement \u00e0 ses travaux les parents et des partenaires susceptibles de contribuer utilement \u00e0 la politique de promotion de la sant\u00e9 et d&rsquo;\u00e9ducation \u00e0 la citoyennet\u00e9 dans le respect des comp\u00e9tences et des r\u00f4les de chacun.<\/p>\n<h3 class=\"title\">Fonctionnement<\/h3>\n<ul>\n<li>Le CESCE est r\u00e9uni r\u00e9guli\u00e8rement \u00e0 l&rsquo;initiative du chef d&rsquo;\u00e9tablissement ou \u00e0 la demande du conseil d&rsquo;administration. Chaque \u00e9tablissement d\u00e9termine ses modalit\u00e9s de fonctionnement : calendrier des r\u00e9unions, projets, participation des diff\u00e9rents partenaires, etc. Les membres du CESCE \u00e9valuent les projets et le bilan annuel du programme. Les membres du CESCE produisent un compte-rendu des diff\u00e9rentes actions, qui trouve toute sa place dans le bilan et le rapport annuel de fonctionnement de l&rsquo;<abbr title=\"\u00c9tablissement public local d'enseignement\">EPLE<\/abbr> ;<\/li>\n<li>le chef d&rsquo;\u00e9tablissement informe le conseil d&rsquo;administration sur le fonctionnement et les actions du CESCE.<\/li>\n<\/ul>\n<\/div>\n<\/div>\n\n\n\n<div class=\"text-block\">\n<div class=\"rich-text ckeditor-text clearfix\">\n<h3 id=\"summary-item-3\">Le CESC, une instance dans un r\u00e9seau territorial<\/h3>\n<p><img decoding=\"async\" loading=\"lazy\" class=\"size-medium wp-image-3049 alignleft\" src=\"https:\/\/i0.wp.com\/www.fcpe78.fr\/cl\/sartrouville\/files\/2023\/01\/Image-CESC-e1673173821923-300x221.jpg?resize=300%2C221&#038;ssl=1\" alt=\"image cesc\" width=\"300\" height=\"221\" srcset=\"https:\/\/i0.wp.com\/www.fcpe78.fr\/cl\/sartrouville\/files\/2023\/01\/Image-CESC-e1673173821923.jpg?resize=300%2C221&amp;ssl=1 300w, https:\/\/i0.wp.com\/www.fcpe78.fr\/cl\/sartrouville\/files\/2023\/01\/Image-CESC-e1673173821923.jpg?w=600&amp;ssl=1 600w\" sizes=\"(max-width: 300px) 100vw, 300px\" data-recalc-dims=\"1\" \/> La <a class=\"lien_externe\" href=\"http:\/\/www.education.gouv.fr\/pid285\/bulletin_officiel.html?cid_bo=105518\">circulaire n\u00b02016-114 du 10 ao\u00fbt 2016<\/a> relative aux orientations g\u00e9n\u00e9rales pour les comit\u00e9s d&rsquo;\u00e9ducation \u00e0 la sant\u00e9 et \u00e0 la citoyennet\u00e9 explicite aussi le r\u00f4le des comit\u00e9s d&rsquo;\u00e9ducation \u00e0 la sant\u00e9 et \u00e0 la citoyennet\u00e9 mis en place \u00e0 d&rsquo;autres \u00e9chelles territoriales.<\/p>\n<h4 id=\"summary-item-4\">Au niveau du bassin, en interdegr\u00e9s ou inter\u00e9tablissements<\/h4>\n<p>Afin d&rsquo;assurer une coh\u00e9rence et une continuit\u00e9 de l&rsquo;action \u00e9ducative sur un territoire de la maternelle \u00e0 la classe de troisi\u00e8me, un CESC interdegr\u00e9s peut \u00eatre mis en place. Son installation doit \u00eatre privil\u00e9gi\u00e9e particuli\u00e8rement dans l&rsquo;\u00e9ducation prioritaire et dans les zones rurales, \u00e0 l&rsquo;\u00e9chelon d&rsquo;un bassin de formation qui r\u00e9unit un coll\u00e8ge et les \u00e9coles primaires de son bassin de recrutement.<\/p>\n<p><strong>Un CESC inter\u00e9tablissements, entre coll\u00e8ges, entre lyc\u00e9es ou entre coll\u00e8ges et lyc\u00e9e peut \u00e9galement s&rsquo;inscrire dans une collaboration \u00e9ducative<\/strong> et la mise en place de formations communes rapidement op\u00e9rationnelles et organis\u00e9es sur site.<\/p>\n<h4 id=\"summary-item-5\">Au niveau du d\u00e9partement<\/h4>\n<p>Le comit\u00e9 d\u00e9partemental d&rsquo;\u00e9ducation \u00e0 la sant\u00e9 et \u00e0 la citoyennet\u00e9 (CDESC), pr\u00e9sid\u00e9 par l&rsquo;IA-Dasen relaie la politique acad\u00e9mique et en particulier les grands axes d\u00e9finis en CAESC. Le CDESC est f\u00e9d\u00e9rateur d&rsquo;une politique \u00e9ducative globale en lien avec les priorit\u00e9s territoriales d\u00e9finies en direction des jeunes. Il repose sur un pilotage au plus pr\u00e8s des r\u00e9alit\u00e9s du territoire et s&rsquo;appuie sur les orientations impuls\u00e9es par les r\u00e9seaux et dispositifs locaux (politique r\u00e9gionale de sant\u00e9, \u00e9ducation prioritaire, politique de la ville). Il a vocation \u00e0 accompagner le d\u00e9ploiement du parcours \u00e9ducatif de sant\u00e9 et du parcours citoyen dans chaque \u00e9tablissement d&rsquo;enseignement scolaire.<\/p>\n<h4 id=\"summary-item-6\">Au niveau de l&rsquo;acad\u00e9mie<\/h4>\n<p>Le comit\u00e9 acad\u00e9mique d&rsquo;\u00e9ducation \u00e0 la sant\u00e9 et \u00e0 la citoyennet\u00e9 (CAESC), pr\u00e9sid\u00e9 par le recteur, d\u00e9finit les grands axes des actions port\u00e9es dans le cadre de l&rsquo;\u00e9ducation \u00e0 la sant\u00e9 et \u00e0 la citoyennet\u00e9. Il assure la coordination de la politique de sant\u00e9 entre acad\u00e9mies d&rsquo;une m\u00eame r\u00e9gion acad\u00e9mique, et tient compte \u00e0 cet effet des orientations strat\u00e9giques d\u00e9finies dans ce cadre. Il veille \u00e0 l&rsquo;\u00e9quilibre de l&rsquo;offre sur le territoire acad\u00e9mique, est \u00e0 l&rsquo;initiative des exp\u00e9rimentations et des actions innovantes, associe les partenariats interminist\u00e9riels et impulse une dynamique aupr\u00e8s des acteurs locaux. Dans le cadre du CAESC, le partenariat (par la signature d&rsquo;une convention notamment) avec l&rsquo;agence r\u00e9gionale de sant\u00e9 (ARS) est d\u00e9ploy\u00e9.<\/p>\n<p>&nbsp;<\/p>\n<\/div>\n<\/div>\n\n\n\n<div class=\"text-block\">\n<div class=\"rich-text ckeditor-text clearfix\">\n<h2 id=\"summary-item-7\">Pour aller plus loin<\/h2>\n<p>Vous recherchez des i\u00e9d\u00e9es, des moyens pour mettre en oeuvre des actions CESCE :<\/p>\n<h4><a href=\"https:\/\/www.ih2ef.gouv.fr\/comite-deducation-la-sante-et-la-citoyennete-et-lenvironnement-cesce\" target=\"_blank\" rel=\"noopener\">Le site de I&rsquo;IH2EF vous guide<\/a><\/h4>\n<h5><a href=\"https:\/\/www.fcpe78.fr\/events\/\" target=\"_blank\" rel=\"noopener\">Se former au CESCE avec la FCPE<\/a><\/h5>\n<h4><a href=\"https:\/\/eduscol.education.fr\/2277\/le-comite-d-education-la-sante-et-la-citoyennete-cesc\" target=\"_blank\" rel=\"noopener\">Eduscol (avant prise en compte Environnement)<\/a><\/h4>\n<h3>&nbsp;<\/h3>\n<h3><strong>CESCE &#8211; Textes officiels (au 12 avril 2022)<\/strong><\/h3>\n<div class=\"divContenuRTE\">\n<h3 class=\"title\">Code de l&rsquo;\u00e9ducation<\/h3>\n<ul>\n<li><a title=\"Article L111-2 du code de l'\u00e9ducation (nouvelle fen\u00eatre)\" href=\"https:\/\/www.legifrance.gouv.fr\/codes\/article_lc\/LEGIARTI000043974677\/\" target=\"_blank\" rel=\"noopener\">article L111-2<\/a> : objectifs de la formation scolaire ;<\/li>\n<li><a class=\"lienOrangeSouligneRTE\" title=\"Articles L312-16 \u00e0 L312-17-2 du Code de l'\u00e9ducation, site L\u00e9gifrance (nouvelle fen\u00eatre)\" href=\"https:\/\/www.legifrance.gouv.fr\/affichCode.do;jsessionid=DDFA77C4C26865D289000B58A18CDCE8.tplgfr24s_3?idSectionTA=LEGISCTA000006182408&amp;cidTexte=LEGITEXT000006071191&amp;dateTexte=20181108\" target=\"_blank\" rel=\"noopener\">articles L312-16 \u00e0 L312-17-2<\/a> : \u00e9ducation \u00e0 la sant\u00e9 et sexualit\u00e9 ;<\/li>\n<li><a class=\"lienOrangeSouligneRTE\" title=\"Article L312-17-3 du code de l'\u00e9ducation, site L\u00e9gifrance (nouvelle fen\u00eatre)\" href=\"https:\/\/www.legifrance.gouv.fr\/affichCode.do;jsessionid=BEABBD48E7CE09CD9432DF9F9989541E.tplgfr24s_3?idSectionTA=LEGISCTA000029581541&amp;cidTexte=LEGITEXT000006071191&amp;dateTexte=20200220\" target=\"_blank\" rel=\"noopener\">article L312-17-3<\/a> : \u00e9ducation \u00e0 l&rsquo;alimentation ;<\/li>\n<li><a class=\"lienOrangeSouligneRTE\" title=\"Article L312-18 du code de l'\u00e9ducation, site L\u00e9gifrance (nouvelle fen\u00eatre)\" href=\"https:\/\/www.legifrance.gouv.fr\/codes\/article_lc\/LEGIARTI000043619053\/\" target=\"_blank\" rel=\"noopener\">article L312-18<\/a> : pr\u00e9vention et information sur les toxicomanies ;<\/li>\n<li><a class=\"lienOrangeSouligneRTE\" title=\"Article L421-8 du code de l'\u00e9ducation, site L\u00e9gifrance (nouvelle fen\u00eatre)\" href=\"https:\/\/www.legifrance.gouv.fr\/codes\/section_lc\/LEGITEXT000006071191\/LEGISCTA000006182414?init=true&amp;page=1&amp;query=L421-8&amp;searchField=ALL&amp;tab_selection=all&amp;anchor=LEGIARTI000045292422#LEGIARTI000045292422\" target=\"_blank\" rel=\"noopener\">article L421-8<\/a> : missions du CESCE ;<\/li>\n<li><a class=\"lienOrangeSouligneRTE\" title=\"Articles L541-1 \u00e0 6 du Code de l'\u00e9ducation, site L\u00e9gifrance (nouvelle fen\u00eatre)\" href=\"https:\/\/www.legifrance.gouv.fr\/codes\/section_lc\/LEGITEXT000006071191\/LEGISCTA000006166649?init=true&amp;page=1&amp;query=L541-1&amp;searchField=ALL&amp;tab_selection=all&amp;anchor=LEGIARTI000044628600#LEGIARTI000044628600\" target=\"_blank\" rel=\"noopener\">articles L541-1 \u00e0 6<\/a> : protection de la sant\u00e9 ;<\/li>\n<li><a class=\"lienOrangeSouligneRTE\" title=\"Articles L542-1 \u00e0 4 du Code de l'\u00e9ducation, site L\u00e9gifrance (nouvelle fen\u00eatre)\" href=\"https:\/\/www.legifrance.gouv.fr\/affichCode.do;jsessionid=DDFA77C4C26865D289000B58A18CDCE8.tplgfr24s_3?idSectionTA=LEGISCTA000006166650&amp;cidTexte=LEGITEXT000006071191&amp;dateTexte=20181108\" target=\"_blank\" rel=\"noopener\">articles L542-1 \u00e0 4<\/a> : pr\u00e9vention des mauvais traitements ;<\/li>\n<li><a class=\"lienOrangeSouligneRTE\" title=\"Articles R421-46 et R421-47 du code de l'\u00e9ducation, site L\u00e9gifrance (nouvelle fen\u00eatre)\" href=\"https:\/\/www.legifrance.gouv.fr\/affichCode.do;jsessionid=562625B4AA5280CEF83777B5635C5276.tpdjo10v_2?idSectionTA=LEGISCTA000018380674&amp;cidTexte=LEGITEXT000006071191&amp;dateTexte=20150126\" target=\"_blank\" rel=\"noopener\">articles R421-46 et R421-47<\/a> : composition du CESC, missions.<\/li>\n<\/ul>\n<h3 class=\"title\">Code de la sant\u00e9 publique<\/h3>\n<ul>\n<li><a class=\"lienOrangeSouligneRTE\" title=\"Articles L5134-1 du Code de la Sant\u00e9 publique, site L\u00e9gifrance (nouvelle fen\u00eatre)\" href=\"https:\/\/www.legifrance.gouv.fr\/affichCode.do;jsessionid=DEC81EB857B30F047376EAD41590DB6A.tplgfr24s_3?idSectionTA=LEGISCTA000006171378&amp;cidTexte=LEGITEXT000006072665&amp;dateTexte=20181108\" target=\"_blank\" rel=\"noopener\">Article L5134-1<\/a> : contraceptifs ;<\/li>\n<li><a class=\"lienOrangeSouligneRTE\" title=\"Articles D5134-5 \u00e0 10 du Code de la Sant\u00e9 publique, site L\u00e9gifrance (nouvelle fen\u00eatre)\" href=\"https:\/\/www.legifrance.gouv.fr\/affichCode.do;jsessionid=DEC81EB857B30F047376EAD41590DB6A.tplgfr24s_3?idSectionTA=LEGISCTA000026224087&amp;cidTexte=LEGITEXT000006072665&amp;dateTexte=20181108\" target=\"_blank\" rel=\"noopener\">articles D5134-5 \u00e0 10<\/a> relatifs au protocole d&rsquo;administration d&rsquo;une contraception d&rsquo;urgence dans les \u00e9tablissements d&rsquo;enseignement du second degr\u00e9.<\/li>\n<\/ul>\n<h3 class=\"title\">Autres textes<\/h3>\n<ul>\n<li><a title=\"Loi n\u00b0 2021-1104 du 22 ao\u00fbt 2021, site L\u00e9gifrance (nouvelle fen\u00eatre)\" href=\"https:\/\/www.legifrance.gouv.fr\/jorf\/id\/JORFTEXT000043956924\" target=\"_blank\" rel=\"noopener\">Loi n\u00b0 2021-1104 du 22 ao\u00fbt 2021<\/a> portant lutte contre le d\u00e9r\u00e8glement climatique et renforcement de la r\u00e9silience face \u00e0 ses effets ;<\/li>\n<li><a title=\"D\u00e9cret n\u00b0 2022-540 du 12 avril 2022, site L\u00e9gifrance (nouvelle fen\u00eatre)\" href=\"https:\/\/www.legifrance.gouv.fr\/jorf\/id\/JORFTEXT000045570660\" target=\"_blank\" rel=\"noopener\">d\u00e9cret n\u00b0 2022-540 du 12 avril 2022<\/a> relatif au comit\u00e9 d&rsquo;\u00e9ducation \u00e0 la sant\u00e9, \u00e0 la citoyennet\u00e9 et \u00e0 l&rsquo;environnement ;<\/li>\n<li><a title=\"Circulaire n\u00b0 DGSC\/SD3B\/2021\/147 du 5 juillet 2021, site L\u00e9gifrance (nouvelle fen\u00eatre)\" href=\"https:\/\/www.legifrance.gouv.fr\/circulaire\/id\/45220\" target=\"_blank\" rel=\"noopener\">circulaire n\u00b0 DGCS\/SD3B\/2021\/147 du 5 juillet 2021<\/a> relative au respect de l\u2019intimit\u00e9, des droits sexuels et reproductifs des personnes accompagn\u00e9es dans les \u00e9tablissements et services m\u00e9dico-sociaux relevant du champ du handicap et de la lutte contre les violences ;<\/li>\n<li><a class=\"lienOrangeSouligneRTE\" title=\"Circulaire n\u00b0 2019-122 du 3 septembre 2019 (pdf 310 Ko), site L\u00e9gifrance (nouvelle fen\u00eatre)\" href=\"http:\/\/circulaires.legifrance.gouv.fr\/pdf\/2019\/11\/cir_44882.pdf\" target=\"_blank\" rel=\"noopener\">circulaire n\u00b0 2019-122 du 3 septembre 2019<\/a> : plan de lutte contre les violences scolaires (pdf 310 Ko) ;<\/li>\n<li><a class=\"lienOrangeSouligneRTE\" title=\"Circulaire n\u00b0 2018-111 du 12 septembre 2018 (pdf 175 Ko), site L\u00e9gifrance (nouvelle fen\u00eatre)\" href=\"http:\/\/circulaires.legifrance.gouv.fr\/pdf\/2018\/09\/cir_43964.pdf\" target=\"_blank\" rel=\"noopener\">circulaire n\u00b0 2018-111 du 12 septembre 2018<\/a> relative \u00e0 l&rsquo;\u00e9ducation \u00e0 la sexualit\u00e9 (pdf 175 Ko) ;<\/li>\n<li><a class=\"lienOrangeSouligneRTE\" title=\"Circulaire n\u00b0 2016-114 du 10 ao\u00fbt 2016 (pdf 201 Ko), site L\u00e9gifrance (nouvelle fen\u00eatre)\" href=\"http:\/\/circulaire.legifrance.gouv.fr\/pdf\/2016\/08\/cir_41239.pdf\" target=\"_blank\" rel=\"noopener\">circulaire n\u00b0 2016-114 du 10 ao\u00fbt 2016<\/a> : orientations g\u00e9n\u00e9rales pour les comit\u00e9s d&rsquo;\u00e9ducation \u00e0 la sant\u00e9 et \u00e0 la citoyennet\u00e9 (pdf 201 Ko) ;<\/li>\n<li><a class=\"lienOrangeSouligneRTE\" title=\"Circulaire n\u00b0 2016-092 du 20 juin 2016 (pdf 180 Ko), site L\u00e9gifrance (nouvelle fen\u00eatre)\" href=\"http:\/\/circulaires.legifrance.gouv.fr\/pdf\/2016\/06\/cir_41040.pdf\" target=\"_blank\" rel=\"noopener\">circulaire n\u00b0 2016-092 du 20 juin 2016<\/a> (pdf 180 Ko) : le parcours citoyen de l&rsquo;\u00e9l\u00e8ve ;<\/li>\n<li><a class=\"lienOrangeSouligneRTE\" title=\"Circulaire n\u00b0 2016-009 du 28 janvier 2016 (pdf 170 Ko), site L\u00e9gifrance (nouvelle fen\u00eatre)\" href=\"http:\/\/circulaires.legifrance.gouv.fr\/pdf\/2016\/02\/cir_40508.pdf\" target=\"_blank\" rel=\"noopener\">circulaire n\u00b0 2016-008 du 28 janvier 2016<\/a> (pdf 170 Ko) : mise en place du parcours \u00e9ducatif de sant\u00e9 pour tous les \u00e9l\u00e8ves.<\/li>\n<\/ul>\n<\/div>\n<\/div>\n<\/div>\n","protected":false},"excerpt":{"rendered":"<p>Le CESCE s&rsquo;inscrit dans le pilotage de chaque \u00e9tablissement scolaire du second degr\u00e9. C&rsquo;est une instance de r\u00e9flexion, d&rsquo;observation et de proposition qui con\u00e7oit, met en \u0153uvre et \u00e9value un <a class=\"more-link\" href=\"https:\/\/www.fcpe78.fr\/cl\/sartrouville\/dossiers-thematiques\/les-comissions\/le-comite-deducation-a-la-sante-et-a-la-citoyennete-et-lenvironnement-cesce\/\">Lire plus &#8230;<\/a><\/p>\n","protected":false},"author":46,"featured_media":3095,"parent":561,"menu_order":0,"comment_status":"closed","ping_status":"closed","template":"","meta":{"_seopress_robots_primary_cat":"","jetpack_post_was_ever_published":false},"categories":[8,32,3,9,5],"tags":[61,81,58],"jetpack_sharing_enabled":true,"jetpack_shortlink":"https:\/\/wp.me\/PaYu4P-N8","_links":{"self":[{"href":"https:\/\/www.fcpe78.fr\/cl\/sartrouville\/wp-json\/wp\/v2\/pages\/3046"}],"collection":[{"href":"https:\/\/www.fcpe78.fr\/cl\/sartrouville\/wp-json\/wp\/v2\/pages"}],"about":[{"href":"https:\/\/www.fcpe78.fr\/cl\/sartrouville\/wp-json\/wp\/v2\/types\/page"}],"author":[{"embeddable":true,"href":"https:\/\/www.fcpe78.fr\/cl\/sartrouville\/wp-json\/wp\/v2\/users\/46"}],"replies":[{"embeddable":true,"href":"https:\/\/www.fcpe78.fr\/cl\/sartrouville\/wp-json\/wp\/v2\/comments?post=3046"}],"version-history":[{"count":7,"href":"https:\/\/www.fcpe78.fr\/cl\/sartrouville\/wp-json\/wp\/v2\/pages\/3046\/revisions"}],"predecessor-version":[{"id":3096,"href":"https:\/\/www.fcpe78.fr\/cl\/sartrouville\/wp-json\/wp\/v2\/pages\/3046\/revisions\/3096"}],"up":[{"embeddable":true,"href":"https:\/\/www.fcpe78.fr\/cl\/sartrouville\/wp-json\/wp\/v2\/pages\/561"}],"wp:featuredmedia":[{"embeddable":true,"href":"https:\/\/www.fcpe78.fr\/cl\/sartrouville\/wp-json\/wp\/v2\/media\/3095"}],"wp:attachment":[{"href":"https:\/\/www.fcpe78.fr\/cl\/sartrouville\/wp-json\/wp\/v2\/media?parent=3046"}],"wp:term":[{"taxonomy":"category","embeddable":true,"href":"https:\/\/www.fcpe78.fr\/cl\/sartrouville\/wp-json\/wp\/v2\/categories?post=3046"},{"taxonomy":"post_tag","embeddable":true,"href":"https:\/\/www.fcpe78.fr\/cl\/sartrouville\/wp-json\/wp\/v2\/tags?post=3046"}],"curies":[{"name":"wp","href":"https:\/\/api.w.org\/{rel}","templated":true}]}}