{"id":3039,"date":"2023-04-02T22:02:00","date_gmt":"2023-04-02T20:02:00","guid":{"rendered":"https:\/\/www.fcpe78.fr\/cl\/sartrouville\/?page_id=3039"},"modified":"2023-04-08T23:25:08","modified_gmt":"2023-04-08T21:25:08","slug":"amenagements-pedagogiques-pai-ppre-pap-pps-geva-mdph-quesaco","status":"publish","type":"page","link":"https:\/\/www.fcpe78.fr\/cl\/sartrouville\/dossiers-thematiques\/numerique-covid-et-continuite-pedagogique\/amenagements-pedagogiques-pai-ppre-pap-pps-geva-mdph-quesaco\/","title":{"rendered":"Am\u00e9nagements p\u00e9dagogiques PAI, PPRE, PAP, PPS, GEVA, MDPH, DYS, ULIS ?"},"content":{"rendered":"<p><strong><\/strong><\/p>\n<figure class=\"wp-block-table\">\n<table>\n<tbody>\n<tr>\n<th>Projet Personnalis\u00e9 de Scolarisation(PPS)<\/th>\n<th>Plan d&rsquo;Accompagnement Personnalis\u00e9(PAP)<\/th>\n<th>Programme Personnalis\u00e9 de R\u00e9ussite Educative(PPRE)<\/th>\n<th>Projet d&rsquo;Accueil Individualis\u00e9(PAI)<\/th>\n<\/tr>\n<\/tbody>\n<\/table>\n<\/figure>\n<section class=\"region region-content\">\n<div id=\"block-system-main\" class=\"block-system block-page-content\">\n<div class=\"content\">\n<div id=\"node-108034\" class=\"node node-article clearfix sommaire clearfix\">\n<div class=\"content\">\n<div class=\"rubriques\">\n<div class=\"rubrique_inner\">\n<div class=\"rubrique_titre\">\n<div id=\"rub0\">\n<h2>Comment s\u2019y retrouver, quelques liens pour commencer<\/h2>\n<p><strong><a href=\"http:\/\/www.tousalecole.fr\/content\/projet-daccueil-individualis%C3%A9-pai\" target=\"_blank\" rel=\"noreferrer noopener\">Mise en place d\u2019un PAI<\/a><\/strong><\/p>\n<p><strong><a href=\"https:\/\/www.google.com\/url?sa=t&amp;rct=j&amp;q=&amp;esrc=s&amp;source=web&amp;cd=&amp;cad=rja&amp;uact=8&amp;ved=2ahUKEwiFzZb0l9XvAhXDZxUIHYeRDfcQFjABegQIAhAF&amp;url=http%3A%2F%2Fsnudifo94.free.fr%2FHygiene%2FDossier_PAI.pdf&amp;usg=AOvVaw1r5wdS-dSmDRukOG3tyXBA\" target=\"_blank\" rel=\"noreferrer noopener\">Dossier PAI<\/a><\/strong><\/p>\n<p><strong><a href=\"https:\/\/fr.wikiversity.org\/wiki\/AccessiScol-Toutes_les_bases_sur_les_PPS_\/_PAP_\/PPRE_\/_PAI#ppspappprepai\" target=\"_blank\" rel=\"noreferrer noopener\">PPS \/ PAP \/PPRE \/ PAI, <\/a><\/strong><\/p>\n<p><strong><a href=\"https:\/\/fr.wikiversity.org\/wiki\/AccessiScol-Toutes_les_bases_sur_les_PPS_\/_PAP_\/PPRE_\/_PAI#ppspappprepai\" target=\"_blank\" rel=\"noopener\">Toutes les bases sur les PPS \/ PAP \/PPRE \/ PAI<\/a><\/strong><\/p>\n<h2>Le PAI : projet d\u2019accueil individualis\u00e9<\/h2>\n<\/div>\n<\/div>\n<div class=\"rubrique_contenu\">Il concerne les <strong>\u00e9l\u00e8ves atteints d\u2019un trouble de sant\u00e9 invalidant tel qu\u2019une maladie chronique (asthme ou diab\u00e8te par exemple), une allergie ou une intol\u00e9rance alimentaire<\/strong>. Le PAI est r\u00e9dig\u00e9 \u00e0 la demande ou en accord avec les familles. Il permet d\u2019<strong>assurer la s\u00e9curit\u00e9 de l\u2019\u00e9l\u00e8ve<\/strong> titulaire d\u2019un PAI (traitement m\u00e9dical, r\u00e9gime sp\u00e9cifique, contr\u00f4le r\u00e9gulier de la glyc\u00e9mie par exemple) et <strong>comporte un protocole d\u2019urgence<\/strong>.<\/p>\n<div class=\"btn-top\">\n<div id=\"rub1\">\n<h2>Le PPRE : programme personnalis\u00e9 de r\u00e9ussite \u00e9ducative<\/h2>\n<\/div>\n<\/div>\n<\/div>\n<\/div>\n<div class=\"rubrique_inner\">\n<div class=\"rubrique_contenu\">Ce programme concerne les<strong> \u00e9l\u00e8ves qui ont des difficult\u00e9s importantes dans l\u2019acquisition du socle commun de connaissances, de comp\u00e9tences et de culture<\/strong> et qui risquent de ne pas ma\u00eetriser les comp\u00e9tences de fin de cycle. Il <strong>peut aussi concerner les \u00e9l\u00e8ves intellectuellement pr\u00e9coces<\/strong>. Le PPRE est mis en place par le directeur de l\u2019\u00e9cole ou le chef d\u2019\u00e9tablissement, \u00e0 l\u2019initiative des \u00e9quipes p\u00e9dagogiques. Il prend la forme d\u2019un document qui permet de <strong>formaliser et <\/strong>de <strong>coordonner les actions con\u00e7ues pour r\u00e9pondre aux difficult\u00e9s que rencontre l\u2019\u00e9l\u00e8ve<\/strong>. Il n\u2019existe pas de mod\u00e8le unique de PPRE. Cependant, l\u2019\u00e9laboration de ce programme comprend plusieurs \u00e9tapes\u00a0: un constat, destin\u00e9 \u00e0 identifier la nature de la difficult\u00e9\u00a0; les r\u00e9ponses apport\u00e9es, en ciblant des activit\u00e9s, des situations d\u2019apprentissage et les acteurs engag\u00e9s\u00a0; une \u00e9valuation et un bilan.<\/p>\n<div class=\"btn-top\">\n<div id=\"rub2\">\n<h2>Le PAP : plan d\u2019accompagnement personnalis\u00e9<\/h2>\n<\/div>\n<\/div>\n<\/div>\n<\/div>\n<div class=\"rubrique_inner\">\n<div class=\"rubrique_contenu\">Sont concern\u00e9s tous les \u00e9l\u00e8ves, quelle que soit leur nationalit\u00e9, dont les difficult\u00e9s persistantes sont la cons\u00e9quence d\u2019un <strong>trouble sp\u00e9cifique des apprentissages (troubles \u00ab\u00a0dys\u00a0\u00bb)<\/strong> et pour lesquels des <strong>am\u00e9nagements et adaptations de nature p\u00e9dagogique<\/strong> sont n\u00e9cessaires afin qu&rsquo;ils puissent poursuivre leur parcours scolaire dans les meilleures conditions. Si pr\u00e9c\u00e9demment un PPRE \u00e9tait r\u00e9dig\u00e9 mais que la difficult\u00e9 perdure, le PAP remplace le PPRE. C\u2019est un plan qui peut \u00eatre demand\u00e9 par la famille ou propos\u00e9 soit par le conseil de ma\u00eetres (1er degr\u00e9) soit par le conseil de classe (2d degr\u00e9) avec accord de la famille, des repr\u00e9sentants l\u00e9gaux ou de l\u2019\u00e9l\u00e8ve s\u2019il est majeur. <em>Voir aussi sur le site \u00e9duscol :<\/em> <strong><a title=\"Site \u00e9duscol : Mettre en \u0153uvre un PAP\" href=\"http:\/\/eduscol.education.fr\/cid86144\/plan-d-accompagnement-personnalise.html\" target=\"_blank\" rel=\"noopener\">Mettre en \u0153uvre un plan d&rsquo;accompagnement personnalis\u00e9 <\/a><\/strong> Un bilan doit \u00eatre effectu\u00e9 chaque ann\u00e9e et, en cons\u00e9quence, le document sera r\u00e9actualis\u00e9. Le plan d\u2019accompagnement personnalis\u00e9 peut \u00eatre un pr\u00e9alable aux am\u00e9nagements des examens et concours pour le second degr\u00e9 mais il ne saurait se subsister aux d\u00e9marches que doivent entreprendre les \u00e9tablissements aupr\u00e8s des acad\u00e9mies partenaires.<\/p>\n<div class=\"btn-top\">\n<div id=\"rub3\">\n<h2>Le PPS : projet personnalis\u00e9 de scolarisation<\/h2>\n<\/div>\n<\/div>\n<\/div>\n<\/div>\n<div class=\"rubrique_inner\">\n<div class=\"rubrique_contenu\">Sont concern\u00e9s les <strong>\u00e9l\u00e8ves en situation de handicap<\/strong>. Pour l\u2019analyse des besoins de l&rsquo;\u00e9l\u00e8ve en situation de handicap comme pour l\u2019\u00e9laboration du PPS \u00e0 partir des besoins identifi\u00e9s, il convient de <strong>se fonder sur les mod\u00e8les de documents de l\u2019\u00c9ducation nationale<\/strong>.<\/p>\n<div class=\"asset-wrapper asset aid-14358 asset-fichier\">\n<div class=\"content\">\n<div class=\"field field-name-field-asset-fichier field-type-file field-label-hidden\">\n<div class=\"field-items\">\n<div class=\"field-item even\"><a href=\"https:\/\/www.aefe.fr\/sites\/default\/files\/asset\/file\/pps-modele-men-projet-personnalise-scolarisation.pdf\">(pdf &#8211; 193.08 Ko) <\/a><\/div>\n<\/div>\n<\/div>\n<\/div>\n<\/div>\n<p><em>Voir aussi sur le site du minist\u00e8re de l\u2019\u00c9ducation nationale<\/em>\u00a0: <strong><a title=\"Site www.education.gouv.fr : Projet personnalis\u00e9 de scolarisation\" href=\"http:\/\/www.education.gouv.fr\/pid25535\/bulletin_officiel.html?cid_bo=86108\" target=\"_blank\" rel=\"noopener\">Projet personnalis\u00e9 de scolarisation<\/a><\/strong> Le PPS est valable jusqu\u2019\u00e0 la fin du cycle en cours. Il peut \u00eatre r\u00e9vis\u00e9 \u00e0 la demande de la famille. Le chef d\u2019\u00e9tablissement et\/ou le directeur d\u2019\u00e9cole sont responsables de la mise en \u0153uvre du PPS.<\/p>\n<h3><strong>Le Guide d\u2019EVAluation (GEVA)<\/strong><\/h3>\n<p><img decoding=\"async\" loading=\"lazy\" class=\"alignright\" src=\"https:\/\/i0.wp.com\/www.aefe.fr\/sites\/default\/files\/assets\/images\/capture-vignette-picto-geva-sco.png?resize=243%2C130&#038;ssl=1\" alt=\"Vignette :logo du GEVA-Sco\" width=\"243\" height=\"130\" data-recalc-dims=\"1\" \/>Le <strong>Guide d\u2019EVAluation (GEVA) des besoins de compensation en mati\u00e8re de scolarisation<\/strong> est un document mis au point par le minist\u00e8re de l\u2019\u00c9ducation nationale (MEN) et la Caisse nationale de solidarit\u00e9 pour l\u2019autonomie (CNSA). Ce document permet de guider les \u00e9quipes des maisons d\u00e9partementales des personnes handicap\u00e9es (MDPH) lors de l\u2019examen d\u2019une demande relative \u00e0 un parcours de scolarisation avant l\u2019\u00e9laboration d\u2019un PPS ou un r\u00e9examen. Il est constitu\u00e9 de quatre parties : l\u2019identification de l\u2019\u00e9l\u00e8ve, son parcours scolaire (les \u00e9tapes principales de sa scolarit\u00e9), les modalit\u00e9s de scolarisation, l\u2019observation du degr\u00e9 d\u2019autonomie de l\u2019\u00e9l\u00e8ve Guide d\u2019EVAluation SCOlaire (GEVA-SCO) 1re demande :<a href=\"https:\/\/www.aefe.fr\/sites\/default\/files\/asset\/file\/geva-sco-formulaire-interactif-1re-demande.pdf\">(pdf &#8211; 1.51 Mo) <\/a><\/p>\n<div class=\"asset-wrapper asset aid-14357 asset-fichier\">\n<div class=\"content\">\n<div class=\"field field-name-field-asset-desc field-type-text-long field-label-hidden ckeditor-content\">\n<div class=\"field-items\">\n<div class=\"field-item even\">Guide d\u2019EVAluation SCOlaire (GEVA-SCO) r\u00e9examen :<a href=\"https:\/\/www.aefe.fr\/sites\/default\/files\/asset\/file\/geva-sco-formulaire-interactif-reexamen.pdf\">(pdf &#8211; 1.28 Mo) <\/a><\/div>\n<\/div>\n<\/div>\n<\/div>\n<\/div>\n<p><em>Voir aussi sur le site du minist\u00e8re de l\u2019\u00c9ducation nationale<\/em>\u00a0: <strong><a title=\"Site www.education.gouv.fr : Guide d'\u00e9valuation des besoins de compensation en mati\u00e8re de scolarisation\" href=\"http:\/\/www.education.gouv.fr\/pid285\/bulletin_officiel.html?cid_bo=86110\" target=\"_blank\" rel=\"noopener\">Guide d&rsquo;\u00e9valuation des besoins de compensation en mati\u00e8re de scolarisation<\/a><\/strong><\/p>\n<h3><strong>Saisine de la Maison d\u00e9partementale des personnes handicap\u00e9es (MDPH)<\/strong><\/h3>\n<p>Cette saisine est indispensable concernant les <strong>\u00e9l\u00e8ves fran\u00e7ais en situation de handicap<\/strong> <strong>en cas de demande d&rsquo;aide au financement d&rsquo;une ou un accompagnant (AESH), de demande d&rsquo;am\u00e9nagement d&rsquo;examen et lorsqu&rsquo;un retour en France est envisag\u00e9.<\/strong> <em>Consulter, dans les ressources documentaires d&rsquo;aefe.fr : <\/em><strong><a class=\"no-picto\" title=\"Ressource documentaire : Formulaires pour requ\u00e9rir un avis d'une MDPH\" href=\"https:\/\/www.aefe.fr\/rechercher-une-ressource-documentaire\/formulaires-pour-requerir-un-avis-dune-mdph\" target=\"_blank\" rel=\"noopener\">Formulaires pour requ\u00e9rir un avis d&rsquo;une MDPH<\/a><\/strong><\/div>\n<\/div>\n<\/div>\n<\/div>\n<\/div>\n<\/div>\n<\/div>\n<\/section>\n<div class=\"btn-top\">\u00a0<\/div>\n<p>\u00a0<\/p>\n<h4><a href=\"https:\/\/www.fcpe78.fr\/cl\/sartrouville\/files\/2023\/04\/Livret-des-aides-personnalises.pdf\" target=\"_blank\" rel=\"noopener\">Pourquoi et comment s\u2019articule les dispositifs d\u2019accompagnement et d\u2019aides personnalis\u00e9es ?<\/a><\/h4>\n<p class=\"title\"><em>Source : <a href=\"https:\/\/www.aefe.fr\">AEFE<\/a><\/em><\/p>\n","protected":false},"excerpt":{"rendered":"<p>Projet Personnalis\u00e9 de Scolarisation(PPS) Plan d&rsquo;Accompagnement Personnalis\u00e9(PAP) Programme Personnalis\u00e9 de R\u00e9ussite Educative(PPRE) Projet d&rsquo;Accueil Individualis\u00e9(PAI) Comment s\u2019y retrouver, quelques liens pour commencer Mise en place d\u2019un PAI Dossier PAI PPS <a class=\"more-link\" href=\"https:\/\/www.fcpe78.fr\/cl\/sartrouville\/dossiers-thematiques\/numerique-covid-et-continuite-pedagogique\/amenagements-pedagogiques-pai-ppre-pap-pps-geva-mdph-quesaco\/\">Lire plus &#8230;<\/a><\/p>\n","protected":false},"author":46,"featured_media":1310,"parent":1988,"menu_order":0,"comment_status":"closed","ping_status":"closed","template":"","meta":{"_seopress_robots_primary_cat":"","jetpack_post_was_ever_published":false},"categories":[8,32,7,3,9,6,4,5],"tags":[61,81,63,62],"jetpack_sharing_enabled":true,"jetpack_shortlink":"https:\/\/wp.me\/PaYu4P-N1","_links":{"self":[{"href":"https:\/\/www.fcpe78.fr\/cl\/sartrouville\/wp-json\/wp\/v2\/pages\/3039"}],"collection":[{"href":"https:\/\/www.fcpe78.fr\/cl\/sartrouville\/wp-json\/wp\/v2\/pages"}],"about":[{"href":"https:\/\/www.fcpe78.fr\/cl\/sartrouville\/wp-json\/wp\/v2\/types\/page"}],"author":[{"embeddable":true,"href":"https:\/\/www.fcpe78.fr\/cl\/sartrouville\/wp-json\/wp\/v2\/users\/46"}],"replies":[{"embeddable":true,"href":"https:\/\/www.fcpe78.fr\/cl\/sartrouville\/wp-json\/wp\/v2\/comments?post=3039"}],"version-history":[{"count":6,"href":"https:\/\/www.fcpe78.fr\/cl\/sartrouville\/wp-json\/wp\/v2\/pages\/3039\/revisions"}],"predecessor-version":[{"id":3197,"href":"https:\/\/www.fcpe78.fr\/cl\/sartrouville\/wp-json\/wp\/v2\/pages\/3039\/revisions\/3197"}],"up":[{"embeddable":true,"href":"https:\/\/www.fcpe78.fr\/cl\/sartrouville\/wp-json\/wp\/v2\/pages\/1988"}],"wp:featuredmedia":[{"embeddable":true,"href":"https:\/\/www.fcpe78.fr\/cl\/sartrouville\/wp-json\/wp\/v2\/media\/1310"}],"wp:attachment":[{"href":"https:\/\/www.fcpe78.fr\/cl\/sartrouville\/wp-json\/wp\/v2\/media?parent=3039"}],"wp:term":[{"taxonomy":"category","embeddable":true,"href":"https:\/\/www.fcpe78.fr\/cl\/sartrouville\/wp-json\/wp\/v2\/categories?post=3039"},{"taxonomy":"post_tag","embeddable":true,"href":"https:\/\/www.fcpe78.fr\/cl\/sartrouville\/wp-json\/wp\/v2\/tags?post=3039"}],"curies":[{"name":"wp","href":"https:\/\/api.w.org\/{rel}","templated":true}]}}