{"id":301,"date":"2022-08-10T19:05:00","date_gmt":"2022-08-10T17:05:00","guid":{"rendered":"http:\/\/www.fcpe78.fr\/cl\/sartrouville\/?page_id=301"},"modified":"2022-09-05T16:33:06","modified_gmt":"2022-09-05T14:33:06","slug":"rejoindre-le-reseau-fcpe-sartrouville","status":"publish","type":"page","link":"https:\/\/www.fcpe78.fr\/cl\/sartrouville\/en-savoir-plus\/rejoindre-le-reseau-fcpe-sartrouville\/","title":{"rendered":"Rejoindre le r\u00e9seau des parents FCPE Sartrouville"},"content":{"rendered":"\n<header class=\"entry-header\">\n<div class=\"entry-content\">\n<ul>\n<li>\n<h3><a href=\"https:\/\/www.fcpe78.fr\/cl\/sartrouville\/quelques-sites-pour-accompagner-les-parents\/\" target=\"_blank\" rel=\"noopener\"><img decoding=\"async\" loading=\"lazy\" class=\"alignleft size-full wp-image-2399\" src=\"https:\/\/i0.wp.com\/www.fcpe78.fr\/cl\/sartrouville\/files\/2021\/08\/Conseil-aux-parents_-FCPE-e1630335825875.png?resize=350%2C258&#038;ssl=1\" alt=\"\" width=\"350\" height=\"258\" data-recalc-dims=\"1\" \/><\/a><strong>S\u2019investir dans l\u2019\u00e9cole de ses enfants<\/strong><\/h3>\n<\/li>\n<\/ul>\n<\/div>\n<div class=\"ob-section ob-section-text\">\n<div class=\"ob-text\">\n<ul>\n<li>C&rsquo;est mieux savoir ce qui se passe dans l\u2019\u00e9cole pour mieux suivre les diff\u00e9rentes \u00e9tapes de sa scolarit\u00e9.<\/li>\n<li>C&rsquo;est voter pour \u00e9lire les repr\u00e9sentants.<\/li>\n<li>Et pourquoi pas devenir soi-m\u00eame repr\u00e9sentant des parents d\u2019\u00e9l\u00e8ves de son \u00e9cole, de son coll\u00e8ge ou de son lyc\u00e9e ?<\/li>\n<\/ul>\n<p>Gr\u00e2ce aux associations de parents d\u2019\u00e9l\u00e8ves,\u00a0 membres \u00e0 part enti\u00e8re de la communaut\u00e9 \u00e9ducative. les parents peuvent faire entendre leur voix et donner leur avis sur le fonctionnement de l\u2019Ecole au sein des instances de l\u2019Education nationale, \u00e0 tous les niveaux du syst\u00e8me \u00e9ducatif. Parce que personne d\u2019autre qu\u2019eux ne peut faire entendre leur point de vue sp\u00e9cifique. Personne d\u2019autre qu\u2019eux ne peut mieux d\u00e9fendre leurs int\u00e9r\u00eats et surtout ceux des enfants.<\/p>\n<div class=\"entry-content\">\n<p><a href=\"https:\/\/www.fcpe78.fr\/cl\/sartrouville\/2022\/08\/salon-des-associations-la-fcpe-a-sartrouville\/\" target=\"_blank\" rel=\"noopener\">Pour information : La FCPE est pr\u00e9sente chaque ann\u00e9e au Forum des associations de la ville.<\/a><\/p>\n<\/div>\n<h3><strong>Adh\u00e9rer \u00e0 une f\u00e9d\u00e9ration de parents d\u2019\u00e9l\u00e8ves<br \/><\/strong><\/h3>\n<p><img decoding=\"async\" loading=\"lazy\" class=\"alignleft size-full wp-image-2337\" src=\"https:\/\/i0.wp.com\/www.fcpe78.fr\/cl\/sartrouville\/files\/2021\/04\/parents_ecole.jpg?resize=302%2C167&#038;ssl=1\" alt=\"\" width=\"302\" height=\"167\" srcset=\"https:\/\/i0.wp.com\/www.fcpe78.fr\/cl\/sartrouville\/files\/2021\/04\/parents_ecole.jpg?w=302&amp;ssl=1 302w, https:\/\/i0.wp.com\/www.fcpe78.fr\/cl\/sartrouville\/files\/2021\/04\/parents_ecole.jpg?resize=300%2C166&amp;ssl=1 300w\" sizes=\"(max-width: 302px) 100vw, 302px\" data-recalc-dims=\"1\" \/>C\u2019est avoir les moyens de se former et de s\u2019informer sur le syst\u00e8me \u00e9ducatif pour le faire \u00e9voluer et r\u00e9pondre aux demandes de la soci\u00e9t\u00e9.<\/p>\n<p>C\u2019est avoir les moyens d\u2019\u00eatre plus r\u00e9actifs face aux propositions de r\u00e9forme de l\u2019Education nationale et d\u2019\u00eatre consult\u00e9s par les pouvoirs publics (collectivit\u00e9s territoriales, inspections acad\u00e9miques et rectorat, Parlement, minist\u00e8res).<\/p>\n<p>C\u2019est avoir les moyens de mutualiser les exp\u00e9riences et d\u2019\u00eatre plus efficaces pour aider les parents.<\/p>\n<p>En adh\u00e9rant \u00e0 une f\u00e9d\u00e9ration, on est mieux inform\u00e9 de ce qui se passe dans l\u2019\u00e9cole de son enfant et en g\u00e9n\u00e9ral dans le syst\u00e8me \u00e9ducatif, on conna\u00eet ses droits de parent d\u2019\u00e9l\u00e8ves. En cas de besoin, on est soutenu, accompagn\u00e9 dans ses d\u00e9marches vis-\u00e0-vis de l\u2019\u00e9cole ou de l\u2019\u00e9tablissement de son enfant, de la mairie, de l\u2019inspection acad\u00e9mique, du rectorat.<\/p>\n<p>On re\u00e7oit r\u00e9guli\u00e8rement des informations, de la documentation. On peut b\u00e9n\u00e9ficier, si on le souhaite, de stages de formation organis\u00e9s par le d\u00e9partement ou par la f\u00e9d\u00e9ration nationale.<\/p>\n<p>On participe \u00e0 la vie d\u2019un groupe de parents, lieu de convivialit\u00e9 qui permet d\u2019\u00e9changer.<\/p>\n<h3><strong><img decoding=\"async\" loading=\"lazy\" class=\"alignleft  wp-image-2786\" src=\"https:\/\/i0.wp.com\/www.fcpe78.fr\/cl\/sartrouville\/files\/2022\/08\/AG.jpg?resize=189%2C119&#038;ssl=1\" alt=\"ag\" width=\"189\" height=\"119\" data-recalc-dims=\"1\" \/>Pourquoi la FCPE ?<\/strong><\/h3>\n<p>Parce que c\u2019est une force de propositions et de progr\u00e8s pour l\u2019Ecole.<\/p>\n<p>Parce que la FCPE est pr\u00e9sente dans toutes les instances de l\u2019Education nationale : dans les \u00e9tablissements scolaires, au niveau du d\u00e9partement, de la r\u00e9gion et au niveau national.<\/p>\n<p>La FCPE milite pour la gratuit\u00e9 totale de la scolarisation, pour la r\u00e9ussite de tous les jeunes, pour une \u00e9cole la\u00efque, sans discrimination et pour que soient respect\u00e9s les droits des parents d\u2019\u00e9l\u00e8ves. Elle demande des rythmes scolaires adapt\u00e9s \u00e0 l\u2019enfant, et des conditions d\u2019\u00e9tude favorables (poids des cartables, transports scolaires, restauration, sant\u00e9, hygi\u00e8ne des toilettes).<\/p>\n<p>Si nous voulons qu\u2019une r\u00e9elle co\u00e9ducation existe entre parents et enseignants, c\u2019est parce que c\u2019est en oeuvrant collectivement et en resserrant les liens entre les familles et l\u2019Ecole que nous pourrons r\u00e9pondre au mieux aux attentes et aux besoins des enfants et des jeunes.<\/p>\n<h3><strong>Pourquoi adh\u00e9rer \u00e0 la FCPE si l\u2019on a \u00e9t\u00e9 \u00e9lu sur une liste \u00ab ind\u00e9pendante \u00bb ?<\/strong><\/h3>\n<p>Dans certaines \u00e9coles, la FCPE n\u2019a pas pr\u00e9sent\u00e9 de liste. Des parents ont \u00e9t\u00e9 \u00e9lus et souhaitent se mobiliser pour l\u2019Ecole.<\/p>\n<p>Ne pas rester isol\u00e9s ! Rien n\u2019emp\u00eache en effet un parent \u00ab ind\u00e9pendant \u00bb \u00e9lu dans un conseil d\u2019\u00e9cole ou d\u2019administration d&rsquo;\u00e9changer avec la FCPE en cours d\u2019ann\u00e9e. Et s&rsquo;il devenait adh\u00e9rent FCPE, Il ne perdrait pas son si\u00e8ge pour autant.<\/p>\n<p>La FCPE est ind\u00e9pendante, elle n\u2019est soumise aux dictats d\u2019aucun parti politique ni d\u2019aucun syndicat.<\/p>\n<\/div>\n<\/div>\n<p><span class=\"embed-youtube\" style=\"text-align:center; display: block;\"><iframe loading=\"lazy\" class=\"youtube-player\" width=\"780\" height=\"439\" src=\"https:\/\/www.youtube.com\/embed\/OE3TE9DzYoI?version=3&#038;rel=1&#038;showsearch=0&#038;showinfo=1&#038;iv_load_policy=1&#038;fs=1&#038;hl=fr-FR&#038;autohide=2&#038;wmode=transparent\" allowfullscreen=\"true\" style=\"border:0;\" sandbox=\"allow-scripts allow-same-origin allow-popups allow-presentation\"><\/iframe><\/span><\/p>\n<h5 class=\"entry-header\"><a href=\"https:\/\/www.fcpe78.fr\/adherer-a-la-fcpe\/\" target=\"_blank\" rel=\"noopener noreferrer\">L&rsquo;adh\u00e9sion FCPE, c&rsquo;est plus simple en ligne<\/a><\/h5>\n<div class=\"ob-text\">\n<h5><strong><a href=\"https:\/\/www.fcpe78.fr\/cl\/sartrouville\/contact_fcpe_sartrouville\/\" target=\"_blank\" rel=\"noopener\">Contacter les repr\u00e9sentants des parents \u00e0 Sartrouville<\/a><br \/><\/strong><\/h5>\n<\/div>\n<h5><strong><a href=\"https:\/\/www.fcpe.asso.fr\/\">Pourquoi rejoindre la FCPE ?<\/a><\/strong><\/h5>\n<h5 class=\"entry-header\"><a href=\"https:\/\/www.fcpe78.fr\/cl\/sartrouville\/sabonner-aux-informations\/\" target=\"_blank\" rel=\"noopener noreferrer\">Didacticiel pour s\u2019abonner aux informations du site FCPE Sartrouville par flux RSS<\/a><\/h5>\n<p>\u00a0<\/p>\n<\/header>\n\n\n\n<p><\/p>\n","protected":false},"excerpt":{"rendered":"<p>S\u2019investir dans l\u2019\u00e9cole de ses enfants C&rsquo;est mieux savoir ce qui se passe dans l\u2019\u00e9cole pour mieux suivre les diff\u00e9rentes \u00e9tapes de sa scolarit\u00e9. C&rsquo;est voter pour \u00e9lire les repr\u00e9sentants. <a class=\"more-link\" href=\"https:\/\/www.fcpe78.fr\/cl\/sartrouville\/en-savoir-plus\/rejoindre-le-reseau-fcpe-sartrouville\/\">Lire plus &#8230;<\/a><\/p>\n","protected":false},"author":18,"featured_media":2855,"parent":288,"menu_order":30,"comment_status":"closed","ping_status":"closed","template":"","meta":{"_seopress_robots_primary_cat":"","jetpack_post_was_ever_published":false},"categories":[3],"tags":[56,63],"jetpack_sharing_enabled":true,"jetpack_shortlink":"https:\/\/wp.me\/PaYu4P-4R","_links":{"self":[{"href":"https:\/\/www.fcpe78.fr\/cl\/sartrouville\/wp-json\/wp\/v2\/pages\/301"}],"collection":[{"href":"https:\/\/www.fcpe78.fr\/cl\/sartrouville\/wp-json\/wp\/v2\/pages"}],"about":[{"href":"https:\/\/www.fcpe78.fr\/cl\/sartrouville\/wp-json\/wp\/v2\/types\/page"}],"author":[{"embeddable":true,"href":"https:\/\/www.fcpe78.fr\/cl\/sartrouville\/wp-json\/wp\/v2\/users\/18"}],"replies":[{"embeddable":true,"href":"https:\/\/www.fcpe78.fr\/cl\/sartrouville\/wp-json\/wp\/v2\/comments?post=301"}],"version-history":[{"count":34,"href":"https:\/\/www.fcpe78.fr\/cl\/sartrouville\/wp-json\/wp\/v2\/pages\/301\/revisions"}],"predecessor-version":[{"id":2869,"href":"https:\/\/www.fcpe78.fr\/cl\/sartrouville\/wp-json\/wp\/v2\/pages\/301\/revisions\/2869"}],"up":[{"embeddable":true,"href":"https:\/\/www.fcpe78.fr\/cl\/sartrouville\/wp-json\/wp\/v2\/pages\/288"}],"wp:featuredmedia":[{"embeddable":true,"href":"https:\/\/www.fcpe78.fr\/cl\/sartrouville\/wp-json\/wp\/v2\/media\/2855"}],"wp:attachment":[{"href":"https:\/\/www.fcpe78.fr\/cl\/sartrouville\/wp-json\/wp\/v2\/media?parent=301"}],"wp:term":[{"taxonomy":"category","embeddable":true,"href":"https:\/\/www.fcpe78.fr\/cl\/sartrouville\/wp-json\/wp\/v2\/categories?post=301"},{"taxonomy":"post_tag","embeddable":true,"href":"https:\/\/www.fcpe78.fr\/cl\/sartrouville\/wp-json\/wp\/v2\/tags?post=301"}],"curies":[{"name":"wp","href":"https:\/\/api.w.org\/{rel}","templated":true}]}}