{"id":292,"date":"2019-05-10T19:01:21","date_gmt":"2019-05-10T17:01:21","guid":{"rendered":"http:\/\/www.fcpe78.fr\/cl\/sartrouville\/?page_id=292"},"modified":"2026-03-02T23:22:56","modified_gmt":"2026-03-02T22:22:56","slug":"la-fcpe-a-sartrouville","status":"publish","type":"page","link":"https:\/\/www.fcpe78.fr\/cl\/sartrouville\/en-savoir-plus\/la-fcpe-a-sartrouville\/","title":{"rendered":"Vos contacts \u00e0 Sartrouville"},"content":{"rendered":"\n<div class=\"entry-content\">\n<figure><img decoding=\"async\" loading=\"lazy\" class=\" wp-image-2206 alignleft\" src=\"https:\/\/i0.wp.com\/www.fcpe78.fr\/cl\/sartrouville\/files\/2021\/03\/reseau-parents.png?resize=88%2C74&#038;ssl=1\" alt=\"\" width=\"88\" height=\"74\" data-recalc-dims=\"1\" \/><\/figure>\n<p><a href=\"https:\/\/www.fcpe78.fr\/cl\/sartrouville\/files\/2021\/04\/Presentation-des-representants-des-parents-Vf.pdf\" target=\"_blank\" rel=\"noopener\">Pour r\u00e9ussir ensemble, les repr\u00e9sentants des parents d\u2019\u00e9l\u00e8ves FCPE de Sartrouville portent les actions* avec les autres associations.<\/a><\/p>\n<\/div>\n\n\n\n<p>Nous sommes tous parents b\u00e9n\u00e9voles et nos enfants progressent chaque ann\u00e9e dans leur parcours scolaire. Nous choisissons de vous donner des contacts par email plus que par nos noms. Ainsi la continuit\u00e9 est assur\u00e9e chaque ann\u00e9e avec les nouveaux parents qui s&rsquo;impliquent dans le r\u00e9seau des repr\u00e9sentants des parents d&rsquo;\u00e9l\u00e8ves.<\/p>\n<h3>Voici les adresses courriels pour contacter les groupes de parents<\/h3>\n\n\n\n<h4><strong><a href=\"https:\/\/www.fcpe78.fr\/cl\/sartrouville\/etablissements\/\" target=\"_blank\" rel=\"noopener noreferrer\"><img decoding=\"async\" loading=\"lazy\" class=\"alignleft  wp-image-477\" src=\"https:\/\/i0.wp.com\/www.fcpe78.fr\/cl\/sartrouville\/files\/2019\/05\/echange_extrait2-e1570886167403.jpg?resize=256%2C194&#038;ssl=1\" alt=\"\" width=\"256\" height=\"194\" srcset=\"https:\/\/i0.wp.com\/www.fcpe78.fr\/cl\/sartrouville\/files\/2019\/05\/echange_extrait2-e1570886167403.jpg?w=324&amp;ssl=1 324w, https:\/\/i0.wp.com\/www.fcpe78.fr\/cl\/sartrouville\/files\/2019\/05\/echange_extrait2-e1570886167403.jpg?resize=300%2C228&amp;ssl=1 300w\" sizes=\"(max-width: 256px) 100vw, 256px\" data-recalc-dims=\"1\" \/>Ecoles maternelles et \u00e9l\u00e9mentaires de Sartrouville<\/a><\/strong><\/h4>\n\n\n\n<p><strong>sartrouville@fcpe78.fr<\/strong><\/p>\n\n\n\n<h4><strong><a href=\"https:\/\/www.fcpe78.fr\/cl\/sartrouville\/category\/info\/secondaire\/college\/\" target=\"_blank\" rel=\"noopener\">Coll\u00e8ges de Sartrouville<\/a><\/strong><\/h4>\n\n\n\n<p><strong>colleges.sartrouville@fcpe78.fr<\/strong><\/p>\n\n\n\n<ul>\n<li><a rel=\"noopener noreferrer\" href=\"https:\/\/www.fcpe78.fr\/cl\/sartrouville\/etablissements\/secondaire\/colleges\/darius\/\" target=\"_blank\">Coll\u00e8ge Darius Milhaud<\/a><\/li>\n<\/ul>\n\n\n\n<ul>\n<li><a rel=\"noopener noreferrer\" href=\"https:\/\/www.fcpe78.fr\/cl\/sartrouville\/etablissements\/secondaire\/colleges\/paulhan\/\" target=\"_blank\">Coll\u00e8ge Louis Paulhan<\/a><\/li>\n<\/ul>\n\n\n\n<ul>\n<li><a rel=\"noopener noreferrer\" href=\"https:\/\/www.fcpe78.fr\/cl\/sartrouville\/etablissements\/secondaire\/colleges\/romain-rolland\/\" target=\"_blank\">Coll\u00e8ge S\u00e9bastienne Guyot<\/a><\/li>\n<\/ul>\n\n\n\n<ul>\n<li><a rel=\"noopener noreferrer\" href=\"https:\/\/www.fcpe78.fr\/cl\/sartrouville\/etablissements\/secondaire\/colleges\/colette\/\" target=\"_blank\">Coll\u00e8ge Colette<\/a><\/li>\n<\/ul>\n\n\n<h4><a href=\"https:\/\/www.fcpe78.fr\/cl\/sartrouville\/category\/info\/secondaire\/lycee\" target=\"_blank\" rel=\"noopener\" data-wplink-edit=\"true\"><strong>Lyc\u00e9es de Sartrouville<\/strong><\/a><\/h4>\n\n\n<p><strong>egalois.sartrouville.fcpe78@gmail.com<\/strong><\/p>\n\n\n\n<h5><strong><a href=\"https:\/\/www.fcpe78.fr\/cl\/sartrouville\/etablissements\/\" target=\"_blank\" rel=\"noopener noreferrer\" data-wplink-edit=\"true\">Retrouve<img decoding=\"async\" loading=\"lazy\" class=\"alignleft  wp-image-2749\" src=\"https:\/\/i0.wp.com\/www.fcpe78.fr\/cl\/sartrouville\/files\/2022\/06\/cartographie-e1654503908629.png?resize=135%2C103&#038;ssl=1\" alt=\"cartographie\" width=\"135\" height=\"103\" data-recalc-dims=\"1\" \/>z la page d&rsquo;information de votre \u00e9tablissement scolaire<\/a><\/strong><\/h5>\n\n\n\n<h5><a href=\"https:\/\/data.education.gouv.fr\/explore\/dataset\/fr-en-ecoles-effectifs-nb_classes\/table\/?disjunctive.rentree_scolaire&amp;sort=rentree_scolaire&amp;refine.departement=YVELINES&amp;refine.commune=SARTROUVILLE&amp;refine.rentree_scolaire=2020\" target=\"_blank\" rel=\"noopener\"><img decoding=\"async\" loading=\"lazy\" class=\"alignleft  wp-image-2748\" src=\"https:\/\/i0.wp.com\/www.fcpe78.fr\/cl\/sartrouville\/files\/2022\/06\/data-edu-gouv.png?resize=280%2C32&#038;ssl=1\" alt=\"data edu gouv\" width=\"280\" height=\"32\" srcset=\"https:\/\/i0.wp.com\/www.fcpe78.fr\/cl\/sartrouville\/files\/2022\/06\/data-edu-gouv.png?w=350&amp;ssl=1 350w, https:\/\/i0.wp.com\/www.fcpe78.fr\/cl\/sartrouville\/files\/2022\/06\/data-edu-gouv.png?resize=300%2C34&amp;ssl=1 300w\" sizes=\"(max-width: 280px) 100vw, 280px\" data-recalc-dims=\"1\" \/>Retrouvez les effectifs par \u00e9tablissement scolaire sur Sartrouville<\/a><\/h5>\n\n\n\n<h5 class=\"wp-block-heading\">&nbsp;<\/h5>\n\n\n\n<p><a href=\"https:\/\/www.fcpe78.fr\/cl\/sartrouville\/contact_fcpe_sartrouville\/\" target=\"_blank\" rel=\"noopener\">Vous recherchez les contacts pour une \u00e9cole particuli\u00e8re ? Vous \u00eatre repr\u00e9sentant des parents d&rsquo;une autre association ou ind\u00e9pendant et souhaitez \u00e9changer sur un sujet, <strong>contactez-nous !<\/strong><\/a><\/p>\n\n\n\n<h6 class=\"wp-block-heading\">&nbsp;<strong><a rel=\"noopener\" href=\"https:\/\/www.fcpe78.fr\/cl\/sartrouville\/2020\/10\/nos-interventions\/\" target=\"_blank\">*Quelques exemples de nos actions<\/a><\/strong><\/h6>\n\n\n\n<h2 class=\"wp-block-heading\">&nbsp;<\/h2>\n","protected":false},"excerpt":{"rendered":"<p>Pour r\u00e9ussir ensemble, les repr\u00e9sentants des parents d\u2019\u00e9l\u00e8ves FCPE de Sartrouville portent les actions* avec les autres associations. Nous sommes tous parents b\u00e9n\u00e9voles et nos enfants progressent chaque ann\u00e9e dans <a class=\"more-link\" href=\"https:\/\/www.fcpe78.fr\/cl\/sartrouville\/en-savoir-plus\/la-fcpe-a-sartrouville\/\">Lire plus &#8230;<\/a><\/p>\n","protected":false},"author":18,"featured_media":1295,"parent":288,"menu_order":5,"comment_status":"closed","ping_status":"closed","template":"","meta":{"_seopress_robots_primary_cat":"","jetpack_post_was_ever_published":false},"categories":[3],"tags":[56,58],"jetpack_sharing_enabled":true,"jetpack_shortlink":"https:\/\/wp.me\/PaYu4P-4I","_links":{"self":[{"href":"https:\/\/www.fcpe78.fr\/cl\/sartrouville\/wp-json\/wp\/v2\/pages\/292"}],"collection":[{"href":"https:\/\/www.fcpe78.fr\/cl\/sartrouville\/wp-json\/wp\/v2\/pages"}],"about":[{"href":"https:\/\/www.fcpe78.fr\/cl\/sartrouville\/wp-json\/wp\/v2\/types\/page"}],"author":[{"embeddable":true,"href":"https:\/\/www.fcpe78.fr\/cl\/sartrouville\/wp-json\/wp\/v2\/users\/18"}],"replies":[{"embeddable":true,"href":"https:\/\/www.fcpe78.fr\/cl\/sartrouville\/wp-json\/wp\/v2\/comments?post=292"}],"version-history":[{"count":77,"href":"https:\/\/www.fcpe78.fr\/cl\/sartrouville\/wp-json\/wp\/v2\/pages\/292\/revisions"}],"predecessor-version":[{"id":3657,"href":"https:\/\/www.fcpe78.fr\/cl\/sartrouville\/wp-json\/wp\/v2\/pages\/292\/revisions\/3657"}],"up":[{"embeddable":true,"href":"https:\/\/www.fcpe78.fr\/cl\/sartrouville\/wp-json\/wp\/v2\/pages\/288"}],"wp:featuredmedia":[{"embeddable":true,"href":"https:\/\/www.fcpe78.fr\/cl\/sartrouville\/wp-json\/wp\/v2\/media\/1295"}],"wp:attachment":[{"href":"https:\/\/www.fcpe78.fr\/cl\/sartrouville\/wp-json\/wp\/v2\/media?parent=292"}],"wp:term":[{"taxonomy":"category","embeddable":true,"href":"https:\/\/www.fcpe78.fr\/cl\/sartrouville\/wp-json\/wp\/v2\/categories?post=292"},{"taxonomy":"post_tag","embeddable":true,"href":"https:\/\/www.fcpe78.fr\/cl\/sartrouville\/wp-json\/wp\/v2\/tags?post=292"}],"curies":[{"name":"wp","href":"https:\/\/api.w.org\/{rel}","templated":true}]}}