{"id":21,"date":"2019-05-10T11:04:05","date_gmt":"2019-05-10T09:04:05","guid":{"rendered":"http:\/\/www.fcpe78.fr\/cl\/sartrouville\/?page_id=21"},"modified":"2019-05-13T20:14:53","modified_gmt":"2019-05-13T18:14:53","slug":"lycees","status":"publish","type":"page","link":"https:\/\/www.fcpe78.fr\/cl\/sartrouville\/etablissements\/secondaire\/lycees\/","title":{"rendered":"Lyc\u00e9es"},"content":{"rendered":"<div class=\"entry-content\">\n<ul class=\"children\">\n<li class=\"etab\"><a href=\"https:\/\/www.fcpe78.fr\/cl\/sartrouville\/etablissements\/secondaire\/lycees\/lycee-general-et-technologique-evariste-galois\/\" target=\"_self\">Lyc\u00e9e g\u00e9n\u00e9ral et technologique Evariste Galois<\/a><\/li>\n<li class=\"etab\"><a href=\"https:\/\/www.fcpe78.fr\/cl\/sartrouville\/etablissements\/secondaire\/lycees\/lycee-polyvalent-jules-verne-lycee-des-metiers-de-lartisanat\/\" target=\"_self\">Lyc\u00e9e polyvalent Jules Verne, lyc\u00e9e des m\u00e9tiers de l\u2019artisanat<\/a><\/li>\n<\/ul>\n<\/div>\n","protected":false},"excerpt":{"rendered":"<p>Lyc\u00e9e g\u00e9n\u00e9ral et technologique Evariste Galois Lyc\u00e9e polyvalent Jules Verne, lyc\u00e9e des m\u00e9tiers de l\u2019artisanat<\/p>\n","protected":false},"author":45,"featured_media":0,"parent":13,"menu_order":0,"comment_status":"closed","ping_status":"closed","template":"","meta":{"_seopress_robots_primary_cat":"","jetpack_post_was_ever_published":false},"categories":[],"tags":[],"jetpack_sharing_enabled":true,"jetpack_shortlink":"https:\/\/wp.me\/PaYu4P-l","_links":{"self":[{"href":"https:\/\/www.fcpe78.fr\/cl\/sartrouville\/wp-json\/wp\/v2\/pages\/21"}],"collection":[{"href":"https:\/\/www.fcpe78.fr\/cl\/sartrouville\/wp-json\/wp\/v2\/pages"}],"about":[{"href":"https:\/\/www.fcpe78.fr\/cl\/sartrouville\/wp-json\/wp\/v2\/types\/page"}],"author":[{"embeddable":true,"href":"https:\/\/www.fcpe78.fr\/cl\/sartrouville\/wp-json\/wp\/v2\/users\/45"}],"replies":[{"embeddable":true,"href":"https:\/\/www.fcpe78.fr\/cl\/sartrouville\/wp-json\/wp\/v2\/comments?post=21"}],"version-history":[{"count":4,"href":"https:\/\/www.fcpe78.fr\/cl\/sartrouville\/wp-json\/wp\/v2\/pages\/21\/revisions"}],"predecessor-version":[{"id":645,"href":"https:\/\/www.fcpe78.fr\/cl\/sartrouville\/wp-json\/wp\/v2\/pages\/21\/revisions\/645"}],"up":[{"embeddable":true,"href":"https:\/\/www.fcpe78.fr\/cl\/sartrouville\/wp-json\/wp\/v2\/pages\/13"}],"wp:attachment":[{"href":"https:\/\/www.fcpe78.fr\/cl\/sartrouville\/wp-json\/wp\/v2\/media?parent=21"}],"wp:term":[{"taxonomy":"category","embeddable":true,"href":"https:\/\/www.fcpe78.fr\/cl\/sartrouville\/wp-json\/wp\/v2\/categories?post=21"},{"taxonomy":"post_tag","embeddable":true,"href":"https:\/\/www.fcpe78.fr\/cl\/sartrouville\/wp-json\/wp\/v2\/tags?post=21"}],"curies":[{"name":"wp","href":"https:\/\/api.w.org\/{rel}","templated":true}]}}