{"id":2074,"date":"2021-11-23T13:44:00","date_gmt":"2021-11-23T12:44:00","guid":{"rendered":"https:\/\/www.fcpe78.fr\/cl\/sartrouville\/?page_id=2074"},"modified":"2021-11-27T23:36:59","modified_gmt":"2021-11-27T22:36:59","slug":"mediation-a-lecole-harcelement","status":"publish","type":"page","link":"https:\/\/www.fcpe78.fr\/cl\/sartrouville\/dossiers-thematiques\/numerique-covid-et-continuite-pedagogique\/mediation-a-lecole-harcelement\/","title":{"rendered":"M\u00e9diation \u00e0 l&rsquo;\u00e9cole, harc\u00e9lement, &#8230;"},"content":{"rendered":"\n<p><\/p>\n\n\n\n<p>Des ressources pour parler du harc\u00e8lement \u00e0 la maison et entre parents<\/p>\n\n\n\n<h4 class=\"wp-block-heading\"><a rel=\"noreferrer noopener\" href=\"https:\/\/padlet.com\/FCPE_nationale\/NONauHARCELEMENT\" target=\"_blank\"><strong>E<\/strong>n finir avec le harc\u00e8lement<\/a><\/h4>\n\n\n\n<p><\/p>\n\n\n\n<p><a rel=\"noreferrer noopener\" href=\"https:\/\/www.francemediation.fr\/projet-mediateur-a-l-ecole\" target=\"_blank\"><strong>La m\u00e9diation sociale au service du bien-\u00eatre et de la r\u00e9ussite des \u00e9l\u00e8ves<\/strong><\/a><\/p>\n\n\n\n<p>Ces projets visent \u00e0 aider pour :<\/p>\n\n\n\n<p>&#8211; La pr\u00e9vention et la gestion des violences, des conflits, des incivilit\u00e9s et du harc\u00e8lement<br>&#8211; La pr\u00e9vention et la lutte contre l\u2019absent\u00e9isme et le d\u00e9crochage scolaire<br>&#8211; Le d\u00e9veloppement des comportements citoyens et une culture du dialogue et de la tol\u00e9rance<\/p>\n\n\n\n<h3 class=\"wp-block-heading\"><a rel=\"noreferrer noopener\" href=\"https:\/\/www.francemediation.fr\/en-quoi-consiste-la-mediation-par-les-pairs-a-l-ecole\" target=\"_blank\"><strong>En d\u00e9tail, en quoi constiste la m\u00e9diation par les pairs<\/strong><\/a><\/h3>\n\n\n\n<p><strong>Une phase de sensibilisation est tout d&rsquo;abord propos\u00e9e par les m\u00e9diateurs \u00e0 l&rsquo;\u00e9quipe \u00e9ducative et aux enfants. <\/strong><\/p>\n\n\n\n<p>Par la suite, les \u00e9l\u00e8ves sont invit\u00e9s \u00e0 montrer leurs motivations : <em>\u00ab&nbsp;Je voudrais \u00eatre m\u00e9diatrice pour aider les enfants \u00e0 vivre ensemble. Pour les aider \u00e0 bien s\u2019entendre, pour emp\u00eacher qu\u2019ils se disputent. Je pr\u00e9f\u00e8re voir mes camarades jouer dans la bonne humeur&nbsp;\u00bb, <\/em>explique Clara, \u00e9l\u00e8ve en CM1.<\/p>\n\n\n\n<p>S\u2019ensuit la constitution d\u2019un groupe de \u00ab m\u00e9diateurs-\u00e9l\u00e8ves \u00bb qui participent \u00e0 une dizaine d&rsquo;heures de formation, notamment sur la posture de m\u00e9diation, les m\u00e9thodes et les outils. L&rsquo;apprentissage se poursuit avec l&rsquo;accompagnement du m\u00e9diateur sur le terrain o\u00f9 ils r\u00e9gulent des conflits avec de nouvelles techniques de communication. Les m\u00e9diateurs-\u00e9l\u00e8ves d\u00e9veloppent ainsi leurs comp\u00e9tences psychosociales et une intelligence \u00e9motionnelle.<\/p>\n\n\n\n<h3 class=\"wp-block-heading\"><strong><a rel=\"noreferrer noopener\" href=\"https:\/\/youtu.be\/zC5tsR8UblU?t=52\" target=\"_blank\">Une m\u00e9thode collaborative comme gage de r\u00e9ussite<\/a><\/strong> <strong>(video)<\/strong><\/h3>\n\n\n\n<p>Vos enfants passent des moment de r\u00e9cr\u00e9ation parfaitement maitris\u00e9s sous l&rsquo;angle de la m\u00e9diation ? Si ce n&rsquo;est pas tout \u00e0 fait votre ressenti, j&rsquo;esp\u00e8re que nous vous avons apport\u00e9 quelques cl\u00e9s pour aller plus loin.<\/p>\n\n\n\n<p>Ces informations sont issues du site internet de Francemediation.fr<br>01 83 97 97 78. <\/p>\n\n\n\n<p><\/p>\n","protected":false},"excerpt":{"rendered":"<p>Des ressources pour parler du harc\u00e8lement \u00e0 la maison et entre parents En finir avec le harc\u00e8lement La m\u00e9diation sociale au service du bien-\u00eatre et de la r\u00e9ussite des \u00e9l\u00e8ves <a class=\"more-link\" href=\"https:\/\/www.fcpe78.fr\/cl\/sartrouville\/dossiers-thematiques\/numerique-covid-et-continuite-pedagogique\/mediation-a-lecole-harcelement\/\">Lire plus &#8230;<\/a><\/p>\n","protected":false},"author":46,"featured_media":2155,"parent":1988,"menu_order":0,"comment_status":"closed","ping_status":"closed","template":"","meta":{"_seopress_robots_primary_cat":"","jetpack_post_was_ever_published":false},"categories":[8,32,7,9],"tags":[44,63],"jetpack_sharing_enabled":true,"jetpack_shortlink":"https:\/\/wp.me\/PaYu4P-xs","_links":{"self":[{"href":"https:\/\/www.fcpe78.fr\/cl\/sartrouville\/wp-json\/wp\/v2\/pages\/2074"}],"collection":[{"href":"https:\/\/www.fcpe78.fr\/cl\/sartrouville\/wp-json\/wp\/v2\/pages"}],"about":[{"href":"https:\/\/www.fcpe78.fr\/cl\/sartrouville\/wp-json\/wp\/v2\/types\/page"}],"author":[{"embeddable":true,"href":"https:\/\/www.fcpe78.fr\/cl\/sartrouville\/wp-json\/wp\/v2\/users\/46"}],"replies":[{"embeddable":true,"href":"https:\/\/www.fcpe78.fr\/cl\/sartrouville\/wp-json\/wp\/v2\/comments?post=2074"}],"version-history":[{"count":4,"href":"https:\/\/www.fcpe78.fr\/cl\/sartrouville\/wp-json\/wp\/v2\/pages\/2074\/revisions"}],"predecessor-version":[{"id":2636,"href":"https:\/\/www.fcpe78.fr\/cl\/sartrouville\/wp-json\/wp\/v2\/pages\/2074\/revisions\/2636"}],"up":[{"embeddable":true,"href":"https:\/\/www.fcpe78.fr\/cl\/sartrouville\/wp-json\/wp\/v2\/pages\/1988"}],"wp:featuredmedia":[{"embeddable":true,"href":"https:\/\/www.fcpe78.fr\/cl\/sartrouville\/wp-json\/wp\/v2\/media\/2155"}],"wp:attachment":[{"href":"https:\/\/www.fcpe78.fr\/cl\/sartrouville\/wp-json\/wp\/v2\/media?parent=2074"}],"wp:term":[{"taxonomy":"category","embeddable":true,"href":"https:\/\/www.fcpe78.fr\/cl\/sartrouville\/wp-json\/wp\/v2\/categories?post=2074"},{"taxonomy":"post_tag","embeddable":true,"href":"https:\/\/www.fcpe78.fr\/cl\/sartrouville\/wp-json\/wp\/v2\/tags?post=2074"}],"curies":[{"name":"wp","href":"https:\/\/api.w.org\/{rel}","templated":true}]}}