{"id":205,"date":"2019-05-10T15:23:00","date_gmt":"2019-05-10T13:23:00","guid":{"rendered":"http:\/\/www.fcpe78.fr\/cl\/sartrouville\/import-test-39\/"},"modified":"2019-05-11T10:08:15","modified_gmt":"2019-05-11T08:08:15","slug":"lycee-polyvalent-jules-verne-lycee-des-metiers-de-lartisanat","status":"publish","type":"page","link":"https:\/\/www.fcpe78.fr\/cl\/sartrouville\/etablissements\/secondaire\/lycees\/lycee-polyvalent-jules-verne-lycee-des-metiers-de-lartisanat\/","title":{"rendered":"Lyc\u00e9e polyvalent Jules Verne, lyc\u00e9e des m\u00e9tiers de l&rsquo;artisanat"},"content":{"rendered":"<p>2 rue DE LA CONSTITUANTE<br \/>\n78500 SARTROUVILLE<br \/>\nT\u00e9l : 01.61.04.13.00<br \/>\nM\u00e9l : ce.0783431F@ac-versailles.fr<\/p>\n","protected":false},"excerpt":{"rendered":"<p>2 rue DE LA CONSTITUANTE 78500 SARTROUVILLE T\u00e9l : 01.61.04.13.00 M\u00e9l : ce.0783431F@ac-versailles.fr<\/p>\n","protected":false},"author":45,"featured_media":0,"parent":21,"menu_order":0,"comment_status":"closed","ping_status":"closed","template":"","meta":{"_seopress_robots_primary_cat":"","jetpack_post_was_ever_published":false},"categories":[],"tags":[],"jetpack_sharing_enabled":true,"jetpack_shortlink":"https:\/\/wp.me\/PaYu4P-3j","_links":{"self":[{"href":"https:\/\/www.fcpe78.fr\/cl\/sartrouville\/wp-json\/wp\/v2\/pages\/205"}],"collection":[{"href":"https:\/\/www.fcpe78.fr\/cl\/sartrouville\/wp-json\/wp\/v2\/pages"}],"about":[{"href":"https:\/\/www.fcpe78.fr\/cl\/sartrouville\/wp-json\/wp\/v2\/types\/page"}],"author":[{"embeddable":true,"href":"https:\/\/www.fcpe78.fr\/cl\/sartrouville\/wp-json\/wp\/v2\/users\/45"}],"replies":[{"embeddable":true,"href":"https:\/\/www.fcpe78.fr\/cl\/sartrouville\/wp-json\/wp\/v2\/comments?post=205"}],"version-history":[{"count":2,"href":"https:\/\/www.fcpe78.fr\/cl\/sartrouville\/wp-json\/wp\/v2\/pages\/205\/revisions"}],"predecessor-version":[{"id":351,"href":"https:\/\/www.fcpe78.fr\/cl\/sartrouville\/wp-json\/wp\/v2\/pages\/205\/revisions\/351"}],"up":[{"embeddable":true,"href":"https:\/\/www.fcpe78.fr\/cl\/sartrouville\/wp-json\/wp\/v2\/pages\/21"}],"wp:attachment":[{"href":"https:\/\/www.fcpe78.fr\/cl\/sartrouville\/wp-json\/wp\/v2\/media?parent=205"}],"wp:term":[{"taxonomy":"category","embeddable":true,"href":"https:\/\/www.fcpe78.fr\/cl\/sartrouville\/wp-json\/wp\/v2\/categories?post=205"},{"taxonomy":"post_tag","embeddable":true,"href":"https:\/\/www.fcpe78.fr\/cl\/sartrouville\/wp-json\/wp\/v2\/tags?post=205"}],"curies":[{"name":"wp","href":"https:\/\/api.w.org\/{rel}","templated":true}]}}