{"id":204,"date":"2023-10-10T00:53:10","date_gmt":"2023-10-09T22:53:10","guid":{"rendered":"http:\/\/www.fcpe78.fr\/cl\/sartrouville\/import-test-38\/"},"modified":"2025-10-04T18:02:01","modified_gmt":"2025-10-04T16:02:01","slug":"lycee-general-et-technologique-evariste-galois","status":"publish","type":"page","link":"https:\/\/www.fcpe78.fr\/cl\/sartrouville\/etablissements\/secondaire\/lycees\/lycee-general-et-technologique-evariste-galois\/","title":{"rendered":"Lyc\u00e9e g\u00e9n\u00e9ral et technologique Evariste Galois"},"content":{"rendered":"\n<p>8 rue EVARISTE GALOIS<br>78500 SARTROUVILLE<br>T\u00e9l : 01.30.86.72.72<br>M\u00e9l : ce.0782924E@ac-versailles.fr<\/p>\n\n\n\n<p><strong><a rel=\"noopener\" href=\"http:\/\/www.lyc-galois-sartrouville.ac-versailles.fr\/\" target=\"_blank\">Le site web du lyc\u00e9e<\/a><\/strong><a rel=\"noopener\" href=\"https:\/\/view.genial.ly\/601c4a6c132ee50d3ed7b410\" target=\"_blank\"><\/a><\/p>\n\n\n\n<p><img decoding=\"async\" loading=\"lazy\" class=\"alignleft size-full wp-image-2727\" src=\"https:\/\/i0.wp.com\/www.fcpe78.fr\/cl\/sartrouville\/files\/2022\/06\/Evariste-genialy.png?resize=150%2C79&#038;ssl=1\" alt=\"evariste genialy\" width=\"150\" height=\"79\"  data-recalc-dims=\"1\"><\/p>\n\n\n\n<p><a rel=\"noreferrer noopener\" href=\"https:\/\/view.genial.ly\/601c4a6c132ee50d3ed7b410\" target=\"_blank\"><strong>Decouvrir le lyc\u00e9e, visite virtuelle<\/strong><\/a><\/p>\n\n\n\n<h3 class=\"wp-block-heading\">Nos actions FCPE au lyc\u00e9e Evariste Galois<\/h3>\n\n\n\n<p>La FCPE repr\u00e9sente une liste d\u2019environ 50 parents dans tous les niveaux de la seconde \u00e0 la terminale et toutes les sp\u00e9cialit\u00e9s. La FCPE est une f\u00e9d\u00e9ration tr\u00e8s active au sein du lyc\u00e9e Evariste Galois, proche des parents, soul\u00e8ve les probl\u00e9matiques, remonte les interrogations des parents, trouve les r\u00e9ponses aupr\u00e8s des professeurs et de la direction et soutient les parents.<\/p>\n\n\n\n<p><br>\uf094 <strong>REPRESENTER <\/strong>chaque parent et son ou ses enfants au sein des instances d\u00e9lib\u00e9ratives du lyc\u00e9e, des conseils de classe, des conseils de discipline, des diverses commissions&#8230; <\/p>\n\n\n\n<p>\uf094 <strong>ACCOMPAGNER<\/strong> chaque \u00e9l\u00e8ve dans ses apprentissages et son orientation, <\/p>\n\n\n\n<p>\uf094 <strong>OBTENIR<\/strong> les heures de cours n\u00e9cessaires en remplacement des professeurs absents, <\/p>\n\n\n\n<p>\uf094 <strong>DEFENDRE <\/strong>le principe de gratuit\u00e9 des manuels, des sorties et des activit\u00e9s, <\/p>\n\n\n\n<p>\uf094 <strong>VEILLER <\/strong>au respect des droits des lyc\u00e9ens, \u00e0 l\u2019exercice de leur citoyennet\u00e9 et \u00e0 leur bien-\u00eatre, <\/p>\n\n\n\n<p>\uf094 <strong>ENCOURAGER <\/strong>l&rsquo;\u00e9coute et l&rsquo;attention \u00e0 la sant\u00e9 mentale des \u00e9l\u00e8ves,<\/p>\n\n\n\n<p>\uf094 <strong>ETRE FORCE DE PROPOSITION <\/strong>et participer \u00e0 l&rsquo;\u00e9volution du lyc\u00e9e,<\/p>\n\n\n\n<p>\uf094 <strong>DEVELOPPER <\/strong>la communication entre l\u2019\u00e9tablissement et les parents,<\/p>\n\n\n\n<p>\uf094 <strong>INFORMER<\/strong> sur tous les sujets qui concernent la vie des enfants au lyc\u00e9e.<\/p>\n\n\n\n<p><br>Les repr\u00e9sentants de parents de la FCPE au lyc\u00e9e Evariste Galois de Sartrouville<\/p>\n\n\n\n<h4><a href=\"https:\/\/www.fcpe78.fr\/cl\/sartrouville\/files\/2025\/10\/FCPE-PROF-FOI-EG-2025.pdf\">FCPE 2025 Lyc\u00e9e Evariste Galois Election des repr\u00e9sentants<\/a><\/h4>\n<p>\u00a0<\/p>\n\n\n\n<p><a href=\"mailto:egalois.sartrouville.fcpe78@gmail.com\" target=\"_blank\" rel=\"noreferrer noopener\">Contact FCPE pour le lyc\u00e9e : egalois.sartrouville.fcpe78@gmail.com<\/a><\/p>\n","protected":false},"excerpt":{"rendered":"<p>8 rue EVARISTE GALOIS78500 SARTROUVILLET\u00e9l : 01.30.86.72.72M\u00e9l : ce.0782924E@ac-versailles.fr Le site web du lyc\u00e9e Decouvrir le lyc\u00e9e, visite virtuelle Nos actions FCPE au lyc\u00e9e Evariste Galois La FCPE repr\u00e9sente une <a class=\"more-link\" href=\"https:\/\/www.fcpe78.fr\/cl\/sartrouville\/etablissements\/secondaire\/lycees\/lycee-general-et-technologique-evariste-galois\/\">Lire plus &#8230;<\/a><\/p>\n","protected":false},"author":45,"featured_media":0,"parent":21,"menu_order":0,"comment_status":"closed","ping_status":"closed","template":"","meta":{"_seopress_robots_primary_cat":"","jetpack_post_was_ever_published":false},"categories":[],"tags":[],"jetpack_sharing_enabled":true,"jetpack_shortlink":"https:\/\/wp.me\/PaYu4P-3i","_links":{"self":[{"href":"https:\/\/www.fcpe78.fr\/cl\/sartrouville\/wp-json\/wp\/v2\/pages\/204"}],"collection":[{"href":"https:\/\/www.fcpe78.fr\/cl\/sartrouville\/wp-json\/wp\/v2\/pages"}],"about":[{"href":"https:\/\/www.fcpe78.fr\/cl\/sartrouville\/wp-json\/wp\/v2\/types\/page"}],"author":[{"embeddable":true,"href":"https:\/\/www.fcpe78.fr\/cl\/sartrouville\/wp-json\/wp\/v2\/users\/45"}],"replies":[{"embeddable":true,"href":"https:\/\/www.fcpe78.fr\/cl\/sartrouville\/wp-json\/wp\/v2\/comments?post=204"}],"version-history":[{"count":15,"href":"https:\/\/www.fcpe78.fr\/cl\/sartrouville\/wp-json\/wp\/v2\/pages\/204\/revisions"}],"predecessor-version":[{"id":3659,"href":"https:\/\/www.fcpe78.fr\/cl\/sartrouville\/wp-json\/wp\/v2\/pages\/204\/revisions\/3659"}],"up":[{"embeddable":true,"href":"https:\/\/www.fcpe78.fr\/cl\/sartrouville\/wp-json\/wp\/v2\/pages\/21"}],"wp:attachment":[{"href":"https:\/\/www.fcpe78.fr\/cl\/sartrouville\/wp-json\/wp\/v2\/media?parent=204"}],"wp:term":[{"taxonomy":"category","embeddable":true,"href":"https:\/\/www.fcpe78.fr\/cl\/sartrouville\/wp-json\/wp\/v2\/categories?post=204"},{"taxonomy":"post_tag","embeddable":true,"href":"https:\/\/www.fcpe78.fr\/cl\/sartrouville\/wp-json\/wp\/v2\/tags?post=204"}],"curies":[{"name":"wp","href":"https:\/\/api.w.org\/{rel}","templated":true}]}}