{"id":203,"date":"2023-10-01T11:33:19","date_gmt":"2023-10-01T09:33:19","guid":{"rendered":"http:\/\/www.fcpe78.fr\/cl\/sartrouville\/import-test-37\/"},"modified":"2025-09-30T11:46:25","modified_gmt":"2025-09-30T09:46:25","slug":"romain-rolland","status":"publish","type":"page","link":"https:\/\/www.fcpe78.fr\/cl\/sartrouville\/etablissements\/secondaire\/colleges\/romain-rolland\/","title":{"rendered":"Coll\u00e8ge Romain Rolland &#8211; S\u00e9bastienne GUYOT"},"content":{"rendered":"<p><img decoding=\"async\" loading=\"lazy\" class=\"alignleft size-full wp-image-2863\" src=\"https:\/\/i0.wp.com\/www.fcpe78.fr\/cl\/sartrouville\/files\/2022\/09\/RomainRolland.png?resize=287%2C151&#038;ssl=1\" alt=\"Romain Rolland\" width=\"287\" height=\"151\" data-recalc-dims=\"1\" \/>Romain Rolland 6 rue de Marseille,<br \/>\nS\u00e9bastienne Guyot 23 Rue de Thann,<\/p>\n<p>78500 SARTROUVILLE<br \/>\nT\u00e9l : 01.30.86.19.40<br \/>\nM\u00e9l : ce.0780577D@ac-versailles.fr<\/p>\n<h3><strong><a href=\"http:\/\/www.clg-rolland-sartrouville.ac-versailles.fr\/\" target=\"_blank\" rel=\"noopener noreferrer\">Le site du coll\u00e8ge<\/a><\/strong><\/h3>\n<h3><a href=\"https:\/\/www.sartrouville.fr\/wp-content\/uploads\/2025\/08\/Sartrouville-Mag-50-TBD.pdf\" target=\"_blank\" rel=\"noopener\">La pr\u00e9sentation de la cit\u00e9 scolaire dans Sartrouville Mag<\/a><\/h3>\n<h3><a href=\"https:\/\/www.fcpe78.fr\/cl\/sartrouville\/files\/2025\/09\/Votez-FCPE_opt.pdf\" target=\"_blank\" rel=\"noopener\"><strong>Pourquoi choisir la FCPE pour repr\u00e9senter les parents au coll\u00e8ge S\u00e9bastienne GUYOT ?<\/strong><\/a><\/h3>\n<h3><a href=\"https:\/\/drive.google.com\/file\/d\/1XqGa4i__gBqhg7XIcgcqLCbIsFSnzXoz\/view?usp=sharing\">FCPE Romain Rolland &#8211; S\u00e9bastienne GUYOT profession foi<\/a><\/h3>\n<h3><strong>Agenda<\/strong><\/h3>\n<p><img decoding=\"async\" loading=\"lazy\" class=\"alignleft size-full wp-image-1945 jetpack-lazy-image jetpack-lazy-image--handled\" src=\"https:\/\/i0.wp.com\/www.fcpe78.fr\/cl\/sartrouville\/files\/2020\/10\/Questions-r\u00e9ponses-e1602616387304.jpg?resize=100%2C95&amp;ssl=1\" alt=\"\" width=\"100\" height=\"95\" data-recalc-dims=\"1\" data-lazy-loaded=\"1\" \/><\/p>\n<p><main id=\"main\" class=\"site-main\" role=\"main\"><\/p>\n<article id=\"post-1085\" class=\"post-1085 post type-post status-publish format-standard has-post-thumbnail hentry category-colette tag-agenda tag-college tag-fcpe\">\n<div class=\"entry-container\">\n<div class=\"entry-content\">\n<p><strong>Les \u00e9lections des repr\u00e9sentants des parents, c&rsquo;est d\u00e9but octobre. Votez !<\/strong><\/p>\n<p><strong>\u00a0<\/strong><\/p>\n<\/div>\n<\/div>\n<\/article>\n<p><\/main><\/p>\n<header class=\"cartouche\">\n<h3 class=\"crayon rubrique-titre-43 \"><a href=\"http:\/\/www.clg-rolland-sartrouville.ac-versailles.fr\/spip.php?rubrique43\" target=\"_blank\" rel=\"noopener\">W3R &#8211; La Radio 100% Coll\u00e8ge<\/a><\/h3>\n<\/header>\n<div class=\"main\">\n<div class=\"crayon rubrique-texte-43 chapo\">\n<p>D\u00e9couvrez les \u00e9missions de radio enregistr\u00e9s par les \u00e9l\u00e8ves du coll\u00e8ge dans le cadre de l\u2019accompagnement \u00e9ducatif. W3R, la webradio du coll\u00e8ge R. Rolland de Sartrouville, est int\u00e9gralement anim\u00e9e par les \u00e9l\u00e8ves.<\/p>\n<\/div>\n<\/div>\n<h5><strong><a href=\"https:\/\/www.fcpe78.fr\/cl\/sartrouville\/1042-2\/contact_fcpe_sartrouville\/\" target=\"_blank\" rel=\"noopener noreferrer\">Vous avez une question, une information \u00e0 nous communiquer, c\u2019est ici<\/a><\/strong><\/h5>\n<h3><\/h3>\n<h3>Les articles en lien avec les coll\u00e8ges<\/h3>\n<ul class=\"lcp_catlist\" id=\"lcp_instance_0\"><li><a href=\"https:\/\/www.fcpe78.fr\/cl\/sartrouville\/2025\/09\/les-elections-des-representants-des-parents-pourquoi-comment\/\">Les \u00e9lections des repr\u00e9sentants des parents, pourquoi choisir la FCPE, comment ?<\/a><\/li><li><a href=\"https:\/\/www.fcpe78.fr\/cl\/sartrouville\/2025\/09\/la-rentree-en-6eme-au-college\/\">La rentr\u00e9e en 6eme au coll\u00e8ge<\/a><\/li><li><a href=\"https:\/\/www.fcpe78.fr\/cl\/sartrouville\/2025\/07\/coin-des-parents-la-place-des-parents-dans-la-scolarite\/\">Sartrouville Infos Jeunes, accompagner leur autonomie<\/a><\/li><li><a href=\"https:\/\/www.fcpe78.fr\/cl\/sartrouville\/2025\/07\/periode-estivale-pause-lecture-pour-les-collegiens\/\">P\u00e9riode estivale, pause lecture pour les coll\u00e9giens<\/a><\/li><li><a href=\"https:\/\/www.fcpe78.fr\/cl\/sartrouville\/2024\/09\/etre-representant-des-parents-au-college-en-quoi-cela-consiste\/\">Etre repr\u00e9sentant des parents, en quoi cela consiste ?<\/a><\/li><li><a href=\"https:\/\/www.fcpe78.fr\/cl\/sartrouville\/2022\/01\/sartrouville-information-sur-la-sectorisation-ecoles-et-colleges\/\">Sartrouville Information sur la sectorisation \u00e9coles et coll\u00e8ges<\/a><\/li><\/ul>\n","protected":false},"excerpt":{"rendered":"<p>Romain Rolland 6 rue de Marseille, S\u00e9bastienne Guyot 23 Rue de Thann, 78500 SARTROUVILLE T\u00e9l : 01.30.86.19.40 M\u00e9l : ce.0780577D@ac-versailles.fr Le site du coll\u00e8ge La pr\u00e9sentation de la cit\u00e9 scolaire <a class=\"more-link\" href=\"https:\/\/www.fcpe78.fr\/cl\/sartrouville\/etablissements\/secondaire\/colleges\/romain-rolland\/\">Lire plus &#8230;<\/a><\/p>\n","protected":false},"author":45,"featured_media":0,"parent":19,"menu_order":0,"comment_status":"closed","ping_status":"closed","template":"","meta":{"_seopress_robots_primary_cat":"","jetpack_post_was_ever_published":false},"categories":[],"tags":[],"jetpack_sharing_enabled":true,"jetpack_shortlink":"https:\/\/wp.me\/PaYu4P-3h","_links":{"self":[{"href":"https:\/\/www.fcpe78.fr\/cl\/sartrouville\/wp-json\/wp\/v2\/pages\/203"}],"collection":[{"href":"https:\/\/www.fcpe78.fr\/cl\/sartrouville\/wp-json\/wp\/v2\/pages"}],"about":[{"href":"https:\/\/www.fcpe78.fr\/cl\/sartrouville\/wp-json\/wp\/v2\/types\/page"}],"author":[{"embeddable":true,"href":"https:\/\/www.fcpe78.fr\/cl\/sartrouville\/wp-json\/wp\/v2\/users\/45"}],"replies":[{"embeddable":true,"href":"https:\/\/www.fcpe78.fr\/cl\/sartrouville\/wp-json\/wp\/v2\/comments?post=203"}],"version-history":[{"count":16,"href":"https:\/\/www.fcpe78.fr\/cl\/sartrouville\/wp-json\/wp\/v2\/pages\/203\/revisions"}],"predecessor-version":[{"id":3633,"href":"https:\/\/www.fcpe78.fr\/cl\/sartrouville\/wp-json\/wp\/v2\/pages\/203\/revisions\/3633"}],"up":[{"embeddable":true,"href":"https:\/\/www.fcpe78.fr\/cl\/sartrouville\/wp-json\/wp\/v2\/pages\/19"}],"wp:attachment":[{"href":"https:\/\/www.fcpe78.fr\/cl\/sartrouville\/wp-json\/wp\/v2\/media?parent=203"}],"wp:term":[{"taxonomy":"category","embeddable":true,"href":"https:\/\/www.fcpe78.fr\/cl\/sartrouville\/wp-json\/wp\/v2\/categories?post=203"},{"taxonomy":"post_tag","embeddable":true,"href":"https:\/\/www.fcpe78.fr\/cl\/sartrouville\/wp-json\/wp\/v2\/tags?post=203"}],"curies":[{"name":"wp","href":"https:\/\/api.w.org\/{rel}","templated":true}]}}