{"id":202,"date":"2023-10-01T11:27:53","date_gmt":"2023-10-01T09:27:53","guid":{"rendered":"http:\/\/www.fcpe78.fr\/cl\/sartrouville\/import-test-36\/"},"modified":"2025-09-29T18:38:57","modified_gmt":"2025-09-29T16:38:57","slug":"paulhan","status":"publish","type":"page","link":"https:\/\/www.fcpe78.fr\/cl\/sartrouville\/etablissements\/secondaire\/colleges\/paulhan\/","title":{"rendered":"Coll\u00e8ge Louis Paulhan"},"content":{"rendered":"<p><img decoding=\"async\" loading=\"lazy\" class=\" wp-image-999 alignleft\" src=\"https:\/\/i0.wp.com\/www.fcpe78.fr\/cl\/sartrouville\/files\/2019\/07\/PaulHann-e1562973104504.jpg?resize=450%2C300&#038;ssl=1\" alt=\"\" width=\"450\" height=\"300\" data-recalc-dims=\"1\" \/>15 RUE GUY DE MAUPASSANT<br \/>\n78500 SARTROUVILLE<br \/>\nT\u00e9l : 01.61.04.47.90<br \/>\nM\u00e9l : ce.0783463R@ac-versailles.fr<\/p>\n<h4><strong><a href=\"http:\/\/www.clg-paulhan-sartrouville.ac-versailles.fr\/\" target=\"_blank\" rel=\"noopener noreferrer\">Le site web du coll\u00e8ge<\/a><\/strong><\/h4>\n<h4><\/h4>\n<h4><\/h4>\n<h4>Notre profession de foi, nos intentions<\/h4>\n<h3><a href=\"https:\/\/drive.google.com\/file\/d\/1XqGa4i__gBqhg7XIcgcqLCbIsFSnzXoz\/view?usp=sharing\">FCPE Louis Paulhan profession foi<\/a><\/h3>\n<h4><strong>Agenda<\/strong><\/h4>\n<p><main id=\"main\" class=\"site-main\" role=\"main\"><\/p>\n<article id=\"post-1085\" class=\"post-1085 post type-post status-publish format-standard has-post-thumbnail hentry category-colette tag-agenda tag-college tag-fcpe\">\n<div class=\"entry-container\">\n<div class=\"entry-content\">\n<p><img decoding=\"async\" loading=\"lazy\" class=\"alignleft size-full wp-image-1945 jetpack-lazy-image jetpack-lazy-image--handled\" src=\"https:\/\/i0.wp.com\/www.fcpe78.fr\/cl\/sartrouville\/files\/2020\/10\/Questions-r\u00e9ponses-e1602616387304.jpg?resize=100%2C95&amp;ssl=1\" alt=\"\" width=\"100\" height=\"95\" data-recalc-dims=\"1\" data-lazy-loaded=\"1\" \/><\/p>\n<p><strong>Les \u00e9lections des repr\u00e9sentants des parents, c&rsquo;est d\u00e9but octobre. Votez !<\/strong><\/p>\n<p><strong>\u00a0<\/strong><\/p>\n<\/div>\n<\/div>\n<\/article>\n<p><\/main><\/p>\n<h5><strong><a href=\"https:\/\/www.fcpe78.fr\/cl\/sartrouville\/1042-2\/contact_fcpe_sartrouville\/\" target=\"_blank\" rel=\"noopener noreferrer\">Vous avez une question, une information \u00e0 nous communiquer, c\u2019est ici<\/a><\/strong><\/h5>\n<h3>Les articles en lien avec les coll\u00e8ges<\/h3>\n<ul class=\"lcp_catlist\" id=\"lcp_instance_0\"><li><a href=\"https:\/\/www.fcpe78.fr\/cl\/sartrouville\/2025\/09\/les-elections-des-representants-des-parents-pourquoi-comment\/\">Les \u00e9lections des repr\u00e9sentants des parents, pourquoi choisir la FCPE, comment ?<\/a><\/li><li><a href=\"https:\/\/www.fcpe78.fr\/cl\/sartrouville\/2025\/09\/la-rentree-en-6eme-au-college\/\">La rentr\u00e9e en 6eme au coll\u00e8ge<\/a><\/li><li><a href=\"https:\/\/www.fcpe78.fr\/cl\/sartrouville\/2025\/07\/coin-des-parents-la-place-des-parents-dans-la-scolarite\/\">Sartrouville Infos Jeunes, accompagner leur autonomie<\/a><\/li><li><a href=\"https:\/\/www.fcpe78.fr\/cl\/sartrouville\/2025\/07\/periode-estivale-pause-lecture-pour-les-collegiens\/\">P\u00e9riode estivale, pause lecture pour les coll\u00e9giens<\/a><\/li><li><a href=\"https:\/\/www.fcpe78.fr\/cl\/sartrouville\/2024\/09\/etre-representant-des-parents-au-college-en-quoi-cela-consiste\/\">Etre repr\u00e9sentant des parents, en quoi cela consiste ?<\/a><\/li><li><a href=\"https:\/\/www.fcpe78.fr\/cl\/sartrouville\/2024\/06\/journee-porte-ouverte-au-college-louis-paulhan\/\">Journ\u00e9e porte ouverte au coll\u00e8ge Louis Paulhan<\/a><\/li><li><a href=\"https:\/\/www.fcpe78.fr\/cl\/sartrouville\/2023\/09\/college-louis-paulhan-manque-de-moyen-a-la-rentree-2023\/\">Coll\u00e8ge Louis Paulhan, une rentr\u00e9e 2023 en attente de moyens<\/a><\/li><li><a href=\"https:\/\/www.fcpe78.fr\/cl\/sartrouville\/2022\/01\/sartrouville-information-sur-la-sectorisation-ecoles-et-colleges\/\">Sartrouville Information sur la sectorisation \u00e9coles et coll\u00e8ges<\/a><\/li><\/ul>\n","protected":false},"excerpt":{"rendered":"<p>15 RUE GUY DE MAUPASSANT 78500 SARTROUVILLE T\u00e9l : 01.61.04.47.90 M\u00e9l : ce.0783463R@ac-versailles.fr Le site web du coll\u00e8ge Notre profession de foi, nos intentions FCPE Louis Paulhan profession foi Agenda <a class=\"more-link\" href=\"https:\/\/www.fcpe78.fr\/cl\/sartrouville\/etablissements\/secondaire\/colleges\/paulhan\/\">Lire plus &#8230;<\/a><\/p>\n","protected":false},"author":45,"featured_media":0,"parent":19,"menu_order":0,"comment_status":"closed","ping_status":"closed","template":"","meta":{"_seopress_robots_primary_cat":"","jetpack_post_was_ever_published":false},"categories":[],"tags":[],"jetpack_sharing_enabled":true,"jetpack_shortlink":"https:\/\/wp.me\/PaYu4P-3g","_links":{"self":[{"href":"https:\/\/www.fcpe78.fr\/cl\/sartrouville\/wp-json\/wp\/v2\/pages\/202"}],"collection":[{"href":"https:\/\/www.fcpe78.fr\/cl\/sartrouville\/wp-json\/wp\/v2\/pages"}],"about":[{"href":"https:\/\/www.fcpe78.fr\/cl\/sartrouville\/wp-json\/wp\/v2\/types\/page"}],"author":[{"embeddable":true,"href":"https:\/\/www.fcpe78.fr\/cl\/sartrouville\/wp-json\/wp\/v2\/users\/45"}],"replies":[{"embeddable":true,"href":"https:\/\/www.fcpe78.fr\/cl\/sartrouville\/wp-json\/wp\/v2\/comments?post=202"}],"version-history":[{"count":16,"href":"https:\/\/www.fcpe78.fr\/cl\/sartrouville\/wp-json\/wp\/v2\/pages\/202\/revisions"}],"predecessor-version":[{"id":3613,"href":"https:\/\/www.fcpe78.fr\/cl\/sartrouville\/wp-json\/wp\/v2\/pages\/202\/revisions\/3613"}],"up":[{"embeddable":true,"href":"https:\/\/www.fcpe78.fr\/cl\/sartrouville\/wp-json\/wp\/v2\/pages\/19"}],"wp:attachment":[{"href":"https:\/\/www.fcpe78.fr\/cl\/sartrouville\/wp-json\/wp\/v2\/media?parent=202"}],"wp:term":[{"taxonomy":"category","embeddable":true,"href":"https:\/\/www.fcpe78.fr\/cl\/sartrouville\/wp-json\/wp\/v2\/categories?post=202"},{"taxonomy":"post_tag","embeddable":true,"href":"https:\/\/www.fcpe78.fr\/cl\/sartrouville\/wp-json\/wp\/v2\/tags?post=202"}],"curies":[{"name":"wp","href":"https:\/\/api.w.org\/{rel}","templated":true}]}}